{"id":2154,"date":"2024-10-27T21:24:45","date_gmt":"2024-10-27T20:24:45","guid":{"rendered":"https:\/\/vinoteka-sodcek.si\/?page_id=2154"},"modified":"2024-10-27T21:25:42","modified_gmt":"2024-10-27T20:25:42","slug":"mlada-vina-2024","status":"publish","type":"page","link":"https:\/\/vinoteka-sodcek.si\/en\/young-wine-2024\/","title":{"rendered":"Mlado vino 2024"},"content":{"rendered":"<p><strong style=\"font-size: 17px;\">AKCIJA VELJA OD 23. SEPTEMBRA &#8211; 27. SEPTEMBRA.<\/strong><\/p>\n<p>Jesen je \u010das bogastva in topline, ko trta rodi svoje najlep\u0161e sadove. V vinoteki Sod\u010dek smo za vas pripravili jesensko akcijo, kjer vam ponujamo vina \u0161tirih izjemnih vinarjev: <strong>Princic, Santomas, Dveri-Pax in Bizjak<\/strong>.<\/p>\n<p>Obarvajte svoje jesenske ve\u010dere z vrhunskimi okusi, ki vas bodo greli v prihajajo\u010dih hladnej\u0161ih dneh. Izkoristite prilo\u017enost, ki traja le omejen \u010das!<\/p>\n<p><strong style=\"font-size: 17px;\">Uporabite kodo <u>JESEN10<\/u> za 10% popust na izbrana vina.<\/strong><\/p>\n<p><span style=\"font-size: 12px;\">Popusti se ne se\u0161tevajo in ne veljajo za \u017ee zni\u017eane artikle.<\/span><\/p>\n","protected":false},"excerpt":{"rendered":"<p>AKCIJA VELJA OD 23. SEPTEMBRA &#8211; 27. SEPTEMBRA. Jesen je \u010das bogastva in topline, ko trta rodi svoje najlep\u0161e sadove. V vinoteki Sod\u010dek smo za vas pripravili jesensko akcijo, kjer vam&#8230;<\/p>\n","protected":false},"author":1,"featured_media":0,"parent":0,"menu_order":0,"comment_status":"closed","ping_status":"closed","template":"promo-page.php","meta":{"footnotes":""},"acf":[],"yoast_head":"<!-- This site is optimized with the Yoast SEO plugin v22.2 - https:\/\/yoast.com\/wordpress\/plugins\/seo\/ -->\n<title>Mlado vino 2024 | Vinoteka Sod\u010dek<\/title>\n<meta name=\"robots\" content=\"index, follow, max-snippet:-1, max-image-preview:large, max-video-preview:-1\" \/>\n<meta property=\"og:locale\" content=\"en_US\" \/>\n<meta property=\"og:type\" content=\"article\" \/>\n<meta property=\"og:title\" content=\"Mlado vino 2024\" \/>\n<meta property=\"og:description\" content=\"AKCIJA VELJA OD 23. SEPTEMBRA &#8211; 27. SEPTEMBRA. Jesen je \u010das bogastva in topline, ko trta rodi svoje najlep\u0161e sadove. V vinoteki Sod\u010dek smo za vas pripravili jesensko akcijo, kjer vam...\" \/>\n<meta property=\"og:url\" content=\"https:\/\/vinoteka-sodcek.si\/en\/young-wine-2024\/\" \/>\n<meta property=\"og:site_name\" content=\"Vinoteka Sod\u010dek\" \/>\n<meta property=\"article:publisher\" content=\"https:\/\/www.facebook.com\/vinotekasodcek\/\" \/>\n<meta property=\"article:modified_time\" content=\"2024-10-27T20:25:42+00:00\" \/>\n<meta property=\"og:image\" content=\"https:\/\/vinoteka-sodcek.si\/wp-content\/uploads\/vinoteka-sodcek-og.jpg\" \/>\n\t<meta property=\"og:image:width\" content=\"1600\" \/>\n\t<meta property=\"og:image:height\" content=\"840\" \/>\n\t<meta property=\"og:image:type\" content=\"image\/jpeg\" \/>\n<meta name=\"twitter:card\" content=\"summary_large_image\" \/>\n<!-- \/ Yoast SEO plugin. -->","yoast_head_json":{"title":"Mlado vino 2024 | Vinoteka Sod\u010dek","robots":{"index":"index","follow":"follow","max-snippet":"max-snippet:-1","max-image-preview":"max-image-preview:large","max-video-preview":"max-video-preview:-1"},"og_locale":"en_US","og_type":"article","og_title":"[:sl]Mlado vino 2024[:] | Vinoteka Sod\u010dek","og_description":"AKCIJA VELJA OD 23. SEPTEMBRA &#8211; 27. SEPTEMBRA. Jesen je \u010das bogastva in topline, ko trta rodi svoje najlep\u0161e sadove. V vinoteki Sod\u010dek smo za vas pripravili jesensko akcijo, kjer vam...","og_url":"https:\/\/vinoteka-sodcek.si\/en\/young-wine-2024\/","og_site_name":"Vinoteka Sod\u010dek","article_publisher":"https:\/\/www.facebook.com\/vinotekasodcek\/","article_modified_time":"2024-10-27T20:25:42+00:00","og_image":[{"width":1600,"height":840,"url":"https:\/\/vinoteka-sodcek.si\/wp-content\/uploads\/vinoteka-sodcek-og.jpg","type":"image\/jpeg"}],"twitter_card":"summary_large_image","schema":{"@context":"https:\/\/schema.org","@graph":[{"@type":"WebPage","@id":"https:\/\/vinoteka-sodcek.si\/mlada-vina-2024\/","url":"https:\/\/vinoteka-sodcek.si\/mlada-vina-2024\/","name":"[:sl]Mlado vino 2024[:] | Vinoteka Sod\u010dek","isPartOf":{"@id":"https:\/\/vinoteka-sodcek.si\/#website"},"datePublished":"2024-10-27T20:24:45+00:00","dateModified":"2024-10-27T20:25:42+00:00","breadcrumb":{"@id":"https:\/\/vinoteka-sodcek.si\/mlada-vina-2024\/#breadcrumb"},"inLanguage":"en-US","potentialAction":[{"@type":"ReadAction","target":["https:\/\/vinoteka-sodcek.si\/mlada-vina-2024\/"]}]},{"@type":"BreadcrumbList","@id":"https:\/\/vinoteka-sodcek.si\/mlada-vina-2024\/#breadcrumb","itemListElement":[{"@type":"ListItem","position":1,"name":"Home","item":"https:\/\/vinoteka-sodcek.si\/en\/"},{"@type":"ListItem","position":2,"name":"Mlado vino 2024"}]},{"@type":"WebSite","@id":"https:\/\/vinoteka-sodcek.si\/#website","url":"https:\/\/vinoteka-sodcek.si\/","name":"Vinoteka Sod\u010dek","description":"Vinoteka z vrhunskimi vini","publisher":{"@id":"https:\/\/vinoteka-sodcek.si\/#organization"},"potentialAction":[{"@type":"SearchAction","target":{"@type":"EntryPoint","urlTemplate":"https:\/\/vinoteka-sodcek.si\/?s={search_term_string}"},"query-input":"required name=search_term_string"}],"inLanguage":"en-US"},{"@type":"Organization","@id":"https:\/\/vinoteka-sodcek.si\/#organization","name":"Vinoteka Sod\u010dek, Ale\u0161 \u010ceba\u0161ek s.p.","url":"https:\/\/vinoteka-sodcek.si\/","logo":{"@type":"ImageObject","inLanguage":"en-US","@id":"https:\/\/vinoteka-sodcek.si\/#\/schema\/logo\/image\/","url":"https:\/\/beta.vinoteka-sodcek.si\/wp-content\/uploads\/vinoteka-sodcek-logo.png","contentUrl":"https:\/\/beta.vinoteka-sodcek.si\/wp-content\/uploads\/vinoteka-sodcek-logo.png","width":300,"height":90,"caption":"Vinoteka Sod\u010dek, Ale\u0161 \u010ceba\u0161ek s.p."},"image":{"@id":"https:\/\/vinoteka-sodcek.si\/#\/schema\/logo\/image\/"},"sameAs":["https:\/\/www.facebook.com\/vinotekasodcek\/"]}]}},"_links":{"self":[{"href":"https:\/\/vinoteka-sodcek.si\/en\/wp-json\/\/wp\/v2\/pages\/2154"}],"collection":[{"href":"https:\/\/vinoteka-sodcek.si\/en\/wp-json\/\/wp\/v2\/pages"}],"about":[{"href":"https:\/\/vinoteka-sodcek.si\/en\/wp-json\/\/wp\/v2\/types\/page"}],"author":[{"embeddable":true,"href":"https:\/\/vinoteka-sodcek.si\/en\/wp-json\/\/wp\/v2\/users\/1"}],"replies":[{"embeddable":true,"href":"https:\/\/vinoteka-sodcek.si\/en\/wp-json\/\/wp\/v2\/comments?post=2154"}],"version-history":[{"count":0,"href":"https:\/\/vinoteka-sodcek.si\/en\/wp-json\/\/wp\/v2\/pages\/2154\/revisions"}],"wp:attachment":[{"href":"https:\/\/vinoteka-sodcek.si\/en\/wp-json\/\/wp\/v2\/media?parent=2154"}],"curies":[{"name":"wp","href":"https:\/\/api.w.org\/{rel}","templated":true}]}}