{"id":1122,"date":"2024-03-19T15:31:05","date_gmt":"2024-03-19T14:31:05","guid":{"rendered":"https:\/\/beta.vinoteka-sodcek.si\/?post_type=product&#038;p=1122"},"modified":"2026-01-08T09:21:35","modified_gmt":"2026-01-08T08:21:35","slug":"herga-chardonnay-barrel","status":"publish","type":"product","link":"https:\/\/vinoteka-sodcek.si\/en\/shop\/wines\/white-wines\/herga-chardonnay-barrel\/","title":{"rendered":"Chardonnay Barrel"},"content":{"rendered":"<p>The harvest of fully ripe, slightly over-ripe grapes took place at the end of September from the 30-year-old Mon Royal vineyard. The soil is sandy lapis lazuli.<\/p>\n<p>After fermentation, the wine was matured on fine lees for some time and then for 14 months in 500l oak barrels.<\/p>\n<p>Oily in texture, rich in aroma, fruity notes of wood ageing, light vanilla, ripe peach and pineapple on the palate. Despite the richness, the wine is extremely coherent and of high quality, which is typical of the excellent 2021 vintage in this part of Slovenia.<\/p>\n<p>&nbsp;<\/p>\n<p>&nbsp;<\/p>\n","protected":false},"excerpt":{"rendered":"<p>The harvest of fully ripe, slightly over-ripe grapes took place at the end of September from the 30-year-old Mon Royal vineyard. The soil is sandy lapis lazuli. After fermentation, the wine&#8230;<\/p>\n","protected":false},"featured_media":2954,"template":"","meta":[],"product_cat":[19],"product_tag":[],"acf":[],"yoast_head":"<!-- This site is optimized with the Yoast SEO plugin v22.2 - https:\/\/yoast.com\/wordpress\/plugins\/seo\/ -->\n<title>Chardonnay Barrel | Vinoteka Sod\u010dek<\/title>\n<meta name=\"description\" content=\"Chardonnay Barrel Herga is aged on fine lees for 14 months in 500l oak barrels. Oily texture, rich aroma, fruity, ripe peach and pineapple on the palate.\" \/>\n<meta name=\"robots\" content=\"index, follow, max-snippet:-1, max-image-preview:large, max-video-preview:-1\" \/>\n<meta property=\"og:locale\" content=\"en_US\" \/>\n<meta property=\"og:type\" content=\"article\" \/>\n<meta property=\"og:title\" content=\"Chardonnay Barrel\" \/>\n<meta property=\"og:description\" content=\"Chardonnay Barrel Herga is aged on fine lees for 14 months in 500l oak barrels. Oily texture, rich aroma, fruity, ripe peach and pineapple on the palate.\" \/>\n<meta property=\"og:url\" content=\"https:\/\/vinoteka-sodcek.si\/en\/shop\/wines\/white-wines\/herga-chardonnay-barrel\/\" \/>\n<meta property=\"og:site_name\" content=\"Vinoteka Sod\u010dek\" \/>\n<meta property=\"article:publisher\" content=\"https:\/\/www.facebook.com\/vinotekasodcek\/\" \/>\n<meta property=\"article:modified_time\" content=\"2026-01-08T08:21:35+00:00\" \/>\n<meta property=\"og:image\" content=\"https:\/\/vinoteka-sodcek.si\/wp-content\/uploads\/Herga-Chardonnay-black-label-copy.jpg\" \/>\n\t<meta property=\"og:image:width\" content=\"147\" \/>\n\t<meta property=\"og:image:height\" content=\"541\" \/>\n\t<meta property=\"og:image:type\" content=\"image\/jpeg\" \/>\n<meta name=\"twitter:card\" content=\"summary_large_image\" \/>\n<!-- \/ Yoast SEO plugin. -->","yoast_head_json":{"title":"Chardonnay Barrel | Vinoteka Sod\u010dek","description":"[:sl]Chardonnay Barrel Herga zori na finih dro\u017eeh 14 mesecev v 500l hrastovem sodu. Oljnate teksture, bogatega vonja, saden, v ustih zrele breskve tudi ananas.[:en]Chardonnay Barrel Herga is aged on fine lees for 14 months in 500l oak barrels. Oily texture, rich aroma, fruity, ripe peach and pineapple on the palate.[:]","robots":{"index":"index","follow":"follow","max-snippet":"max-snippet:-1","max-image-preview":"max-image-preview:large","max-video-preview":"max-video-preview:-1"},"og_locale":"en_US","og_type":"article","og_title":"[:sl]Chardonnay Barrel[:en]Chardonnay Barrel[:] | Vinoteka Sod\u010dek","og_description":"[:sl]Chardonnay Barrel Herga zori na finih dro\u017eeh 14 mesecev v 500l hrastovem sodu. Oljnate teksture, bogatega vonja, saden, v ustih zrele breskve tudi ananas.[:en]Chardonnay Barrel Herga is aged on fine lees for 14 months in 500l oak barrels. Oily texture, rich aroma, fruity, ripe peach and pineapple on the palate.[:]","og_url":"https:\/\/vinoteka-sodcek.si\/en\/shop\/wines\/white-wines\/herga-chardonnay-barrel\/","og_site_name":"Vinoteka Sod\u010dek","article_publisher":"https:\/\/www.facebook.com\/vinotekasodcek\/","article_modified_time":"2026-01-08T08:21:35+00:00","og_image":[{"width":147,"height":541,"url":"https:\/\/vinoteka-sodcek.si\/wp-content\/uploads\/Herga-Chardonnay-black-label-copy.jpg","type":"image\/jpeg"}],"twitter_card":"summary_large_image","schema":{"@context":"https:\/\/schema.org","@graph":[{"@type":"WebPage","@id":"https:\/\/vinoteka-sodcek.si\/trgovina\/vina\/bela-vina\/herga-chardonnay-barrel\/","url":"https:\/\/vinoteka-sodcek.si\/trgovina\/vina\/bela-vina\/herga-chardonnay-barrel\/","name":"[:sl]Chardonnay Barrel[:en]Chardonnay Barrel[:] | Vinoteka Sod\u010dek","isPartOf":{"@id":"https:\/\/vinoteka-sodcek.si\/#website"},"primaryImageOfPage":{"@id":"https:\/\/vinoteka-sodcek.si\/trgovina\/vina\/bela-vina\/herga-chardonnay-barrel\/#primaryimage"},"image":{"@id":"https:\/\/vinoteka-sodcek.si\/trgovina\/vina\/bela-vina\/herga-chardonnay-barrel\/#primaryimage"},"thumbnailUrl":"https:\/\/vinoteka-sodcek.si\/wp-content\/uploads\/Herga-Chardonnay-black-label-copy.jpg","datePublished":"2024-03-19T14:31:05+00:00","dateModified":"2026-01-08T08:21:35+00:00","description":"[:sl]Chardonnay Barrel Herga zori na finih dro\u017eeh 14 mesecev v 500l hrastovem sodu. Oljnate teksture, bogatega vonja, saden, v ustih zrele breskve tudi ananas.[:en]Chardonnay Barrel Herga is aged on fine lees for 14 months in 500l oak barrels. Oily texture, rich aroma, fruity, ripe peach and pineapple on the palate.[:]","breadcrumb":{"@id":"https:\/\/vinoteka-sodcek.si\/trgovina\/vina\/bela-vina\/herga-chardonnay-barrel\/#breadcrumb"},"inLanguage":"en-US","potentialAction":[{"@type":"ReadAction","target":["https:\/\/vinoteka-sodcek.si\/trgovina\/vina\/bela-vina\/herga-chardonnay-barrel\/"]}]},{"@type":"ImageObject","inLanguage":"en-US","@id":"https:\/\/vinoteka-sodcek.si\/trgovina\/vina\/bela-vina\/herga-chardonnay-barrel\/#primaryimage","url":"https:\/\/vinoteka-sodcek.si\/wp-content\/uploads\/Herga-Chardonnay-black-label-copy.jpg","contentUrl":"https:\/\/vinoteka-sodcek.si\/wp-content\/uploads\/Herga-Chardonnay-black-label-copy.jpg","width":147,"height":541},{"@type":"BreadcrumbList","@id":"https:\/\/vinoteka-sodcek.si\/trgovina\/vina\/bela-vina\/herga-chardonnay-barrel\/#breadcrumb","itemListElement":[{"@type":"ListItem","position":1,"name":"Home","item":"https:\/\/vinoteka-sodcek.si\/en\/"},{"@type":"ListItem","position":2,"name":"Trgovina","item":"https:\/\/vinoteka-sodcek.si\/trgovina\/"},{"@type":"ListItem","position":3,"name":"Chardonnay Barrel"}]},{"@type":"WebSite","@id":"https:\/\/vinoteka-sodcek.si\/#website","url":"https:\/\/vinoteka-sodcek.si\/","name":"Vinoteka Sod\u010dek","description":"Vinoteka z vrhunskimi vini","publisher":{"@id":"https:\/\/vinoteka-sodcek.si\/#organization"},"potentialAction":[{"@type":"SearchAction","target":{"@type":"EntryPoint","urlTemplate":"https:\/\/vinoteka-sodcek.si\/?s={search_term_string}"},"query-input":"required name=search_term_string"}],"inLanguage":"en-US"},{"@type":"Organization","@id":"https:\/\/vinoteka-sodcek.si\/#organization","name":"Vinoteka Sod\u010dek, Ale\u0161 \u010ceba\u0161ek s.p.","url":"https:\/\/vinoteka-sodcek.si\/","logo":{"@type":"ImageObject","inLanguage":"en-US","@id":"https:\/\/vinoteka-sodcek.si\/#\/schema\/logo\/image\/","url":"https:\/\/beta.vinoteka-sodcek.si\/wp-content\/uploads\/vinoteka-sodcek-logo.png","contentUrl":"https:\/\/beta.vinoteka-sodcek.si\/wp-content\/uploads\/vinoteka-sodcek-logo.png","width":300,"height":90,"caption":"Vinoteka Sod\u010dek, Ale\u0161 \u010ceba\u0161ek s.p."},"image":{"@id":"https:\/\/vinoteka-sodcek.si\/#\/schema\/logo\/image\/"},"sameAs":["https:\/\/www.facebook.com\/vinotekasodcek\/"]}]}},"_links":{"self":[{"href":"https:\/\/vinoteka-sodcek.si\/en\/wp-json\/\/wp\/v2\/product\/1122"}],"collection":[{"href":"https:\/\/vinoteka-sodcek.si\/en\/wp-json\/\/wp\/v2\/product"}],"about":[{"href":"https:\/\/vinoteka-sodcek.si\/en\/wp-json\/\/wp\/v2\/types\/product"}],"wp:featuredmedia":[{"embeddable":true,"href":"https:\/\/vinoteka-sodcek.si\/en\/wp-json\/\/wp\/v2\/media\/2954"}],"wp:attachment":[{"href":"https:\/\/vinoteka-sodcek.si\/en\/wp-json\/\/wp\/v2\/media?parent=1122"}],"wp:term":[{"taxonomy":"product_cat","embeddable":true,"href":"https:\/\/vinoteka-sodcek.si\/en\/wp-json\/\/wp\/v2\/product_cat?post=1122"},{"taxonomy":"product_tag","embeddable":true,"href":"https:\/\/vinoteka-sodcek.si\/en\/wp-json\/\/wp\/v2\/product_tag?post=1122"}],"curies":[{"name":"wp","href":"https:\/\/api.w.org\/{rel}","templated":true}]}}