{"id":1462,"date":"2024-04-01T13:09:59","date_gmt":"2024-04-01T12:09:59","guid":{"rendered":"https:\/\/vinoteka-sodcek.si\/?post_type=product&#038;p=1462"},"modified":"2024-05-09T12:53:51","modified_gmt":"2024-05-09T11:53:51","slug":"frelih-rose-brut-nature","status":"publish","type":"product","link":"https:\/\/vinoteka-sodcek.si\/en\/shop\/wines\/sparkling-wines\/frelih-rose-brut-nature\/","title":{"rendered":"Rose brut nature"},"content":{"rendered":"<p>Classical method &#8211; uncategorised, at least 80 months on the lees.<\/p>\n<p>The grapes used to produce this sparkling wine have been macerated for a short period. It has a delicate pink colour. Delicate, fine flowers, yeasty notes intertwined with a raspberry, bread crust aroma. On the palate it is perfectly dry, with higher acids and lively bubbles.<\/p>\n<p>&nbsp;<\/p>\n","protected":false},"excerpt":{"rendered":"<p>Classical method &#8211; uncategorised, at least 80 months on the lees. The grapes used to produce this sparkling wine have been macerated for a short period. It has a delicate pink&#8230;<\/p>\n","protected":false},"featured_media":1473,"template":"","meta":[],"product_cat":[22],"product_tag":[],"acf":[],"yoast_head":"<!-- This site is optimized with the Yoast SEO plugin v22.2 - https:\/\/yoast.com\/wordpress\/plugins\/seo\/ -->\n<title>Rose brut nature | Vinoteka Sod\u010dek<\/title>\n<meta name=\"description\" content=\"Rose brut nature Frelih is unfined, with at least 80 months on the lees. Delicate, fine flowers, yeasty notes intertwined with the scent of raspberry.\" \/>\n<meta name=\"robots\" content=\"index, follow, max-snippet:-1, max-image-preview:large, max-video-preview:-1\" \/>\n<meta property=\"og:locale\" content=\"en_US\" \/>\n<meta property=\"og:type\" content=\"article\" \/>\n<meta property=\"og:title\" content=\"Rose brut nature\" \/>\n<meta property=\"og:description\" content=\"Rose brut nature Frelih is unfined, with at least 80 months on the lees. Delicate, fine flowers, yeasty notes intertwined with the scent of raspberry.\" \/>\n<meta property=\"og:url\" content=\"https:\/\/vinoteka-sodcek.si\/en\/shop\/wines\/sparkling-wines\/frelih-rose-brut-nature\/\" \/>\n<meta property=\"og:site_name\" content=\"Vinoteka Sod\u010dek\" \/>\n<meta property=\"article:publisher\" content=\"https:\/\/www.facebook.com\/vinotekasodcek\/\" \/>\n<meta property=\"article:modified_time\" content=\"2024-05-09T11:53:51+00:00\" \/>\n<meta property=\"og:image\" content=\"https:\/\/vinoteka-sodcek.si\/wp-content\/uploads\/Frelih-Rose-Brut-Nature.jpg\" \/>\n\t<meta property=\"og:image:width\" content=\"268\" \/>\n\t<meta property=\"og:image:height\" content=\"915\" \/>\n\t<meta property=\"og:image:type\" content=\"image\/jpeg\" \/>\n<meta name=\"twitter:card\" content=\"summary_large_image\" \/>\n<!-- \/ Yoast SEO plugin. -->","yoast_head_json":{"title":"Rose brut nature | Vinoteka Sod\u010dek","description":"[:sl]Penina Rose brut nature Frelih je nedegor\u017eirana, vsaj 80 mesecev na dro\u017eeh. Ne\u017ene, fine cvetlice, kvasne note prepletene z vonjem maline, skorji kruha.[:en]Rose brut nature Frelih is unfined, with at least 80 months on the lees. Delicate, fine flowers, yeasty notes intertwined with the scent of raspberry.[:]","robots":{"index":"index","follow":"follow","max-snippet":"max-snippet:-1","max-image-preview":"max-image-preview:large","max-video-preview":"max-video-preview:-1"},"og_locale":"en_US","og_type":"article","og_title":"[:sl]Rose brut nature[:en]Rose brut nature[:] | Vinoteka Sod\u010dek","og_description":"[:sl]Penina Rose brut nature Frelih je nedegor\u017eirana, vsaj 80 mesecev na dro\u017eeh. Ne\u017ene, fine cvetlice, kvasne note prepletene z vonjem maline, skorji kruha.[:en]Rose brut nature Frelih is unfined, with at least 80 months on the lees. Delicate, fine flowers, yeasty notes intertwined with the scent of raspberry.[:]","og_url":"https:\/\/vinoteka-sodcek.si\/en\/shop\/wines\/sparkling-wines\/frelih-rose-brut-nature\/","og_site_name":"Vinoteka Sod\u010dek","article_publisher":"https:\/\/www.facebook.com\/vinotekasodcek\/","article_modified_time":"2024-05-09T11:53:51+00:00","og_image":[{"width":268,"height":915,"url":"https:\/\/vinoteka-sodcek.si\/wp-content\/uploads\/Frelih-Rose-Brut-Nature.jpg","type":"image\/jpeg"}],"twitter_card":"summary_large_image","schema":{"@context":"https:\/\/schema.org","@graph":[{"@type":"WebPage","@id":"https:\/\/vinoteka-sodcek.si\/en\/shop\/wines\/sparkling-wines\/frelih-rose-brut-nature\/","url":"https:\/\/vinoteka-sodcek.si\/en\/shop\/wines\/sparkling-wines\/frelih-rose-brut-nature\/","name":"[:sl]Rose brut nature[:en]Rose brut nature[:] | Vinoteka Sod\u010dek","isPartOf":{"@id":"https:\/\/vinoteka-sodcek.si\/#website"},"primaryImageOfPage":{"@id":"https:\/\/vinoteka-sodcek.si\/en\/shop\/wines\/sparkling-wines\/frelih-rose-brut-nature\/#primaryimage"},"image":{"@id":"https:\/\/vinoteka-sodcek.si\/en\/shop\/wines\/sparkling-wines\/frelih-rose-brut-nature\/#primaryimage"},"thumbnailUrl":"https:\/\/vinoteka-sodcek.si\/wp-content\/uploads\/Frelih-Rose-Brut-Nature.jpg","datePublished":"2024-04-01T12:09:59+00:00","dateModified":"2024-05-09T11:53:51+00:00","description":"[:sl]Penina Rose brut nature Frelih je nedegor\u017eirana, vsaj 80 mesecev na dro\u017eeh. Ne\u017ene, fine cvetlice, kvasne note prepletene z vonjem maline, skorji kruha.[:en]Rose brut nature Frelih is unfined, with at least 80 months on the lees. Delicate, fine flowers, yeasty notes intertwined with the scent of raspberry.[:]","breadcrumb":{"@id":"https:\/\/vinoteka-sodcek.si\/en\/shop\/wines\/sparkling-wines\/frelih-rose-brut-nature\/#breadcrumb"},"inLanguage":"en-US","potentialAction":[{"@type":"ReadAction","target":["https:\/\/vinoteka-sodcek.si\/en\/shop\/wines\/sparkling-wines\/frelih-rose-brut-nature\/"]}]},{"@type":"ImageObject","inLanguage":"en-US","@id":"https:\/\/vinoteka-sodcek.si\/en\/shop\/wines\/sparkling-wines\/frelih-rose-brut-nature\/#primaryimage","url":"https:\/\/vinoteka-sodcek.si\/wp-content\/uploads\/Frelih-Rose-Brut-Nature.jpg","contentUrl":"https:\/\/vinoteka-sodcek.si\/wp-content\/uploads\/Frelih-Rose-Brut-Nature.jpg","width":268,"height":915},{"@type":"BreadcrumbList","@id":"https:\/\/vinoteka-sodcek.si\/en\/shop\/wines\/sparkling-wines\/frelih-rose-brut-nature\/#breadcrumb","itemListElement":[{"@type":"ListItem","position":1,"name":"Home","item":"https:\/\/vinoteka-sodcek.si\/en\/"},{"@type":"ListItem","position":2,"name":"Trgovina","item":"https:\/\/vinoteka-sodcek.si\/trgovina\/"},{"@type":"ListItem","position":3,"name":"Rose brut nature"}]},{"@type":"WebSite","@id":"https:\/\/vinoteka-sodcek.si\/#website","url":"https:\/\/vinoteka-sodcek.si\/","name":"Vinoteka Sod\u010dek","description":"Vinoteka z vrhunskimi vini","publisher":{"@id":"https:\/\/vinoteka-sodcek.si\/#organization"},"potentialAction":[{"@type":"SearchAction","target":{"@type":"EntryPoint","urlTemplate":"https:\/\/vinoteka-sodcek.si\/?s={search_term_string}"},"query-input":"required name=search_term_string"}],"inLanguage":"en-US"},{"@type":"Organization","@id":"https:\/\/vinoteka-sodcek.si\/#organization","name":"Vinoteka Sod\u010dek, Ale\u0161 \u010ceba\u0161ek s.p.","url":"https:\/\/vinoteka-sodcek.si\/","logo":{"@type":"ImageObject","inLanguage":"en-US","@id":"https:\/\/vinoteka-sodcek.si\/#\/schema\/logo\/image\/","url":"https:\/\/beta.vinoteka-sodcek.si\/wp-content\/uploads\/vinoteka-sodcek-logo.png","contentUrl":"https:\/\/beta.vinoteka-sodcek.si\/wp-content\/uploads\/vinoteka-sodcek-logo.png","width":300,"height":90,"caption":"Vinoteka Sod\u010dek, Ale\u0161 \u010ceba\u0161ek s.p."},"image":{"@id":"https:\/\/vinoteka-sodcek.si\/#\/schema\/logo\/image\/"},"sameAs":["https:\/\/www.facebook.com\/vinotekasodcek\/"]}]}},"_links":{"self":[{"href":"https:\/\/vinoteka-sodcek.si\/en\/wp-json\/\/wp\/v2\/product\/1462"}],"collection":[{"href":"https:\/\/vinoteka-sodcek.si\/en\/wp-json\/\/wp\/v2\/product"}],"about":[{"href":"https:\/\/vinoteka-sodcek.si\/en\/wp-json\/\/wp\/v2\/types\/product"}],"wp:featuredmedia":[{"embeddable":true,"href":"https:\/\/vinoteka-sodcek.si\/en\/wp-json\/\/wp\/v2\/media\/1473"}],"wp:attachment":[{"href":"https:\/\/vinoteka-sodcek.si\/en\/wp-json\/\/wp\/v2\/media?parent=1462"}],"wp:term":[{"taxonomy":"product_cat","embeddable":true,"href":"https:\/\/vinoteka-sodcek.si\/en\/wp-json\/\/wp\/v2\/product_cat?post=1462"},{"taxonomy":"product_tag","embeddable":true,"href":"https:\/\/vinoteka-sodcek.si\/en\/wp-json\/\/wp\/v2\/product_tag?post=1462"}],"curies":[{"name":"wp","href":"https:\/\/api.w.org\/{rel}","templated":true}]}}