{"id":1540,"date":"2024-04-10T13:54:12","date_gmt":"2024-04-10T12:54:12","guid":{"rendered":"https:\/\/vinoteka-sodcek.si\/?post_type=product&#038;p=1540"},"modified":"2025-05-17T12:01:05","modified_gmt":"2025-05-17T11:01:05","slug":"erzetic-rebula-orbis","status":"publish","type":"product","link":"https:\/\/vinoteka-sodcek.si\/en\/shop\/wines\/white-wines\/erzetic-rebula-orbis\/","title":{"rendered":"Rebula Orbis"},"content":{"rendered":"<p>After the harvest, the wine undergoes a 24-hour cold maceration and then maturation in different types of barrels for about 12 months (mulberry, oak, wild cherry, ash, acacia).<\/p>\n<p>It is straw yellow in colour with golden hues. Complex flowers with notes of ripe fruit and grassy, as well as delicate warm vanilla spices. On the palate it is harmonious, extremely smooth, pleasantly mineral, slightly spicy. There is nothing in excess, but everything in abundance, including a pleasant aftertaste of bread crust and pleasant traces of ageing in barrels made of different types of wood, which gives it a distinctive character that remains alive in the long aftertaste.<\/p>\n<p>&nbsp;<\/p>\n","protected":false},"excerpt":{"rendered":"<p>After the harvest, the wine undergoes a 24-hour cold maceration and then maturation in different types of barrels for about 12 months (mulberry, oak, wild cherry, ash, acacia). It is straw&#8230;<\/p>\n","protected":false},"featured_media":1548,"template":"","meta":[],"product_cat":[19],"product_tag":[],"acf":[],"yoast_head":"<!-- This site is optimized with the Yoast SEO plugin v22.2 - https:\/\/yoast.com\/wordpress\/plugins\/seo\/ -->\n<title>Rebula Orbis | Vinoteka Sod\u010dek<\/title>\n<meta name=\"description\" content=\"Rebula Orbis Erzeti\u010d is a wine aged in different types of barrels. The taste is harmonious, extremely smooth, pleasantly mineral, slightly spicy.\" \/>\n<meta name=\"robots\" content=\"index, follow, max-snippet:-1, max-image-preview:large, max-video-preview:-1\" \/>\n<meta property=\"og:locale\" content=\"en_US\" \/>\n<meta property=\"og:type\" content=\"article\" \/>\n<meta property=\"og:title\" content=\"Rebula Orbis\" \/>\n<meta property=\"og:description\" content=\"Rebula Orbis Erzeti\u010d is a wine aged in different types of barrels. The taste is harmonious, extremely smooth, pleasantly mineral, slightly spicy.\" \/>\n<meta property=\"og:url\" content=\"https:\/\/vinoteka-sodcek.si\/en\/shop\/wines\/white-wines\/erzetic-rebula-orbis\/\" \/>\n<meta property=\"og:site_name\" content=\"Vinoteka Sod\u010dek\" \/>\n<meta property=\"article:publisher\" content=\"https:\/\/www.facebook.com\/vinotekasodcek\/\" \/>\n<meta property=\"article:modified_time\" content=\"2025-05-17T11:01:05+00:00\" \/>\n<meta property=\"og:image\" content=\"https:\/\/vinoteka-sodcek.si\/wp-content\/uploads\/orbis-rebula-erzetic.jpg\" \/>\n\t<meta property=\"og:image:width\" content=\"241\" \/>\n\t<meta property=\"og:image:height\" content=\"799\" \/>\n\t<meta property=\"og:image:type\" content=\"image\/jpeg\" \/>\n<meta name=\"twitter:card\" content=\"summary_large_image\" \/>\n<!-- \/ Yoast SEO plugin. -->","yoast_head_json":{"title":"Rebula Orbis | Vinoteka Sod\u010dek","description":"[:sl]Rebula Orbis Erzeti\u010d je vino starano iz razli\u010dnih vrst sodov. Okus harmoni\u010dnen, izjemno uglajen, prijetno mineralen, rahlo pikanten.\u00a0[:en]Rebula Orbis Erzeti\u010d is a wine aged in different types of barrels. The taste is harmonious, extremely smooth, pleasantly mineral, slightly spicy.[:]","robots":{"index":"index","follow":"follow","max-snippet":"max-snippet:-1","max-image-preview":"max-image-preview:large","max-video-preview":"max-video-preview:-1"},"og_locale":"en_US","og_type":"article","og_title":"[:sl]Rebula Orbis[:en]Rebula Orbis[:] | Vinoteka Sod\u010dek","og_description":"[:sl]Rebula Orbis Erzeti\u010d je vino starano iz razli\u010dnih vrst sodov. Okus harmoni\u010dnen, izjemno uglajen, prijetno mineralen, rahlo pikanten.\u00a0[:en]Rebula Orbis Erzeti\u010d is a wine aged in different types of barrels. The taste is harmonious, extremely smooth, pleasantly mineral, slightly spicy.[:]","og_url":"https:\/\/vinoteka-sodcek.si\/en\/shop\/wines\/white-wines\/erzetic-rebula-orbis\/","og_site_name":"Vinoteka Sod\u010dek","article_publisher":"https:\/\/www.facebook.com\/vinotekasodcek\/","article_modified_time":"2025-05-17T11:01:05+00:00","og_image":[{"width":241,"height":799,"url":"https:\/\/vinoteka-sodcek.si\/wp-content\/uploads\/orbis-rebula-erzetic.jpg","type":"image\/jpeg"}],"twitter_card":"summary_large_image","schema":{"@context":"https:\/\/schema.org","@graph":[{"@type":"WebPage","@id":"https:\/\/vinoteka-sodcek.si\/en\/shop\/wines\/white-wines\/erzetic-rebula-orbis\/","url":"https:\/\/vinoteka-sodcek.si\/en\/shop\/wines\/white-wines\/erzetic-rebula-orbis\/","name":"[:sl]Rebula Orbis[:en]Rebula Orbis[:] | Vinoteka Sod\u010dek","isPartOf":{"@id":"https:\/\/vinoteka-sodcek.si\/#website"},"primaryImageOfPage":{"@id":"https:\/\/vinoteka-sodcek.si\/en\/shop\/wines\/white-wines\/erzetic-rebula-orbis\/#primaryimage"},"image":{"@id":"https:\/\/vinoteka-sodcek.si\/en\/shop\/wines\/white-wines\/erzetic-rebula-orbis\/#primaryimage"},"thumbnailUrl":"https:\/\/vinoteka-sodcek.si\/wp-content\/uploads\/orbis-rebula-erzetic.jpg","datePublished":"2024-04-10T12:54:12+00:00","dateModified":"2025-05-17T11:01:05+00:00","description":"[:sl]Rebula Orbis Erzeti\u010d je vino starano iz razli\u010dnih vrst sodov. Okus harmoni\u010dnen, izjemno uglajen, prijetno mineralen, rahlo pikanten.\u00a0[:en]Rebula Orbis Erzeti\u010d is a wine aged in different types of barrels. The taste is harmonious, extremely smooth, pleasantly mineral, slightly spicy.[:]","breadcrumb":{"@id":"https:\/\/vinoteka-sodcek.si\/en\/shop\/wines\/white-wines\/erzetic-rebula-orbis\/#breadcrumb"},"inLanguage":"en-US","potentialAction":[{"@type":"ReadAction","target":["https:\/\/vinoteka-sodcek.si\/en\/shop\/wines\/white-wines\/erzetic-rebula-orbis\/"]}]},{"@type":"ImageObject","inLanguage":"en-US","@id":"https:\/\/vinoteka-sodcek.si\/en\/shop\/wines\/white-wines\/erzetic-rebula-orbis\/#primaryimage","url":"https:\/\/vinoteka-sodcek.si\/wp-content\/uploads\/orbis-rebula-erzetic.jpg","contentUrl":"https:\/\/vinoteka-sodcek.si\/wp-content\/uploads\/orbis-rebula-erzetic.jpg","width":241,"height":799},{"@type":"BreadcrumbList","@id":"https:\/\/vinoteka-sodcek.si\/en\/shop\/wines\/white-wines\/erzetic-rebula-orbis\/#breadcrumb","itemListElement":[{"@type":"ListItem","position":1,"name":"Home","item":"https:\/\/vinoteka-sodcek.si\/en\/"},{"@type":"ListItem","position":2,"name":"Trgovina","item":"https:\/\/vinoteka-sodcek.si\/trgovina\/"},{"@type":"ListItem","position":3,"name":"Rebula Orbis"}]},{"@type":"WebSite","@id":"https:\/\/vinoteka-sodcek.si\/#website","url":"https:\/\/vinoteka-sodcek.si\/","name":"Vinoteka Sod\u010dek","description":"Vinoteka z vrhunskimi vini","publisher":{"@id":"https:\/\/vinoteka-sodcek.si\/#organization"},"potentialAction":[{"@type":"SearchAction","target":{"@type":"EntryPoint","urlTemplate":"https:\/\/vinoteka-sodcek.si\/?s={search_term_string}"},"query-input":"required name=search_term_string"}],"inLanguage":"en-US"},{"@type":"Organization","@id":"https:\/\/vinoteka-sodcek.si\/#organization","name":"Vinoteka Sod\u010dek, Ale\u0161 \u010ceba\u0161ek s.p.","url":"https:\/\/vinoteka-sodcek.si\/","logo":{"@type":"ImageObject","inLanguage":"en-US","@id":"https:\/\/vinoteka-sodcek.si\/#\/schema\/logo\/image\/","url":"https:\/\/beta.vinoteka-sodcek.si\/wp-content\/uploads\/vinoteka-sodcek-logo.png","contentUrl":"https:\/\/beta.vinoteka-sodcek.si\/wp-content\/uploads\/vinoteka-sodcek-logo.png","width":300,"height":90,"caption":"Vinoteka Sod\u010dek, Ale\u0161 \u010ceba\u0161ek s.p."},"image":{"@id":"https:\/\/vinoteka-sodcek.si\/#\/schema\/logo\/image\/"},"sameAs":["https:\/\/www.facebook.com\/vinotekasodcek\/"]}]}},"_links":{"self":[{"href":"https:\/\/vinoteka-sodcek.si\/en\/wp-json\/\/wp\/v2\/product\/1540"}],"collection":[{"href":"https:\/\/vinoteka-sodcek.si\/en\/wp-json\/\/wp\/v2\/product"}],"about":[{"href":"https:\/\/vinoteka-sodcek.si\/en\/wp-json\/\/wp\/v2\/types\/product"}],"wp:featuredmedia":[{"embeddable":true,"href":"https:\/\/vinoteka-sodcek.si\/en\/wp-json\/\/wp\/v2\/media\/1548"}],"wp:attachment":[{"href":"https:\/\/vinoteka-sodcek.si\/en\/wp-json\/\/wp\/v2\/media?parent=1540"}],"wp:term":[{"taxonomy":"product_cat","embeddable":true,"href":"https:\/\/vinoteka-sodcek.si\/en\/wp-json\/\/wp\/v2\/product_cat?post=1540"},{"taxonomy":"product_tag","embeddable":true,"href":"https:\/\/vinoteka-sodcek.si\/en\/wp-json\/\/wp\/v2\/product_tag?post=1540"}],"curies":[{"name":"wp","href":"https:\/\/api.w.org\/{rel}","templated":true}]}}