{"id":1941,"date":"2024-10-03T14:19:03","date_gmt":"2024-10-03T13:19:03","guid":{"rendered":"https:\/\/vinoteka-sodcek.si\/?post_type=product&#038;p=1941"},"modified":"2024-10-04T11:04:40","modified_gmt":"2024-10-04T10:04:40","slug":"edi-simcic-chardonnay-fojana","status":"publish","type":"product","link":"https:\/\/vinoteka-sodcek.si\/en\/shop\/wines\/white-wines\/edi-simcic-chardonnay-fojana\/","title":{"rendered":"Chardonnay Fojana"},"content":{"rendered":"<p>The wine for it comes from only one vineyard. It is located in Fojana, in the northern part of the region. After the harvest and controlled fermentation, the wine is aged in barrique barrels for about 24 months.<\/p>\n<p>It has a deeper golden yellow colour. There are plenty of ripe notes, but the feeling of a cooler climate remains, as there is no lack of freshness.The bouquet is quite pronounced, with ripe peach, smoke, cloves, also lime and caramel. The palate is dry, mineral, oily in texture, the acids are unusually high for Brda. Wet stone, flint, butter.<\/p>\n<p>Very long aftertaste.<\/p>\n","protected":false},"excerpt":{"rendered":"<p>The wine for it comes from only one vineyard. It is located in Fojana, in the northern part of the region. After the harvest and controlled fermentation, the wine is aged&#8230;<\/p>\n","protected":false},"featured_media":1471,"template":"","meta":[],"product_cat":[19],"product_tag":[],"acf":[],"yoast_head":"<!-- This site is optimized with the Yoast SEO plugin v22.2 - https:\/\/yoast.com\/wordpress\/plugins\/seo\/ -->\n<title>Chardonnay Fojana | Vinoteka Sod\u010dek<\/title>\n<meta name=\"description\" content=\"Chardonnay Fojana Edi Sim\u010di\u010d is a deeper golden yellow. There are plenty of ripe notes, but the sense of a cooler edge remains.\" \/>\n<meta name=\"robots\" content=\"index, follow, max-snippet:-1, max-image-preview:large, max-video-preview:-1\" \/>\n<meta property=\"og:locale\" content=\"en_US\" \/>\n<meta property=\"og:type\" content=\"article\" \/>\n<meta property=\"og:title\" content=\"Chardonnay Fojana\" \/>\n<meta property=\"og:description\" content=\"Chardonnay Fojana Edi Sim\u010di\u010d is a deeper golden yellow. There are plenty of ripe notes, but the sense of a cooler edge remains.\" \/>\n<meta property=\"og:url\" content=\"https:\/\/vinoteka-sodcek.si\/en\/shop\/wines\/white-wines\/edi-simcic-chardonnay-fojana\/\" \/>\n<meta property=\"og:site_name\" content=\"Vinoteka Sod\u010dek\" \/>\n<meta property=\"article:publisher\" content=\"https:\/\/www.facebook.com\/vinotekasodcek\/\" \/>\n<meta property=\"article:modified_time\" content=\"2024-10-04T10:04:40+00:00\" \/>\n<meta property=\"og:image\" content=\"https:\/\/vinoteka-sodcek.si\/wp-content\/uploads\/Chardonnay-edi-simcic-1.jpg\" \/>\n\t<meta property=\"og:image:width\" content=\"386\" \/>\n\t<meta property=\"og:image:height\" content=\"1300\" \/>\n\t<meta property=\"og:image:type\" content=\"image\/jpeg\" \/>\n<meta name=\"twitter:card\" content=\"summary_large_image\" \/>\n<!-- \/ Yoast SEO plugin. -->","yoast_head_json":{"title":"Chardonnay Fojana | Vinoteka Sod\u010dek","description":"[:sl]Chardonnay Fojana Edi Sim\u010di\u010d je globlje zlatorumene barve. Najdemo obilo zrelih not, a ob\u010dutek hladnej\u0161e lege ostaja, saj sve\u017eine ne manjka.[:en]Chardonnay Fojana Edi Sim\u010di\u010d is a deeper golden yellow. There are plenty of ripe notes, but the sense of a cooler edge remains.[:]","robots":{"index":"index","follow":"follow","max-snippet":"max-snippet:-1","max-image-preview":"max-image-preview:large","max-video-preview":"max-video-preview:-1"},"og_locale":"en_US","og_type":"article","og_title":"[:sl]Chardonnay Fojana[:en]Chardonnay Fojana[:] | Vinoteka Sod\u010dek","og_description":"[:sl]Chardonnay Fojana Edi Sim\u010di\u010d je globlje zlatorumene barve. Najdemo obilo zrelih not, a ob\u010dutek hladnej\u0161e lege ostaja, saj sve\u017eine ne manjka.[:en]Chardonnay Fojana Edi Sim\u010di\u010d is a deeper golden yellow. There are plenty of ripe notes, but the sense of a cooler edge remains.[:]","og_url":"https:\/\/vinoteka-sodcek.si\/en\/shop\/wines\/white-wines\/edi-simcic-chardonnay-fojana\/","og_site_name":"Vinoteka Sod\u010dek","article_publisher":"https:\/\/www.facebook.com\/vinotekasodcek\/","article_modified_time":"2024-10-04T10:04:40+00:00","og_image":[{"width":386,"height":1300,"url":"https:\/\/vinoteka-sodcek.si\/wp-content\/uploads\/Chardonnay-edi-simcic-1.jpg","type":"image\/jpeg"}],"twitter_card":"summary_large_image","schema":{"@context":"https:\/\/schema.org","@graph":[{"@type":"WebPage","@id":"https:\/\/vinoteka-sodcek.si\/trgovina\/vina\/bela-vina\/edi-simcic-chardonnay-fojana\/","url":"https:\/\/vinoteka-sodcek.si\/trgovina\/vina\/bela-vina\/edi-simcic-chardonnay-fojana\/","name":"[:sl]Chardonnay Fojana[:en]Chardonnay Fojana[:] | Vinoteka Sod\u010dek","isPartOf":{"@id":"https:\/\/vinoteka-sodcek.si\/#website"},"primaryImageOfPage":{"@id":"https:\/\/vinoteka-sodcek.si\/trgovina\/vina\/bela-vina\/edi-simcic-chardonnay-fojana\/#primaryimage"},"image":{"@id":"https:\/\/vinoteka-sodcek.si\/trgovina\/vina\/bela-vina\/edi-simcic-chardonnay-fojana\/#primaryimage"},"thumbnailUrl":"https:\/\/vinoteka-sodcek.si\/wp-content\/uploads\/Chardonnay-edi-simcic-1.jpg","datePublished":"2024-10-03T13:19:03+00:00","dateModified":"2024-10-04T10:04:40+00:00","description":"[:sl]Chardonnay Fojana Edi Sim\u010di\u010d je globlje zlatorumene barve. Najdemo obilo zrelih not, a ob\u010dutek hladnej\u0161e lege ostaja, saj sve\u017eine ne manjka.[:en]Chardonnay Fojana Edi Sim\u010di\u010d is a deeper golden yellow. There are plenty of ripe notes, but the sense of a cooler edge remains.[:]","breadcrumb":{"@id":"https:\/\/vinoteka-sodcek.si\/trgovina\/vina\/bela-vina\/edi-simcic-chardonnay-fojana\/#breadcrumb"},"inLanguage":"en-US","potentialAction":[{"@type":"ReadAction","target":["https:\/\/vinoteka-sodcek.si\/trgovina\/vina\/bela-vina\/edi-simcic-chardonnay-fojana\/"]}]},{"@type":"ImageObject","inLanguage":"en-US","@id":"https:\/\/vinoteka-sodcek.si\/trgovina\/vina\/bela-vina\/edi-simcic-chardonnay-fojana\/#primaryimage","url":"https:\/\/vinoteka-sodcek.si\/wp-content\/uploads\/Chardonnay-edi-simcic-1.jpg","contentUrl":"https:\/\/vinoteka-sodcek.si\/wp-content\/uploads\/Chardonnay-edi-simcic-1.jpg","width":386,"height":1300},{"@type":"BreadcrumbList","@id":"https:\/\/vinoteka-sodcek.si\/trgovina\/vina\/bela-vina\/edi-simcic-chardonnay-fojana\/#breadcrumb","itemListElement":[{"@type":"ListItem","position":1,"name":"Home","item":"https:\/\/vinoteka-sodcek.si\/en\/"},{"@type":"ListItem","position":2,"name":"Trgovina","item":"https:\/\/vinoteka-sodcek.si\/trgovina\/"},{"@type":"ListItem","position":3,"name":"Chardonnay Fojana"}]},{"@type":"WebSite","@id":"https:\/\/vinoteka-sodcek.si\/#website","url":"https:\/\/vinoteka-sodcek.si\/","name":"Vinoteka Sod\u010dek","description":"Vinoteka z vrhunskimi vini","publisher":{"@id":"https:\/\/vinoteka-sodcek.si\/#organization"},"potentialAction":[{"@type":"SearchAction","target":{"@type":"EntryPoint","urlTemplate":"https:\/\/vinoteka-sodcek.si\/?s={search_term_string}"},"query-input":"required name=search_term_string"}],"inLanguage":"en-US"},{"@type":"Organization","@id":"https:\/\/vinoteka-sodcek.si\/#organization","name":"Vinoteka Sod\u010dek, Ale\u0161 \u010ceba\u0161ek s.p.","url":"https:\/\/vinoteka-sodcek.si\/","logo":{"@type":"ImageObject","inLanguage":"en-US","@id":"https:\/\/vinoteka-sodcek.si\/#\/schema\/logo\/image\/","url":"https:\/\/beta.vinoteka-sodcek.si\/wp-content\/uploads\/vinoteka-sodcek-logo.png","contentUrl":"https:\/\/beta.vinoteka-sodcek.si\/wp-content\/uploads\/vinoteka-sodcek-logo.png","width":300,"height":90,"caption":"Vinoteka Sod\u010dek, Ale\u0161 \u010ceba\u0161ek s.p."},"image":{"@id":"https:\/\/vinoteka-sodcek.si\/#\/schema\/logo\/image\/"},"sameAs":["https:\/\/www.facebook.com\/vinotekasodcek\/"]}]}},"_links":{"self":[{"href":"https:\/\/vinoteka-sodcek.si\/en\/wp-json\/\/wp\/v2\/product\/1941"}],"collection":[{"href":"https:\/\/vinoteka-sodcek.si\/en\/wp-json\/\/wp\/v2\/product"}],"about":[{"href":"https:\/\/vinoteka-sodcek.si\/en\/wp-json\/\/wp\/v2\/types\/product"}],"wp:featuredmedia":[{"embeddable":true,"href":"https:\/\/vinoteka-sodcek.si\/en\/wp-json\/\/wp\/v2\/media\/1471"}],"wp:attachment":[{"href":"https:\/\/vinoteka-sodcek.si\/en\/wp-json\/\/wp\/v2\/media?parent=1941"}],"wp:term":[{"taxonomy":"product_cat","embeddable":true,"href":"https:\/\/vinoteka-sodcek.si\/en\/wp-json\/\/wp\/v2\/product_cat?post=1941"},{"taxonomy":"product_tag","embeddable":true,"href":"https:\/\/vinoteka-sodcek.si\/en\/wp-json\/\/wp\/v2\/product_tag?post=1941"}],"curies":[{"name":"wp","href":"https:\/\/api.w.org\/{rel}","templated":true}]}}