{"id":1984,"date":"2024-10-07T16:08:30","date_gmt":"2024-10-07T15:08:30","guid":{"rendered":"https:\/\/vinoteka-sodcek.si\/?post_type=product&#038;p=1984"},"modified":"2024-10-14T18:38:37","modified_gmt":"2024-10-14T17:38:37","slug":"prus-kraljevina-oranzno-vino","status":"publish","type":"product","link":"https:\/\/vinoteka-sodcek.si\/en\/shop\/wines\/white-wines\/prus-kraljevina-oranzno-vino\/","title":{"rendered":"Kraljevina &#8220;oran\u017eno vino&#8221;"},"content":{"rendered":"<p>After the harvest, this royalty, together with the strawberry skins, whole strawberries and lees, is macerated for two years in 225l oak barriques.<\/p>\n<p>It is deep amber in colour. The bouquet is accentuated by warm fruit notes reminiscent of spiced apple compote, pears and dried apricots. On the palate, this fruity character is enhanced by just the right ripe tannins. A dry, bold wine with pleasant acids, vanilla and a hint of wood.<\/p>\n","protected":false},"excerpt":{"rendered":"<p>After the harvest, this royalty, together with the strawberry skins, whole strawberries and lees, is macerated for two years in 225l oak barriques. It is deep amber in colour. The bouquet&#8230;<\/p>\n","protected":false},"featured_media":2055,"template":"","meta":[],"product_cat":[19,23],"product_tag":[],"acf":[],"yoast_head":"<!-- This site is optimized with the Yoast SEO plugin v22.2 - https:\/\/yoast.com\/wordpress\/plugins\/seo\/ -->\n<title>Kraljevina &quot;oran\u017eno vino&quot; | Vinoteka Sod\u010dek<\/title>\n<meta name=\"description\" content=\"Kraljevina oran\u017eno vino Prus is a deep amber colour. The bouquet is accentuated by warm fruity notes reminiscent of spiced apple compote, pears.\" \/>\n<meta name=\"robots\" content=\"index, follow, max-snippet:-1, max-image-preview:large, max-video-preview:-1\" \/>\n<meta property=\"og:locale\" content=\"en_US\" \/>\n<meta property=\"og:type\" content=\"article\" \/>\n<meta property=\"og:title\" content=\"Kraljevina &quot;oran\u017eno vino&quot;\" \/>\n<meta property=\"og:description\" content=\"Kraljevina oran\u017eno vino Prus is a deep amber colour. The bouquet is accentuated by warm fruity notes reminiscent of spiced apple compote, pears.\" \/>\n<meta property=\"og:url\" content=\"https:\/\/vinoteka-sodcek.si\/en\/shop\/wines\/white-wines\/prus-kraljevina-oranzno-vino\/\" \/>\n<meta property=\"og:site_name\" content=\"Vinoteka Sod\u010dek\" \/>\n<meta property=\"article:publisher\" content=\"https:\/\/www.facebook.com\/vinotekasodcek\/\" \/>\n<meta property=\"article:modified_time\" content=\"2024-10-14T17:38:37+00:00\" \/>\n<meta property=\"og:image\" content=\"https:\/\/vinoteka-sodcek.si\/wp-content\/uploads\/kraljevina-prus.jpg\" \/>\n\t<meta property=\"og:image:width\" content=\"152\" \/>\n\t<meta property=\"og:image:height\" content=\"622\" \/>\n\t<meta property=\"og:image:type\" content=\"image\/jpeg\" \/>\n<meta name=\"twitter:card\" content=\"summary_large_image\" \/>\n<!-- \/ Yoast SEO plugin. -->","yoast_head_json":{"title":"Kraljevina \"oran\u017eno vino\" | Vinoteka Sod\u010dek","description":"[:sl]Kraljevina oran\u017eno vino Prus je globoke jantarne barve. Cvetica je poudarjena, tople sadne note, ki spominjajo na za\u010dinjen jabol\u010dni kompot, hru\u0161ke.[:en]Kraljevina oran\u017eno vino Prus is a deep amber colour. The bouquet is accentuated by warm fruity notes reminiscent of spiced apple compote, pears.[:]","robots":{"index":"index","follow":"follow","max-snippet":"max-snippet:-1","max-image-preview":"max-image-preview:large","max-video-preview":"max-video-preview:-1"},"og_locale":"en_US","og_type":"article","og_title":"[:sl]Kraljevina \"oran\u017eno vino\"[:en]Kraljevina \"oran\u017eno vino\"[:] | Vinoteka Sod\u010dek","og_description":"[:sl]Kraljevina oran\u017eno vino Prus je globoke jantarne barve. Cvetica je poudarjena, tople sadne note, ki spominjajo na za\u010dinjen jabol\u010dni kompot, hru\u0161ke.[:en]Kraljevina oran\u017eno vino Prus is a deep amber colour. The bouquet is accentuated by warm fruity notes reminiscent of spiced apple compote, pears.[:]","og_url":"https:\/\/vinoteka-sodcek.si\/en\/shop\/wines\/white-wines\/prus-kraljevina-oranzno-vino\/","og_site_name":"Vinoteka Sod\u010dek","article_publisher":"https:\/\/www.facebook.com\/vinotekasodcek\/","article_modified_time":"2024-10-14T17:38:37+00:00","og_image":[{"width":152,"height":622,"url":"https:\/\/vinoteka-sodcek.si\/wp-content\/uploads\/kraljevina-prus.jpg","type":"image\/jpeg"}],"twitter_card":"summary_large_image","schema":{"@context":"https:\/\/schema.org","@graph":[{"@type":"WebPage","@id":"https:\/\/vinoteka-sodcek.si\/trgovina\/vina\/bela-vina\/prus-kraljevina-oranzno-vino\/","url":"https:\/\/vinoteka-sodcek.si\/trgovina\/vina\/bela-vina\/prus-kraljevina-oranzno-vino\/","name":"[:sl]Kraljevina \"oran\u017eno vino\"[:en]Kraljevina \"oran\u017eno vino\"[:] | Vinoteka Sod\u010dek","isPartOf":{"@id":"https:\/\/vinoteka-sodcek.si\/#website"},"primaryImageOfPage":{"@id":"https:\/\/vinoteka-sodcek.si\/trgovina\/vina\/bela-vina\/prus-kraljevina-oranzno-vino\/#primaryimage"},"image":{"@id":"https:\/\/vinoteka-sodcek.si\/trgovina\/vina\/bela-vina\/prus-kraljevina-oranzno-vino\/#primaryimage"},"thumbnailUrl":"https:\/\/vinoteka-sodcek.si\/wp-content\/uploads\/kraljevina-prus.jpg","datePublished":"2024-10-07T15:08:30+00:00","dateModified":"2024-10-14T17:38:37+00:00","description":"[:sl]Kraljevina oran\u017eno vino Prus je globoke jantarne barve. Cvetica je poudarjena, tople sadne note, ki spominjajo na za\u010dinjen jabol\u010dni kompot, hru\u0161ke.[:en]Kraljevina oran\u017eno vino Prus is a deep amber colour. The bouquet is accentuated by warm fruity notes reminiscent of spiced apple compote, pears.[:]","breadcrumb":{"@id":"https:\/\/vinoteka-sodcek.si\/trgovina\/vina\/bela-vina\/prus-kraljevina-oranzno-vino\/#breadcrumb"},"inLanguage":"en-US","potentialAction":[{"@type":"ReadAction","target":["https:\/\/vinoteka-sodcek.si\/trgovina\/vina\/bela-vina\/prus-kraljevina-oranzno-vino\/"]}]},{"@type":"ImageObject","inLanguage":"en-US","@id":"https:\/\/vinoteka-sodcek.si\/trgovina\/vina\/bela-vina\/prus-kraljevina-oranzno-vino\/#primaryimage","url":"https:\/\/vinoteka-sodcek.si\/wp-content\/uploads\/kraljevina-prus.jpg","contentUrl":"https:\/\/vinoteka-sodcek.si\/wp-content\/uploads\/kraljevina-prus.jpg","width":152,"height":622},{"@type":"BreadcrumbList","@id":"https:\/\/vinoteka-sodcek.si\/trgovina\/vina\/bela-vina\/prus-kraljevina-oranzno-vino\/#breadcrumb","itemListElement":[{"@type":"ListItem","position":1,"name":"Home","item":"https:\/\/vinoteka-sodcek.si\/en\/"},{"@type":"ListItem","position":2,"name":"Trgovina","item":"https:\/\/vinoteka-sodcek.si\/trgovina\/"},{"@type":"ListItem","position":3,"name":"Kraljevina &#8220;oran\u017eno vino&#8221;"}]},{"@type":"WebSite","@id":"https:\/\/vinoteka-sodcek.si\/#website","url":"https:\/\/vinoteka-sodcek.si\/","name":"Vinoteka Sod\u010dek","description":"Vinoteka z vrhunskimi vini","publisher":{"@id":"https:\/\/vinoteka-sodcek.si\/#organization"},"potentialAction":[{"@type":"SearchAction","target":{"@type":"EntryPoint","urlTemplate":"https:\/\/vinoteka-sodcek.si\/?s={search_term_string}"},"query-input":"required name=search_term_string"}],"inLanguage":"en-US"},{"@type":"Organization","@id":"https:\/\/vinoteka-sodcek.si\/#organization","name":"Vinoteka Sod\u010dek, Ale\u0161 \u010ceba\u0161ek s.p.","url":"https:\/\/vinoteka-sodcek.si\/","logo":{"@type":"ImageObject","inLanguage":"en-US","@id":"https:\/\/vinoteka-sodcek.si\/#\/schema\/logo\/image\/","url":"https:\/\/beta.vinoteka-sodcek.si\/wp-content\/uploads\/vinoteka-sodcek-logo.png","contentUrl":"https:\/\/beta.vinoteka-sodcek.si\/wp-content\/uploads\/vinoteka-sodcek-logo.png","width":300,"height":90,"caption":"Vinoteka Sod\u010dek, Ale\u0161 \u010ceba\u0161ek s.p."},"image":{"@id":"https:\/\/vinoteka-sodcek.si\/#\/schema\/logo\/image\/"},"sameAs":["https:\/\/www.facebook.com\/vinotekasodcek\/"]}]}},"_links":{"self":[{"href":"https:\/\/vinoteka-sodcek.si\/en\/wp-json\/\/wp\/v2\/product\/1984"}],"collection":[{"href":"https:\/\/vinoteka-sodcek.si\/en\/wp-json\/\/wp\/v2\/product"}],"about":[{"href":"https:\/\/vinoteka-sodcek.si\/en\/wp-json\/\/wp\/v2\/types\/product"}],"wp:featuredmedia":[{"embeddable":true,"href":"https:\/\/vinoteka-sodcek.si\/en\/wp-json\/\/wp\/v2\/media\/2055"}],"wp:attachment":[{"href":"https:\/\/vinoteka-sodcek.si\/en\/wp-json\/\/wp\/v2\/media?parent=1984"}],"wp:term":[{"taxonomy":"product_cat","embeddable":true,"href":"https:\/\/vinoteka-sodcek.si\/en\/wp-json\/\/wp\/v2\/product_cat?post=1984"},{"taxonomy":"product_tag","embeddable":true,"href":"https:\/\/vinoteka-sodcek.si\/en\/wp-json\/\/wp\/v2\/product_tag?post=1984"}],"curies":[{"name":"wp","href":"https:\/\/api.w.org\/{rel}","templated":true}]}}