{"id":2078,"date":"2024-10-15T16:42:59","date_gmt":"2024-10-15T15:42:59","guid":{"rendered":"https:\/\/vinoteka-sodcek.si\/?post_type=product&#038;p=2078"},"modified":"2024-10-18T09:07:45","modified_gmt":"2024-10-18T08:07:45","slug":"leber-kerner","status":"publish","type":"product","link":"https:\/\/vinoteka-sodcek.si\/en\/shop\/wines\/white-wines\/leber-kerner\/","title":{"rendered":"Kerner"},"content":{"rendered":"<p>After the harvest, controlled fermentation and maturation for 6 months take place in an inox tank.<\/p>\n<p>It is lemon-coloured with green tints. The bouquet is youthful, varietal citrus, yellow fruit, white flowers with a hint of muscat. It tastes of ripe peach, sweet with pleasant acids.<\/p>\n","protected":false},"excerpt":{"rendered":"<p>After the harvest, controlled fermentation and maturation for 6 months take place in an inox tank. It is lemon-coloured with green tints. The bouquet is youthful, varietal citrus, yellow fruit, white&#8230;<\/p>\n","protected":false},"featured_media":2096,"template":"","meta":[],"product_cat":[19],"product_tag":[],"acf":[],"yoast_head":"<!-- This site is optimized with the Yoast SEO plugin v22.2 - https:\/\/yoast.com\/wordpress\/plugins\/seo\/ -->\n<title>Kerner | Vinoteka Sod\u010dek<\/title>\n<meta name=\"description\" content=\"Kerner Leber je limonaste barve z zelenimi odtenki. Cvetica je mladostna, sortna po citrusih, rumenem sadju, belem cvetju s pridihom mu\u0161kata.\" \/>\n<meta name=\"robots\" content=\"index, follow, max-snippet:-1, max-image-preview:large, max-video-preview:-1\" \/>\n<meta property=\"og:locale\" content=\"en_US\" \/>\n<meta property=\"og:type\" content=\"article\" \/>\n<meta property=\"og:title\" content=\"Kerner\" \/>\n<meta property=\"og:description\" content=\"Kerner Leber je limonaste barve z zelenimi odtenki. Cvetica je mladostna, sortna po citrusih, rumenem sadju, belem cvetju s pridihom mu\u0161kata.\" \/>\n<meta property=\"og:url\" content=\"https:\/\/vinoteka-sodcek.si\/en\/shop\/wines\/white-wines\/leber-kerner\/\" \/>\n<meta property=\"og:site_name\" content=\"Vinoteka Sod\u010dek\" \/>\n<meta property=\"article:publisher\" content=\"https:\/\/www.facebook.com\/vinotekasodcek\/\" \/>\n<meta property=\"article:modified_time\" content=\"2024-10-18T08:07:45+00:00\" \/>\n<meta property=\"og:image\" content=\"https:\/\/vinoteka-sodcek.si\/wp-content\/uploads\/kerner-leber.jpg\" \/>\n\t<meta property=\"og:image:width\" content=\"134\" \/>\n\t<meta property=\"og:image:height\" content=\"576\" \/>\n\t<meta property=\"og:image:type\" content=\"image\/jpeg\" \/>\n<meta name=\"twitter:card\" content=\"summary_large_image\" \/>\n<!-- \/ Yoast SEO plugin. -->","yoast_head_json":{"title":"Kerner | Vinoteka Sod\u010dek","description":"Kerner Leber je limonaste barve z zelenimi odtenki. Cvetica je mladostna, sortna po citrusih, rumenem sadju, belem cvetju s pridihom mu\u0161kata.","robots":{"index":"index","follow":"follow","max-snippet":"max-snippet:-1","max-image-preview":"max-image-preview:large","max-video-preview":"max-video-preview:-1"},"og_locale":"en_US","og_type":"article","og_title":"[:sl]Kerner[:en]Kerner[:] | Vinoteka Sod\u010dek","og_description":"Kerner Leber je limonaste barve z zelenimi odtenki. Cvetica je mladostna, sortna po citrusih, rumenem sadju, belem cvetju s pridihom mu\u0161kata.","og_url":"https:\/\/vinoteka-sodcek.si\/en\/shop\/wines\/white-wines\/leber-kerner\/","og_site_name":"Vinoteka Sod\u010dek","article_publisher":"https:\/\/www.facebook.com\/vinotekasodcek\/","article_modified_time":"2024-10-18T08:07:45+00:00","og_image":[{"width":134,"height":576,"url":"https:\/\/vinoteka-sodcek.si\/wp-content\/uploads\/kerner-leber.jpg","type":"image\/jpeg"}],"twitter_card":"summary_large_image","schema":{"@context":"https:\/\/schema.org","@graph":[{"@type":"WebPage","@id":"https:\/\/vinoteka-sodcek.si\/trgovina\/vina\/bela-vina\/leber-kerner\/","url":"https:\/\/vinoteka-sodcek.si\/trgovina\/vina\/bela-vina\/leber-kerner\/","name":"[:sl]Kerner[:en]Kerner[:] | Vinoteka Sod\u010dek","isPartOf":{"@id":"https:\/\/vinoteka-sodcek.si\/#website"},"primaryImageOfPage":{"@id":"https:\/\/vinoteka-sodcek.si\/trgovina\/vina\/bela-vina\/leber-kerner\/#primaryimage"},"image":{"@id":"https:\/\/vinoteka-sodcek.si\/trgovina\/vina\/bela-vina\/leber-kerner\/#primaryimage"},"thumbnailUrl":"https:\/\/vinoteka-sodcek.si\/wp-content\/uploads\/kerner-leber.jpg","datePublished":"2024-10-15T15:42:59+00:00","dateModified":"2024-10-18T08:07:45+00:00","description":"Kerner Leber je limonaste barve z zelenimi odtenki. Cvetica je mladostna, sortna po citrusih, rumenem sadju, belem cvetju s pridihom mu\u0161kata.","breadcrumb":{"@id":"https:\/\/vinoteka-sodcek.si\/trgovina\/vina\/bela-vina\/leber-kerner\/#breadcrumb"},"inLanguage":"en-US","potentialAction":[{"@type":"ReadAction","target":["https:\/\/vinoteka-sodcek.si\/trgovina\/vina\/bela-vina\/leber-kerner\/"]}]},{"@type":"ImageObject","inLanguage":"en-US","@id":"https:\/\/vinoteka-sodcek.si\/trgovina\/vina\/bela-vina\/leber-kerner\/#primaryimage","url":"https:\/\/vinoteka-sodcek.si\/wp-content\/uploads\/kerner-leber.jpg","contentUrl":"https:\/\/vinoteka-sodcek.si\/wp-content\/uploads\/kerner-leber.jpg","width":134,"height":576},{"@type":"BreadcrumbList","@id":"https:\/\/vinoteka-sodcek.si\/trgovina\/vina\/bela-vina\/leber-kerner\/#breadcrumb","itemListElement":[{"@type":"ListItem","position":1,"name":"Home","item":"https:\/\/vinoteka-sodcek.si\/en\/"},{"@type":"ListItem","position":2,"name":"Trgovina","item":"https:\/\/vinoteka-sodcek.si\/trgovina\/"},{"@type":"ListItem","position":3,"name":"Kerner"}]},{"@type":"WebSite","@id":"https:\/\/vinoteka-sodcek.si\/#website","url":"https:\/\/vinoteka-sodcek.si\/","name":"Vinoteka Sod\u010dek","description":"Vinoteka z vrhunskimi vini","publisher":{"@id":"https:\/\/vinoteka-sodcek.si\/#organization"},"potentialAction":[{"@type":"SearchAction","target":{"@type":"EntryPoint","urlTemplate":"https:\/\/vinoteka-sodcek.si\/?s={search_term_string}"},"query-input":"required name=search_term_string"}],"inLanguage":"en-US"},{"@type":"Organization","@id":"https:\/\/vinoteka-sodcek.si\/#organization","name":"Vinoteka Sod\u010dek, Ale\u0161 \u010ceba\u0161ek s.p.","url":"https:\/\/vinoteka-sodcek.si\/","logo":{"@type":"ImageObject","inLanguage":"en-US","@id":"https:\/\/vinoteka-sodcek.si\/#\/schema\/logo\/image\/","url":"https:\/\/beta.vinoteka-sodcek.si\/wp-content\/uploads\/vinoteka-sodcek-logo.png","contentUrl":"https:\/\/beta.vinoteka-sodcek.si\/wp-content\/uploads\/vinoteka-sodcek-logo.png","width":300,"height":90,"caption":"Vinoteka Sod\u010dek, Ale\u0161 \u010ceba\u0161ek s.p."},"image":{"@id":"https:\/\/vinoteka-sodcek.si\/#\/schema\/logo\/image\/"},"sameAs":["https:\/\/www.facebook.com\/vinotekasodcek\/"]}]}},"_links":{"self":[{"href":"https:\/\/vinoteka-sodcek.si\/en\/wp-json\/\/wp\/v2\/product\/2078"}],"collection":[{"href":"https:\/\/vinoteka-sodcek.si\/en\/wp-json\/\/wp\/v2\/product"}],"about":[{"href":"https:\/\/vinoteka-sodcek.si\/en\/wp-json\/\/wp\/v2\/types\/product"}],"wp:featuredmedia":[{"embeddable":true,"href":"https:\/\/vinoteka-sodcek.si\/en\/wp-json\/\/wp\/v2\/media\/2096"}],"wp:attachment":[{"href":"https:\/\/vinoteka-sodcek.si\/en\/wp-json\/\/wp\/v2\/media?parent=2078"}],"wp:term":[{"taxonomy":"product_cat","embeddable":true,"href":"https:\/\/vinoteka-sodcek.si\/en\/wp-json\/\/wp\/v2\/product_cat?post=2078"},{"taxonomy":"product_tag","embeddable":true,"href":"https:\/\/vinoteka-sodcek.si\/en\/wp-json\/\/wp\/v2\/product_tag?post=2078"}],"curies":[{"name":"wp","href":"https:\/\/api.w.org\/{rel}","templated":true}]}}