{"id":2081,"date":"2024-10-15T17:07:09","date_gmt":"2024-10-15T16:07:09","guid":{"rendered":"https:\/\/vinoteka-sodcek.si\/?post_type=product&#038;p=2081"},"modified":"2025-12-04T11:55:16","modified_gmt":"2025-12-04T10:55:16","slug":"leber-fantin","status":"publish","type":"product","link":"https:\/\/vinoteka-sodcek.si\/en\/shop\/wines\/white-wines\/leber-fantin\/","title":{"rendered":"Fantin"},"content":{"rendered":"<p>The first bottling of the current vintage. Fermentation and two months of ageing took place in an inox tank.<\/p>\n<p>It is pale yellow in colour, with fruity muscat aromas, fresh fruit and citrus, not completely dry on the palate, pleasant acids and plenty of CO2. With a pleasantly long aftertaste.<\/p>\n","protected":false},"excerpt":{"rendered":"<p>The first bottling of the current vintage. Fermentation and two months of ageing took place in an inox tank. It is pale yellow in colour, with fruity muscat aromas, fresh fruit&#8230;<\/p>\n","protected":false},"featured_media":2931,"template":"","meta":[],"product_cat":[19],"product_tag":[],"acf":[],"yoast_head":"<!-- This site is optimized with the Yoast SEO plugin v22.2 - https:\/\/yoast.com\/wordpress\/plugins\/seo\/ -->\n<title>Fantin | Vinoteka Sod\u010dek<\/title>\n<meta name=\"description\" content=\"Fantin Leber is pale yellow in colour, with fruity muscat aromas, fresh fruit and citrus, not completely dry on the palate, pleasant acidcs,\" \/>\n<meta name=\"robots\" content=\"index, follow, max-snippet:-1, max-image-preview:large, max-video-preview:-1\" \/>\n<meta property=\"og:locale\" content=\"en_US\" \/>\n<meta property=\"og:type\" content=\"article\" \/>\n<meta property=\"og:title\" content=\"Fantin\" \/>\n<meta property=\"og:description\" content=\"Fantin Leber is pale yellow in colour, with fruity muscat aromas, fresh fruit and citrus, not completely dry on the palate, pleasant acidcs,\" \/>\n<meta property=\"og:url\" content=\"https:\/\/vinoteka-sodcek.si\/en\/shop\/wines\/white-wines\/leber-fantin\/\" \/>\n<meta property=\"og:site_name\" content=\"Vinoteka Sod\u010dek\" \/>\n<meta property=\"article:publisher\" content=\"https:\/\/www.facebook.com\/vinotekasodcek\/\" \/>\n<meta property=\"article:modified_time\" content=\"2025-12-04T10:55:16+00:00\" \/>\n<meta property=\"og:image\" content=\"https:\/\/vinoteka-sodcek.si\/wp-content\/uploads\/fantin-leber.jpeg\" \/>\n\t<meta property=\"og:image:width\" content=\"305\" \/>\n\t<meta property=\"og:image:height\" content=\"1341\" \/>\n\t<meta property=\"og:image:type\" content=\"image\/jpeg\" \/>\n<meta name=\"twitter:card\" content=\"summary_large_image\" \/>\n<!-- \/ Yoast SEO plugin. -->","yoast_head_json":{"title":"Fantin | Vinoteka Sod\u010dek","description":"[:sl]Fantin Leber je bledo rumene barve, sadne mu\u0161katne arome, sve\u017eega sadja in citrusov, v ustih ne popolnoma suho, prijetnih kislin in \u0161e veliko CO2.[:en]Fantin Leber is pale yellow in colour, with fruity muscat aromas, fresh fruit and citrus, not completely dry on the palate, pleasant acidcs,[:]","robots":{"index":"index","follow":"follow","max-snippet":"max-snippet:-1","max-image-preview":"max-image-preview:large","max-video-preview":"max-video-preview:-1"},"og_locale":"en_US","og_type":"article","og_title":"[:sl]Fantin[:en]Fantin[:] | Vinoteka Sod\u010dek","og_description":"[:sl]Fantin Leber je bledo rumene barve, sadne mu\u0161katne arome, sve\u017eega sadja in citrusov, v ustih ne popolnoma suho, prijetnih kislin in \u0161e veliko CO2.[:en]Fantin Leber is pale yellow in colour, with fruity muscat aromas, fresh fruit and citrus, not completely dry on the palate, pleasant acidcs,[:]","og_url":"https:\/\/vinoteka-sodcek.si\/en\/shop\/wines\/white-wines\/leber-fantin\/","og_site_name":"Vinoteka Sod\u010dek","article_publisher":"https:\/\/www.facebook.com\/vinotekasodcek\/","article_modified_time":"2025-12-04T10:55:16+00:00","og_image":[{"width":305,"height":1341,"url":"https:\/\/vinoteka-sodcek.si\/wp-content\/uploads\/fantin-leber.jpeg","type":"image\/jpeg"}],"twitter_card":"summary_large_image","schema":{"@context":"https:\/\/schema.org","@graph":[{"@type":"WebPage","@id":"https:\/\/vinoteka-sodcek.si\/trgovina\/vina\/bela-vina\/leber-fantin\/","url":"https:\/\/vinoteka-sodcek.si\/trgovina\/vina\/bela-vina\/leber-fantin\/","name":"[:sl]Fantin[:en]Fantin[:] | Vinoteka Sod\u010dek","isPartOf":{"@id":"https:\/\/vinoteka-sodcek.si\/#website"},"primaryImageOfPage":{"@id":"https:\/\/vinoteka-sodcek.si\/trgovina\/vina\/bela-vina\/leber-fantin\/#primaryimage"},"image":{"@id":"https:\/\/vinoteka-sodcek.si\/trgovina\/vina\/bela-vina\/leber-fantin\/#primaryimage"},"thumbnailUrl":"https:\/\/vinoteka-sodcek.si\/wp-content\/uploads\/fantin-leber.jpeg","datePublished":"2024-10-15T16:07:09+00:00","dateModified":"2025-12-04T10:55:16+00:00","description":"[:sl]Fantin Leber je bledo rumene barve, sadne mu\u0161katne arome, sve\u017eega sadja in citrusov, v ustih ne popolnoma suho, prijetnih kislin in \u0161e veliko CO2.[:en]Fantin Leber is pale yellow in colour, with fruity muscat aromas, fresh fruit and citrus, not completely dry on the palate, pleasant acidcs,[:]","breadcrumb":{"@id":"https:\/\/vinoteka-sodcek.si\/trgovina\/vina\/bela-vina\/leber-fantin\/#breadcrumb"},"inLanguage":"en-US","potentialAction":[{"@type":"ReadAction","target":["https:\/\/vinoteka-sodcek.si\/trgovina\/vina\/bela-vina\/leber-fantin\/"]}]},{"@type":"ImageObject","inLanguage":"en-US","@id":"https:\/\/vinoteka-sodcek.si\/trgovina\/vina\/bela-vina\/leber-fantin\/#primaryimage","url":"https:\/\/vinoteka-sodcek.si\/wp-content\/uploads\/fantin-leber.jpeg","contentUrl":"https:\/\/vinoteka-sodcek.si\/wp-content\/uploads\/fantin-leber.jpeg","width":305,"height":1341},{"@type":"BreadcrumbList","@id":"https:\/\/vinoteka-sodcek.si\/trgovina\/vina\/bela-vina\/leber-fantin\/#breadcrumb","itemListElement":[{"@type":"ListItem","position":1,"name":"Home","item":"https:\/\/vinoteka-sodcek.si\/en\/"},{"@type":"ListItem","position":2,"name":"Trgovina","item":"https:\/\/vinoteka-sodcek.si\/trgovina\/"},{"@type":"ListItem","position":3,"name":"Fantin"}]},{"@type":"WebSite","@id":"https:\/\/vinoteka-sodcek.si\/#website","url":"https:\/\/vinoteka-sodcek.si\/","name":"Vinoteka Sod\u010dek","description":"Vinoteka z vrhunskimi vini","publisher":{"@id":"https:\/\/vinoteka-sodcek.si\/#organization"},"potentialAction":[{"@type":"SearchAction","target":{"@type":"EntryPoint","urlTemplate":"https:\/\/vinoteka-sodcek.si\/?s={search_term_string}"},"query-input":"required name=search_term_string"}],"inLanguage":"en-US"},{"@type":"Organization","@id":"https:\/\/vinoteka-sodcek.si\/#organization","name":"Vinoteka Sod\u010dek, Ale\u0161 \u010ceba\u0161ek s.p.","url":"https:\/\/vinoteka-sodcek.si\/","logo":{"@type":"ImageObject","inLanguage":"en-US","@id":"https:\/\/vinoteka-sodcek.si\/#\/schema\/logo\/image\/","url":"https:\/\/beta.vinoteka-sodcek.si\/wp-content\/uploads\/vinoteka-sodcek-logo.png","contentUrl":"https:\/\/beta.vinoteka-sodcek.si\/wp-content\/uploads\/vinoteka-sodcek-logo.png","width":300,"height":90,"caption":"Vinoteka Sod\u010dek, Ale\u0161 \u010ceba\u0161ek s.p."},"image":{"@id":"https:\/\/vinoteka-sodcek.si\/#\/schema\/logo\/image\/"},"sameAs":["https:\/\/www.facebook.com\/vinotekasodcek\/"]}]}},"_links":{"self":[{"href":"https:\/\/vinoteka-sodcek.si\/en\/wp-json\/\/wp\/v2\/product\/2081"}],"collection":[{"href":"https:\/\/vinoteka-sodcek.si\/en\/wp-json\/\/wp\/v2\/product"}],"about":[{"href":"https:\/\/vinoteka-sodcek.si\/en\/wp-json\/\/wp\/v2\/types\/product"}],"wp:featuredmedia":[{"embeddable":true,"href":"https:\/\/vinoteka-sodcek.si\/en\/wp-json\/\/wp\/v2\/media\/2931"}],"wp:attachment":[{"href":"https:\/\/vinoteka-sodcek.si\/en\/wp-json\/\/wp\/v2\/media?parent=2081"}],"wp:term":[{"taxonomy":"product_cat","embeddable":true,"href":"https:\/\/vinoteka-sodcek.si\/en\/wp-json\/\/wp\/v2\/product_cat?post=2081"},{"taxonomy":"product_tag","embeddable":true,"href":"https:\/\/vinoteka-sodcek.si\/en\/wp-json\/\/wp\/v2\/product_tag?post=2081"}],"curies":[{"name":"wp","href":"https:\/\/api.w.org\/{rel}","templated":true}]}}