{"id":2089,"date":"2024-10-16T11:09:49","date_gmt":"2024-10-16T10:09:49","guid":{"rendered":"https:\/\/vinoteka-sodcek.si\/?post_type=product&#038;p=2089"},"modified":"2024-10-18T09:10:25","modified_gmt":"2024-10-18T08:10:25","slug":"steras-malvazija-kocinski","status":"publish","type":"product","link":"https:\/\/vinoteka-sodcek.si\/en\/shop\/wines\/white-wines\/steras-malvazija-kocinski\/","title":{"rendered":"Malvazija kocinski"},"content":{"rendered":"<p>After the ripe grapes from the older vineyards have been harvested, they are macerated for 7 days in an open vat. The mash is then sprayed and transferred into wooden barrels, where alcoholic fermentation and biological decomposition continue. After two years on the lees, the wine is transferred to a stainless steel tank where it is naturally sedimented. Once it has reached the appropriate level of clarity, it is bottled without filtration. No sulphur added.<\/p>\n<p>It is amber in colour. The bouquet is intense and ripe, dominated by ripe apricot, including forest undergrowth. On the palate, the wine is drier, bolder, with higher but pleasant acids. Ripe apricot and oriental spices are repeated.<\/p>\n","protected":false},"excerpt":{"rendered":"<p>After the ripe grapes from the older vineyards have been harvested, they are macerated for 7 days in an open vat. The mash is then sprayed and transferred into wooden barrels,&#8230;<\/p>\n","protected":false},"featured_media":2106,"template":"","meta":[],"product_cat":[19,23],"product_tag":[],"acf":[],"yoast_head":"<!-- This site is optimized with the Yoast SEO plugin v22.2 - https:\/\/yoast.com\/wordpress\/plugins\/seo\/ -->\n<title>Malvazija kocinski | Vinoteka Sod\u010dek<\/title>\n<meta name=\"description\" content=\"Malvazija kocinski Steras is amber in colour. The flower is intense, ripe, dominated by mature apricot, also forest undergrowth. Drier, bolder.\" \/>\n<meta name=\"robots\" content=\"index, follow, max-snippet:-1, max-image-preview:large, max-video-preview:-1\" \/>\n<meta property=\"og:locale\" content=\"en_US\" \/>\n<meta property=\"og:type\" content=\"article\" \/>\n<meta property=\"og:title\" content=\"Malvazija kocinski\" \/>\n<meta property=\"og:description\" content=\"Malvazija kocinski Steras is amber in colour. The flower is intense, ripe, dominated by mature apricot, also forest undergrowth. Drier, bolder.\" \/>\n<meta property=\"og:url\" content=\"https:\/\/vinoteka-sodcek.si\/en\/shop\/wines\/white-wines\/steras-malvazija-kocinski\/\" \/>\n<meta property=\"og:site_name\" content=\"Vinoteka Sod\u010dek\" \/>\n<meta property=\"article:publisher\" content=\"https:\/\/www.facebook.com\/vinotekasodcek\/\" \/>\n<meta property=\"article:modified_time\" content=\"2024-10-18T08:10:25+00:00\" \/>\n<meta property=\"og:image\" content=\"https:\/\/vinoteka-sodcek.si\/wp-content\/uploads\/malvazija-kocinski-steras-1.jpg\" \/>\n\t<meta property=\"og:image:width\" content=\"148\" \/>\n\t<meta property=\"og:image:height\" content=\"579\" \/>\n\t<meta property=\"og:image:type\" content=\"image\/jpeg\" \/>\n<meta name=\"twitter:card\" content=\"summary_large_image\" \/>\n<!-- \/ Yoast SEO plugin. -->","yoast_head_json":{"title":"Malvazija kocinski | Vinoteka Sod\u010dek","description":"[:sl]Malvazija kocinski Steras je jantarne barve. Cvetica je intenzivna, dozorela, prevladuje zrela marelica, tudi gozdna podrast. Suho, krepkej\u0161e.[:en]Malvazija kocinski Steras is amber in colour. The flower is intense, ripe, dominated by mature apricot, also forest undergrowth. Drier, bolder.[:]","robots":{"index":"index","follow":"follow","max-snippet":"max-snippet:-1","max-image-preview":"max-image-preview:large","max-video-preview":"max-video-preview:-1"},"og_locale":"en_US","og_type":"article","og_title":"[:sl]Malvazija kocinski[:en]Malvazija kocinski[:] | Vinoteka Sod\u010dek","og_description":"[:sl]Malvazija kocinski Steras je jantarne barve. Cvetica je intenzivna, dozorela, prevladuje zrela marelica, tudi gozdna podrast. Suho, krepkej\u0161e.[:en]Malvazija kocinski Steras is amber in colour. The flower is intense, ripe, dominated by mature apricot, also forest undergrowth. Drier, bolder.[:]","og_url":"https:\/\/vinoteka-sodcek.si\/en\/shop\/wines\/white-wines\/steras-malvazija-kocinski\/","og_site_name":"Vinoteka Sod\u010dek","article_publisher":"https:\/\/www.facebook.com\/vinotekasodcek\/","article_modified_time":"2024-10-18T08:10:25+00:00","og_image":[{"width":148,"height":579,"url":"https:\/\/vinoteka-sodcek.si\/wp-content\/uploads\/malvazija-kocinski-steras-1.jpg","type":"image\/jpeg"}],"twitter_card":"summary_large_image","schema":{"@context":"https:\/\/schema.org","@graph":[{"@type":"WebPage","@id":"https:\/\/vinoteka-sodcek.si\/trgovina\/vina\/bela-vina\/steras-malvazija-kocinski\/","url":"https:\/\/vinoteka-sodcek.si\/trgovina\/vina\/bela-vina\/steras-malvazija-kocinski\/","name":"[:sl]Malvazija kocinski[:en]Malvazija kocinski[:] | Vinoteka Sod\u010dek","isPartOf":{"@id":"https:\/\/vinoteka-sodcek.si\/#website"},"primaryImageOfPage":{"@id":"https:\/\/vinoteka-sodcek.si\/trgovina\/vina\/bela-vina\/steras-malvazija-kocinski\/#primaryimage"},"image":{"@id":"https:\/\/vinoteka-sodcek.si\/trgovina\/vina\/bela-vina\/steras-malvazija-kocinski\/#primaryimage"},"thumbnailUrl":"https:\/\/vinoteka-sodcek.si\/wp-content\/uploads\/malvazija-kocinski-steras-1.jpg","datePublished":"2024-10-16T10:09:49+00:00","dateModified":"2024-10-18T08:10:25+00:00","description":"[:sl]Malvazija kocinski Steras je jantarne barve. Cvetica je intenzivna, dozorela, prevladuje zrela marelica, tudi gozdna podrast. Suho, krepkej\u0161e.[:en]Malvazija kocinski Steras is amber in colour. The flower is intense, ripe, dominated by mature apricot, also forest undergrowth. Drier, bolder.[:]","breadcrumb":{"@id":"https:\/\/vinoteka-sodcek.si\/trgovina\/vina\/bela-vina\/steras-malvazija-kocinski\/#breadcrumb"},"inLanguage":"en-US","potentialAction":[{"@type":"ReadAction","target":["https:\/\/vinoteka-sodcek.si\/trgovina\/vina\/bela-vina\/steras-malvazija-kocinski\/"]}]},{"@type":"ImageObject","inLanguage":"en-US","@id":"https:\/\/vinoteka-sodcek.si\/trgovina\/vina\/bela-vina\/steras-malvazija-kocinski\/#primaryimage","url":"https:\/\/vinoteka-sodcek.si\/wp-content\/uploads\/malvazija-kocinski-steras-1.jpg","contentUrl":"https:\/\/vinoteka-sodcek.si\/wp-content\/uploads\/malvazija-kocinski-steras-1.jpg","width":148,"height":579},{"@type":"BreadcrumbList","@id":"https:\/\/vinoteka-sodcek.si\/trgovina\/vina\/bela-vina\/steras-malvazija-kocinski\/#breadcrumb","itemListElement":[{"@type":"ListItem","position":1,"name":"Home","item":"https:\/\/vinoteka-sodcek.si\/en\/"},{"@type":"ListItem","position":2,"name":"Trgovina","item":"https:\/\/vinoteka-sodcek.si\/trgovina\/"},{"@type":"ListItem","position":3,"name":"Malvazija kocinski"}]},{"@type":"WebSite","@id":"https:\/\/vinoteka-sodcek.si\/#website","url":"https:\/\/vinoteka-sodcek.si\/","name":"Vinoteka Sod\u010dek","description":"Vinoteka z vrhunskimi vini","publisher":{"@id":"https:\/\/vinoteka-sodcek.si\/#organization"},"potentialAction":[{"@type":"SearchAction","target":{"@type":"EntryPoint","urlTemplate":"https:\/\/vinoteka-sodcek.si\/?s={search_term_string}"},"query-input":"required name=search_term_string"}],"inLanguage":"en-US"},{"@type":"Organization","@id":"https:\/\/vinoteka-sodcek.si\/#organization","name":"Vinoteka Sod\u010dek, Ale\u0161 \u010ceba\u0161ek s.p.","url":"https:\/\/vinoteka-sodcek.si\/","logo":{"@type":"ImageObject","inLanguage":"en-US","@id":"https:\/\/vinoteka-sodcek.si\/#\/schema\/logo\/image\/","url":"https:\/\/beta.vinoteka-sodcek.si\/wp-content\/uploads\/vinoteka-sodcek-logo.png","contentUrl":"https:\/\/beta.vinoteka-sodcek.si\/wp-content\/uploads\/vinoteka-sodcek-logo.png","width":300,"height":90,"caption":"Vinoteka Sod\u010dek, Ale\u0161 \u010ceba\u0161ek s.p."},"image":{"@id":"https:\/\/vinoteka-sodcek.si\/#\/schema\/logo\/image\/"},"sameAs":["https:\/\/www.facebook.com\/vinotekasodcek\/"]}]}},"_links":{"self":[{"href":"https:\/\/vinoteka-sodcek.si\/en\/wp-json\/\/wp\/v2\/product\/2089"}],"collection":[{"href":"https:\/\/vinoteka-sodcek.si\/en\/wp-json\/\/wp\/v2\/product"}],"about":[{"href":"https:\/\/vinoteka-sodcek.si\/en\/wp-json\/\/wp\/v2\/types\/product"}],"wp:featuredmedia":[{"embeddable":true,"href":"https:\/\/vinoteka-sodcek.si\/en\/wp-json\/\/wp\/v2\/media\/2106"}],"wp:attachment":[{"href":"https:\/\/vinoteka-sodcek.si\/en\/wp-json\/\/wp\/v2\/media?parent=2089"}],"wp:term":[{"taxonomy":"product_cat","embeddable":true,"href":"https:\/\/vinoteka-sodcek.si\/en\/wp-json\/\/wp\/v2\/product_cat?post=2089"},{"taxonomy":"product_tag","embeddable":true,"href":"https:\/\/vinoteka-sodcek.si\/en\/wp-json\/\/wp\/v2\/product_tag?post=2089"}],"curies":[{"name":"wp","href":"https:\/\/api.w.org\/{rel}","templated":true}]}}