{"id":233,"date":"2024-03-15T17:20:14","date_gmt":"2024-03-15T16:20:14","guid":{"rendered":"http:\/\/192.168.64.105\/GitHub\/vinoteka-sodcek\/trgovina\/uncategorized\/kristancic-chardonnay\/"},"modified":"2026-02-24T09:33:57","modified_gmt":"2026-02-24T08:33:57","slug":"kristancic-chardonnay","status":"publish","type":"product","link":"https:\/\/vinoteka-sodcek.si\/en\/shop\/wines\/white-wines\/kristancic-chardonnay\/","title":{"rendered":"Chardonnay"},"content":{"rendered":"<p>After the harvest, fermentation and maturation are done in stainless thin, some time with the presence of yeasts, giving the wine elegance and complexity.<\/p>\n<p>It has a medium accentuated golden yellow color with straw shades. The smell is intense and complex, as is the case with this variety. The smell of white flowers, apples and green fruits prevail. Over time, in addition to pronounced fruits, wood and yeast notes are also released. In the mouth, the wine develops nicely, it is dry, fresh and harmonious. Harmony and long -term aftertaste of the aftertaste testify to the pure and varietally characteristic chardonnay.<\/p>\n","protected":false},"excerpt":{"rendered":"<p>After the harvest, fermentation and maturation are done in stainless thin, some time with the presence of yeasts, giving the wine elegance and complexity. It has a medium accentuated golden yellow&#8230;<\/p>\n","protected":false},"featured_media":232,"template":"","meta":[],"product_cat":[19],"product_tag":[],"acf":[],"yoast_head":"<!-- This site is optimized with the Yoast SEO plugin v22.2 - https:\/\/yoast.com\/wordpress\/plugins\/seo\/ -->\n<title>Chardonnay | Vinoteka Sod\u010dek<\/title>\n<meta name=\"description\" content=\"Chardonnay Kristan\u010di\u010d is golden yellow in colour. The scent is intense and complex, as befits this variety. The predominant scent is that of white flowers.\" \/>\n<meta name=\"robots\" content=\"index, follow, max-snippet:-1, max-image-preview:large, max-video-preview:-1\" \/>\n<meta property=\"og:locale\" content=\"en_US\" \/>\n<meta property=\"og:type\" content=\"article\" \/>\n<meta property=\"og:title\" content=\"Chardonnay\" \/>\n<meta property=\"og:description\" content=\"Chardonnay Kristan\u010di\u010d is golden yellow in colour. The scent is intense and complex, as befits this variety. The predominant scent is that of white flowers.\" \/>\n<meta property=\"og:url\" content=\"https:\/\/vinoteka-sodcek.si\/en\/shop\/wines\/white-wines\/kristancic-chardonnay\/\" \/>\n<meta property=\"og:site_name\" content=\"Vinoteka Sod\u010dek\" \/>\n<meta property=\"article:publisher\" content=\"https:\/\/www.facebook.com\/vinotekasodcek\/\" \/>\n<meta property=\"article:modified_time\" content=\"2026-02-24T08:33:57+00:00\" \/>\n<meta property=\"og:image\" content=\"https:\/\/vinoteka-sodcek.si\/wp-content\/uploads\/Kristancic_chardonnay-570x1026-1.jpg\" \/>\n\t<meta property=\"og:image:width\" content=\"168\" \/>\n\t<meta property=\"og:image:height\" content=\"637\" \/>\n\t<meta property=\"og:image:type\" content=\"image\/jpeg\" \/>\n<meta name=\"twitter:card\" content=\"summary_large_image\" \/>\n<!-- \/ Yoast SEO plugin. -->","yoast_head_json":{"title":"Chardonnay | Vinoteka Sod\u010dek","description":"[:sl]Chardonnay Kristan\u010di\u010d je zlatorumene barve. Vonj je intenziven in kompleksen, kot se za to sorto tudi spodobi. Prevladuje vonj po belem cvetju.[:en]Chardonnay Kristan\u010di\u010d is golden yellow in colour. The scent is intense and complex, as befits this variety. The predominant scent is that of white flowers.[:]","robots":{"index":"index","follow":"follow","max-snippet":"max-snippet:-1","max-image-preview":"max-image-preview:large","max-video-preview":"max-video-preview:-1"},"og_locale":"en_US","og_type":"article","og_title":"[:sl]Chardonnay[:en]Chardonnay[:] | Vinoteka Sod\u010dek","og_description":"[:sl]Chardonnay Kristan\u010di\u010d je zlatorumene barve. Vonj je intenziven in kompleksen, kot se za to sorto tudi spodobi. Prevladuje vonj po belem cvetju.[:en]Chardonnay Kristan\u010di\u010d is golden yellow in colour. The scent is intense and complex, as befits this variety. The predominant scent is that of white flowers.[:]","og_url":"https:\/\/vinoteka-sodcek.si\/en\/shop\/wines\/white-wines\/kristancic-chardonnay\/","og_site_name":"Vinoteka Sod\u010dek","article_publisher":"https:\/\/www.facebook.com\/vinotekasodcek\/","article_modified_time":"2026-02-24T08:33:57+00:00","og_image":[{"width":168,"height":637,"url":"https:\/\/vinoteka-sodcek.si\/wp-content\/uploads\/Kristancic_chardonnay-570x1026-1.jpg","type":"image\/jpeg"}],"twitter_card":"summary_large_image","schema":{"@context":"https:\/\/schema.org","@graph":[{"@type":"WebPage","@id":"https:\/\/vinoteka-sodcek.si\/trgovina\/vina\/bela-vina\/kristancic-chardonnay\/","url":"https:\/\/vinoteka-sodcek.si\/trgovina\/vina\/bela-vina\/kristancic-chardonnay\/","name":"[:sl]Chardonnay[:en]Chardonnay[:] | Vinoteka Sod\u010dek","isPartOf":{"@id":"https:\/\/vinoteka-sodcek.si\/#website"},"primaryImageOfPage":{"@id":"https:\/\/vinoteka-sodcek.si\/trgovina\/vina\/bela-vina\/kristancic-chardonnay\/#primaryimage"},"image":{"@id":"https:\/\/vinoteka-sodcek.si\/trgovina\/vina\/bela-vina\/kristancic-chardonnay\/#primaryimage"},"thumbnailUrl":"https:\/\/vinoteka-sodcek.si\/wp-content\/uploads\/Kristancic_chardonnay-570x1026-1.jpg","datePublished":"2024-03-15T16:20:14+00:00","dateModified":"2026-02-24T08:33:57+00:00","description":"[:sl]Chardonnay Kristan\u010di\u010d je zlatorumene barve. Vonj je intenziven in kompleksen, kot se za to sorto tudi spodobi. Prevladuje vonj po belem cvetju.[:en]Chardonnay Kristan\u010di\u010d is golden yellow in colour. The scent is intense and complex, as befits this variety. The predominant scent is that of white flowers.[:]","breadcrumb":{"@id":"https:\/\/vinoteka-sodcek.si\/trgovina\/vina\/bela-vina\/kristancic-chardonnay\/#breadcrumb"},"inLanguage":"en-US","potentialAction":[{"@type":"ReadAction","target":["https:\/\/vinoteka-sodcek.si\/trgovina\/vina\/bela-vina\/kristancic-chardonnay\/"]}]},{"@type":"ImageObject","inLanguage":"en-US","@id":"https:\/\/vinoteka-sodcek.si\/trgovina\/vina\/bela-vina\/kristancic-chardonnay\/#primaryimage","url":"https:\/\/vinoteka-sodcek.si\/wp-content\/uploads\/Kristancic_chardonnay-570x1026-1.jpg","contentUrl":"https:\/\/vinoteka-sodcek.si\/wp-content\/uploads\/Kristancic_chardonnay-570x1026-1.jpg","width":168,"height":637},{"@type":"BreadcrumbList","@id":"https:\/\/vinoteka-sodcek.si\/trgovina\/vina\/bela-vina\/kristancic-chardonnay\/#breadcrumb","itemListElement":[{"@type":"ListItem","position":1,"name":"Home","item":"https:\/\/vinoteka-sodcek.si\/en\/"},{"@type":"ListItem","position":2,"name":"Trgovina","item":"https:\/\/vinoteka-sodcek.si\/trgovina\/"},{"@type":"ListItem","position":3,"name":"Chardonnay"}]},{"@type":"WebSite","@id":"https:\/\/vinoteka-sodcek.si\/#website","url":"https:\/\/vinoteka-sodcek.si\/","name":"Vinoteka Sod\u010dek","description":"Vinoteka z vrhunskimi vini","publisher":{"@id":"https:\/\/vinoteka-sodcek.si\/#organization"},"potentialAction":[{"@type":"SearchAction","target":{"@type":"EntryPoint","urlTemplate":"https:\/\/vinoteka-sodcek.si\/?s={search_term_string}"},"query-input":"required name=search_term_string"}],"inLanguage":"en-US"},{"@type":"Organization","@id":"https:\/\/vinoteka-sodcek.si\/#organization","name":"Vinoteka Sod\u010dek, Ale\u0161 \u010ceba\u0161ek s.p.","url":"https:\/\/vinoteka-sodcek.si\/","logo":{"@type":"ImageObject","inLanguage":"en-US","@id":"https:\/\/vinoteka-sodcek.si\/#\/schema\/logo\/image\/","url":"https:\/\/beta.vinoteka-sodcek.si\/wp-content\/uploads\/vinoteka-sodcek-logo.png","contentUrl":"https:\/\/beta.vinoteka-sodcek.si\/wp-content\/uploads\/vinoteka-sodcek-logo.png","width":300,"height":90,"caption":"Vinoteka Sod\u010dek, Ale\u0161 \u010ceba\u0161ek s.p."},"image":{"@id":"https:\/\/vinoteka-sodcek.si\/#\/schema\/logo\/image\/"},"sameAs":["https:\/\/www.facebook.com\/vinotekasodcek\/"]}]}},"_links":{"self":[{"href":"https:\/\/vinoteka-sodcek.si\/en\/wp-json\/\/wp\/v2\/product\/233"}],"collection":[{"href":"https:\/\/vinoteka-sodcek.si\/en\/wp-json\/\/wp\/v2\/product"}],"about":[{"href":"https:\/\/vinoteka-sodcek.si\/en\/wp-json\/\/wp\/v2\/types\/product"}],"wp:featuredmedia":[{"embeddable":true,"href":"https:\/\/vinoteka-sodcek.si\/en\/wp-json\/\/wp\/v2\/media\/232"}],"wp:attachment":[{"href":"https:\/\/vinoteka-sodcek.si\/en\/wp-json\/\/wp\/v2\/media?parent=233"}],"wp:term":[{"taxonomy":"product_cat","embeddable":true,"href":"https:\/\/vinoteka-sodcek.si\/en\/wp-json\/\/wp\/v2\/product_cat?post=233"},{"taxonomy":"product_tag","embeddable":true,"href":"https:\/\/vinoteka-sodcek.si\/en\/wp-json\/\/wp\/v2\/product_tag?post=233"}],"curies":[{"name":"wp","href":"https:\/\/api.w.org\/{rel}","templated":true}]}}