{"id":237,"date":"2024-03-15T17:20:14","date_gmt":"2024-03-15T16:20:14","guid":{"rendered":"http:\/\/192.168.64.105\/GitHub\/vinoteka-sodcek\/trgovina\/uncategorized\/kristancic-sauvignon\/"},"modified":"2026-02-24T09:32:10","modified_gmt":"2026-02-24T08:32:10","slug":"kristancic-sauvignon","status":"publish","type":"product","link":"https:\/\/vinoteka-sodcek.si\/en\/shop\/wines\/white-wines\/kristancic-sauvignon\/","title":{"rendered":"Sauvignon"},"content":{"rendered":"<p>After the harvest, fermentation and maturation are done in stainless thin, some time with the presence of yeasts, giving the wine elegance and complexity.<\/p>\n<p>The wine is golden yellow with light greenish shades. The smell is clean and complex. Initially, fruit aromas develop, which together with the herbs form a characteristic odor. The cozy flower is reminiscent of beige, peppers and ripe baking fruit. In the mouth, the wine is full, with a pleasant freshness and an emphasized fruit taste.<\/p>\n<p>&nbsp;<\/p>\n","protected":false},"excerpt":{"rendered":"<p>After the harvest, fermentation and maturation are done in stainless thin, some time with the presence of yeasts, giving the wine elegance and complexity. The wine is golden yellow with light&#8230;<\/p>\n","protected":false},"featured_media":236,"template":"","meta":[],"product_cat":[19],"product_tag":[],"acf":[],"yoast_head":"<!-- This site is optimized with the Yoast SEO plugin v22.2 - https:\/\/yoast.com\/wordpress\/plugins\/seo\/ -->\n<title>Sauvignon | Vinoteka Sod\u010dek<\/title>\n<meta name=\"description\" content=\"Sauvignon Kristan\u010di\u010d is golden yellow with slight greenish tints. It has a characteristic aroma reminiscent of elderberries, peppers and ripe stone fruit.\" \/>\n<meta name=\"robots\" content=\"index, follow, max-snippet:-1, max-image-preview:large, max-video-preview:-1\" \/>\n<meta property=\"og:locale\" content=\"en_US\" \/>\n<meta property=\"og:type\" content=\"article\" \/>\n<meta property=\"og:title\" content=\"Sauvignon\" \/>\n<meta property=\"og:description\" content=\"Sauvignon Kristan\u010di\u010d is golden yellow with slight greenish tints. It has a characteristic aroma reminiscent of elderberries, peppers and ripe stone fruit.\" \/>\n<meta property=\"og:url\" content=\"https:\/\/vinoteka-sodcek.si\/en\/shop\/wines\/white-wines\/kristancic-sauvignon\/\" \/>\n<meta property=\"og:site_name\" content=\"Vinoteka Sod\u010dek\" \/>\n<meta property=\"article:publisher\" content=\"https:\/\/www.facebook.com\/vinotekasodcek\/\" \/>\n<meta property=\"article:modified_time\" content=\"2026-02-24T08:32:10+00:00\" \/>\n<meta property=\"og:image\" content=\"https:\/\/vinoteka-sodcek.si\/wp-content\/uploads\/Kristancic_sauvignon-570x1026-1.jpg\" \/>\n\t<meta property=\"og:image:width\" content=\"168\" \/>\n\t<meta property=\"og:image:height\" content=\"645\" \/>\n\t<meta property=\"og:image:type\" content=\"image\/jpeg\" \/>\n<meta name=\"twitter:card\" content=\"summary_large_image\" \/>\n<!-- \/ Yoast SEO plugin. -->","yoast_head_json":{"title":"Sauvignon | Vinoteka Sod\u010dek","description":"[:sl]Sauvignon Kristan\u010di\u010d je zlato rumene barve z rahlimi zelenkastimi odtenki. Zna\u010dilnega vonja ki spominja na bezeg, papriko ter zrelo pe\u010dkato sadje.[:en]Sauvignon Kristan\u010di\u010d is golden yellow with slight greenish tints. It has a characteristic aroma reminiscent of elderberries, peppers and ripe stone fruit.[:]","robots":{"index":"index","follow":"follow","max-snippet":"max-snippet:-1","max-image-preview":"max-image-preview:large","max-video-preview":"max-video-preview:-1"},"og_locale":"en_US","og_type":"article","og_title":"[:sl]Sauvignon[:en]Sauvignon[:] | Vinoteka Sod\u010dek","og_description":"[:sl]Sauvignon Kristan\u010di\u010d je zlato rumene barve z rahlimi zelenkastimi odtenki. Zna\u010dilnega vonja ki spominja na bezeg, papriko ter zrelo pe\u010dkato sadje.[:en]Sauvignon Kristan\u010di\u010d is golden yellow with slight greenish tints. It has a characteristic aroma reminiscent of elderberries, peppers and ripe stone fruit.[:]","og_url":"https:\/\/vinoteka-sodcek.si\/en\/shop\/wines\/white-wines\/kristancic-sauvignon\/","og_site_name":"Vinoteka Sod\u010dek","article_publisher":"https:\/\/www.facebook.com\/vinotekasodcek\/","article_modified_time":"2026-02-24T08:32:10+00:00","og_image":[{"width":168,"height":645,"url":"https:\/\/vinoteka-sodcek.si\/wp-content\/uploads\/Kristancic_sauvignon-570x1026-1.jpg","type":"image\/jpeg"}],"twitter_card":"summary_large_image","schema":{"@context":"https:\/\/schema.org","@graph":[{"@type":"WebPage","@id":"https:\/\/vinoteka-sodcek.si\/trgovina\/vina\/bela-vina\/kristancic-sauvignon\/","url":"https:\/\/vinoteka-sodcek.si\/trgovina\/vina\/bela-vina\/kristancic-sauvignon\/","name":"[:sl]Sauvignon[:en]Sauvignon[:] | Vinoteka Sod\u010dek","isPartOf":{"@id":"https:\/\/vinoteka-sodcek.si\/#website"},"primaryImageOfPage":{"@id":"https:\/\/vinoteka-sodcek.si\/trgovina\/vina\/bela-vina\/kristancic-sauvignon\/#primaryimage"},"image":{"@id":"https:\/\/vinoteka-sodcek.si\/trgovina\/vina\/bela-vina\/kristancic-sauvignon\/#primaryimage"},"thumbnailUrl":"https:\/\/vinoteka-sodcek.si\/wp-content\/uploads\/Kristancic_sauvignon-570x1026-1.jpg","datePublished":"2024-03-15T16:20:14+00:00","dateModified":"2026-02-24T08:32:10+00:00","description":"[:sl]Sauvignon Kristan\u010di\u010d je zlato rumene barve z rahlimi zelenkastimi odtenki. Zna\u010dilnega vonja ki spominja na bezeg, papriko ter zrelo pe\u010dkato sadje.[:en]Sauvignon Kristan\u010di\u010d is golden yellow with slight greenish tints. It has a characteristic aroma reminiscent of elderberries, peppers and ripe stone fruit.[:]","breadcrumb":{"@id":"https:\/\/vinoteka-sodcek.si\/trgovina\/vina\/bela-vina\/kristancic-sauvignon\/#breadcrumb"},"inLanguage":"en-US","potentialAction":[{"@type":"ReadAction","target":["https:\/\/vinoteka-sodcek.si\/trgovina\/vina\/bela-vina\/kristancic-sauvignon\/"]}]},{"@type":"ImageObject","inLanguage":"en-US","@id":"https:\/\/vinoteka-sodcek.si\/trgovina\/vina\/bela-vina\/kristancic-sauvignon\/#primaryimage","url":"https:\/\/vinoteka-sodcek.si\/wp-content\/uploads\/Kristancic_sauvignon-570x1026-1.jpg","contentUrl":"https:\/\/vinoteka-sodcek.si\/wp-content\/uploads\/Kristancic_sauvignon-570x1026-1.jpg","width":168,"height":645},{"@type":"BreadcrumbList","@id":"https:\/\/vinoteka-sodcek.si\/trgovina\/vina\/bela-vina\/kristancic-sauvignon\/#breadcrumb","itemListElement":[{"@type":"ListItem","position":1,"name":"Home","item":"https:\/\/vinoteka-sodcek.si\/en\/"},{"@type":"ListItem","position":2,"name":"Trgovina","item":"https:\/\/vinoteka-sodcek.si\/trgovina\/"},{"@type":"ListItem","position":3,"name":"Sauvignon"}]},{"@type":"WebSite","@id":"https:\/\/vinoteka-sodcek.si\/#website","url":"https:\/\/vinoteka-sodcek.si\/","name":"Vinoteka Sod\u010dek","description":"Vinoteka z vrhunskimi vini","publisher":{"@id":"https:\/\/vinoteka-sodcek.si\/#organization"},"potentialAction":[{"@type":"SearchAction","target":{"@type":"EntryPoint","urlTemplate":"https:\/\/vinoteka-sodcek.si\/?s={search_term_string}"},"query-input":"required name=search_term_string"}],"inLanguage":"en-US"},{"@type":"Organization","@id":"https:\/\/vinoteka-sodcek.si\/#organization","name":"Vinoteka Sod\u010dek, Ale\u0161 \u010ceba\u0161ek s.p.","url":"https:\/\/vinoteka-sodcek.si\/","logo":{"@type":"ImageObject","inLanguage":"en-US","@id":"https:\/\/vinoteka-sodcek.si\/#\/schema\/logo\/image\/","url":"https:\/\/beta.vinoteka-sodcek.si\/wp-content\/uploads\/vinoteka-sodcek-logo.png","contentUrl":"https:\/\/beta.vinoteka-sodcek.si\/wp-content\/uploads\/vinoteka-sodcek-logo.png","width":300,"height":90,"caption":"Vinoteka Sod\u010dek, Ale\u0161 \u010ceba\u0161ek s.p."},"image":{"@id":"https:\/\/vinoteka-sodcek.si\/#\/schema\/logo\/image\/"},"sameAs":["https:\/\/www.facebook.com\/vinotekasodcek\/"]}]}},"_links":{"self":[{"href":"https:\/\/vinoteka-sodcek.si\/en\/wp-json\/\/wp\/v2\/product\/237"}],"collection":[{"href":"https:\/\/vinoteka-sodcek.si\/en\/wp-json\/\/wp\/v2\/product"}],"about":[{"href":"https:\/\/vinoteka-sodcek.si\/en\/wp-json\/\/wp\/v2\/types\/product"}],"wp:featuredmedia":[{"embeddable":true,"href":"https:\/\/vinoteka-sodcek.si\/en\/wp-json\/\/wp\/v2\/media\/236"}],"wp:attachment":[{"href":"https:\/\/vinoteka-sodcek.si\/en\/wp-json\/\/wp\/v2\/media?parent=237"}],"wp:term":[{"taxonomy":"product_cat","embeddable":true,"href":"https:\/\/vinoteka-sodcek.si\/en\/wp-json\/\/wp\/v2\/product_cat?post=237"},{"taxonomy":"product_tag","embeddable":true,"href":"https:\/\/vinoteka-sodcek.si\/en\/wp-json\/\/wp\/v2\/product_tag?post=237"}],"curies":[{"name":"wp","href":"https:\/\/api.w.org\/{rel}","templated":true}]}}