{"id":2400,"date":"2025-02-01T14:10:38","date_gmt":"2025-02-01T13:10:38","guid":{"rendered":"https:\/\/vinoteka-sodcek.si\/?post_type=product&#038;p=2400"},"modified":"2025-02-01T14:48:56","modified_gmt":"2025-02-01T13:48:56","slug":"rencel-vincent-orange","status":"publish","type":"product","link":"https:\/\/vinoteka-sodcek.si\/en\/shop\/wines\/white-wines\/rencel-vincent-orange\/","title":{"rendered":"Vincent Orange"},"content":{"rendered":"<p>Biodynamic production<\/p>\n<p>Harvesting took place from late September to mid-October from vineyards that were about 25 years old. All the grapes together are macerated for 10 days by spontaneous fermentation at an uncontrolled temperature. Maturation and malolactic fermentation took place over a period of 24 months in used 225l barrels, on fine lees. It is matured for a further 12 months in stainless steel before bottling. Bottled without filtration.<\/p>\n<p>It has a deep golden amber colour. The bouquet is ripe, with balsamic, honeyed and floral notes. On the palate it is dry, oily, warm, with pleasant acids. With a long aftertaste.<\/p>\n","protected":false},"excerpt":{"rendered":"<p>Biodynamic production Harvesting took place from late September to mid-October from vineyards that were about 25 years old. All the grapes together are macerated for 10 days by spontaneous fermentation at&#8230;<\/p>\n","protected":false},"featured_media":2401,"template":"","meta":[],"product_cat":[19,23],"product_tag":[],"acf":[],"yoast_head":"<!-- This site is optimized with the Yoast SEO plugin v22.2 - https:\/\/yoast.com\/wordpress\/plugins\/seo\/ -->\n<title>Vincent Orange | Vinoteka Sod\u010dek<\/title>\n<meta name=\"description\" content=\"Vincent Orange Ren\u010del is a deep golden amber-yellow colour. The flowers are ripe, with balsamic, honeyed and floral notes. Dry, oily on the palate.\" \/>\n<meta name=\"robots\" content=\"index, follow, max-snippet:-1, max-image-preview:large, max-video-preview:-1\" \/>\n<meta property=\"og:locale\" content=\"en_US\" \/>\n<meta property=\"og:type\" content=\"article\" \/>\n<meta property=\"og:title\" content=\"Vincent Orange\" \/>\n<meta property=\"og:description\" content=\"Vincent Orange Ren\u010del is a deep golden amber-yellow colour. The flowers are ripe, with balsamic, honeyed and floral notes. Dry, oily on the palate.\" \/>\n<meta property=\"og:url\" content=\"https:\/\/vinoteka-sodcek.si\/en\/shop\/wines\/white-wines\/rencel-vincent-orange\/\" \/>\n<meta property=\"og:site_name\" content=\"Vinoteka Sod\u010dek\" \/>\n<meta property=\"article:publisher\" content=\"https:\/\/www.facebook.com\/vinotekasodcek\/\" \/>\n<meta property=\"article:modified_time\" content=\"2025-02-01T13:48:56+00:00\" \/>\n<meta property=\"og:image\" content=\"https:\/\/vinoteka-sodcek.si\/wp-content\/uploads\/rencel-orange.jpg\" \/>\n\t<meta property=\"og:image:width\" content=\"150\" \/>\n\t<meta property=\"og:image:height\" content=\"602\" \/>\n\t<meta property=\"og:image:type\" content=\"image\/jpeg\" \/>\n<meta name=\"twitter:card\" content=\"summary_large_image\" \/>\n<!-- \/ Yoast SEO plugin. -->","yoast_head_json":{"title":"Vincent Orange | Vinoteka Sod\u010dek","description":"[:sl]Vincent Orange Ren\u010del je globoke zlato rumeno jantarne barve. Cvetlica je zrela, prevladujejo balzami\u010dne, medene, tudi cvetne note. V ustih suho, oljnato.[:en]Vincent Orange Ren\u010del is a deep golden amber-yellow colour. The flowers are ripe, with balsamic, honeyed and floral notes. Dry, oily on the palate.[:]","robots":{"index":"index","follow":"follow","max-snippet":"max-snippet:-1","max-image-preview":"max-image-preview:large","max-video-preview":"max-video-preview:-1"},"og_locale":"en_US","og_type":"article","og_title":"[:sl]Vincent Orange[:en]Vincent Orange[:] | Vinoteka Sod\u010dek","og_description":"[:sl]Vincent Orange Ren\u010del je globoke zlato rumeno jantarne barve. Cvetlica je zrela, prevladujejo balzami\u010dne, medene, tudi cvetne note. V ustih suho, oljnato.[:en]Vincent Orange Ren\u010del is a deep golden amber-yellow colour. The flowers are ripe, with balsamic, honeyed and floral notes. Dry, oily on the palate.[:]","og_url":"https:\/\/vinoteka-sodcek.si\/en\/shop\/wines\/white-wines\/rencel-vincent-orange\/","og_site_name":"Vinoteka Sod\u010dek","article_publisher":"https:\/\/www.facebook.com\/vinotekasodcek\/","article_modified_time":"2025-02-01T13:48:56+00:00","og_image":[{"width":150,"height":602,"url":"https:\/\/vinoteka-sodcek.si\/wp-content\/uploads\/rencel-orange.jpg","type":"image\/jpeg"}],"twitter_card":"summary_large_image","schema":{"@context":"https:\/\/schema.org","@graph":[{"@type":"WebPage","@id":"https:\/\/vinoteka-sodcek.si\/trgovina\/vina\/bela-vina\/rencel-vincent-orange\/","url":"https:\/\/vinoteka-sodcek.si\/trgovina\/vina\/bela-vina\/rencel-vincent-orange\/","name":"[:sl]Vincent Orange[:en]Vincent Orange[:] | Vinoteka Sod\u010dek","isPartOf":{"@id":"https:\/\/vinoteka-sodcek.si\/#website"},"primaryImageOfPage":{"@id":"https:\/\/vinoteka-sodcek.si\/trgovina\/vina\/bela-vina\/rencel-vincent-orange\/#primaryimage"},"image":{"@id":"https:\/\/vinoteka-sodcek.si\/trgovina\/vina\/bela-vina\/rencel-vincent-orange\/#primaryimage"},"thumbnailUrl":"https:\/\/vinoteka-sodcek.si\/wp-content\/uploads\/rencel-orange.jpg","datePublished":"2025-02-01T13:10:38+00:00","dateModified":"2025-02-01T13:48:56+00:00","description":"[:sl]Vincent Orange Ren\u010del je globoke zlato rumeno jantarne barve. Cvetlica je zrela, prevladujejo balzami\u010dne, medene, tudi cvetne note. V ustih suho, oljnato.[:en]Vincent Orange Ren\u010del is a deep golden amber-yellow colour. The flowers are ripe, with balsamic, honeyed and floral notes. Dry, oily on the palate.[:]","breadcrumb":{"@id":"https:\/\/vinoteka-sodcek.si\/trgovina\/vina\/bela-vina\/rencel-vincent-orange\/#breadcrumb"},"inLanguage":"en-US","potentialAction":[{"@type":"ReadAction","target":["https:\/\/vinoteka-sodcek.si\/trgovina\/vina\/bela-vina\/rencel-vincent-orange\/"]}]},{"@type":"ImageObject","inLanguage":"en-US","@id":"https:\/\/vinoteka-sodcek.si\/trgovina\/vina\/bela-vina\/rencel-vincent-orange\/#primaryimage","url":"https:\/\/vinoteka-sodcek.si\/wp-content\/uploads\/rencel-orange.jpg","contentUrl":"https:\/\/vinoteka-sodcek.si\/wp-content\/uploads\/rencel-orange.jpg","width":150,"height":602},{"@type":"BreadcrumbList","@id":"https:\/\/vinoteka-sodcek.si\/trgovina\/vina\/bela-vina\/rencel-vincent-orange\/#breadcrumb","itemListElement":[{"@type":"ListItem","position":1,"name":"Home","item":"https:\/\/vinoteka-sodcek.si\/en\/"},{"@type":"ListItem","position":2,"name":"Trgovina","item":"https:\/\/vinoteka-sodcek.si\/trgovina\/"},{"@type":"ListItem","position":3,"name":"Vincent Orange"}]},{"@type":"WebSite","@id":"https:\/\/vinoteka-sodcek.si\/#website","url":"https:\/\/vinoteka-sodcek.si\/","name":"Vinoteka Sod\u010dek","description":"Vinoteka z vrhunskimi vini","publisher":{"@id":"https:\/\/vinoteka-sodcek.si\/#organization"},"potentialAction":[{"@type":"SearchAction","target":{"@type":"EntryPoint","urlTemplate":"https:\/\/vinoteka-sodcek.si\/?s={search_term_string}"},"query-input":"required name=search_term_string"}],"inLanguage":"en-US"},{"@type":"Organization","@id":"https:\/\/vinoteka-sodcek.si\/#organization","name":"Vinoteka Sod\u010dek, Ale\u0161 \u010ceba\u0161ek s.p.","url":"https:\/\/vinoteka-sodcek.si\/","logo":{"@type":"ImageObject","inLanguage":"en-US","@id":"https:\/\/vinoteka-sodcek.si\/#\/schema\/logo\/image\/","url":"https:\/\/beta.vinoteka-sodcek.si\/wp-content\/uploads\/vinoteka-sodcek-logo.png","contentUrl":"https:\/\/beta.vinoteka-sodcek.si\/wp-content\/uploads\/vinoteka-sodcek-logo.png","width":300,"height":90,"caption":"Vinoteka Sod\u010dek, Ale\u0161 \u010ceba\u0161ek s.p."},"image":{"@id":"https:\/\/vinoteka-sodcek.si\/#\/schema\/logo\/image\/"},"sameAs":["https:\/\/www.facebook.com\/vinotekasodcek\/"]}]}},"_links":{"self":[{"href":"https:\/\/vinoteka-sodcek.si\/en\/wp-json\/\/wp\/v2\/product\/2400"}],"collection":[{"href":"https:\/\/vinoteka-sodcek.si\/en\/wp-json\/\/wp\/v2\/product"}],"about":[{"href":"https:\/\/vinoteka-sodcek.si\/en\/wp-json\/\/wp\/v2\/types\/product"}],"wp:featuredmedia":[{"embeddable":true,"href":"https:\/\/vinoteka-sodcek.si\/en\/wp-json\/\/wp\/v2\/media\/2401"}],"wp:attachment":[{"href":"https:\/\/vinoteka-sodcek.si\/en\/wp-json\/\/wp\/v2\/media?parent=2400"}],"wp:term":[{"taxonomy":"product_cat","embeddable":true,"href":"https:\/\/vinoteka-sodcek.si\/en\/wp-json\/\/wp\/v2\/product_cat?post=2400"},{"taxonomy":"product_tag","embeddable":true,"href":"https:\/\/vinoteka-sodcek.si\/en\/wp-json\/\/wp\/v2\/product_tag?post=2400"}],"curies":[{"name":"wp","href":"https:\/\/api.w.org\/{rel}","templated":true}]}}