{"id":2403,"date":"2025-02-01T14:27:24","date_gmt":"2025-02-01T13:27:24","guid":{"rendered":"https:\/\/vinoteka-sodcek.si\/?post_type=product&#038;p=2403"},"modified":"2025-02-01T14:38:12","modified_gmt":"2025-02-01T13:38:12","slug":"rencel-pinot-noir","status":"publish","type":"product","link":"https:\/\/vinoteka-sodcek.si\/en\/shop\/wines\/red-wines\/rencel-pinot-noir\/","title":{"rendered":"Pinot Noir"},"content":{"rendered":"<p>Biodynamic production.<\/p>\n<p>It was harvested at the end of September, from a vineyard that is about 18 years old. This was followed by 10 days of maceration with spontaneous fermentation. Maturation and malolactic fermentation took place over 36 months in used 225l barrels on fine lees. It was matured for a further 12 months in stainless steel before bottling. Bottled without filtration.<\/p>\n<p>It is a transparent ruby red colour with garnet hues. Intense aromas of plum jam, chocolate and dried flowers, also coffee, leather and tobacco. Soft, rounded tannins which underline the balance of the taste. Strong body with an intense, long-lasting flavour and a marked elegance.<\/p>\n","protected":false},"excerpt":{"rendered":"<p>Biodynamic production. It was harvested at the end of September, from a vineyard that is about 18 years old. This was followed by 10 days of maceration with spontaneous fermentation. Maturation&#8230;<\/p>\n","protected":false},"featured_media":2404,"template":"","meta":[],"product_cat":[20],"product_tag":[],"acf":[],"yoast_head":"<!-- This site is optimized with the Yoast SEO plugin v22.2 - https:\/\/yoast.com\/wordpress\/plugins\/seo\/ -->\n<title>Pinot Noir | Vinoteka Sod\u010dek<\/title>\n<meta name=\"description\" content=\"Pinot Noir Rencel is a transparent ruby red colour with garnet hues. It has an intense aroma of plum jam, chocolate and dried flowers.\" \/>\n<meta name=\"robots\" content=\"index, follow, max-snippet:-1, max-image-preview:large, max-video-preview:-1\" \/>\n<meta property=\"og:locale\" content=\"en_US\" \/>\n<meta property=\"og:type\" content=\"article\" \/>\n<meta property=\"og:title\" content=\"Pinot Noir\" \/>\n<meta property=\"og:description\" content=\"Pinot Noir Rencel is a transparent ruby red colour with garnet hues. It has an intense aroma of plum jam, chocolate and dried flowers.\" \/>\n<meta property=\"og:url\" content=\"https:\/\/vinoteka-sodcek.si\/en\/shop\/wines\/red-wines\/rencel-pinot-noir\/\" \/>\n<meta property=\"og:site_name\" content=\"Vinoteka Sod\u010dek\" \/>\n<meta property=\"article:publisher\" content=\"https:\/\/www.facebook.com\/vinotekasodcek\/\" \/>\n<meta property=\"article:modified_time\" content=\"2025-02-01T13:38:12+00:00\" \/>\n<meta property=\"og:image\" content=\"https:\/\/vinoteka-sodcek.si\/wp-content\/uploads\/rencel-mp.jpg\" \/>\n\t<meta property=\"og:image:width\" content=\"164\" \/>\n\t<meta property=\"og:image:height\" content=\"600\" \/>\n\t<meta property=\"og:image:type\" content=\"image\/jpeg\" \/>\n<meta name=\"twitter:card\" content=\"summary_large_image\" \/>\n<!-- \/ Yoast SEO plugin. -->","yoast_head_json":{"title":"Pinot Noir | Vinoteka Sod\u010dek","description":"[:sl]Pinot Noir Ren\u010del je prozorne rubinasto rde\u010de barve z granatnimi odtenki. Intenzivne arome, v kateri je zaznati slivovo marmelado, \u010dokolado in suho cvetje.[:en]Pinot Noir Rencel is a transparent ruby red colour with garnet hues. It has an intense aroma of plum jam, chocolate and dried flowers.[:]","robots":{"index":"index","follow":"follow","max-snippet":"max-snippet:-1","max-image-preview":"max-image-preview:large","max-video-preview":"max-video-preview:-1"},"og_locale":"en_US","og_type":"article","og_title":"[:sl]Pinot Noir[:en]Pinot Noir[:] | Vinoteka Sod\u010dek","og_description":"[:sl]Pinot Noir Ren\u010del je prozorne rubinasto rde\u010de barve z granatnimi odtenki. Intenzivne arome, v kateri je zaznati slivovo marmelado, \u010dokolado in suho cvetje.[:en]Pinot Noir Rencel is a transparent ruby red colour with garnet hues. It has an intense aroma of plum jam, chocolate and dried flowers.[:]","og_url":"https:\/\/vinoteka-sodcek.si\/en\/shop\/wines\/red-wines\/rencel-pinot-noir\/","og_site_name":"Vinoteka Sod\u010dek","article_publisher":"https:\/\/www.facebook.com\/vinotekasodcek\/","article_modified_time":"2025-02-01T13:38:12+00:00","og_image":[{"width":164,"height":600,"url":"https:\/\/vinoteka-sodcek.si\/wp-content\/uploads\/rencel-mp.jpg","type":"image\/jpeg"}],"twitter_card":"summary_large_image","schema":{"@context":"https:\/\/schema.org","@graph":[{"@type":"WebPage","@id":"https:\/\/vinoteka-sodcek.si\/trgovina\/vina\/rdeca-vina\/rencel-pinot-noir\/","url":"https:\/\/vinoteka-sodcek.si\/trgovina\/vina\/rdeca-vina\/rencel-pinot-noir\/","name":"[:sl]Pinot Noir[:en]Pinot Noir[:] | Vinoteka Sod\u010dek","isPartOf":{"@id":"https:\/\/vinoteka-sodcek.si\/#website"},"primaryImageOfPage":{"@id":"https:\/\/vinoteka-sodcek.si\/trgovina\/vina\/rdeca-vina\/rencel-pinot-noir\/#primaryimage"},"image":{"@id":"https:\/\/vinoteka-sodcek.si\/trgovina\/vina\/rdeca-vina\/rencel-pinot-noir\/#primaryimage"},"thumbnailUrl":"https:\/\/vinoteka-sodcek.si\/wp-content\/uploads\/rencel-mp.jpg","datePublished":"2025-02-01T13:27:24+00:00","dateModified":"2025-02-01T13:38:12+00:00","description":"[:sl]Pinot Noir Ren\u010del je prozorne rubinasto rde\u010de barve z granatnimi odtenki. Intenzivne arome, v kateri je zaznati slivovo marmelado, \u010dokolado in suho cvetje.[:en]Pinot Noir Rencel is a transparent ruby red colour with garnet hues. It has an intense aroma of plum jam, chocolate and dried flowers.[:]","breadcrumb":{"@id":"https:\/\/vinoteka-sodcek.si\/trgovina\/vina\/rdeca-vina\/rencel-pinot-noir\/#breadcrumb"},"inLanguage":"en-US","potentialAction":[{"@type":"ReadAction","target":["https:\/\/vinoteka-sodcek.si\/trgovina\/vina\/rdeca-vina\/rencel-pinot-noir\/"]}]},{"@type":"ImageObject","inLanguage":"en-US","@id":"https:\/\/vinoteka-sodcek.si\/trgovina\/vina\/rdeca-vina\/rencel-pinot-noir\/#primaryimage","url":"https:\/\/vinoteka-sodcek.si\/wp-content\/uploads\/rencel-mp.jpg","contentUrl":"https:\/\/vinoteka-sodcek.si\/wp-content\/uploads\/rencel-mp.jpg","width":164,"height":600},{"@type":"BreadcrumbList","@id":"https:\/\/vinoteka-sodcek.si\/trgovina\/vina\/rdeca-vina\/rencel-pinot-noir\/#breadcrumb","itemListElement":[{"@type":"ListItem","position":1,"name":"Home","item":"https:\/\/vinoteka-sodcek.si\/en\/"},{"@type":"ListItem","position":2,"name":"Trgovina","item":"https:\/\/vinoteka-sodcek.si\/trgovina\/"},{"@type":"ListItem","position":3,"name":"Pinot Noir"}]},{"@type":"WebSite","@id":"https:\/\/vinoteka-sodcek.si\/#website","url":"https:\/\/vinoteka-sodcek.si\/","name":"Vinoteka Sod\u010dek","description":"Vinoteka z vrhunskimi vini","publisher":{"@id":"https:\/\/vinoteka-sodcek.si\/#organization"},"potentialAction":[{"@type":"SearchAction","target":{"@type":"EntryPoint","urlTemplate":"https:\/\/vinoteka-sodcek.si\/?s={search_term_string}"},"query-input":"required name=search_term_string"}],"inLanguage":"en-US"},{"@type":"Organization","@id":"https:\/\/vinoteka-sodcek.si\/#organization","name":"Vinoteka Sod\u010dek, Ale\u0161 \u010ceba\u0161ek s.p.","url":"https:\/\/vinoteka-sodcek.si\/","logo":{"@type":"ImageObject","inLanguage":"en-US","@id":"https:\/\/vinoteka-sodcek.si\/#\/schema\/logo\/image\/","url":"https:\/\/beta.vinoteka-sodcek.si\/wp-content\/uploads\/vinoteka-sodcek-logo.png","contentUrl":"https:\/\/beta.vinoteka-sodcek.si\/wp-content\/uploads\/vinoteka-sodcek-logo.png","width":300,"height":90,"caption":"Vinoteka Sod\u010dek, Ale\u0161 \u010ceba\u0161ek s.p."},"image":{"@id":"https:\/\/vinoteka-sodcek.si\/#\/schema\/logo\/image\/"},"sameAs":["https:\/\/www.facebook.com\/vinotekasodcek\/"]}]}},"_links":{"self":[{"href":"https:\/\/vinoteka-sodcek.si\/en\/wp-json\/\/wp\/v2\/product\/2403"}],"collection":[{"href":"https:\/\/vinoteka-sodcek.si\/en\/wp-json\/\/wp\/v2\/product"}],"about":[{"href":"https:\/\/vinoteka-sodcek.si\/en\/wp-json\/\/wp\/v2\/types\/product"}],"wp:featuredmedia":[{"embeddable":true,"href":"https:\/\/vinoteka-sodcek.si\/en\/wp-json\/\/wp\/v2\/media\/2404"}],"wp:attachment":[{"href":"https:\/\/vinoteka-sodcek.si\/en\/wp-json\/\/wp\/v2\/media?parent=2403"}],"wp:term":[{"taxonomy":"product_cat","embeddable":true,"href":"https:\/\/vinoteka-sodcek.si\/en\/wp-json\/\/wp\/v2\/product_cat?post=2403"},{"taxonomy":"product_tag","embeddable":true,"href":"https:\/\/vinoteka-sodcek.si\/en\/wp-json\/\/wp\/v2\/product_tag?post=2403"}],"curies":[{"name":"wp","href":"https:\/\/api.w.org\/{rel}","templated":true}]}}