{"id":2409,"date":"2025-02-01T17:46:13","date_gmt":"2025-02-01T16:46:13","guid":{"rendered":"https:\/\/vinoteka-sodcek.si\/?post_type=product&#038;p=2409"},"modified":"2025-02-01T17:57:34","modified_gmt":"2025-02-01T16:57:34","slug":"rencel-zlate-solzice","status":"publish","type":"product","link":"https:\/\/vinoteka-sodcek.si\/en\/shop\/wines\/white-wines\/rencel-zlate-solzice\/","title":{"rendered":"Zlate solzice"},"content":{"rendered":"<p>Biodynamic production.<\/p>\n<p>After the harvest at the end of September, the grapes are placed in wooden crates to dry for five months. This is followed by a longer maceration period and then maturation for 8 years in new barriques. The barriques are matured for a further year in inox containers before bottling. Without filtration.<\/p>\n<p>It is limpid golden in colour, with copper tones. Pleasant aromas of peach, apricot and honey, rounded off with hints of thyme and oregano. On the palate, this sweet wine reveals new flavours, including ripe figs and orange. Perfectly balanced, with perfectly integrated acidity and well-balanced residual sugar with a long, impressive finish.<\/p>\n","protected":false},"excerpt":{"rendered":"<p>Biodynamic production. After the harvest at the end of September, the grapes are placed in wooden crates to dry for five months. This is followed by a longer maceration period and&#8230;<\/p>\n","protected":false},"featured_media":2410,"template":"","meta":[],"product_cat":[19],"product_tag":[],"acf":[],"yoast_head":"<!-- This site is optimized with the Yoast SEO plugin v22.2 - https:\/\/yoast.com\/wordpress\/plugins\/seo\/ -->\n<title>Zlate solzice | Vinoteka Sod\u010dek<\/title>\n<meta name=\"description\" content=\"Zlate solzice Rencel has pleasant aromas of peach, apricot and honey, rounded off with a hint of thyme and oregano. Flavours of ripe figs and orange.\" \/>\n<meta name=\"robots\" content=\"index, follow, max-snippet:-1, max-image-preview:large, max-video-preview:-1\" \/>\n<meta property=\"og:locale\" content=\"en_US\" \/>\n<meta property=\"og:type\" content=\"article\" \/>\n<meta property=\"og:title\" content=\"Zlate solzice\" \/>\n<meta property=\"og:description\" content=\"Zlate solzice Rencel has pleasant aromas of peach, apricot and honey, rounded off with a hint of thyme and oregano. Flavours of ripe figs and orange.\" \/>\n<meta property=\"og:url\" content=\"https:\/\/vinoteka-sodcek.si\/en\/shop\/wines\/white-wines\/rencel-zlate-solzice\/\" \/>\n<meta property=\"og:site_name\" content=\"Vinoteka Sod\u010dek\" \/>\n<meta property=\"article:publisher\" content=\"https:\/\/www.facebook.com\/vinotekasodcek\/\" \/>\n<meta property=\"article:modified_time\" content=\"2025-02-01T16:57:34+00:00\" \/>\n<meta property=\"og:image\" content=\"https:\/\/vinoteka-sodcek.si\/wp-content\/uploads\/rencel-zlate-solzice.jpg\" \/>\n\t<meta property=\"og:image:width\" content=\"104\" \/>\n\t<meta property=\"og:image:height\" content=\"638\" \/>\n\t<meta property=\"og:image:type\" content=\"image\/jpeg\" \/>\n<meta name=\"twitter:card\" content=\"summary_large_image\" \/>\n<!-- \/ Yoast SEO plugin. -->","yoast_head_json":{"title":"Zlate solzice | Vinoteka Sod\u010dek","description":"[:sl]Zlate solzice Rencel so prijetnih arom breskev, marelic in medu, zaokro\u017eene s pridihom timijana in origana. Okus zrelih fig in pomaran\u010de.[:en]Zlate solzice Rencel has pleasant aromas of peach, apricot and honey, rounded off with a hint of thyme and oregano. Flavours of ripe figs and orange.[:]","robots":{"index":"index","follow":"follow","max-snippet":"max-snippet:-1","max-image-preview":"max-image-preview:large","max-video-preview":"max-video-preview:-1"},"og_locale":"en_US","og_type":"article","og_title":"[:sl]Zlate solzice[:en]Zlate solzice[:] | Vinoteka Sod\u010dek","og_description":"[:sl]Zlate solzice Rencel so prijetnih arom breskev, marelic in medu, zaokro\u017eene s pridihom timijana in origana. Okus zrelih fig in pomaran\u010de.[:en]Zlate solzice Rencel has pleasant aromas of peach, apricot and honey, rounded off with a hint of thyme and oregano. Flavours of ripe figs and orange.[:]","og_url":"https:\/\/vinoteka-sodcek.si\/en\/shop\/wines\/white-wines\/rencel-zlate-solzice\/","og_site_name":"Vinoteka Sod\u010dek","article_publisher":"https:\/\/www.facebook.com\/vinotekasodcek\/","article_modified_time":"2025-02-01T16:57:34+00:00","og_image":[{"width":104,"height":638,"url":"https:\/\/vinoteka-sodcek.si\/wp-content\/uploads\/rencel-zlate-solzice.jpg","type":"image\/jpeg"}],"twitter_card":"summary_large_image","schema":{"@context":"https:\/\/schema.org","@graph":[{"@type":"WebPage","@id":"https:\/\/vinoteka-sodcek.si\/en\/shop\/wines\/white-wines\/rencel-zlate-solzice\/","url":"https:\/\/vinoteka-sodcek.si\/en\/shop\/wines\/white-wines\/rencel-zlate-solzice\/","name":"[:sl]Zlate solzice[:en]Zlate solzice[:] | Vinoteka Sod\u010dek","isPartOf":{"@id":"https:\/\/vinoteka-sodcek.si\/#website"},"primaryImageOfPage":{"@id":"https:\/\/vinoteka-sodcek.si\/en\/shop\/wines\/white-wines\/rencel-zlate-solzice\/#primaryimage"},"image":{"@id":"https:\/\/vinoteka-sodcek.si\/en\/shop\/wines\/white-wines\/rencel-zlate-solzice\/#primaryimage"},"thumbnailUrl":"https:\/\/vinoteka-sodcek.si\/wp-content\/uploads\/rencel-zlate-solzice.jpg","datePublished":"2025-02-01T16:46:13+00:00","dateModified":"2025-02-01T16:57:34+00:00","description":"[:sl]Zlate solzice Rencel so prijetnih arom breskev, marelic in medu, zaokro\u017eene s pridihom timijana in origana. Okus zrelih fig in pomaran\u010de.[:en]Zlate solzice Rencel has pleasant aromas of peach, apricot and honey, rounded off with a hint of thyme and oregano. Flavours of ripe figs and orange.[:]","breadcrumb":{"@id":"https:\/\/vinoteka-sodcek.si\/en\/shop\/wines\/white-wines\/rencel-zlate-solzice\/#breadcrumb"},"inLanguage":"en-US","potentialAction":[{"@type":"ReadAction","target":["https:\/\/vinoteka-sodcek.si\/en\/shop\/wines\/white-wines\/rencel-zlate-solzice\/"]}]},{"@type":"ImageObject","inLanguage":"en-US","@id":"https:\/\/vinoteka-sodcek.si\/en\/shop\/wines\/white-wines\/rencel-zlate-solzice\/#primaryimage","url":"https:\/\/vinoteka-sodcek.si\/wp-content\/uploads\/rencel-zlate-solzice.jpg","contentUrl":"https:\/\/vinoteka-sodcek.si\/wp-content\/uploads\/rencel-zlate-solzice.jpg","width":104,"height":638},{"@type":"BreadcrumbList","@id":"https:\/\/vinoteka-sodcek.si\/en\/shop\/wines\/white-wines\/rencel-zlate-solzice\/#breadcrumb","itemListElement":[{"@type":"ListItem","position":1,"name":"Home","item":"https:\/\/vinoteka-sodcek.si\/en\/"},{"@type":"ListItem","position":2,"name":"Trgovina","item":"https:\/\/vinoteka-sodcek.si\/trgovina\/"},{"@type":"ListItem","position":3,"name":"Zlate solzice"}]},{"@type":"WebSite","@id":"https:\/\/vinoteka-sodcek.si\/#website","url":"https:\/\/vinoteka-sodcek.si\/","name":"Vinoteka Sod\u010dek","description":"Vinoteka z vrhunskimi vini","publisher":{"@id":"https:\/\/vinoteka-sodcek.si\/#organization"},"potentialAction":[{"@type":"SearchAction","target":{"@type":"EntryPoint","urlTemplate":"https:\/\/vinoteka-sodcek.si\/?s={search_term_string}"},"query-input":"required name=search_term_string"}],"inLanguage":"en-US"},{"@type":"Organization","@id":"https:\/\/vinoteka-sodcek.si\/#organization","name":"Vinoteka Sod\u010dek, Ale\u0161 \u010ceba\u0161ek s.p.","url":"https:\/\/vinoteka-sodcek.si\/","logo":{"@type":"ImageObject","inLanguage":"en-US","@id":"https:\/\/vinoteka-sodcek.si\/#\/schema\/logo\/image\/","url":"https:\/\/beta.vinoteka-sodcek.si\/wp-content\/uploads\/vinoteka-sodcek-logo.png","contentUrl":"https:\/\/beta.vinoteka-sodcek.si\/wp-content\/uploads\/vinoteka-sodcek-logo.png","width":300,"height":90,"caption":"Vinoteka Sod\u010dek, Ale\u0161 \u010ceba\u0161ek s.p."},"image":{"@id":"https:\/\/vinoteka-sodcek.si\/#\/schema\/logo\/image\/"},"sameAs":["https:\/\/www.facebook.com\/vinotekasodcek\/"]}]}},"_links":{"self":[{"href":"https:\/\/vinoteka-sodcek.si\/en\/wp-json\/\/wp\/v2\/product\/2409"}],"collection":[{"href":"https:\/\/vinoteka-sodcek.si\/en\/wp-json\/\/wp\/v2\/product"}],"about":[{"href":"https:\/\/vinoteka-sodcek.si\/en\/wp-json\/\/wp\/v2\/types\/product"}],"wp:featuredmedia":[{"embeddable":true,"href":"https:\/\/vinoteka-sodcek.si\/en\/wp-json\/\/wp\/v2\/media\/2410"}],"wp:attachment":[{"href":"https:\/\/vinoteka-sodcek.si\/en\/wp-json\/\/wp\/v2\/media?parent=2409"}],"wp:term":[{"taxonomy":"product_cat","embeddable":true,"href":"https:\/\/vinoteka-sodcek.si\/en\/wp-json\/\/wp\/v2\/product_cat?post=2409"},{"taxonomy":"product_tag","embeddable":true,"href":"https:\/\/vinoteka-sodcek.si\/en\/wp-json\/\/wp\/v2\/product_tag?post=2409"}],"curies":[{"name":"wp","href":"https:\/\/api.w.org\/{rel}","templated":true}]}}