{"id":241,"date":"2024-03-15T17:20:14","date_gmt":"2024-03-15T16:20:14","guid":{"rendered":"http:\/\/192.168.64.105\/GitHub\/vinoteka-sodcek\/trgovina\/uncategorized\/kristancic-medana-belo\/"},"modified":"2026-02-06T20:23:45","modified_gmt":"2026-02-06T19:23:45","slug":"kristancic-medana-belo","status":"publish","type":"product","link":"https:\/\/vinoteka-sodcek.si\/en\/shop\/wines\/white-wines\/kristancic-medana-belo\/","title":{"rendered":"Medana White 1,5l"},"content":{"rendered":"<p>The simplest line of fresh and lightweight genres offered on the market in a bottle of 1.5 liters.<br \/>\nThese are wines from younger vineyards and vintage whose grapes are not suitable for longer ripening in oak barrels.<\/p>\n<p>Due to the varietal composition and climatic and soil characteristics, the wine is harmonious, dry, fresh and light. It is golden amber in color and has scents of ripe fruit. It is quite fresh, drinkable and round. The aftertaste is long.<\/p>\n<p>&nbsp;<\/p>\n","protected":false},"excerpt":{"rendered":"<p>The simplest line of fresh and lightweight genres offered on the market in a bottle of 1.5 liters. These are wines from younger vineyards and vintage whose grapes are not suitable&#8230;<\/p>\n","protected":false},"featured_media":1071,"template":"","meta":[],"product_cat":[19],"product_tag":[],"acf":[],"yoast_head":"<!-- This site is optimized with the Yoast SEO plugin v22.2 - https:\/\/yoast.com\/wordpress\/plugins\/seo\/ -->\n<title>Medana White 1,5l | Vinoteka Sod\u010dek<\/title>\n<meta name=\"description\" content=\"Medana belo Kristan\u010di\u010d is harmonious, dry, fresh and light. It is golden amber and has aromas of ripe fruit. It is quite fresh, drinkable and round.\" \/>\n<meta name=\"robots\" content=\"index, follow, max-snippet:-1, max-image-preview:large, max-video-preview:-1\" \/>\n<meta property=\"og:locale\" content=\"en_US\" \/>\n<meta property=\"og:type\" content=\"article\" \/>\n<meta property=\"og:title\" content=\"Medana White 1,5l\" \/>\n<meta property=\"og:description\" content=\"Medana belo Kristan\u010di\u010d is harmonious, dry, fresh and light. It is golden amber and has aromas of ripe fruit. It is quite fresh, drinkable and round.\" \/>\n<meta property=\"og:url\" content=\"https:\/\/vinoteka-sodcek.si\/en\/shop\/wines\/white-wines\/kristancic-medana-belo\/\" \/>\n<meta property=\"og:site_name\" content=\"Vinoteka Sod\u010dek\" \/>\n<meta property=\"article:publisher\" content=\"https:\/\/www.facebook.com\/vinotekasodcek\/\" \/>\n<meta property=\"article:modified_time\" content=\"2026-02-06T19:23:45+00:00\" \/>\n<meta property=\"og:image\" content=\"https:\/\/vinoteka-sodcek.si\/wp-content\/uploads\/medana-belo-kristancic.jpg\" \/>\n\t<meta property=\"og:image:width\" content=\"338\" \/>\n\t<meta property=\"og:image:height\" content=\"1200\" \/>\n\t<meta property=\"og:image:type\" content=\"image\/jpeg\" \/>\n<meta name=\"twitter:card\" content=\"summary_large_image\" \/>\n<!-- \/ Yoast SEO plugin. -->","yoast_head_json":{"title":"Medana White 1,5l | Vinoteka Sod\u010dek","description":"[:sl]Medana belo Kristan\u010di\u010d je harmoni\u010dno, suho, sve\u017ee ter lahkotno.\u00a0Je zlato jantarne barve in ima vonjave po zrelem sadju. Je dokaj sve\u017ee, pitno in okroglo.[:en]Medana belo Kristan\u010di\u010d is harmonious, dry, fresh and light. It is golden amber and has aromas of ripe fruit. It is quite fresh, drinkable and round.[:]","robots":{"index":"index","follow":"follow","max-snippet":"max-snippet:-1","max-image-preview":"max-image-preview:large","max-video-preview":"max-video-preview:-1"},"og_locale":"en_US","og_type":"article","og_title":"[:sl]Medana belo 1,5l[:en]Medana White 1,5l[:] | Vinoteka Sod\u010dek","og_description":"[:sl]Medana belo Kristan\u010di\u010d je harmoni\u010dno, suho, sve\u017ee ter lahkotno.\u00a0Je zlato jantarne barve in ima vonjave po zrelem sadju. Je dokaj sve\u017ee, pitno in okroglo.[:en]Medana belo Kristan\u010di\u010d is harmonious, dry, fresh and light. It is golden amber and has aromas of ripe fruit. It is quite fresh, drinkable and round.[:]","og_url":"https:\/\/vinoteka-sodcek.si\/en\/shop\/wines\/white-wines\/kristancic-medana-belo\/","og_site_name":"Vinoteka Sod\u010dek","article_publisher":"https:\/\/www.facebook.com\/vinotekasodcek\/","article_modified_time":"2026-02-06T19:23:45+00:00","og_image":[{"width":338,"height":1200,"url":"https:\/\/vinoteka-sodcek.si\/wp-content\/uploads\/medana-belo-kristancic.jpg","type":"image\/jpeg"}],"twitter_card":"summary_large_image","schema":{"@context":"https:\/\/schema.org","@graph":[{"@type":"WebPage","@id":"https:\/\/vinoteka-sodcek.si\/trgovina\/vina\/bela-vina\/kristancic-medana-belo\/","url":"https:\/\/vinoteka-sodcek.si\/trgovina\/vina\/bela-vina\/kristancic-medana-belo\/","name":"[:sl]Medana belo 1,5l[:en]Medana White 1,5l[:] | Vinoteka Sod\u010dek","isPartOf":{"@id":"https:\/\/vinoteka-sodcek.si\/#website"},"primaryImageOfPage":{"@id":"https:\/\/vinoteka-sodcek.si\/trgovina\/vina\/bela-vina\/kristancic-medana-belo\/#primaryimage"},"image":{"@id":"https:\/\/vinoteka-sodcek.si\/trgovina\/vina\/bela-vina\/kristancic-medana-belo\/#primaryimage"},"thumbnailUrl":"https:\/\/vinoteka-sodcek.si\/wp-content\/uploads\/medana-belo-kristancic.jpg","datePublished":"2024-03-15T16:20:14+00:00","dateModified":"2026-02-06T19:23:45+00:00","description":"[:sl]Medana belo Kristan\u010di\u010d je harmoni\u010dno, suho, sve\u017ee ter lahkotno.\u00a0Je zlato jantarne barve in ima vonjave po zrelem sadju. Je dokaj sve\u017ee, pitno in okroglo.[:en]Medana belo Kristan\u010di\u010d is harmonious, dry, fresh and light. It is golden amber and has aromas of ripe fruit. It is quite fresh, drinkable and round.[:]","breadcrumb":{"@id":"https:\/\/vinoteka-sodcek.si\/trgovina\/vina\/bela-vina\/kristancic-medana-belo\/#breadcrumb"},"inLanguage":"en-US","potentialAction":[{"@type":"ReadAction","target":["https:\/\/vinoteka-sodcek.si\/trgovina\/vina\/bela-vina\/kristancic-medana-belo\/"]}]},{"@type":"ImageObject","inLanguage":"en-US","@id":"https:\/\/vinoteka-sodcek.si\/trgovina\/vina\/bela-vina\/kristancic-medana-belo\/#primaryimage","url":"https:\/\/vinoteka-sodcek.si\/wp-content\/uploads\/medana-belo-kristancic.jpg","contentUrl":"https:\/\/vinoteka-sodcek.si\/wp-content\/uploads\/medana-belo-kristancic.jpg","width":338,"height":1200},{"@type":"BreadcrumbList","@id":"https:\/\/vinoteka-sodcek.si\/trgovina\/vina\/bela-vina\/kristancic-medana-belo\/#breadcrumb","itemListElement":[{"@type":"ListItem","position":1,"name":"Home","item":"https:\/\/vinoteka-sodcek.si\/en\/"},{"@type":"ListItem","position":2,"name":"Trgovina","item":"https:\/\/vinoteka-sodcek.si\/trgovina\/"},{"@type":"ListItem","position":3,"name":"Medana belo 1,5l"}]},{"@type":"WebSite","@id":"https:\/\/vinoteka-sodcek.si\/#website","url":"https:\/\/vinoteka-sodcek.si\/","name":"Vinoteka Sod\u010dek","description":"Vinoteka z vrhunskimi vini","publisher":{"@id":"https:\/\/vinoteka-sodcek.si\/#organization"},"potentialAction":[{"@type":"SearchAction","target":{"@type":"EntryPoint","urlTemplate":"https:\/\/vinoteka-sodcek.si\/?s={search_term_string}"},"query-input":"required name=search_term_string"}],"inLanguage":"en-US"},{"@type":"Organization","@id":"https:\/\/vinoteka-sodcek.si\/#organization","name":"Vinoteka Sod\u010dek, Ale\u0161 \u010ceba\u0161ek s.p.","url":"https:\/\/vinoteka-sodcek.si\/","logo":{"@type":"ImageObject","inLanguage":"en-US","@id":"https:\/\/vinoteka-sodcek.si\/#\/schema\/logo\/image\/","url":"https:\/\/beta.vinoteka-sodcek.si\/wp-content\/uploads\/vinoteka-sodcek-logo.png","contentUrl":"https:\/\/beta.vinoteka-sodcek.si\/wp-content\/uploads\/vinoteka-sodcek-logo.png","width":300,"height":90,"caption":"Vinoteka Sod\u010dek, Ale\u0161 \u010ceba\u0161ek s.p."},"image":{"@id":"https:\/\/vinoteka-sodcek.si\/#\/schema\/logo\/image\/"},"sameAs":["https:\/\/www.facebook.com\/vinotekasodcek\/"]}]}},"_links":{"self":[{"href":"https:\/\/vinoteka-sodcek.si\/en\/wp-json\/\/wp\/v2\/product\/241"}],"collection":[{"href":"https:\/\/vinoteka-sodcek.si\/en\/wp-json\/\/wp\/v2\/product"}],"about":[{"href":"https:\/\/vinoteka-sodcek.si\/en\/wp-json\/\/wp\/v2\/types\/product"}],"wp:featuredmedia":[{"embeddable":true,"href":"https:\/\/vinoteka-sodcek.si\/en\/wp-json\/\/wp\/v2\/media\/1071"}],"wp:attachment":[{"href":"https:\/\/vinoteka-sodcek.si\/en\/wp-json\/\/wp\/v2\/media?parent=241"}],"wp:term":[{"taxonomy":"product_cat","embeddable":true,"href":"https:\/\/vinoteka-sodcek.si\/en\/wp-json\/\/wp\/v2\/product_cat?post=241"},{"taxonomy":"product_tag","embeddable":true,"href":"https:\/\/vinoteka-sodcek.si\/en\/wp-json\/\/wp\/v2\/product_tag?post=241"}],"curies":[{"name":"wp","href":"https:\/\/api.w.org\/{rel}","templated":true}]}}