{"id":2412,"date":"2025-02-01T18:13:42","date_gmt":"2025-02-01T17:13:42","guid":{"rendered":"https:\/\/vinoteka-sodcek.si\/?post_type=product&#038;p=2412"},"modified":"2025-02-01T18:23:16","modified_gmt":"2025-02-01T17:23:16","slug":"negra","status":"publish","type":"product","link":"https:\/\/vinoteka-sodcek.si\/en\/shop\/wines\/red-wines\/negra\/","title":{"rendered":"Negra"},"content":{"rendered":"<p>Biodynamic production.<\/p>\n<p>After the harvest in mid-October, the grapes are placed in wooden crates to dry for five months. This is followed by a longer maceration period and then maturation for 8 years in new barriques. The barriques are matured for a further year in inox containers before bottling. Without filtration.<\/p>\n<p>It is garnet red in colour with orange tints, the result of the longer maturation in a wooden barrel. The bouquet is reminiscent of sun-dried tomatoes, black olives, raisins, dried fruit, chocolate and marzipan. Sweet, dense and intense on the palate, with moderate acidity to balance the sweetness. The aftertaste is very long, with dried pears<br \/>\ncoffee.<\/p>\n","protected":false},"excerpt":{"rendered":"<p>Biodynamic production. After the harvest in mid-October, the grapes are placed in wooden crates to dry for five months. This is followed by a longer maceration period and then maturation for&#8230;<\/p>\n","protected":false},"featured_media":2413,"template":"","meta":[],"product_cat":[20],"product_tag":[],"acf":[],"yoast_head":"<!-- This site is optimized with the Yoast SEO plugin v22.2 - https:\/\/yoast.com\/wordpress\/plugins\/seo\/ -->\n<title>Negra | Vinoteka Sod\u010dek<\/title>\n<meta name=\"description\" content=\"Negra Rencel is reminiscent of sun-dried tomatoes, black olives, raisins, dried fruit, chocolate and marzipan. Sweet, dense, intense on the palate.\" \/>\n<meta name=\"robots\" content=\"index, follow, max-snippet:-1, max-image-preview:large, max-video-preview:-1\" \/>\n<meta property=\"og:locale\" content=\"en_US\" \/>\n<meta property=\"og:type\" content=\"article\" \/>\n<meta property=\"og:title\" content=\"Negra\" \/>\n<meta property=\"og:description\" content=\"Negra Rencel is reminiscent of sun-dried tomatoes, black olives, raisins, dried fruit, chocolate and marzipan. Sweet, dense, intense on the palate.\" \/>\n<meta property=\"og:url\" content=\"https:\/\/vinoteka-sodcek.si\/en\/shop\/wines\/red-wines\/negra\/\" \/>\n<meta property=\"og:site_name\" content=\"Vinoteka Sod\u010dek\" \/>\n<meta property=\"article:publisher\" content=\"https:\/\/www.facebook.com\/vinotekasodcek\/\" \/>\n<meta property=\"article:modified_time\" content=\"2025-02-01T17:23:16+00:00\" \/>\n<meta property=\"og:image\" content=\"https:\/\/vinoteka-sodcek.si\/wp-content\/uploads\/rencel-negra.jpg\" \/>\n\t<meta property=\"og:image:width\" content=\"116\" \/>\n\t<meta property=\"og:image:height\" content=\"618\" \/>\n\t<meta property=\"og:image:type\" content=\"image\/jpeg\" \/>\n<meta name=\"twitter:card\" content=\"summary_large_image\" \/>\n<!-- \/ Yoast SEO plugin. -->","yoast_head_json":{"title":"Negra | Vinoteka Sod\u010dek","description":"[:sl]Negra Ren\u010del spominja na suhe paradi\u017enike, \u010drne olive, rozine, suho sadje, \u010dokolado in marcipan. V ustih sladko, gosto, intenzivno.[:en]Negra Rencel is reminiscent of sun-dried tomatoes, black olives, raisins, dried fruit, chocolate and marzipan. Sweet, dense, intense on the palate.[:]","robots":{"index":"index","follow":"follow","max-snippet":"max-snippet:-1","max-image-preview":"max-image-preview:large","max-video-preview":"max-video-preview:-1"},"og_locale":"en_US","og_type":"article","og_title":"[:sl]Negra[:en]Negra[:] | Vinoteka Sod\u010dek","og_description":"[:sl]Negra Ren\u010del spominja na suhe paradi\u017enike, \u010drne olive, rozine, suho sadje, \u010dokolado in marcipan. V ustih sladko, gosto, intenzivno.[:en]Negra Rencel is reminiscent of sun-dried tomatoes, black olives, raisins, dried fruit, chocolate and marzipan. Sweet, dense, intense on the palate.[:]","og_url":"https:\/\/vinoteka-sodcek.si\/en\/shop\/wines\/red-wines\/negra\/","og_site_name":"Vinoteka Sod\u010dek","article_publisher":"https:\/\/www.facebook.com\/vinotekasodcek\/","article_modified_time":"2025-02-01T17:23:16+00:00","og_image":[{"width":116,"height":618,"url":"https:\/\/vinoteka-sodcek.si\/wp-content\/uploads\/rencel-negra.jpg","type":"image\/jpeg"}],"twitter_card":"summary_large_image","schema":{"@context":"https:\/\/schema.org","@graph":[{"@type":"WebPage","@id":"https:\/\/vinoteka-sodcek.si\/en\/shop\/wines\/red-wines\/negra\/","url":"https:\/\/vinoteka-sodcek.si\/en\/shop\/wines\/red-wines\/negra\/","name":"[:sl]Negra[:en]Negra[:] | Vinoteka Sod\u010dek","isPartOf":{"@id":"https:\/\/vinoteka-sodcek.si\/#website"},"primaryImageOfPage":{"@id":"https:\/\/vinoteka-sodcek.si\/en\/shop\/wines\/red-wines\/negra\/#primaryimage"},"image":{"@id":"https:\/\/vinoteka-sodcek.si\/en\/shop\/wines\/red-wines\/negra\/#primaryimage"},"thumbnailUrl":"https:\/\/vinoteka-sodcek.si\/wp-content\/uploads\/rencel-negra.jpg","datePublished":"2025-02-01T17:13:42+00:00","dateModified":"2025-02-01T17:23:16+00:00","description":"[:sl]Negra Ren\u010del spominja na suhe paradi\u017enike, \u010drne olive, rozine, suho sadje, \u010dokolado in marcipan. V ustih sladko, gosto, intenzivno.[:en]Negra Rencel is reminiscent of sun-dried tomatoes, black olives, raisins, dried fruit, chocolate and marzipan. Sweet, dense, intense on the palate.[:]","breadcrumb":{"@id":"https:\/\/vinoteka-sodcek.si\/en\/shop\/wines\/red-wines\/negra\/#breadcrumb"},"inLanguage":"en-US","potentialAction":[{"@type":"ReadAction","target":["https:\/\/vinoteka-sodcek.si\/en\/shop\/wines\/red-wines\/negra\/"]}]},{"@type":"ImageObject","inLanguage":"en-US","@id":"https:\/\/vinoteka-sodcek.si\/en\/shop\/wines\/red-wines\/negra\/#primaryimage","url":"https:\/\/vinoteka-sodcek.si\/wp-content\/uploads\/rencel-negra.jpg","contentUrl":"https:\/\/vinoteka-sodcek.si\/wp-content\/uploads\/rencel-negra.jpg","width":116,"height":618},{"@type":"BreadcrumbList","@id":"https:\/\/vinoteka-sodcek.si\/en\/shop\/wines\/red-wines\/negra\/#breadcrumb","itemListElement":[{"@type":"ListItem","position":1,"name":"Home","item":"https:\/\/vinoteka-sodcek.si\/en\/"},{"@type":"ListItem","position":2,"name":"Trgovina","item":"https:\/\/vinoteka-sodcek.si\/trgovina\/"},{"@type":"ListItem","position":3,"name":"Negra"}]},{"@type":"WebSite","@id":"https:\/\/vinoteka-sodcek.si\/#website","url":"https:\/\/vinoteka-sodcek.si\/","name":"Vinoteka Sod\u010dek","description":"Vinoteka z vrhunskimi vini","publisher":{"@id":"https:\/\/vinoteka-sodcek.si\/#organization"},"potentialAction":[{"@type":"SearchAction","target":{"@type":"EntryPoint","urlTemplate":"https:\/\/vinoteka-sodcek.si\/?s={search_term_string}"},"query-input":"required name=search_term_string"}],"inLanguage":"en-US"},{"@type":"Organization","@id":"https:\/\/vinoteka-sodcek.si\/#organization","name":"Vinoteka Sod\u010dek, Ale\u0161 \u010ceba\u0161ek s.p.","url":"https:\/\/vinoteka-sodcek.si\/","logo":{"@type":"ImageObject","inLanguage":"en-US","@id":"https:\/\/vinoteka-sodcek.si\/#\/schema\/logo\/image\/","url":"https:\/\/beta.vinoteka-sodcek.si\/wp-content\/uploads\/vinoteka-sodcek-logo.png","contentUrl":"https:\/\/beta.vinoteka-sodcek.si\/wp-content\/uploads\/vinoteka-sodcek-logo.png","width":300,"height":90,"caption":"Vinoteka Sod\u010dek, Ale\u0161 \u010ceba\u0161ek s.p."},"image":{"@id":"https:\/\/vinoteka-sodcek.si\/#\/schema\/logo\/image\/"},"sameAs":["https:\/\/www.facebook.com\/vinotekasodcek\/"]}]}},"_links":{"self":[{"href":"https:\/\/vinoteka-sodcek.si\/en\/wp-json\/\/wp\/v2\/product\/2412"}],"collection":[{"href":"https:\/\/vinoteka-sodcek.si\/en\/wp-json\/\/wp\/v2\/product"}],"about":[{"href":"https:\/\/vinoteka-sodcek.si\/en\/wp-json\/\/wp\/v2\/types\/product"}],"wp:featuredmedia":[{"embeddable":true,"href":"https:\/\/vinoteka-sodcek.si\/en\/wp-json\/\/wp\/v2\/media\/2413"}],"wp:attachment":[{"href":"https:\/\/vinoteka-sodcek.si\/en\/wp-json\/\/wp\/v2\/media?parent=2412"}],"wp:term":[{"taxonomy":"product_cat","embeddable":true,"href":"https:\/\/vinoteka-sodcek.si\/en\/wp-json\/\/wp\/v2\/product_cat?post=2412"},{"taxonomy":"product_tag","embeddable":true,"href":"https:\/\/vinoteka-sodcek.si\/en\/wp-json\/\/wp\/v2\/product_tag?post=2412"}],"curies":[{"name":"wp","href":"https:\/\/api.w.org\/{rel}","templated":true}]}}