{"id":243,"date":"2024-03-15T17:20:14","date_gmt":"2024-03-15T16:20:14","guid":{"rendered":"http:\/\/192.168.64.105\/GitHub\/vinoteka-sodcek\/trgovina\/uncategorized\/kristancic-rebula\/"},"modified":"2026-04-22T08:38:15","modified_gmt":"2026-04-22T07:38:15","slug":"kristancic-rebula","status":"publish","type":"product","link":"https:\/\/vinoteka-sodcek.si\/en\/shop\/wines\/white-wines\/kristancic-rebula\/","title":{"rendered":"Rebula"},"content":{"rendered":"<p>The rebula is considered an indigenous Gori\u0161ka Brda variety.<\/p>\n<p>The wine is a straw yellow color, clear and bright, with a greenish touch. The smell is clean and fine, quite rich and resembles citrus fruits, peaches and tropical fruits. Expresses freshness and vibrancy; Youth and fruity also show good taste.<\/p>\n<p>Shorter yeast ripening contributes to its elegance and complexity. Kristan\u010di\u010d rebula is a wine with beautifully balanced acids, slightly mineral notes and pure aftertaste. It is definitely a wine that carries the pride, tradition and charm of Brda land.<\/p>\n","protected":false},"excerpt":{"rendered":"<p>The rebula is considered an indigenous Gori\u0161ka Brda variety. The wine is a straw yellow color, clear and bright, with a greenish touch. The smell is clean and fine, quite rich&#8230;<\/p>\n","protected":false},"featured_media":242,"template":"","meta":[],"product_cat":[19],"product_tag":[],"acf":[],"yoast_head":"<!-- This site is optimized with the Yoast SEO plugin v22.2 - https:\/\/yoast.com\/wordpress\/plugins\/seo\/ -->\n<title>Rebula | Vinoteka Sod\u010dek<\/title>\n<meta name=\"description\" content=\"Rebula Kristan\u010di\u010d is straw-yellow with a greenish tinge. The aroma is clean and fine, quite rich and reminiscent of citrus, peaches and tropical fruits.\" \/>\n<meta name=\"robots\" content=\"index, follow, max-snippet:-1, max-image-preview:large, max-video-preview:-1\" \/>\n<meta property=\"og:locale\" content=\"en_US\" \/>\n<meta property=\"og:type\" content=\"article\" \/>\n<meta property=\"og:title\" content=\"Rebula\" \/>\n<meta property=\"og:description\" content=\"Rebula Kristan\u010di\u010d is straw-yellow with a greenish tinge. The aroma is clean and fine, quite rich and reminiscent of citrus, peaches and tropical fruits.\" \/>\n<meta property=\"og:url\" content=\"https:\/\/vinoteka-sodcek.si\/en\/shop\/wines\/white-wines\/kristancic-rebula\/\" \/>\n<meta property=\"og:site_name\" content=\"Vinoteka Sod\u010dek\" \/>\n<meta property=\"article:publisher\" content=\"https:\/\/www.facebook.com\/vinotekasodcek\/\" \/>\n<meta property=\"article:modified_time\" content=\"2026-04-22T07:38:15+00:00\" \/>\n<meta property=\"og:image\" content=\"https:\/\/vinoteka-sodcek.si\/wp-content\/uploads\/kristancic-rebula.jpg.jpg\" \/>\n\t<meta property=\"og:image:width\" content=\"154\" \/>\n\t<meta property=\"og:image:height\" content=\"641\" \/>\n\t<meta property=\"og:image:type\" content=\"image\/jpeg\" \/>\n<meta name=\"twitter:card\" content=\"summary_large_image\" \/>\n<!-- \/ Yoast SEO plugin. -->","yoast_head_json":{"title":"Rebula | Vinoteka Sod\u010dek","description":"[:sl]Rebula Kristan\u010di\u010d je slamnato rumene barve z zelenkastim pridihom. Vonj je \u010dist in fin, dokaj bogat in spominja na citruse, breskve in tropsko sadje.[:en]Rebula Kristan\u010di\u010d is straw-yellow with a greenish tinge. The aroma is clean and fine, quite rich and reminiscent of citrus, peaches and tropical fruits.[:]","robots":{"index":"index","follow":"follow","max-snippet":"max-snippet:-1","max-image-preview":"max-image-preview:large","max-video-preview":"max-video-preview:-1"},"og_locale":"en_US","og_type":"article","og_title":"[:sl]Rebula[:en]Rebula[:] | Vinoteka Sod\u010dek","og_description":"[:sl]Rebula Kristan\u010di\u010d je slamnato rumene barve z zelenkastim pridihom. Vonj je \u010dist in fin, dokaj bogat in spominja na citruse, breskve in tropsko sadje.[:en]Rebula Kristan\u010di\u010d is straw-yellow with a greenish tinge. The aroma is clean and fine, quite rich and reminiscent of citrus, peaches and tropical fruits.[:]","og_url":"https:\/\/vinoteka-sodcek.si\/en\/shop\/wines\/white-wines\/kristancic-rebula\/","og_site_name":"Vinoteka Sod\u010dek","article_publisher":"https:\/\/www.facebook.com\/vinotekasodcek\/","article_modified_time":"2026-04-22T07:38:15+00:00","og_image":[{"width":154,"height":641,"url":"https:\/\/vinoteka-sodcek.si\/wp-content\/uploads\/kristancic-rebula.jpg.jpg","type":"image\/jpeg"}],"twitter_card":"summary_large_image","schema":{"@context":"https:\/\/schema.org","@graph":[{"@type":"WebPage","@id":"https:\/\/vinoteka-sodcek.si\/en\/shop\/wines\/white-wines\/kristancic-rebula\/","url":"https:\/\/vinoteka-sodcek.si\/en\/shop\/wines\/white-wines\/kristancic-rebula\/","name":"[:sl]Rebula[:en]Rebula[:] | Vinoteka Sod\u010dek","isPartOf":{"@id":"https:\/\/vinoteka-sodcek.si\/#website"},"primaryImageOfPage":{"@id":"https:\/\/vinoteka-sodcek.si\/en\/shop\/wines\/white-wines\/kristancic-rebula\/#primaryimage"},"image":{"@id":"https:\/\/vinoteka-sodcek.si\/en\/shop\/wines\/white-wines\/kristancic-rebula\/#primaryimage"},"thumbnailUrl":"https:\/\/vinoteka-sodcek.si\/wp-content\/uploads\/kristancic-rebula.jpg.jpg","datePublished":"2024-03-15T16:20:14+00:00","dateModified":"2026-04-22T07:38:15+00:00","description":"[:sl]Rebula Kristan\u010di\u010d je slamnato rumene barve z zelenkastim pridihom. Vonj je \u010dist in fin, dokaj bogat in spominja na citruse, breskve in tropsko sadje.[:en]Rebula Kristan\u010di\u010d is straw-yellow with a greenish tinge. The aroma is clean and fine, quite rich and reminiscent of citrus, peaches and tropical fruits.[:]","breadcrumb":{"@id":"https:\/\/vinoteka-sodcek.si\/en\/shop\/wines\/white-wines\/kristancic-rebula\/#breadcrumb"},"inLanguage":"en-US","potentialAction":[{"@type":"ReadAction","target":["https:\/\/vinoteka-sodcek.si\/en\/shop\/wines\/white-wines\/kristancic-rebula\/"]}]},{"@type":"ImageObject","inLanguage":"en-US","@id":"https:\/\/vinoteka-sodcek.si\/en\/shop\/wines\/white-wines\/kristancic-rebula\/#primaryimage","url":"https:\/\/vinoteka-sodcek.si\/wp-content\/uploads\/kristancic-rebula.jpg.jpg","contentUrl":"https:\/\/vinoteka-sodcek.si\/wp-content\/uploads\/kristancic-rebula.jpg.jpg","width":154,"height":641},{"@type":"BreadcrumbList","@id":"https:\/\/vinoteka-sodcek.si\/en\/shop\/wines\/white-wines\/kristancic-rebula\/#breadcrumb","itemListElement":[{"@type":"ListItem","position":1,"name":"Home","item":"https:\/\/vinoteka-sodcek.si\/en\/"},{"@type":"ListItem","position":2,"name":"Trgovina","item":"https:\/\/vinoteka-sodcek.si\/trgovina\/"},{"@type":"ListItem","position":3,"name":"Rebula"}]},{"@type":"WebSite","@id":"https:\/\/vinoteka-sodcek.si\/#website","url":"https:\/\/vinoteka-sodcek.si\/","name":"Vinoteka Sod\u010dek","description":"Vinoteka z vrhunskimi vini","publisher":{"@id":"https:\/\/vinoteka-sodcek.si\/#organization"},"potentialAction":[{"@type":"SearchAction","target":{"@type":"EntryPoint","urlTemplate":"https:\/\/vinoteka-sodcek.si\/?s={search_term_string}"},"query-input":"required name=search_term_string"}],"inLanguage":"en-US"},{"@type":"Organization","@id":"https:\/\/vinoteka-sodcek.si\/#organization","name":"Vinoteka Sod\u010dek, Ale\u0161 \u010ceba\u0161ek s.p.","url":"https:\/\/vinoteka-sodcek.si\/","logo":{"@type":"ImageObject","inLanguage":"en-US","@id":"https:\/\/vinoteka-sodcek.si\/#\/schema\/logo\/image\/","url":"https:\/\/beta.vinoteka-sodcek.si\/wp-content\/uploads\/vinoteka-sodcek-logo.png","contentUrl":"https:\/\/beta.vinoteka-sodcek.si\/wp-content\/uploads\/vinoteka-sodcek-logo.png","width":300,"height":90,"caption":"Vinoteka Sod\u010dek, Ale\u0161 \u010ceba\u0161ek s.p."},"image":{"@id":"https:\/\/vinoteka-sodcek.si\/#\/schema\/logo\/image\/"},"sameAs":["https:\/\/www.facebook.com\/vinotekasodcek\/"]}]}},"_links":{"self":[{"href":"https:\/\/vinoteka-sodcek.si\/en\/wp-json\/\/wp\/v2\/product\/243"}],"collection":[{"href":"https:\/\/vinoteka-sodcek.si\/en\/wp-json\/\/wp\/v2\/product"}],"about":[{"href":"https:\/\/vinoteka-sodcek.si\/en\/wp-json\/\/wp\/v2\/types\/product"}],"wp:featuredmedia":[{"embeddable":true,"href":"https:\/\/vinoteka-sodcek.si\/en\/wp-json\/\/wp\/v2\/media\/242"}],"wp:attachment":[{"href":"https:\/\/vinoteka-sodcek.si\/en\/wp-json\/\/wp\/v2\/media?parent=243"}],"wp:term":[{"taxonomy":"product_cat","embeddable":true,"href":"https:\/\/vinoteka-sodcek.si\/en\/wp-json\/\/wp\/v2\/product_cat?post=243"},{"taxonomy":"product_tag","embeddable":true,"href":"https:\/\/vinoteka-sodcek.si\/en\/wp-json\/\/wp\/v2\/product_tag?post=243"}],"curies":[{"name":"wp","href":"https:\/\/api.w.org\/{rel}","templated":true}]}}