{"id":247,"date":"2024-03-15T17:20:14","date_gmt":"2024-03-15T16:20:14","guid":{"rendered":"http:\/\/192.168.64.105\/GitHub\/vinoteka-sodcek\/trgovina\/uncategorized\/kristancic-medana-novo\/"},"modified":"2025-12-04T11:53:49","modified_gmt":"2025-12-04T10:53:49","slug":"kristancic-medana-novo","status":"publish","type":"product","link":"https:\/\/vinoteka-sodcek.si\/en\/shop\/wines\/red-wines\/kristancic-medana-novo\/","title":{"rendered":"&#8220;M&#8221; novo"},"content":{"rendered":"<p>Every year after the harvest, this is the first wine from the Kristan\u010di\u010d cellar. The harvest for Medana Novo takes place 10 days before the regular harvest. Maceration is shorter than for other red varieties, 4 to 5 days under Co2 protection.<\/p>\n<p>It is ruby red in colour with a purplish tinge. The aroma is reminiscent of ripe forest fruits, while the taste combines a pleasant freshness with a fruity character. It is best drunk as early as possible, at least until the beginning of spring.<\/p>\n<p>&nbsp;<\/p>\n","protected":false},"excerpt":{"rendered":"<p>Every year after the harvest, this is the first wine from the Kristan\u010di\u010d cellar. The harvest for Medana Novo takes place 10 days before the regular harvest. Maceration is shorter than&#8230;<\/p>\n","protected":false},"featured_media":2147,"template":"","meta":[],"product_cat":[20],"product_tag":[],"acf":[],"yoast_head":"<!-- This site is optimized with the Yoast SEO plugin v22.2 - https:\/\/yoast.com\/wordpress\/plugins\/seo\/ -->\n<title>&quot;M&quot; novo | Vinoteka Sod\u010dek<\/title>\n<meta name=\"description\" content=\"Medana new Kristan\u010di\u010d is ruby red in colour with a purplish tinge. The aroma is reminiscent of ripe forest fruits, the taste combines a pleasant freshness.\" \/>\n<meta name=\"robots\" content=\"index, follow, max-snippet:-1, max-image-preview:large, max-video-preview:-1\" \/>\n<meta property=\"og:locale\" content=\"en_US\" \/>\n<meta property=\"og:type\" content=\"article\" \/>\n<meta property=\"og:title\" content=\"&quot;M&quot; novo\" \/>\n<meta property=\"og:description\" content=\"Medana new Kristan\u010di\u010d is ruby red in colour with a purplish tinge. The aroma is reminiscent of ripe forest fruits, the taste combines a pleasant freshness.\" \/>\n<meta property=\"og:url\" content=\"https:\/\/vinoteka-sodcek.si\/en\/shop\/wines\/red-wines\/kristancic-medana-novo\/\" \/>\n<meta property=\"og:site_name\" content=\"Vinoteka Sod\u010dek\" \/>\n<meta property=\"article:publisher\" content=\"https:\/\/www.facebook.com\/vinotekasodcek\/\" \/>\n<meta property=\"article:modified_time\" content=\"2025-12-04T10:53:49+00:00\" \/>\n<meta property=\"og:image\" content=\"https:\/\/vinoteka-sodcek.si\/wp-content\/uploads\/medana-novo-kristancic.jpg\" \/>\n\t<meta property=\"og:image:width\" content=\"197\" \/>\n\t<meta property=\"og:image:height\" content=\"845\" \/>\n\t<meta property=\"og:image:type\" content=\"image\/jpeg\" \/>\n<meta name=\"twitter:card\" content=\"summary_large_image\" \/>\n<!-- \/ Yoast SEO plugin. -->","yoast_head_json":{"title":"\"M\" novo | Vinoteka Sod\u010dek","description":"[:sl]Medana novo Kristan\u010di\u010d je rubinasto rde\u010de barve z vijoli\u010dastim odtenkom. Vonju nas spominja na zrele gozdne sade\u017ee, v okusu prijetna sve\u017eina.[:en]Medana new Kristan\u010di\u010d is ruby red in colour with a purplish tinge. The aroma is reminiscent of ripe forest fruits, the taste combines a pleasant freshness.[:]","robots":{"index":"index","follow":"follow","max-snippet":"max-snippet:-1","max-image-preview":"max-image-preview:large","max-video-preview":"max-video-preview:-1"},"og_locale":"en_US","og_type":"article","og_title":"[:sl]\"M\" novo[:en]\"M\" novo[:] | Vinoteka Sod\u010dek","og_description":"[:sl]Medana novo Kristan\u010di\u010d je rubinasto rde\u010de barve z vijoli\u010dastim odtenkom. Vonju nas spominja na zrele gozdne sade\u017ee, v okusu prijetna sve\u017eina.[:en]Medana new Kristan\u010di\u010d is ruby red in colour with a purplish tinge. The aroma is reminiscent of ripe forest fruits, the taste combines a pleasant freshness.[:]","og_url":"https:\/\/vinoteka-sodcek.si\/en\/shop\/wines\/red-wines\/kristancic-medana-novo\/","og_site_name":"Vinoteka Sod\u010dek","article_publisher":"https:\/\/www.facebook.com\/vinotekasodcek\/","article_modified_time":"2025-12-04T10:53:49+00:00","og_image":[{"width":197,"height":845,"url":"https:\/\/vinoteka-sodcek.si\/wp-content\/uploads\/medana-novo-kristancic.jpg","type":"image\/jpeg"}],"twitter_card":"summary_large_image","schema":{"@context":"https:\/\/schema.org","@graph":[{"@type":"WebPage","@id":"https:\/\/vinoteka-sodcek.si\/trgovina\/vina\/rdeca-vina\/kristancic-medana-novo\/","url":"https:\/\/vinoteka-sodcek.si\/trgovina\/vina\/rdeca-vina\/kristancic-medana-novo\/","name":"[:sl]\"M\" novo[:en]\"M\" novo[:] | Vinoteka Sod\u010dek","isPartOf":{"@id":"https:\/\/vinoteka-sodcek.si\/#website"},"primaryImageOfPage":{"@id":"https:\/\/vinoteka-sodcek.si\/trgovina\/vina\/rdeca-vina\/kristancic-medana-novo\/#primaryimage"},"image":{"@id":"https:\/\/vinoteka-sodcek.si\/trgovina\/vina\/rdeca-vina\/kristancic-medana-novo\/#primaryimage"},"thumbnailUrl":"https:\/\/vinoteka-sodcek.si\/wp-content\/uploads\/medana-novo-kristancic.jpg","datePublished":"2024-03-15T16:20:14+00:00","dateModified":"2025-12-04T10:53:49+00:00","description":"[:sl]Medana novo Kristan\u010di\u010d je rubinasto rde\u010de barve z vijoli\u010dastim odtenkom. Vonju nas spominja na zrele gozdne sade\u017ee, v okusu prijetna sve\u017eina.[:en]Medana new Kristan\u010di\u010d is ruby red in colour with a purplish tinge. The aroma is reminiscent of ripe forest fruits, the taste combines a pleasant freshness.[:]","breadcrumb":{"@id":"https:\/\/vinoteka-sodcek.si\/trgovina\/vina\/rdeca-vina\/kristancic-medana-novo\/#breadcrumb"},"inLanguage":"en-US","potentialAction":[{"@type":"ReadAction","target":["https:\/\/vinoteka-sodcek.si\/trgovina\/vina\/rdeca-vina\/kristancic-medana-novo\/"]}]},{"@type":"ImageObject","inLanguage":"en-US","@id":"https:\/\/vinoteka-sodcek.si\/trgovina\/vina\/rdeca-vina\/kristancic-medana-novo\/#primaryimage","url":"https:\/\/vinoteka-sodcek.si\/wp-content\/uploads\/medana-novo-kristancic.jpg","contentUrl":"https:\/\/vinoteka-sodcek.si\/wp-content\/uploads\/medana-novo-kristancic.jpg","width":197,"height":845},{"@type":"BreadcrumbList","@id":"https:\/\/vinoteka-sodcek.si\/trgovina\/vina\/rdeca-vina\/kristancic-medana-novo\/#breadcrumb","itemListElement":[{"@type":"ListItem","position":1,"name":"Home","item":"https:\/\/vinoteka-sodcek.si\/en\/"},{"@type":"ListItem","position":2,"name":"Trgovina","item":"https:\/\/vinoteka-sodcek.si\/trgovina\/"},{"@type":"ListItem","position":3,"name":"&#8220;M&#8221; novo"}]},{"@type":"WebSite","@id":"https:\/\/vinoteka-sodcek.si\/#website","url":"https:\/\/vinoteka-sodcek.si\/","name":"Vinoteka Sod\u010dek","description":"Vinoteka z vrhunskimi vini","publisher":{"@id":"https:\/\/vinoteka-sodcek.si\/#organization"},"potentialAction":[{"@type":"SearchAction","target":{"@type":"EntryPoint","urlTemplate":"https:\/\/vinoteka-sodcek.si\/?s={search_term_string}"},"query-input":"required name=search_term_string"}],"inLanguage":"en-US"},{"@type":"Organization","@id":"https:\/\/vinoteka-sodcek.si\/#organization","name":"Vinoteka Sod\u010dek, Ale\u0161 \u010ceba\u0161ek s.p.","url":"https:\/\/vinoteka-sodcek.si\/","logo":{"@type":"ImageObject","inLanguage":"en-US","@id":"https:\/\/vinoteka-sodcek.si\/#\/schema\/logo\/image\/","url":"https:\/\/beta.vinoteka-sodcek.si\/wp-content\/uploads\/vinoteka-sodcek-logo.png","contentUrl":"https:\/\/beta.vinoteka-sodcek.si\/wp-content\/uploads\/vinoteka-sodcek-logo.png","width":300,"height":90,"caption":"Vinoteka Sod\u010dek, Ale\u0161 \u010ceba\u0161ek s.p."},"image":{"@id":"https:\/\/vinoteka-sodcek.si\/#\/schema\/logo\/image\/"},"sameAs":["https:\/\/www.facebook.com\/vinotekasodcek\/"]}]}},"_links":{"self":[{"href":"https:\/\/vinoteka-sodcek.si\/en\/wp-json\/\/wp\/v2\/product\/247"}],"collection":[{"href":"https:\/\/vinoteka-sodcek.si\/en\/wp-json\/\/wp\/v2\/product"}],"about":[{"href":"https:\/\/vinoteka-sodcek.si\/en\/wp-json\/\/wp\/v2\/types\/product"}],"wp:featuredmedia":[{"embeddable":true,"href":"https:\/\/vinoteka-sodcek.si\/en\/wp-json\/\/wp\/v2\/media\/2147"}],"wp:attachment":[{"href":"https:\/\/vinoteka-sodcek.si\/en\/wp-json\/\/wp\/v2\/media?parent=247"}],"wp:term":[{"taxonomy":"product_cat","embeddable":true,"href":"https:\/\/vinoteka-sodcek.si\/en\/wp-json\/\/wp\/v2\/product_cat?post=247"},{"taxonomy":"product_tag","embeddable":true,"href":"https:\/\/vinoteka-sodcek.si\/en\/wp-json\/\/wp\/v2\/product_tag?post=247"}],"curies":[{"name":"wp","href":"https:\/\/api.w.org\/{rel}","templated":true}]}}