{"id":2499,"date":"2025-03-17T17:16:08","date_gmt":"2025-03-17T16:16:08","guid":{"rendered":"https:\/\/vinoteka-sodcek.si\/?post_type=product&#038;p=2499"},"modified":"2025-03-27T12:11:01","modified_gmt":"2025-03-27T11:11:01","slug":"verus-sipon-izbrani-letnik","status":"publish","type":"product","link":"https:\/\/vinoteka-sodcek.si\/en\/shop\/wines\/white-wines\/verus-sipon-izbrani-letnik\/","title":{"rendered":"\u0160ipon izbrani letnik &#8211; selection"},"content":{"rendered":"<p>Because of the cold weather in spring and a nice, dry and long summer, the harvest was late in the beginning of October. The healthy and beautifully ripened grapes were harvested in small 12 kg crates. The processing of the grapes was carried out quickly without aeration and with minimal mechanical stress on the grapes and must. 10% of the wine was fermented and matured on the lees in 2-3 year old barriques for three months.<\/p>\n<p>On the palate fruity floral, herbal aromas of white peach. They are joined by the softness of pear, which, with its now subdued but still youthful acidity, keeps the wine incredibly long-lived. Full-bodied, rich, just the right amount of complexity, still lively and extremely elegant.<\/p>\n","protected":false},"excerpt":{"rendered":"<p>Because of the cold weather in spring and a nice, dry and long summer, the harvest was late in the beginning of October. The healthy and beautifully ripened grapes were harvested&#8230;<\/p>\n","protected":false},"featured_media":2516,"template":"","meta":[],"product_cat":[19],"product_tag":[],"acf":[],"yoast_head":"<!-- This site is optimized with the Yoast SEO plugin v22.2 - https:\/\/yoast.com\/wordpress\/plugins\/seo\/ -->\n<title>\u0160ipon izbrani letnik - selection | Vinoteka Sod\u010dek<\/title>\n<meta name=\"description\" content=\"\u0160ipon- Furmint selection Verus has fruity, floral, herbal aromas of white peaches. They are joined by the softness of a smooth pear.\" \/>\n<meta name=\"robots\" content=\"index, follow, max-snippet:-1, max-image-preview:large, max-video-preview:-1\" \/>\n<meta property=\"og:locale\" content=\"en_US\" \/>\n<meta property=\"og:type\" content=\"article\" \/>\n<meta property=\"og:title\" content=\"\u0160ipon izbrani letnik - selection\" \/>\n<meta property=\"og:description\" content=\"\u0160ipon- Furmint selection Verus has fruity, floral, herbal aromas of white peaches. They are joined by the softness of a smooth pear.\" \/>\n<meta property=\"og:url\" content=\"https:\/\/vinoteka-sodcek.si\/en\/shop\/wines\/white-wines\/verus-sipon-izbrani-letnik\/\" \/>\n<meta property=\"og:site_name\" content=\"Vinoteka Sod\u010dek\" \/>\n<meta property=\"article:publisher\" content=\"https:\/\/www.facebook.com\/vinotekasodcek\/\" \/>\n<meta property=\"article:modified_time\" content=\"2025-03-27T11:11:01+00:00\" \/>\n<meta property=\"og:image\" content=\"https:\/\/vinoteka-sodcek.si\/wp-content\/uploads\/sipon-verus-izbraniletnik-copy.png\" \/>\n\t<meta property=\"og:image:width\" content=\"152\" \/>\n\t<meta property=\"og:image:height\" content=\"501\" \/>\n\t<meta property=\"og:image:type\" content=\"image\/png\" \/>\n<meta name=\"twitter:card\" content=\"summary_large_image\" \/>\n<!-- \/ Yoast SEO plugin. -->","yoast_head_json":{"title":"\u0160ipon izbrani letnik - selection | Vinoteka Sod\u010dek","description":"[:sl]\u0160ipon izbrani letnik Verus je sadnih, cvetli\u010dnih, zeli\u0161\u010dnih arom po belih breskvah. Pridru\u017ei se jim mehkoba uglajene hru\u0161ke.[:en]\u0160ipon- Furmint selection Verus has fruity, floral, herbal aromas of white peaches. They are joined by the softness of a smooth pear.[:]","robots":{"index":"index","follow":"follow","max-snippet":"max-snippet:-1","max-image-preview":"max-image-preview:large","max-video-preview":"max-video-preview:-1"},"og_locale":"en_US","og_type":"article","og_title":"[:sl]\u0160ipon izbrani letnik[:en]\u0160ipon izbrani letnik - selection[:] | Vinoteka Sod\u010dek","og_description":"[:sl]\u0160ipon izbrani letnik Verus je sadnih, cvetli\u010dnih, zeli\u0161\u010dnih arom po belih breskvah. Pridru\u017ei se jim mehkoba uglajene hru\u0161ke.[:en]\u0160ipon- Furmint selection Verus has fruity, floral, herbal aromas of white peaches. They are joined by the softness of a smooth pear.[:]","og_url":"https:\/\/vinoteka-sodcek.si\/en\/shop\/wines\/white-wines\/verus-sipon-izbrani-letnik\/","og_site_name":"Vinoteka Sod\u010dek","article_publisher":"https:\/\/www.facebook.com\/vinotekasodcek\/","article_modified_time":"2025-03-27T11:11:01+00:00","og_image":[{"width":152,"height":501,"url":"https:\/\/vinoteka-sodcek.si\/wp-content\/uploads\/sipon-verus-izbraniletnik-copy.png","type":"image\/png"}],"twitter_card":"summary_large_image","schema":{"@context":"https:\/\/schema.org","@graph":[{"@type":"WebPage","@id":"https:\/\/vinoteka-sodcek.si\/en\/shop\/wines\/white-wines\/verus-sipon-izbrani-letnik\/","url":"https:\/\/vinoteka-sodcek.si\/en\/shop\/wines\/white-wines\/verus-sipon-izbrani-letnik\/","name":"[:sl]\u0160ipon izbrani letnik[:en]\u0160ipon izbrani letnik - selection[:] | Vinoteka Sod\u010dek","isPartOf":{"@id":"https:\/\/vinoteka-sodcek.si\/#website"},"primaryImageOfPage":{"@id":"https:\/\/vinoteka-sodcek.si\/en\/shop\/wines\/white-wines\/verus-sipon-izbrani-letnik\/#primaryimage"},"image":{"@id":"https:\/\/vinoteka-sodcek.si\/en\/shop\/wines\/white-wines\/verus-sipon-izbrani-letnik\/#primaryimage"},"thumbnailUrl":"https:\/\/vinoteka-sodcek.si\/wp-content\/uploads\/sipon-verus-izbraniletnik-copy.png","datePublished":"2025-03-17T16:16:08+00:00","dateModified":"2025-03-27T11:11:01+00:00","description":"[:sl]\u0160ipon izbrani letnik Verus je sadnih, cvetli\u010dnih, zeli\u0161\u010dnih arom po belih breskvah. Pridru\u017ei se jim mehkoba uglajene hru\u0161ke.[:en]\u0160ipon- Furmint selection Verus has fruity, floral, herbal aromas of white peaches. They are joined by the softness of a smooth pear.[:]","breadcrumb":{"@id":"https:\/\/vinoteka-sodcek.si\/en\/shop\/wines\/white-wines\/verus-sipon-izbrani-letnik\/#breadcrumb"},"inLanguage":"en-US","potentialAction":[{"@type":"ReadAction","target":["https:\/\/vinoteka-sodcek.si\/en\/shop\/wines\/white-wines\/verus-sipon-izbrani-letnik\/"]}]},{"@type":"ImageObject","inLanguage":"en-US","@id":"https:\/\/vinoteka-sodcek.si\/en\/shop\/wines\/white-wines\/verus-sipon-izbrani-letnik\/#primaryimage","url":"https:\/\/vinoteka-sodcek.si\/wp-content\/uploads\/sipon-verus-izbraniletnik-copy.png","contentUrl":"https:\/\/vinoteka-sodcek.si\/wp-content\/uploads\/sipon-verus-izbraniletnik-copy.png","width":152,"height":501},{"@type":"BreadcrumbList","@id":"https:\/\/vinoteka-sodcek.si\/en\/shop\/wines\/white-wines\/verus-sipon-izbrani-letnik\/#breadcrumb","itemListElement":[{"@type":"ListItem","position":1,"name":"Home","item":"https:\/\/vinoteka-sodcek.si\/en\/"},{"@type":"ListItem","position":2,"name":"Trgovina","item":"https:\/\/vinoteka-sodcek.si\/trgovina\/"},{"@type":"ListItem","position":3,"name":"\u0160ipon izbrani letnik &#8211; selection"}]},{"@type":"WebSite","@id":"https:\/\/vinoteka-sodcek.si\/#website","url":"https:\/\/vinoteka-sodcek.si\/","name":"Vinoteka Sod\u010dek","description":"Vinoteka z vrhunskimi vini","publisher":{"@id":"https:\/\/vinoteka-sodcek.si\/#organization"},"potentialAction":[{"@type":"SearchAction","target":{"@type":"EntryPoint","urlTemplate":"https:\/\/vinoteka-sodcek.si\/?s={search_term_string}"},"query-input":"required name=search_term_string"}],"inLanguage":"en-US"},{"@type":"Organization","@id":"https:\/\/vinoteka-sodcek.si\/#organization","name":"Vinoteka Sod\u010dek, Ale\u0161 \u010ceba\u0161ek s.p.","url":"https:\/\/vinoteka-sodcek.si\/","logo":{"@type":"ImageObject","inLanguage":"en-US","@id":"https:\/\/vinoteka-sodcek.si\/#\/schema\/logo\/image\/","url":"https:\/\/beta.vinoteka-sodcek.si\/wp-content\/uploads\/vinoteka-sodcek-logo.png","contentUrl":"https:\/\/beta.vinoteka-sodcek.si\/wp-content\/uploads\/vinoteka-sodcek-logo.png","width":300,"height":90,"caption":"Vinoteka Sod\u010dek, Ale\u0161 \u010ceba\u0161ek s.p."},"image":{"@id":"https:\/\/vinoteka-sodcek.si\/#\/schema\/logo\/image\/"},"sameAs":["https:\/\/www.facebook.com\/vinotekasodcek\/"]}]}},"_links":{"self":[{"href":"https:\/\/vinoteka-sodcek.si\/en\/wp-json\/\/wp\/v2\/product\/2499"}],"collection":[{"href":"https:\/\/vinoteka-sodcek.si\/en\/wp-json\/\/wp\/v2\/product"}],"about":[{"href":"https:\/\/vinoteka-sodcek.si\/en\/wp-json\/\/wp\/v2\/types\/product"}],"wp:featuredmedia":[{"embeddable":true,"href":"https:\/\/vinoteka-sodcek.si\/en\/wp-json\/\/wp\/v2\/media\/2516"}],"wp:attachment":[{"href":"https:\/\/vinoteka-sodcek.si\/en\/wp-json\/\/wp\/v2\/media?parent=2499"}],"wp:term":[{"taxonomy":"product_cat","embeddable":true,"href":"https:\/\/vinoteka-sodcek.si\/en\/wp-json\/\/wp\/v2\/product_cat?post=2499"},{"taxonomy":"product_tag","embeddable":true,"href":"https:\/\/vinoteka-sodcek.si\/en\/wp-json\/\/wp\/v2\/product_tag?post=2499"}],"curies":[{"name":"wp","href":"https:\/\/api.w.org\/{rel}","templated":true}]}}