{"id":251,"date":"2024-03-15T17:20:14","date_gmt":"2024-03-15T16:20:14","guid":{"rendered":"http:\/\/192.168.64.105\/GitHub\/vinoteka-sodcek\/trgovina\/uncategorized\/kristancic-merlot\/"},"modified":"2026-02-24T09:31:03","modified_gmt":"2026-02-24T08:31:03","slug":"kristancic-merlot","status":"publish","type":"product","link":"https:\/\/vinoteka-sodcek.si\/en\/shop\/wines\/red-wines\/kristancic-merlot\/","title":{"rendered":"Merlot"},"content":{"rendered":"<p>After the harvest of technically ripe grapes, fermentation and 15 months of maturation follow, partly in stainless steel tanks and partly in second-hand barrique casks.<\/p>\n<p>It is a soft, delicate wine with a fine flavour, full varietal character and a beautiful, deep purple colour. The aroma is intense, rich and distinctly fruity. There are scents of ripe red fruit, ripe black berries and, at the end, a pleasant, delicate leathery smell. On the palate, the wine is smooth, rounded and full-bodied, with a touch of soft, ripe tannins.<\/p>\n","protected":false},"excerpt":{"rendered":"<p>After the harvest of technically ripe grapes, fermentation and 15 months of maturation follow, partly in stainless steel tanks and partly in second-hand barrique casks. It is a soft, delicate wine&#8230;<\/p>\n","protected":false},"featured_media":250,"template":"","meta":[],"product_cat":[20],"product_tag":[],"acf":[],"yoast_head":"<!-- This site is optimized with the Yoast SEO plugin v22.2 - https:\/\/yoast.com\/wordpress\/plugins\/seo\/ -->\n<title>Merlot | Vinoteka Sod\u010dek<\/title>\n<meta name=\"description\" content=\"Merlot Kristan\u010di\u010d is a soft, delicate, fine-bodied wine with a full varietal aroma and a beautiful, deep purple colour. Rich and distinctly fruity.\" \/>\n<meta name=\"robots\" content=\"index, follow, max-snippet:-1, max-image-preview:large, max-video-preview:-1\" \/>\n<meta property=\"og:locale\" content=\"en_US\" \/>\n<meta property=\"og:type\" content=\"article\" \/>\n<meta property=\"og:title\" content=\"Merlot\" \/>\n<meta property=\"og:description\" content=\"Merlot Kristan\u010di\u010d is a soft, delicate, fine-bodied wine with a full varietal aroma and a beautiful, deep purple colour. Rich and distinctly fruity.\" \/>\n<meta property=\"og:url\" content=\"https:\/\/vinoteka-sodcek.si\/en\/shop\/wines\/red-wines\/kristancic-merlot\/\" \/>\n<meta property=\"og:site_name\" content=\"Vinoteka Sod\u010dek\" \/>\n<meta property=\"article:publisher\" content=\"https:\/\/www.facebook.com\/vinotekasodcek\/\" \/>\n<meta property=\"article:modified_time\" content=\"2026-02-24T08:31:03+00:00\" \/>\n<meta property=\"og:image\" content=\"https:\/\/vinoteka-sodcek.si\/wp-content\/uploads\/Kristancic_merlot-570x1026-1.jpg\" \/>\n\t<meta property=\"og:image:width\" content=\"170\" \/>\n\t<meta property=\"og:image:height\" content=\"639\" \/>\n\t<meta property=\"og:image:type\" content=\"image\/jpeg\" \/>\n<meta name=\"twitter:card\" content=\"summary_large_image\" \/>\n<!-- \/ Yoast SEO plugin. -->","yoast_head_json":{"title":"Merlot | Vinoteka Sod\u010dek","description":"[:sl]Merlot Kristan\u010di\u010d je mehko, ne\u017eno vino finega okusa, ki ima polno sortno zna\u010dilno aromo in lepo, globoko \u0161krlatno barvo. Bogat in izrazito saden.[:en]Merlot Kristan\u010di\u010d is a soft, delicate, fine-bodied wine with a full varietal aroma and a beautiful, deep purple colour. Rich and distinctly fruity.[:]","robots":{"index":"index","follow":"follow","max-snippet":"max-snippet:-1","max-image-preview":"max-image-preview:large","max-video-preview":"max-video-preview:-1"},"og_locale":"en_US","og_type":"article","og_title":"[:sl]Merlot[:en]Merlot[:] | Vinoteka Sod\u010dek","og_description":"[:sl]Merlot Kristan\u010di\u010d je mehko, ne\u017eno vino finega okusa, ki ima polno sortno zna\u010dilno aromo in lepo, globoko \u0161krlatno barvo. Bogat in izrazito saden.[:en]Merlot Kristan\u010di\u010d is a soft, delicate, fine-bodied wine with a full varietal aroma and a beautiful, deep purple colour. Rich and distinctly fruity.[:]","og_url":"https:\/\/vinoteka-sodcek.si\/en\/shop\/wines\/red-wines\/kristancic-merlot\/","og_site_name":"Vinoteka Sod\u010dek","article_publisher":"https:\/\/www.facebook.com\/vinotekasodcek\/","article_modified_time":"2026-02-24T08:31:03+00:00","og_image":[{"width":170,"height":639,"url":"https:\/\/vinoteka-sodcek.si\/wp-content\/uploads\/Kristancic_merlot-570x1026-1.jpg","type":"image\/jpeg"}],"twitter_card":"summary_large_image","schema":{"@context":"https:\/\/schema.org","@graph":[{"@type":"WebPage","@id":"https:\/\/vinoteka-sodcek.si\/trgovina\/vina\/rdeca-vina\/kristancic-merlot\/","url":"https:\/\/vinoteka-sodcek.si\/trgovina\/vina\/rdeca-vina\/kristancic-merlot\/","name":"[:sl]Merlot[:en]Merlot[:] | Vinoteka Sod\u010dek","isPartOf":{"@id":"https:\/\/vinoteka-sodcek.si\/#website"},"primaryImageOfPage":{"@id":"https:\/\/vinoteka-sodcek.si\/trgovina\/vina\/rdeca-vina\/kristancic-merlot\/#primaryimage"},"image":{"@id":"https:\/\/vinoteka-sodcek.si\/trgovina\/vina\/rdeca-vina\/kristancic-merlot\/#primaryimage"},"thumbnailUrl":"https:\/\/vinoteka-sodcek.si\/wp-content\/uploads\/Kristancic_merlot-570x1026-1.jpg","datePublished":"2024-03-15T16:20:14+00:00","dateModified":"2026-02-24T08:31:03+00:00","description":"[:sl]Merlot Kristan\u010di\u010d je mehko, ne\u017eno vino finega okusa, ki ima polno sortno zna\u010dilno aromo in lepo, globoko \u0161krlatno barvo. Bogat in izrazito saden.[:en]Merlot Kristan\u010di\u010d is a soft, delicate, fine-bodied wine with a full varietal aroma and a beautiful, deep purple colour. Rich and distinctly fruity.[:]","breadcrumb":{"@id":"https:\/\/vinoteka-sodcek.si\/trgovina\/vina\/rdeca-vina\/kristancic-merlot\/#breadcrumb"},"inLanguage":"en-US","potentialAction":[{"@type":"ReadAction","target":["https:\/\/vinoteka-sodcek.si\/trgovina\/vina\/rdeca-vina\/kristancic-merlot\/"]}]},{"@type":"ImageObject","inLanguage":"en-US","@id":"https:\/\/vinoteka-sodcek.si\/trgovina\/vina\/rdeca-vina\/kristancic-merlot\/#primaryimage","url":"https:\/\/vinoteka-sodcek.si\/wp-content\/uploads\/Kristancic_merlot-570x1026-1.jpg","contentUrl":"https:\/\/vinoteka-sodcek.si\/wp-content\/uploads\/Kristancic_merlot-570x1026-1.jpg","width":170,"height":639},{"@type":"BreadcrumbList","@id":"https:\/\/vinoteka-sodcek.si\/trgovina\/vina\/rdeca-vina\/kristancic-merlot\/#breadcrumb","itemListElement":[{"@type":"ListItem","position":1,"name":"Home","item":"https:\/\/vinoteka-sodcek.si\/en\/"},{"@type":"ListItem","position":2,"name":"Trgovina","item":"https:\/\/vinoteka-sodcek.si\/trgovina\/"},{"@type":"ListItem","position":3,"name":"Merlot"}]},{"@type":"WebSite","@id":"https:\/\/vinoteka-sodcek.si\/#website","url":"https:\/\/vinoteka-sodcek.si\/","name":"Vinoteka Sod\u010dek","description":"Vinoteka z vrhunskimi vini","publisher":{"@id":"https:\/\/vinoteka-sodcek.si\/#organization"},"potentialAction":[{"@type":"SearchAction","target":{"@type":"EntryPoint","urlTemplate":"https:\/\/vinoteka-sodcek.si\/?s={search_term_string}"},"query-input":"required name=search_term_string"}],"inLanguage":"en-US"},{"@type":"Organization","@id":"https:\/\/vinoteka-sodcek.si\/#organization","name":"Vinoteka Sod\u010dek, Ale\u0161 \u010ceba\u0161ek s.p.","url":"https:\/\/vinoteka-sodcek.si\/","logo":{"@type":"ImageObject","inLanguage":"en-US","@id":"https:\/\/vinoteka-sodcek.si\/#\/schema\/logo\/image\/","url":"https:\/\/beta.vinoteka-sodcek.si\/wp-content\/uploads\/vinoteka-sodcek-logo.png","contentUrl":"https:\/\/beta.vinoteka-sodcek.si\/wp-content\/uploads\/vinoteka-sodcek-logo.png","width":300,"height":90,"caption":"Vinoteka Sod\u010dek, Ale\u0161 \u010ceba\u0161ek s.p."},"image":{"@id":"https:\/\/vinoteka-sodcek.si\/#\/schema\/logo\/image\/"},"sameAs":["https:\/\/www.facebook.com\/vinotekasodcek\/"]}]}},"_links":{"self":[{"href":"https:\/\/vinoteka-sodcek.si\/en\/wp-json\/\/wp\/v2\/product\/251"}],"collection":[{"href":"https:\/\/vinoteka-sodcek.si\/en\/wp-json\/\/wp\/v2\/product"}],"about":[{"href":"https:\/\/vinoteka-sodcek.si\/en\/wp-json\/\/wp\/v2\/types\/product"}],"wp:featuredmedia":[{"embeddable":true,"href":"https:\/\/vinoteka-sodcek.si\/en\/wp-json\/\/wp\/v2\/media\/250"}],"wp:attachment":[{"href":"https:\/\/vinoteka-sodcek.si\/en\/wp-json\/\/wp\/v2\/media?parent=251"}],"wp:term":[{"taxonomy":"product_cat","embeddable":true,"href":"https:\/\/vinoteka-sodcek.si\/en\/wp-json\/\/wp\/v2\/product_cat?post=251"},{"taxonomy":"product_tag","embeddable":true,"href":"https:\/\/vinoteka-sodcek.si\/en\/wp-json\/\/wp\/v2\/product_tag?post=251"}],"curies":[{"name":"wp","href":"https:\/\/api.w.org\/{rel}","templated":true}]}}