{"id":255,"date":"2024-03-15T17:20:15","date_gmt":"2024-03-15T16:20:15","guid":{"rendered":"http:\/\/192.168.64.105\/GitHub\/vinoteka-sodcek\/trgovina\/uncategorized\/kristancic-pavo-belo\/"},"modified":"2024-10-02T09:18:53","modified_gmt":"2024-10-02T08:18:53","slug":"kristancic-pavo-belo","status":"publish","type":"product","link":"https:\/\/vinoteka-sodcek.si\/en\/shop\/wines\/white-wines\/kristancic-pavo-belo\/","title":{"rendered":"Pavo white"},"content":{"rendered":"<p>After harvesting and fermentation, all three varieties are aged in barriques for about one year. This is followed by typing according to the taste of the winemaker.<\/p>\n<p>The yellow colour already indicates that it is a rich wine that has been matured in barrels. The aroma confirms the wine&#8217;s contact with the barrel and expresses its fruitiness and freshness. The aromas range from yeasty to vanilla, caramel and woody notes. On the palate, the wine is structured, the acids and tannins complementing each other beautifully and contributing to its character.<\/p>\n<p>The predominant character is that of chardonnay, which harmonises beautifully with the other two varieties, making the wine broader and more elegant. A wonderfully complex cuv\u00e9e, ripe and youthful at the same time, with multi-layered aromas and an extremely long aftertaste.<\/p>\n","protected":false},"excerpt":{"rendered":"<p>After harvesting and fermentation, all three varieties are aged in barriques for about one year. This is followed by typing according to the taste of the winemaker. The yellow colour already&#8230;<\/p>\n","protected":false},"featured_media":254,"template":"","meta":[],"product_cat":[19],"product_tag":[],"acf":[],"yoast_head":"<!-- This site is optimized with the Yoast SEO plugin v22.2 - https:\/\/yoast.com\/wordpress\/plugins\/seo\/ -->\n<title>Pavo white | Vinoteka Sod\u010dek<\/title>\n<meta name=\"description\" content=\"Pavo belo Kristan\u010di\u010d is a structured wine, the acids and tannins complement each other beautifully and contribute to its character. Fruity and rich.\" \/>\n<meta name=\"robots\" content=\"index, follow, max-snippet:-1, max-image-preview:large, max-video-preview:-1\" \/>\n<meta property=\"og:locale\" content=\"en_US\" \/>\n<meta property=\"og:type\" content=\"article\" \/>\n<meta property=\"og:title\" content=\"Pavo white\" \/>\n<meta property=\"og:description\" content=\"Pavo belo Kristan\u010di\u010d is a structured wine, the acids and tannins complement each other beautifully and contribute to its character. Fruity and rich.\" \/>\n<meta property=\"og:url\" content=\"https:\/\/vinoteka-sodcek.si\/en\/shop\/wines\/white-wines\/kristancic-pavo-belo\/\" \/>\n<meta property=\"og:site_name\" content=\"Vinoteka Sod\u010dek\" \/>\n<meta property=\"article:publisher\" content=\"https:\/\/www.facebook.com\/vinotekasodcek\/\" \/>\n<meta property=\"article:modified_time\" content=\"2024-10-02T08:18:53+00:00\" \/>\n<meta property=\"og:image\" content=\"https:\/\/vinoteka-sodcek.si\/wp-content\/uploads\/pavo-belo.jpg\" \/>\n\t<meta property=\"og:image:width\" content=\"316\" \/>\n\t<meta property=\"og:image:height\" content=\"1240\" \/>\n\t<meta property=\"og:image:type\" content=\"image\/jpeg\" \/>\n<meta name=\"twitter:card\" content=\"summary_large_image\" \/>\n<!-- \/ Yoast SEO plugin. -->","yoast_head_json":{"title":"Pavo white | Vinoteka Sod\u010dek","description":"[:sl]Pavo belo Kristan\u010di\u010d je strukturirano vino, kisline in tanini se lepo dopolnjujejo in prispevajo k njegovem zna\u010daju. Saden in bogat.[:en]Pavo belo Kristan\u010di\u010d is a structured wine, the acids and tannins complement each other beautifully and contribute to its character. Fruity and rich.[:]","robots":{"index":"index","follow":"follow","max-snippet":"max-snippet:-1","max-image-preview":"max-image-preview:large","max-video-preview":"max-video-preview:-1"},"og_locale":"en_US","og_type":"article","og_title":"[:sl]Pavo belo[:en]Pavo white[:] | Vinoteka Sod\u010dek","og_description":"[:sl]Pavo belo Kristan\u010di\u010d je strukturirano vino, kisline in tanini se lepo dopolnjujejo in prispevajo k njegovem zna\u010daju. Saden in bogat.[:en]Pavo belo Kristan\u010di\u010d is a structured wine, the acids and tannins complement each other beautifully and contribute to its character. Fruity and rich.[:]","og_url":"https:\/\/vinoteka-sodcek.si\/en\/shop\/wines\/white-wines\/kristancic-pavo-belo\/","og_site_name":"Vinoteka Sod\u010dek","article_publisher":"https:\/\/www.facebook.com\/vinotekasodcek\/","article_modified_time":"2024-10-02T08:18:53+00:00","og_image":[{"width":316,"height":1240,"url":"https:\/\/vinoteka-sodcek.si\/wp-content\/uploads\/pavo-belo.jpg","type":"image\/jpeg"}],"twitter_card":"summary_large_image","schema":{"@context":"https:\/\/schema.org","@graph":[{"@type":"WebPage","@id":"https:\/\/vinoteka-sodcek.si\/en\/shop\/wines\/white-wines\/kristancic-pavo-belo\/","url":"https:\/\/vinoteka-sodcek.si\/en\/shop\/wines\/white-wines\/kristancic-pavo-belo\/","name":"[:sl]Pavo belo[:en]Pavo white[:] | Vinoteka Sod\u010dek","isPartOf":{"@id":"https:\/\/vinoteka-sodcek.si\/#website"},"primaryImageOfPage":{"@id":"https:\/\/vinoteka-sodcek.si\/en\/shop\/wines\/white-wines\/kristancic-pavo-belo\/#primaryimage"},"image":{"@id":"https:\/\/vinoteka-sodcek.si\/en\/shop\/wines\/white-wines\/kristancic-pavo-belo\/#primaryimage"},"thumbnailUrl":"https:\/\/vinoteka-sodcek.si\/wp-content\/uploads\/pavo-belo.jpg","datePublished":"2024-03-15T16:20:15+00:00","dateModified":"2024-10-02T08:18:53+00:00","description":"[:sl]Pavo belo Kristan\u010di\u010d je strukturirano vino, kisline in tanini se lepo dopolnjujejo in prispevajo k njegovem zna\u010daju. Saden in bogat.[:en]Pavo belo Kristan\u010di\u010d is a structured wine, the acids and tannins complement each other beautifully and contribute to its character. Fruity and rich.[:]","breadcrumb":{"@id":"https:\/\/vinoteka-sodcek.si\/en\/shop\/wines\/white-wines\/kristancic-pavo-belo\/#breadcrumb"},"inLanguage":"en-US","potentialAction":[{"@type":"ReadAction","target":["https:\/\/vinoteka-sodcek.si\/en\/shop\/wines\/white-wines\/kristancic-pavo-belo\/"]}]},{"@type":"ImageObject","inLanguage":"en-US","@id":"https:\/\/vinoteka-sodcek.si\/en\/shop\/wines\/white-wines\/kristancic-pavo-belo\/#primaryimage","url":"https:\/\/vinoteka-sodcek.si\/wp-content\/uploads\/pavo-belo.jpg","contentUrl":"https:\/\/vinoteka-sodcek.si\/wp-content\/uploads\/pavo-belo.jpg","width":316,"height":1240},{"@type":"BreadcrumbList","@id":"https:\/\/vinoteka-sodcek.si\/en\/shop\/wines\/white-wines\/kristancic-pavo-belo\/#breadcrumb","itemListElement":[{"@type":"ListItem","position":1,"name":"Home","item":"https:\/\/vinoteka-sodcek.si\/en\/"},{"@type":"ListItem","position":2,"name":"Trgovina","item":"https:\/\/vinoteka-sodcek.si\/trgovina\/"},{"@type":"ListItem","position":3,"name":"Pavo white"}]},{"@type":"WebSite","@id":"https:\/\/vinoteka-sodcek.si\/#website","url":"https:\/\/vinoteka-sodcek.si\/","name":"Vinoteka Sod\u010dek","description":"Vinoteka z vrhunskimi vini","publisher":{"@id":"https:\/\/vinoteka-sodcek.si\/#organization"},"potentialAction":[{"@type":"SearchAction","target":{"@type":"EntryPoint","urlTemplate":"https:\/\/vinoteka-sodcek.si\/?s={search_term_string}"},"query-input":"required name=search_term_string"}],"inLanguage":"en-US"},{"@type":"Organization","@id":"https:\/\/vinoteka-sodcek.si\/#organization","name":"Vinoteka Sod\u010dek, Ale\u0161 \u010ceba\u0161ek s.p.","url":"https:\/\/vinoteka-sodcek.si\/","logo":{"@type":"ImageObject","inLanguage":"en-US","@id":"https:\/\/vinoteka-sodcek.si\/#\/schema\/logo\/image\/","url":"https:\/\/beta.vinoteka-sodcek.si\/wp-content\/uploads\/vinoteka-sodcek-logo.png","contentUrl":"https:\/\/beta.vinoteka-sodcek.si\/wp-content\/uploads\/vinoteka-sodcek-logo.png","width":300,"height":90,"caption":"Vinoteka Sod\u010dek, Ale\u0161 \u010ceba\u0161ek s.p."},"image":{"@id":"https:\/\/vinoteka-sodcek.si\/#\/schema\/logo\/image\/"},"sameAs":["https:\/\/www.facebook.com\/vinotekasodcek\/"]}]}},"_links":{"self":[{"href":"https:\/\/vinoteka-sodcek.si\/en\/wp-json\/\/wp\/v2\/product\/255"}],"collection":[{"href":"https:\/\/vinoteka-sodcek.si\/en\/wp-json\/\/wp\/v2\/product"}],"about":[{"href":"https:\/\/vinoteka-sodcek.si\/en\/wp-json\/\/wp\/v2\/types\/product"}],"wp:featuredmedia":[{"embeddable":true,"href":"https:\/\/vinoteka-sodcek.si\/en\/wp-json\/\/wp\/v2\/media\/254"}],"wp:attachment":[{"href":"https:\/\/vinoteka-sodcek.si\/en\/wp-json\/\/wp\/v2\/media?parent=255"}],"wp:term":[{"taxonomy":"product_cat","embeddable":true,"href":"https:\/\/vinoteka-sodcek.si\/en\/wp-json\/\/wp\/v2\/product_cat?post=255"},{"taxonomy":"product_tag","embeddable":true,"href":"https:\/\/vinoteka-sodcek.si\/en\/wp-json\/\/wp\/v2\/product_tag?post=255"}],"curies":[{"name":"wp","href":"https:\/\/api.w.org\/{rel}","templated":true}]}}