{"id":259,"date":"2024-03-15T17:20:15","date_gmt":"2024-03-15T16:20:15","guid":{"rendered":"http:\/\/192.168.64.105\/GitHub\/vinoteka-sodcek\/trgovina\/uncategorized\/kristancic-pavo-chardonnay\/"},"modified":"2024-10-02T08:52:10","modified_gmt":"2024-10-02T07:52:10","slug":"kristancic-pavo-chardonnay","status":"publish","type":"product","link":"https:\/\/vinoteka-sodcek.si\/en\/shop\/wines\/white-wines\/kristancic-pavo-chardonnay\/","title":{"rendered":"Pavo Chardonnay"},"content":{"rendered":"<p>Only with the best vintages from an older vineyard. After the harvest and fermentation, the wine is aged for about 2 years in 225l. barriques, at least half of which are new.<\/p>\n<p>The wine has a yellowish straw appearance with frequent golden hues. The tears on the side of the glass speak of a wine with backbone. Dried fruits and smoke from roasted meat with a hint of white pepper dominate the nose. On the palate it is very juicy, harmonious, round and vanilla-like. The aftertaste of citrus fruits and dried orange peel is more than seductive and full of freshness. The taste is soft and pleasant.<\/p>\n","protected":false},"excerpt":{"rendered":"<p>Only with the best vintages from an older vineyard. After the harvest and fermentation, the wine is aged for about 2 years in 225l. barriques, at least half of which are&#8230;<\/p>\n","protected":false},"featured_media":258,"template":"","meta":[],"product_cat":[19],"product_tag":[],"acf":[],"yoast_head":"<!-- This site is optimized with the Yoast SEO plugin v22.2 - https:\/\/yoast.com\/wordpress\/plugins\/seo\/ -->\n<title>Pavo Chardonnay | Vinoteka Sod\u010dek<\/title>\n<meta name=\"description\" content=\"Pavo Chardonnay has a yellowish straw appearance with frequent golden hues. The teardrops on the side of the glass speak of a wine with backbone.\" \/>\n<meta name=\"robots\" content=\"index, follow, max-snippet:-1, max-image-preview:large, max-video-preview:-1\" \/>\n<meta property=\"og:locale\" content=\"en_US\" \/>\n<meta property=\"og:type\" content=\"article\" \/>\n<meta property=\"og:title\" content=\"Pavo Chardonnay\" \/>\n<meta property=\"og:description\" content=\"Pavo Chardonnay has a yellowish straw appearance with frequent golden hues. The teardrops on the side of the glass speak of a wine with backbone.\" \/>\n<meta property=\"og:url\" content=\"https:\/\/vinoteka-sodcek.si\/en\/shop\/wines\/white-wines\/kristancic-pavo-chardonnay\/\" \/>\n<meta property=\"og:site_name\" content=\"Vinoteka Sod\u010dek\" \/>\n<meta property=\"article:publisher\" content=\"https:\/\/www.facebook.com\/vinotekasodcek\/\" \/>\n<meta property=\"article:modified_time\" content=\"2024-10-02T07:52:10+00:00\" \/>\n<meta property=\"og:image\" content=\"https:\/\/vinoteka-sodcek.si\/wp-content\/uploads\/Pavo-chardonnay.jpg\" \/>\n\t<meta property=\"og:image:width\" content=\"190\" \/>\n\t<meta property=\"og:image:height\" content=\"670\" \/>\n\t<meta property=\"og:image:type\" content=\"image\/jpeg\" \/>\n<meta name=\"twitter:card\" content=\"summary_large_image\" \/>\n<!-- \/ Yoast SEO plugin. -->","yoast_head_json":{"title":"Pavo Chardonnay | Vinoteka Sod\u010dek","description":"[:sl]Pavo Chardonnay odlikuje rumenkasto slamnat videz s pogostimi zlatimi odtenki. Solzice na steni kozarca govorijo o vinu s hrbtenico. Suho sadje in dim.[:en]Pavo Chardonnay has a yellowish straw appearance with frequent golden hues. The teardrops on the side of the glass speak of a wine with backbone.[:]","robots":{"index":"index","follow":"follow","max-snippet":"max-snippet:-1","max-image-preview":"max-image-preview:large","max-video-preview":"max-video-preview:-1"},"og_locale":"en_US","og_type":"article","og_title":"[:sl]Pavo Chardonnay[:en]Pavo Chardonnay[:] | Vinoteka Sod\u010dek","og_description":"[:sl]Pavo Chardonnay odlikuje rumenkasto slamnat videz s pogostimi zlatimi odtenki. Solzice na steni kozarca govorijo o vinu s hrbtenico. Suho sadje in dim.[:en]Pavo Chardonnay has a yellowish straw appearance with frequent golden hues. The teardrops on the side of the glass speak of a wine with backbone.[:]","og_url":"https:\/\/vinoteka-sodcek.si\/en\/shop\/wines\/white-wines\/kristancic-pavo-chardonnay\/","og_site_name":"Vinoteka Sod\u010dek","article_publisher":"https:\/\/www.facebook.com\/vinotekasodcek\/","article_modified_time":"2024-10-02T07:52:10+00:00","og_image":[{"width":190,"height":670,"url":"https:\/\/vinoteka-sodcek.si\/wp-content\/uploads\/Pavo-chardonnay.jpg","type":"image\/jpeg"}],"twitter_card":"summary_large_image","schema":{"@context":"https:\/\/schema.org","@graph":[{"@type":"WebPage","@id":"https:\/\/vinoteka-sodcek.si\/en\/shop\/wines\/white-wines\/kristancic-pavo-chardonnay\/","url":"https:\/\/vinoteka-sodcek.si\/en\/shop\/wines\/white-wines\/kristancic-pavo-chardonnay\/","name":"[:sl]Pavo Chardonnay[:en]Pavo Chardonnay[:] | Vinoteka Sod\u010dek","isPartOf":{"@id":"https:\/\/vinoteka-sodcek.si\/#website"},"primaryImageOfPage":{"@id":"https:\/\/vinoteka-sodcek.si\/en\/shop\/wines\/white-wines\/kristancic-pavo-chardonnay\/#primaryimage"},"image":{"@id":"https:\/\/vinoteka-sodcek.si\/en\/shop\/wines\/white-wines\/kristancic-pavo-chardonnay\/#primaryimage"},"thumbnailUrl":"https:\/\/vinoteka-sodcek.si\/wp-content\/uploads\/Pavo-chardonnay.jpg","datePublished":"2024-03-15T16:20:15+00:00","dateModified":"2024-10-02T07:52:10+00:00","description":"[:sl]Pavo Chardonnay odlikuje rumenkasto slamnat videz s pogostimi zlatimi odtenki. Solzice na steni kozarca govorijo o vinu s hrbtenico. Suho sadje in dim.[:en]Pavo Chardonnay has a yellowish straw appearance with frequent golden hues. The teardrops on the side of the glass speak of a wine with backbone.[:]","breadcrumb":{"@id":"https:\/\/vinoteka-sodcek.si\/en\/shop\/wines\/white-wines\/kristancic-pavo-chardonnay\/#breadcrumb"},"inLanguage":"en-US","potentialAction":[{"@type":"ReadAction","target":["https:\/\/vinoteka-sodcek.si\/en\/shop\/wines\/white-wines\/kristancic-pavo-chardonnay\/"]}]},{"@type":"ImageObject","inLanguage":"en-US","@id":"https:\/\/vinoteka-sodcek.si\/en\/shop\/wines\/white-wines\/kristancic-pavo-chardonnay\/#primaryimage","url":"https:\/\/vinoteka-sodcek.si\/wp-content\/uploads\/Pavo-chardonnay.jpg","contentUrl":"https:\/\/vinoteka-sodcek.si\/wp-content\/uploads\/Pavo-chardonnay.jpg","width":190,"height":670},{"@type":"BreadcrumbList","@id":"https:\/\/vinoteka-sodcek.si\/en\/shop\/wines\/white-wines\/kristancic-pavo-chardonnay\/#breadcrumb","itemListElement":[{"@type":"ListItem","position":1,"name":"Home","item":"https:\/\/vinoteka-sodcek.si\/en\/"},{"@type":"ListItem","position":2,"name":"Trgovina","item":"https:\/\/vinoteka-sodcek.si\/trgovina\/"},{"@type":"ListItem","position":3,"name":"Pavo Chardonnay"}]},{"@type":"WebSite","@id":"https:\/\/vinoteka-sodcek.si\/#website","url":"https:\/\/vinoteka-sodcek.si\/","name":"Vinoteka Sod\u010dek","description":"Vinoteka z vrhunskimi vini","publisher":{"@id":"https:\/\/vinoteka-sodcek.si\/#organization"},"potentialAction":[{"@type":"SearchAction","target":{"@type":"EntryPoint","urlTemplate":"https:\/\/vinoteka-sodcek.si\/?s={search_term_string}"},"query-input":"required name=search_term_string"}],"inLanguage":"en-US"},{"@type":"Organization","@id":"https:\/\/vinoteka-sodcek.si\/#organization","name":"Vinoteka Sod\u010dek, Ale\u0161 \u010ceba\u0161ek s.p.","url":"https:\/\/vinoteka-sodcek.si\/","logo":{"@type":"ImageObject","inLanguage":"en-US","@id":"https:\/\/vinoteka-sodcek.si\/#\/schema\/logo\/image\/","url":"https:\/\/beta.vinoteka-sodcek.si\/wp-content\/uploads\/vinoteka-sodcek-logo.png","contentUrl":"https:\/\/beta.vinoteka-sodcek.si\/wp-content\/uploads\/vinoteka-sodcek-logo.png","width":300,"height":90,"caption":"Vinoteka Sod\u010dek, Ale\u0161 \u010ceba\u0161ek s.p."},"image":{"@id":"https:\/\/vinoteka-sodcek.si\/#\/schema\/logo\/image\/"},"sameAs":["https:\/\/www.facebook.com\/vinotekasodcek\/"]}]}},"_links":{"self":[{"href":"https:\/\/vinoteka-sodcek.si\/en\/wp-json\/\/wp\/v2\/product\/259"}],"collection":[{"href":"https:\/\/vinoteka-sodcek.si\/en\/wp-json\/\/wp\/v2\/product"}],"about":[{"href":"https:\/\/vinoteka-sodcek.si\/en\/wp-json\/\/wp\/v2\/types\/product"}],"wp:featuredmedia":[{"embeddable":true,"href":"https:\/\/vinoteka-sodcek.si\/en\/wp-json\/\/wp\/v2\/media\/258"}],"wp:attachment":[{"href":"https:\/\/vinoteka-sodcek.si\/en\/wp-json\/\/wp\/v2\/media?parent=259"}],"wp:term":[{"taxonomy":"product_cat","embeddable":true,"href":"https:\/\/vinoteka-sodcek.si\/en\/wp-json\/\/wp\/v2\/product_cat?post=259"},{"taxonomy":"product_tag","embeddable":true,"href":"https:\/\/vinoteka-sodcek.si\/en\/wp-json\/\/wp\/v2\/product_tag?post=259"}],"curies":[{"name":"wp","href":"https:\/\/api.w.org\/{rel}","templated":true}]}}