{"id":2617,"date":"2025-05-06T17:09:41","date_gmt":"2025-05-06T16:09:41","guid":{"rendered":"https:\/\/vinoteka-sodcek.si\/?post_type=product&#038;p=2617"},"modified":"2025-05-12T12:34:13","modified_gmt":"2025-05-12T11:34:13","slug":"pullus-aeternalis","status":"publish","type":"product","link":"https:\/\/vinoteka-sodcek.si\/en\/shop\/wines\/white-wines\/pullus-aeternalis\/","title":{"rendered":"Aeternalis"},"content":{"rendered":"<p>After the harvest of perfectly healthy grapes, the wine was macerated for a longer period and then matured in French oak barrels.<\/p>\n<p>It has a deep golden, slightly amber colour. On the nose, there are spices and herbal notes, wet stone, overripe stone fruit and, in shades, secondary notes reminiscent of a delicate hint of bread crust and butter. On the palate, the minerality and complexity of the wine itself are surprising. Slightly perceptible spices are interwoven with herbal notes throughout, and there is no shortage of autolytic notes, accompanied by beautifully integrated tannins from start to finish. Very mineral.<\/p>\n<p>&nbsp;<\/p>\n","protected":false},"excerpt":{"rendered":"<p>After the harvest of perfectly healthy grapes, the wine was macerated for a longer period and then matured in French oak barrels. It has a deep golden, slightly amber colour. On&#8230;<\/p>\n","protected":false},"featured_media":2629,"template":"","meta":[],"product_cat":[19,23],"product_tag":[],"acf":[],"yoast_head":"<!-- This site is optimized with the Yoast SEO plugin v22.2 - https:\/\/yoast.com\/wordpress\/plugins\/seo\/ -->\n<title>Aeternalis | Vinoteka Sod\u010dek<\/title>\n<meta name=\"description\" content=\"Aerternalis Pullus is a deep gold, slightly amber colour. On the nose there are spices and herbal notes, wet stone, overripe stone fruit.\" \/>\n<meta name=\"robots\" content=\"index, follow, max-snippet:-1, max-image-preview:large, max-video-preview:-1\" \/>\n<meta property=\"og:locale\" content=\"en_US\" \/>\n<meta property=\"og:type\" content=\"article\" \/>\n<meta property=\"og:title\" content=\"Aeternalis\" \/>\n<meta property=\"og:description\" content=\"Aerternalis Pullus is a deep gold, slightly amber colour. On the nose there are spices and herbal notes, wet stone, overripe stone fruit.\" \/>\n<meta property=\"og:url\" content=\"https:\/\/vinoteka-sodcek.si\/en\/shop\/wines\/white-wines\/pullus-aeternalis\/\" \/>\n<meta property=\"og:site_name\" content=\"Vinoteka Sod\u010dek\" \/>\n<meta property=\"article:publisher\" content=\"https:\/\/www.facebook.com\/vinotekasodcek\/\" \/>\n<meta property=\"article:modified_time\" content=\"2025-05-12T11:34:13+00:00\" \/>\n<meta property=\"og:image\" content=\"https:\/\/vinoteka-sodcek.si\/wp-content\/uploads\/Laski-rizling-ptujskaklet.jpg\" \/>\n\t<meta property=\"og:image:width\" content=\"170\" \/>\n\t<meta property=\"og:image:height\" content=\"556\" \/>\n\t<meta property=\"og:image:type\" content=\"image\/jpeg\" \/>\n<meta name=\"twitter:card\" content=\"summary_large_image\" \/>\n<!-- \/ Yoast SEO plugin. -->","yoast_head_json":{"title":"Aeternalis | Vinoteka Sod\u010dek","description":"[:sl]Aerternalis Pullus je globoke zlate, rahlo jantarne barve. Na vonju zaznavne za\u010dimbe ter herbalne note, moker kamen, prezrelo ko\u0161\u010di\u010dasto sadje.[:en]Aerternalis Pullus is a deep gold, slightly amber colour. On the nose there are spices and herbal notes, wet stone, overripe stone fruit.[:]","robots":{"index":"index","follow":"follow","max-snippet":"max-snippet:-1","max-image-preview":"max-image-preview:large","max-video-preview":"max-video-preview:-1"},"og_locale":"en_US","og_type":"article","og_title":"[:sl]Aeternalis[:en]Aeternalis[:] | Vinoteka Sod\u010dek","og_description":"[:sl]Aerternalis Pullus je globoke zlate, rahlo jantarne barve. Na vonju zaznavne za\u010dimbe ter herbalne note, moker kamen, prezrelo ko\u0161\u010di\u010dasto sadje.[:en]Aerternalis Pullus is a deep gold, slightly amber colour. On the nose there are spices and herbal notes, wet stone, overripe stone fruit.[:]","og_url":"https:\/\/vinoteka-sodcek.si\/en\/shop\/wines\/white-wines\/pullus-aeternalis\/","og_site_name":"Vinoteka Sod\u010dek","article_publisher":"https:\/\/www.facebook.com\/vinotekasodcek\/","article_modified_time":"2025-05-12T11:34:13+00:00","og_image":[{"width":170,"height":556,"url":"https:\/\/vinoteka-sodcek.si\/wp-content\/uploads\/Laski-rizling-ptujskaklet.jpg","type":"image\/jpeg"}],"twitter_card":"summary_large_image","schema":{"@context":"https:\/\/schema.org","@graph":[{"@type":"WebPage","@id":"https:\/\/vinoteka-sodcek.si\/en\/shop\/wines\/white-wines\/pullus-aeternalis\/","url":"https:\/\/vinoteka-sodcek.si\/en\/shop\/wines\/white-wines\/pullus-aeternalis\/","name":"[:sl]Aeternalis[:en]Aeternalis[:] | Vinoteka Sod\u010dek","isPartOf":{"@id":"https:\/\/vinoteka-sodcek.si\/#website"},"primaryImageOfPage":{"@id":"https:\/\/vinoteka-sodcek.si\/en\/shop\/wines\/white-wines\/pullus-aeternalis\/#primaryimage"},"image":{"@id":"https:\/\/vinoteka-sodcek.si\/en\/shop\/wines\/white-wines\/pullus-aeternalis\/#primaryimage"},"thumbnailUrl":"https:\/\/vinoteka-sodcek.si\/wp-content\/uploads\/Laski-rizling-ptujskaklet.jpg","datePublished":"2025-05-06T16:09:41+00:00","dateModified":"2025-05-12T11:34:13+00:00","description":"[:sl]Aerternalis Pullus je globoke zlate, rahlo jantarne barve. Na vonju zaznavne za\u010dimbe ter herbalne note, moker kamen, prezrelo ko\u0161\u010di\u010dasto sadje.[:en]Aerternalis Pullus is a deep gold, slightly amber colour. On the nose there are spices and herbal notes, wet stone, overripe stone fruit.[:]","breadcrumb":{"@id":"https:\/\/vinoteka-sodcek.si\/en\/shop\/wines\/white-wines\/pullus-aeternalis\/#breadcrumb"},"inLanguage":"en-US","potentialAction":[{"@type":"ReadAction","target":["https:\/\/vinoteka-sodcek.si\/en\/shop\/wines\/white-wines\/pullus-aeternalis\/"]}]},{"@type":"ImageObject","inLanguage":"en-US","@id":"https:\/\/vinoteka-sodcek.si\/en\/shop\/wines\/white-wines\/pullus-aeternalis\/#primaryimage","url":"https:\/\/vinoteka-sodcek.si\/wp-content\/uploads\/Laski-rizling-ptujskaklet.jpg","contentUrl":"https:\/\/vinoteka-sodcek.si\/wp-content\/uploads\/Laski-rizling-ptujskaklet.jpg","width":170,"height":556},{"@type":"BreadcrumbList","@id":"https:\/\/vinoteka-sodcek.si\/en\/shop\/wines\/white-wines\/pullus-aeternalis\/#breadcrumb","itemListElement":[{"@type":"ListItem","position":1,"name":"Home","item":"https:\/\/vinoteka-sodcek.si\/en\/"},{"@type":"ListItem","position":2,"name":"Trgovina","item":"https:\/\/vinoteka-sodcek.si\/trgovina\/"},{"@type":"ListItem","position":3,"name":"Aeternalis"}]},{"@type":"WebSite","@id":"https:\/\/vinoteka-sodcek.si\/#website","url":"https:\/\/vinoteka-sodcek.si\/","name":"Vinoteka Sod\u010dek","description":"Vinoteka z vrhunskimi vini","publisher":{"@id":"https:\/\/vinoteka-sodcek.si\/#organization"},"potentialAction":[{"@type":"SearchAction","target":{"@type":"EntryPoint","urlTemplate":"https:\/\/vinoteka-sodcek.si\/?s={search_term_string}"},"query-input":"required name=search_term_string"}],"inLanguage":"en-US"},{"@type":"Organization","@id":"https:\/\/vinoteka-sodcek.si\/#organization","name":"Vinoteka Sod\u010dek, Ale\u0161 \u010ceba\u0161ek s.p.","url":"https:\/\/vinoteka-sodcek.si\/","logo":{"@type":"ImageObject","inLanguage":"en-US","@id":"https:\/\/vinoteka-sodcek.si\/#\/schema\/logo\/image\/","url":"https:\/\/beta.vinoteka-sodcek.si\/wp-content\/uploads\/vinoteka-sodcek-logo.png","contentUrl":"https:\/\/beta.vinoteka-sodcek.si\/wp-content\/uploads\/vinoteka-sodcek-logo.png","width":300,"height":90,"caption":"Vinoteka Sod\u010dek, Ale\u0161 \u010ceba\u0161ek s.p."},"image":{"@id":"https:\/\/vinoteka-sodcek.si\/#\/schema\/logo\/image\/"},"sameAs":["https:\/\/www.facebook.com\/vinotekasodcek\/"]}]}},"_links":{"self":[{"href":"https:\/\/vinoteka-sodcek.si\/en\/wp-json\/\/wp\/v2\/product\/2617"}],"collection":[{"href":"https:\/\/vinoteka-sodcek.si\/en\/wp-json\/\/wp\/v2\/product"}],"about":[{"href":"https:\/\/vinoteka-sodcek.si\/en\/wp-json\/\/wp\/v2\/types\/product"}],"wp:featuredmedia":[{"embeddable":true,"href":"https:\/\/vinoteka-sodcek.si\/en\/wp-json\/\/wp\/v2\/media\/2629"}],"wp:attachment":[{"href":"https:\/\/vinoteka-sodcek.si\/en\/wp-json\/\/wp\/v2\/media?parent=2617"}],"wp:term":[{"taxonomy":"product_cat","embeddable":true,"href":"https:\/\/vinoteka-sodcek.si\/en\/wp-json\/\/wp\/v2\/product_cat?post=2617"},{"taxonomy":"product_tag","embeddable":true,"href":"https:\/\/vinoteka-sodcek.si\/en\/wp-json\/\/wp\/v2\/product_tag?post=2617"}],"curies":[{"name":"wp","href":"https:\/\/api.w.org\/{rel}","templated":true}]}}