{"id":265,"date":"2024-03-15T17:20:15","date_gmt":"2024-03-15T16:20:15","guid":{"rendered":"http:\/\/192.168.64.105\/GitHub\/vinoteka-sodcek\/trgovina\/uncategorized\/kristancic-pavo-cristatus\/"},"modified":"2025-08-04T10:44:56","modified_gmt":"2025-08-04T09:44:56","slug":"kristancic-pavo-cristatus","status":"publish","type":"product","link":"https:\/\/vinoteka-sodcek.si\/en\/shop\/wines\/sparkling-wines\/kristancic-pavo-cristatus\/","title":{"rendered":"Pavo Cristatus"},"content":{"rendered":"<p>The classic method. At least 36 months on yeast.<\/p>\n<p>It is golden yellow with\u00a0green tints. The initially lively foam quickly subsides and continues into a lively chain of extremely fine pearls. The sparkling wine surprises with its initial behaviour in the glass, which indicates its seriousness, maturity and fullness. The bouquet is bouncy, with a pronounced citrus note, mainly lemon and lime, but also green apples and vineyard peaches. On the palate, it delights with a pleasant softness and freshness (acidity) that lasts long into the aftertaste, when the fruity notes, intertwined in an explosion of bubbles, become even more pronounced.<\/p>\n","protected":false},"excerpt":{"rendered":"<p>The classic method. At least 36 months on yeast. It is golden yellow with\u00a0green tints. The initially lively foam quickly subsides and continues into a lively chain of extremely fine pearls&#8230;.<\/p>\n","protected":false},"featured_media":2745,"template":"","meta":[],"product_cat":[22],"product_tag":[],"acf":[],"yoast_head":"<!-- This site is optimized with the Yoast SEO plugin v22.2 - https:\/\/yoast.com\/wordpress\/plugins\/seo\/ -->\n<title>Pavo Cristatus | Vinoteka Sod\u010dek<\/title>\n<meta name=\"description\" content=\"Penina Pavo Cristatus Kristan\u010di\u010d is golden yellow with subtle green tints. The vibrant foam quickly subsides and continues into a lively chain of bubbles.\" \/>\n<meta name=\"robots\" content=\"index, follow, max-snippet:-1, max-image-preview:large, max-video-preview:-1\" \/>\n<meta property=\"og:locale\" content=\"en_US\" \/>\n<meta property=\"og:type\" content=\"article\" \/>\n<meta property=\"og:title\" content=\"Pavo Cristatus\" \/>\n<meta property=\"og:description\" content=\"Penina Pavo Cristatus Kristan\u010di\u010d is golden yellow with subtle green tints. The vibrant foam quickly subsides and continues into a lively chain of bubbles.\" \/>\n<meta property=\"og:url\" content=\"https:\/\/vinoteka-sodcek.si\/en\/shop\/wines\/sparkling-wines\/kristancic-pavo-cristatus\/\" \/>\n<meta property=\"og:site_name\" content=\"Vinoteka Sod\u010dek\" \/>\n<meta property=\"article:publisher\" content=\"https:\/\/www.facebook.com\/vinotekasodcek\/\" \/>\n<meta property=\"article:modified_time\" content=\"2025-08-04T09:44:56+00:00\" \/>\n<meta property=\"og:image\" content=\"https:\/\/vinoteka-sodcek.si\/wp-content\/uploads\/kristancic-critatuts.jpg\" \/>\n\t<meta property=\"og:image:width\" content=\"198\" \/>\n\t<meta property=\"og:image:height\" content=\"680\" \/>\n\t<meta property=\"og:image:type\" content=\"image\/jpeg\" \/>\n<meta name=\"twitter:card\" content=\"summary_large_image\" \/>\n<!-- \/ Yoast SEO plugin. -->","yoast_head_json":{"title":"Pavo Cristatus | Vinoteka Sod\u010dek","description":"[:sl]Penina Pavo Cristatus Kristan\u010di\u010d je zlato rumene barve z ne\u017enimi zelenimi odtenki. \u017divahna pena se hitro umiri in nadaljuje v \u017eivahno veri\u017eenje mehur\u010dkov.[:en]Penina Pavo Cristatus Kristan\u010di\u010d is golden yellow with subtle green tints. The vibrant foam quickly subsides and continues into a lively chain of bubbles.[:]","robots":{"index":"index","follow":"follow","max-snippet":"max-snippet:-1","max-image-preview":"max-image-preview:large","max-video-preview":"max-video-preview:-1"},"og_locale":"en_US","og_type":"article","og_title":"[:sl]Pavo Cristatus[:en]Pavo Cristatus[:] | Vinoteka Sod\u010dek","og_description":"[:sl]Penina Pavo Cristatus Kristan\u010di\u010d je zlato rumene barve z ne\u017enimi zelenimi odtenki. \u017divahna pena se hitro umiri in nadaljuje v \u017eivahno veri\u017eenje mehur\u010dkov.[:en]Penina Pavo Cristatus Kristan\u010di\u010d is golden yellow with subtle green tints. The vibrant foam quickly subsides and continues into a lively chain of bubbles.[:]","og_url":"https:\/\/vinoteka-sodcek.si\/en\/shop\/wines\/sparkling-wines\/kristancic-pavo-cristatus\/","og_site_name":"Vinoteka Sod\u010dek","article_publisher":"https:\/\/www.facebook.com\/vinotekasodcek\/","article_modified_time":"2025-08-04T09:44:56+00:00","og_image":[{"width":198,"height":680,"url":"https:\/\/vinoteka-sodcek.si\/wp-content\/uploads\/kristancic-critatuts.jpg","type":"image\/jpeg"}],"twitter_card":"summary_large_image","schema":{"@context":"https:\/\/schema.org","@graph":[{"@type":"WebPage","@id":"https:\/\/vinoteka-sodcek.si\/trgovina\/vina\/peneca-vina\/kristancic-pavo-cristatus\/","url":"https:\/\/vinoteka-sodcek.si\/trgovina\/vina\/peneca-vina\/kristancic-pavo-cristatus\/","name":"[:sl]Pavo Cristatus[:en]Pavo Cristatus[:] | Vinoteka Sod\u010dek","isPartOf":{"@id":"https:\/\/vinoteka-sodcek.si\/#website"},"primaryImageOfPage":{"@id":"https:\/\/vinoteka-sodcek.si\/trgovina\/vina\/peneca-vina\/kristancic-pavo-cristatus\/#primaryimage"},"image":{"@id":"https:\/\/vinoteka-sodcek.si\/trgovina\/vina\/peneca-vina\/kristancic-pavo-cristatus\/#primaryimage"},"thumbnailUrl":"https:\/\/vinoteka-sodcek.si\/wp-content\/uploads\/kristancic-critatuts.jpg","datePublished":"2024-03-15T16:20:15+00:00","dateModified":"2025-08-04T09:44:56+00:00","description":"[:sl]Penina Pavo Cristatus Kristan\u010di\u010d je zlato rumene barve z ne\u017enimi zelenimi odtenki. \u017divahna pena se hitro umiri in nadaljuje v \u017eivahno veri\u017eenje mehur\u010dkov.[:en]Penina Pavo Cristatus Kristan\u010di\u010d is golden yellow with subtle green tints. The vibrant foam quickly subsides and continues into a lively chain of bubbles.[:]","breadcrumb":{"@id":"https:\/\/vinoteka-sodcek.si\/trgovina\/vina\/peneca-vina\/kristancic-pavo-cristatus\/#breadcrumb"},"inLanguage":"en-US","potentialAction":[{"@type":"ReadAction","target":["https:\/\/vinoteka-sodcek.si\/trgovina\/vina\/peneca-vina\/kristancic-pavo-cristatus\/"]}]},{"@type":"ImageObject","inLanguage":"en-US","@id":"https:\/\/vinoteka-sodcek.si\/trgovina\/vina\/peneca-vina\/kristancic-pavo-cristatus\/#primaryimage","url":"https:\/\/vinoteka-sodcek.si\/wp-content\/uploads\/kristancic-critatuts.jpg","contentUrl":"https:\/\/vinoteka-sodcek.si\/wp-content\/uploads\/kristancic-critatuts.jpg","width":198,"height":680},{"@type":"BreadcrumbList","@id":"https:\/\/vinoteka-sodcek.si\/trgovina\/vina\/peneca-vina\/kristancic-pavo-cristatus\/#breadcrumb","itemListElement":[{"@type":"ListItem","position":1,"name":"Home","item":"https:\/\/vinoteka-sodcek.si\/en\/"},{"@type":"ListItem","position":2,"name":"Trgovina","item":"https:\/\/vinoteka-sodcek.si\/trgovina\/"},{"@type":"ListItem","position":3,"name":"Pavo Cristatus"}]},{"@type":"WebSite","@id":"https:\/\/vinoteka-sodcek.si\/#website","url":"https:\/\/vinoteka-sodcek.si\/","name":"Vinoteka Sod\u010dek","description":"Vinoteka z vrhunskimi vini","publisher":{"@id":"https:\/\/vinoteka-sodcek.si\/#organization"},"potentialAction":[{"@type":"SearchAction","target":{"@type":"EntryPoint","urlTemplate":"https:\/\/vinoteka-sodcek.si\/?s={search_term_string}"},"query-input":"required name=search_term_string"}],"inLanguage":"en-US"},{"@type":"Organization","@id":"https:\/\/vinoteka-sodcek.si\/#organization","name":"Vinoteka Sod\u010dek, Ale\u0161 \u010ceba\u0161ek s.p.","url":"https:\/\/vinoteka-sodcek.si\/","logo":{"@type":"ImageObject","inLanguage":"en-US","@id":"https:\/\/vinoteka-sodcek.si\/#\/schema\/logo\/image\/","url":"https:\/\/beta.vinoteka-sodcek.si\/wp-content\/uploads\/vinoteka-sodcek-logo.png","contentUrl":"https:\/\/beta.vinoteka-sodcek.si\/wp-content\/uploads\/vinoteka-sodcek-logo.png","width":300,"height":90,"caption":"Vinoteka Sod\u010dek, Ale\u0161 \u010ceba\u0161ek s.p."},"image":{"@id":"https:\/\/vinoteka-sodcek.si\/#\/schema\/logo\/image\/"},"sameAs":["https:\/\/www.facebook.com\/vinotekasodcek\/"]}]}},"_links":{"self":[{"href":"https:\/\/vinoteka-sodcek.si\/en\/wp-json\/\/wp\/v2\/product\/265"}],"collection":[{"href":"https:\/\/vinoteka-sodcek.si\/en\/wp-json\/\/wp\/v2\/product"}],"about":[{"href":"https:\/\/vinoteka-sodcek.si\/en\/wp-json\/\/wp\/v2\/types\/product"}],"wp:featuredmedia":[{"embeddable":true,"href":"https:\/\/vinoteka-sodcek.si\/en\/wp-json\/\/wp\/v2\/media\/2745"}],"wp:attachment":[{"href":"https:\/\/vinoteka-sodcek.si\/en\/wp-json\/\/wp\/v2\/media?parent=265"}],"wp:term":[{"taxonomy":"product_cat","embeddable":true,"href":"https:\/\/vinoteka-sodcek.si\/en\/wp-json\/\/wp\/v2\/product_cat?post=265"},{"taxonomy":"product_tag","embeddable":true,"href":"https:\/\/vinoteka-sodcek.si\/en\/wp-json\/\/wp\/v2\/product_tag?post=265"}],"curies":[{"name":"wp","href":"https:\/\/api.w.org\/{rel}","templated":true}]}}