{"id":267,"date":"2024-03-15T17:20:15","date_gmt":"2024-03-15T16:20:15","guid":{"rendered":"http:\/\/192.168.64.105\/GitHub\/vinoteka-sodcek\/trgovina\/uncategorized\/kristancic-pavo-merlot\/"},"modified":"2024-10-02T09:03:00","modified_gmt":"2024-10-02T08:03:00","slug":"kristancic-pavo-merlot","status":"publish","type":"product","link":"https:\/\/vinoteka-sodcek.si\/en\/shop\/wines\/red-wines\/kristancic-pavo-merlot\/","title":{"rendered":"Pavo Merlot"},"content":{"rendered":"<p>This Merlot comes from their oldest and best vineyards. After fermentation, it is aged for 24 months in barrique casks, mostly new.<\/p>\n<p>The wine has a deep ruby colour. The bouquet is intense and youthful. It smells of blackberries, strawberries, a little roasted, charred and spicy. On the palate, the wine is dry, ripe, bold, with plenty of tannins but softened. The mouth-feel is, like the flower, spicy. A bold, tidy and balanced wine with a long aftertaste accompanied by vanilla.<\/p>\n<p>When you are looking for fullness and complexity combined with elegance and finesse of flavour.<\/p>\n","protected":false},"excerpt":{"rendered":"<p>This Merlot comes from their oldest and best vineyards. After fermentation, it is aged for 24 months in barrique casks, mostly new. The wine has a deep ruby colour. The bouquet&#8230;<\/p>\n","protected":false},"featured_media":266,"template":"","meta":[],"product_cat":[20],"product_tag":[],"acf":[],"yoast_head":"<!-- This site is optimized with the Yoast SEO plugin v22.2 - https:\/\/yoast.com\/wordpress\/plugins\/seo\/ -->\n<title>Pavo Merlot | Vinoteka Sod\u010dek<\/title>\n<meta name=\"description\" content=\"Pavo Merlot Kristan\u010di\u010di is a deep ruby colour. The flower is intense and youthful. It smells of blackberries, strawberries. Burnt and spicy.\" \/>\n<meta name=\"robots\" content=\"index, follow, max-snippet:-1, max-image-preview:large, max-video-preview:-1\" \/>\n<meta property=\"og:locale\" content=\"en_US\" \/>\n<meta property=\"og:type\" content=\"article\" \/>\n<meta property=\"og:title\" content=\"Pavo Merlot\" \/>\n<meta property=\"og:description\" content=\"Pavo Merlot Kristan\u010di\u010di is a deep ruby colour. The flower is intense and youthful. It smells of blackberries, strawberries. Burnt and spicy.\" \/>\n<meta property=\"og:url\" content=\"https:\/\/vinoteka-sodcek.si\/en\/shop\/wines\/red-wines\/kristancic-pavo-merlot\/\" \/>\n<meta property=\"og:site_name\" content=\"Vinoteka Sod\u010dek\" \/>\n<meta property=\"article:publisher\" content=\"https:\/\/www.facebook.com\/vinotekasodcek\/\" \/>\n<meta property=\"article:modified_time\" content=\"2024-10-02T08:03:00+00:00\" \/>\n<meta property=\"og:image\" content=\"https:\/\/vinoteka-sodcek.si\/wp-content\/uploads\/Pavo-merlot.jpg\" \/>\n\t<meta property=\"og:image:width\" content=\"199\" \/>\n\t<meta property=\"og:image:height\" content=\"727\" \/>\n\t<meta property=\"og:image:type\" content=\"image\/jpeg\" \/>\n<meta name=\"twitter:card\" content=\"summary_large_image\" \/>\n<!-- \/ Yoast SEO plugin. -->","yoast_head_json":{"title":"Pavo Merlot | Vinoteka Sod\u010dek","description":"[:sl]Pavo Merlot Kristan\u010di\u010d je globoke rubinaste barve. Cvetica je intenzivna in mladostna. Di\u0161i po robidah, jagodah, malce po pra\u017eenem, o\u017eganem in pikantno.[:en]Pavo Merlot Kristan\u010di\u010di is a deep ruby colour. The flower is intense and youthful. It smells of blackberries, strawberries. Burnt and spicy.[:]","robots":{"index":"index","follow":"follow","max-snippet":"max-snippet:-1","max-image-preview":"max-image-preview:large","max-video-preview":"max-video-preview:-1"},"og_locale":"en_US","og_type":"article","og_title":"[:sl]Pavo Merlot[:en]Pavo Merlot[:] | Vinoteka Sod\u010dek","og_description":"[:sl]Pavo Merlot Kristan\u010di\u010d je globoke rubinaste barve. Cvetica je intenzivna in mladostna. Di\u0161i po robidah, jagodah, malce po pra\u017eenem, o\u017eganem in pikantno.[:en]Pavo Merlot Kristan\u010di\u010di is a deep ruby colour. The flower is intense and youthful. It smells of blackberries, strawberries. Burnt and spicy.[:]","og_url":"https:\/\/vinoteka-sodcek.si\/en\/shop\/wines\/red-wines\/kristancic-pavo-merlot\/","og_site_name":"Vinoteka Sod\u010dek","article_publisher":"https:\/\/www.facebook.com\/vinotekasodcek\/","article_modified_time":"2024-10-02T08:03:00+00:00","og_image":[{"width":199,"height":727,"url":"https:\/\/vinoteka-sodcek.si\/wp-content\/uploads\/Pavo-merlot.jpg","type":"image\/jpeg"}],"twitter_card":"summary_large_image","schema":{"@context":"https:\/\/schema.org","@graph":[{"@type":"WebPage","@id":"https:\/\/vinoteka-sodcek.si\/en\/shop\/wines\/red-wines\/kristancic-pavo-merlot\/","url":"https:\/\/vinoteka-sodcek.si\/en\/shop\/wines\/red-wines\/kristancic-pavo-merlot\/","name":"[:sl]Pavo Merlot[:en]Pavo Merlot[:] | Vinoteka Sod\u010dek","isPartOf":{"@id":"https:\/\/vinoteka-sodcek.si\/#website"},"primaryImageOfPage":{"@id":"https:\/\/vinoteka-sodcek.si\/en\/shop\/wines\/red-wines\/kristancic-pavo-merlot\/#primaryimage"},"image":{"@id":"https:\/\/vinoteka-sodcek.si\/en\/shop\/wines\/red-wines\/kristancic-pavo-merlot\/#primaryimage"},"thumbnailUrl":"https:\/\/vinoteka-sodcek.si\/wp-content\/uploads\/Pavo-merlot.jpg","datePublished":"2024-03-15T16:20:15+00:00","dateModified":"2024-10-02T08:03:00+00:00","description":"[:sl]Pavo Merlot Kristan\u010di\u010d je globoke rubinaste barve. Cvetica je intenzivna in mladostna. Di\u0161i po robidah, jagodah, malce po pra\u017eenem, o\u017eganem in pikantno.[:en]Pavo Merlot Kristan\u010di\u010di is a deep ruby colour. The flower is intense and youthful. It smells of blackberries, strawberries. Burnt and spicy.[:]","breadcrumb":{"@id":"https:\/\/vinoteka-sodcek.si\/en\/shop\/wines\/red-wines\/kristancic-pavo-merlot\/#breadcrumb"},"inLanguage":"en-US","potentialAction":[{"@type":"ReadAction","target":["https:\/\/vinoteka-sodcek.si\/en\/shop\/wines\/red-wines\/kristancic-pavo-merlot\/"]}]},{"@type":"ImageObject","inLanguage":"en-US","@id":"https:\/\/vinoteka-sodcek.si\/en\/shop\/wines\/red-wines\/kristancic-pavo-merlot\/#primaryimage","url":"https:\/\/vinoteka-sodcek.si\/wp-content\/uploads\/Pavo-merlot.jpg","contentUrl":"https:\/\/vinoteka-sodcek.si\/wp-content\/uploads\/Pavo-merlot.jpg","width":199,"height":727},{"@type":"BreadcrumbList","@id":"https:\/\/vinoteka-sodcek.si\/en\/shop\/wines\/red-wines\/kristancic-pavo-merlot\/#breadcrumb","itemListElement":[{"@type":"ListItem","position":1,"name":"Home","item":"https:\/\/vinoteka-sodcek.si\/en\/"},{"@type":"ListItem","position":2,"name":"Trgovina","item":"https:\/\/vinoteka-sodcek.si\/trgovina\/"},{"@type":"ListItem","position":3,"name":"Pavo Merlot"}]},{"@type":"WebSite","@id":"https:\/\/vinoteka-sodcek.si\/#website","url":"https:\/\/vinoteka-sodcek.si\/","name":"Vinoteka Sod\u010dek","description":"Vinoteka z vrhunskimi vini","publisher":{"@id":"https:\/\/vinoteka-sodcek.si\/#organization"},"potentialAction":[{"@type":"SearchAction","target":{"@type":"EntryPoint","urlTemplate":"https:\/\/vinoteka-sodcek.si\/?s={search_term_string}"},"query-input":"required name=search_term_string"}],"inLanguage":"en-US"},{"@type":"Organization","@id":"https:\/\/vinoteka-sodcek.si\/#organization","name":"Vinoteka Sod\u010dek, Ale\u0161 \u010ceba\u0161ek s.p.","url":"https:\/\/vinoteka-sodcek.si\/","logo":{"@type":"ImageObject","inLanguage":"en-US","@id":"https:\/\/vinoteka-sodcek.si\/#\/schema\/logo\/image\/","url":"https:\/\/beta.vinoteka-sodcek.si\/wp-content\/uploads\/vinoteka-sodcek-logo.png","contentUrl":"https:\/\/beta.vinoteka-sodcek.si\/wp-content\/uploads\/vinoteka-sodcek-logo.png","width":300,"height":90,"caption":"Vinoteka Sod\u010dek, Ale\u0161 \u010ceba\u0161ek s.p."},"image":{"@id":"https:\/\/vinoteka-sodcek.si\/#\/schema\/logo\/image\/"},"sameAs":["https:\/\/www.facebook.com\/vinotekasodcek\/"]}]}},"_links":{"self":[{"href":"https:\/\/vinoteka-sodcek.si\/en\/wp-json\/\/wp\/v2\/product\/267"}],"collection":[{"href":"https:\/\/vinoteka-sodcek.si\/en\/wp-json\/\/wp\/v2\/product"}],"about":[{"href":"https:\/\/vinoteka-sodcek.si\/en\/wp-json\/\/wp\/v2\/types\/product"}],"wp:featuredmedia":[{"embeddable":true,"href":"https:\/\/vinoteka-sodcek.si\/en\/wp-json\/\/wp\/v2\/media\/266"}],"wp:attachment":[{"href":"https:\/\/vinoteka-sodcek.si\/en\/wp-json\/\/wp\/v2\/media?parent=267"}],"wp:term":[{"taxonomy":"product_cat","embeddable":true,"href":"https:\/\/vinoteka-sodcek.si\/en\/wp-json\/\/wp\/v2\/product_cat?post=267"},{"taxonomy":"product_tag","embeddable":true,"href":"https:\/\/vinoteka-sodcek.si\/en\/wp-json\/\/wp\/v2\/product_tag?post=267"}],"curies":[{"name":"wp","href":"https:\/\/api.w.org\/{rel}","templated":true}]}}