{"id":269,"date":"2024-03-15T17:20:15","date_gmt":"2024-03-15T16:20:15","guid":{"rendered":"http:\/\/192.168.64.105\/GitHub\/vinoteka-sodcek\/trgovina\/uncategorized\/kristancic-artwork-rebula\/"},"modified":"2024-10-02T12:02:04","modified_gmt":"2024-10-02T11:02:04","slug":"kristancic-artwork-rebula","status":"publish","type":"product","link":"https:\/\/vinoteka-sodcek.si\/en\/shop\/wines\/white-wines\/kristancic-artwork-rebula\/","title":{"rendered":"Artwork Rebula"},"content":{"rendered":"<p>Wines bottled in this range will only be released in the best vintages.<\/p>\n<p>The grapes were macerated for 14 days in temperature-controlled maceriano fermentation and then aged in used American and French oak barrels. The wine was matured without the addition of sulphur.<\/p>\n<p>It is the colour of old gold with copper tints. The bouquet is sumptuous, reminiscent of the scents of summer, balsamic, with hints of exotic spices, especially vanilla and cinnamon, and sweet caramel. On the palate it is powerful, explosive, warm, extremely mineral, in perfect harmony with alcohol and acidity, with a pleasant tannic base that continues with a spicy note into a long aftertaste. Here we encounter cooked and dried fruit, vanilla.<\/p>\n","protected":false},"excerpt":{"rendered":"<p>Wines bottled in this range will only be released in the best vintages. The grapes were macerated for 14 days in temperature-controlled maceriano fermentation and then aged in used American and&#8230;<\/p>\n","protected":false},"featured_media":1073,"template":"","meta":[],"product_cat":[19,23],"product_tag":[],"acf":[],"yoast_head":"<!-- This site is optimized with the Yoast SEO plugin v22.2 - https:\/\/yoast.com\/wordpress\/plugins\/seo\/ -->\n<title>Artwork Rebula | Vinoteka Sod\u010dek<\/title>\n<meta name=\"description\" content=\"Artwork Rebula Kristan\u010di\u010d is the colour of old gold with copper highlights. The flower is luxurious, reminiscent of the scents of summer, balsamic.\" \/>\n<meta name=\"robots\" content=\"index, follow, max-snippet:-1, max-image-preview:large, max-video-preview:-1\" \/>\n<meta property=\"og:locale\" content=\"en_US\" \/>\n<meta property=\"og:type\" content=\"article\" \/>\n<meta property=\"og:title\" content=\"Artwork Rebula\" \/>\n<meta property=\"og:description\" content=\"Artwork Rebula Kristan\u010di\u010d is the colour of old gold with copper highlights. The flower is luxurious, reminiscent of the scents of summer, balsamic.\" \/>\n<meta property=\"og:url\" content=\"https:\/\/vinoteka-sodcek.si\/en\/shop\/wines\/white-wines\/kristancic-artwork-rebula\/\" \/>\n<meta property=\"og:site_name\" content=\"Vinoteka Sod\u010dek\" \/>\n<meta property=\"article:publisher\" content=\"https:\/\/www.facebook.com\/vinotekasodcek\/\" \/>\n<meta property=\"article:modified_time\" content=\"2024-10-02T11:02:04+00:00\" \/>\n<meta property=\"og:image\" content=\"https:\/\/vinoteka-sodcek.si\/wp-content\/uploads\/artwork-rebula-kristancic.jpg\" \/>\n\t<meta property=\"og:image:width\" content=\"213\" \/>\n\t<meta property=\"og:image:height\" content=\"766\" \/>\n\t<meta property=\"og:image:type\" content=\"image\/jpeg\" \/>\n<meta name=\"twitter:card\" content=\"summary_large_image\" \/>\n<!-- \/ Yoast SEO plugin. -->","yoast_head_json":{"title":"Artwork Rebula | Vinoteka Sod\u010dek","description":"[:sl]Artwork Rebula Kristan\u010di\u010d je barve starega zlata z bakrenimi odtenki. Cvetica razko\u0161na, spominjajo\u010da na vonjave poletja, balzami\u010dna.[:en]Artwork Rebula Kristan\u010di\u010d is the colour of old gold with copper highlights. The flower is luxurious, reminiscent of the scents of summer, balsamic.[:]","robots":{"index":"index","follow":"follow","max-snippet":"max-snippet:-1","max-image-preview":"max-image-preview:large","max-video-preview":"max-video-preview:-1"},"og_locale":"en_US","og_type":"article","og_title":"[:sl]Artwork Rebula[:en]Artwork Rebula[:] | Vinoteka Sod\u010dek","og_description":"[:sl]Artwork Rebula Kristan\u010di\u010d je barve starega zlata z bakrenimi odtenki. Cvetica razko\u0161na, spominjajo\u010da na vonjave poletja, balzami\u010dna.[:en]Artwork Rebula Kristan\u010di\u010d is the colour of old gold with copper highlights. The flower is luxurious, reminiscent of the scents of summer, balsamic.[:]","og_url":"https:\/\/vinoteka-sodcek.si\/en\/shop\/wines\/white-wines\/kristancic-artwork-rebula\/","og_site_name":"Vinoteka Sod\u010dek","article_publisher":"https:\/\/www.facebook.com\/vinotekasodcek\/","article_modified_time":"2024-10-02T11:02:04+00:00","og_image":[{"width":213,"height":766,"url":"https:\/\/vinoteka-sodcek.si\/wp-content\/uploads\/artwork-rebula-kristancic.jpg","type":"image\/jpeg"}],"twitter_card":"summary_large_image","schema":{"@context":"https:\/\/schema.org","@graph":[{"@type":"WebPage","@id":"https:\/\/vinoteka-sodcek.si\/trgovina\/vina\/bela-vina\/kristancic-artwork-rebula\/","url":"https:\/\/vinoteka-sodcek.si\/trgovina\/vina\/bela-vina\/kristancic-artwork-rebula\/","name":"[:sl]Artwork Rebula[:en]Artwork Rebula[:] | Vinoteka Sod\u010dek","isPartOf":{"@id":"https:\/\/vinoteka-sodcek.si\/#website"},"primaryImageOfPage":{"@id":"https:\/\/vinoteka-sodcek.si\/trgovina\/vina\/bela-vina\/kristancic-artwork-rebula\/#primaryimage"},"image":{"@id":"https:\/\/vinoteka-sodcek.si\/trgovina\/vina\/bela-vina\/kristancic-artwork-rebula\/#primaryimage"},"thumbnailUrl":"https:\/\/vinoteka-sodcek.si\/wp-content\/uploads\/artwork-rebula-kristancic.jpg","datePublished":"2024-03-15T16:20:15+00:00","dateModified":"2024-10-02T11:02:04+00:00","description":"[:sl]Artwork Rebula Kristan\u010di\u010d je barve starega zlata z bakrenimi odtenki. Cvetica razko\u0161na, spominjajo\u010da na vonjave poletja, balzami\u010dna.[:en]Artwork Rebula Kristan\u010di\u010d is the colour of old gold with copper highlights. The flower is luxurious, reminiscent of the scents of summer, balsamic.[:]","breadcrumb":{"@id":"https:\/\/vinoteka-sodcek.si\/trgovina\/vina\/bela-vina\/kristancic-artwork-rebula\/#breadcrumb"},"inLanguage":"en-US","potentialAction":[{"@type":"ReadAction","target":["https:\/\/vinoteka-sodcek.si\/trgovina\/vina\/bela-vina\/kristancic-artwork-rebula\/"]}]},{"@type":"ImageObject","inLanguage":"en-US","@id":"https:\/\/vinoteka-sodcek.si\/trgovina\/vina\/bela-vina\/kristancic-artwork-rebula\/#primaryimage","url":"https:\/\/vinoteka-sodcek.si\/wp-content\/uploads\/artwork-rebula-kristancic.jpg","contentUrl":"https:\/\/vinoteka-sodcek.si\/wp-content\/uploads\/artwork-rebula-kristancic.jpg","width":213,"height":766},{"@type":"BreadcrumbList","@id":"https:\/\/vinoteka-sodcek.si\/trgovina\/vina\/bela-vina\/kristancic-artwork-rebula\/#breadcrumb","itemListElement":[{"@type":"ListItem","position":1,"name":"Home","item":"https:\/\/vinoteka-sodcek.si\/en\/"},{"@type":"ListItem","position":2,"name":"Trgovina","item":"https:\/\/vinoteka-sodcek.si\/trgovina\/"},{"@type":"ListItem","position":3,"name":"Artwork Rebula"}]},{"@type":"WebSite","@id":"https:\/\/vinoteka-sodcek.si\/#website","url":"https:\/\/vinoteka-sodcek.si\/","name":"Vinoteka Sod\u010dek","description":"Vinoteka z vrhunskimi vini","publisher":{"@id":"https:\/\/vinoteka-sodcek.si\/#organization"},"potentialAction":[{"@type":"SearchAction","target":{"@type":"EntryPoint","urlTemplate":"https:\/\/vinoteka-sodcek.si\/?s={search_term_string}"},"query-input":"required name=search_term_string"}],"inLanguage":"en-US"},{"@type":"Organization","@id":"https:\/\/vinoteka-sodcek.si\/#organization","name":"Vinoteka Sod\u010dek, Ale\u0161 \u010ceba\u0161ek s.p.","url":"https:\/\/vinoteka-sodcek.si\/","logo":{"@type":"ImageObject","inLanguage":"en-US","@id":"https:\/\/vinoteka-sodcek.si\/#\/schema\/logo\/image\/","url":"https:\/\/beta.vinoteka-sodcek.si\/wp-content\/uploads\/vinoteka-sodcek-logo.png","contentUrl":"https:\/\/beta.vinoteka-sodcek.si\/wp-content\/uploads\/vinoteka-sodcek-logo.png","width":300,"height":90,"caption":"Vinoteka Sod\u010dek, Ale\u0161 \u010ceba\u0161ek s.p."},"image":{"@id":"https:\/\/vinoteka-sodcek.si\/#\/schema\/logo\/image\/"},"sameAs":["https:\/\/www.facebook.com\/vinotekasodcek\/"]}]}},"_links":{"self":[{"href":"https:\/\/vinoteka-sodcek.si\/en\/wp-json\/\/wp\/v2\/product\/269"}],"collection":[{"href":"https:\/\/vinoteka-sodcek.si\/en\/wp-json\/\/wp\/v2\/product"}],"about":[{"href":"https:\/\/vinoteka-sodcek.si\/en\/wp-json\/\/wp\/v2\/types\/product"}],"wp:featuredmedia":[{"embeddable":true,"href":"https:\/\/vinoteka-sodcek.si\/en\/wp-json\/\/wp\/v2\/media\/1073"}],"wp:attachment":[{"href":"https:\/\/vinoteka-sodcek.si\/en\/wp-json\/\/wp\/v2\/media?parent=269"}],"wp:term":[{"taxonomy":"product_cat","embeddable":true,"href":"https:\/\/vinoteka-sodcek.si\/en\/wp-json\/\/wp\/v2\/product_cat?post=269"},{"taxonomy":"product_tag","embeddable":true,"href":"https:\/\/vinoteka-sodcek.si\/en\/wp-json\/\/wp\/v2\/product_tag?post=269"}],"curies":[{"name":"wp","href":"https:\/\/api.w.org\/{rel}","templated":true}]}}