{"id":273,"date":"2024-03-15T17:20:15","date_gmt":"2024-03-15T16:20:15","guid":{"rendered":"http:\/\/192.168.64.105\/GitHub\/vinoteka-sodcek\/trgovina\/uncategorized\/kristancic-artwork-malvazija\/"},"modified":"2026-02-24T09:29:46","modified_gmt":"2026-02-24T08:29:46","slug":"kristancic-artwork-malvazija","status":"publish","type":"product","link":"https:\/\/vinoteka-sodcek.si\/en\/shop\/wines\/white-wines\/kristancic-artwork-malvazija\/","title":{"rendered":"Artwork Malvazija"},"content":{"rendered":"<p>In the Artwork range, all the wines are produced by maceration over several days. In the case of this Malvasia, it took place for almost three weeks, but with selected yeasts and at controlled temperatures. The wine was then aged for another two years in 225l oak barrels, including some new ones.<\/p>\n<p>It is a straw-coloured old gold, but at first sight it deserves to be called an amber wine. The bouquet is dominated by balsamic and resinous notes. They include hints of dried fruit, floral honey, baked apples, roasted nuts. On the palate, mineral, rich, still youthfully fresh, in a harmony of acidity and alcohol, which emphasises the fullness of the body with its warmth. The tannins are perfectly fine-tuned and allow a long aftertaste, during which warm balsamic notes return, including caramel, vanilla and cinnamon.<\/p>\n","protected":false},"excerpt":{"rendered":"<p>In the Artwork range, all the wines are produced by maceration over several days. In the case of this Malvasia, it took place for almost three weeks, but with selected yeasts&#8230;<\/p>\n","protected":false},"featured_media":1074,"template":"","meta":[],"product_cat":[19,23],"product_tag":[],"acf":[],"yoast_head":"<!-- This site is optimized with the Yoast SEO plugin v22.2 - https:\/\/yoast.com\/wordpress\/plugins\/seo\/ -->\n<title>Artwork Malvazija | Vinoteka Sod\u010dek<\/title>\n<meta name=\"description\" content=\"Artwork Malvazija Kristan\u010di\u010d is of a straw-coloured amber, old-gold colour. It is dominated by balsamic and resinous notes.\" \/>\n<meta name=\"robots\" content=\"index, follow, max-snippet:-1, max-image-preview:large, max-video-preview:-1\" \/>\n<meta property=\"og:locale\" content=\"en_US\" \/>\n<meta property=\"og:type\" content=\"article\" \/>\n<meta property=\"og:title\" content=\"Artwork Malvazija\" \/>\n<meta property=\"og:description\" content=\"Artwork Malvazija Kristan\u010di\u010d is of a straw-coloured amber, old-gold colour. It is dominated by balsamic and resinous notes.\" \/>\n<meta property=\"og:url\" content=\"https:\/\/vinoteka-sodcek.si\/en\/shop\/wines\/white-wines\/kristancic-artwork-malvazija\/\" \/>\n<meta property=\"og:site_name\" content=\"Vinoteka Sod\u010dek\" \/>\n<meta property=\"article:publisher\" content=\"https:\/\/www.facebook.com\/vinotekasodcek\/\" \/>\n<meta property=\"article:modified_time\" content=\"2026-02-24T08:29:46+00:00\" \/>\n<meta property=\"og:image\" content=\"https:\/\/vinoteka-sodcek.si\/wp-content\/uploads\/artwork-malvazija-kristancic.jpg\" \/>\n\t<meta property=\"og:image:width\" content=\"213\" \/>\n\t<meta property=\"og:image:height\" content=\"764\" \/>\n\t<meta property=\"og:image:type\" content=\"image\/jpeg\" \/>\n<meta name=\"twitter:card\" content=\"summary_large_image\" \/>\n<!-- \/ Yoast SEO plugin. -->","yoast_head_json":{"title":"Artwork Malvazija | Vinoteka Sod\u010dek","description":"[:sl]Artwork Malvazija Kristan\u010di\u010d je slamnate barve starega zlata, jantarne barve. Prevladuje z balzami\u010dnimi in smolnatimi notami.[:en]Artwork Malvazija Kristan\u010di\u010d is of a straw-coloured amber, old-gold colour. It is dominated by balsamic and resinous notes.[:]","robots":{"index":"index","follow":"follow","max-snippet":"max-snippet:-1","max-image-preview":"max-image-preview:large","max-video-preview":"max-video-preview:-1"},"og_locale":"en_US","og_type":"article","og_title":"[:sl]Artwork Malvazija[:en]Artwork Malvazija[:] | Vinoteka Sod\u010dek","og_description":"[:sl]Artwork Malvazija Kristan\u010di\u010d je slamnate barve starega zlata, jantarne barve. Prevladuje z balzami\u010dnimi in smolnatimi notami.[:en]Artwork Malvazija Kristan\u010di\u010d is of a straw-coloured amber, old-gold colour. It is dominated by balsamic and resinous notes.[:]","og_url":"https:\/\/vinoteka-sodcek.si\/en\/shop\/wines\/white-wines\/kristancic-artwork-malvazija\/","og_site_name":"Vinoteka Sod\u010dek","article_publisher":"https:\/\/www.facebook.com\/vinotekasodcek\/","article_modified_time":"2026-02-24T08:29:46+00:00","og_image":[{"width":213,"height":764,"url":"https:\/\/vinoteka-sodcek.si\/wp-content\/uploads\/artwork-malvazija-kristancic.jpg","type":"image\/jpeg"}],"twitter_card":"summary_large_image","schema":{"@context":"https:\/\/schema.org","@graph":[{"@type":"WebPage","@id":"https:\/\/vinoteka-sodcek.si\/trgovina\/vina\/bela-vina\/kristancic-artwork-malvazija\/","url":"https:\/\/vinoteka-sodcek.si\/trgovina\/vina\/bela-vina\/kristancic-artwork-malvazija\/","name":"[:sl]Artwork Malvazija[:en]Artwork Malvazija[:] | Vinoteka Sod\u010dek","isPartOf":{"@id":"https:\/\/vinoteka-sodcek.si\/#website"},"primaryImageOfPage":{"@id":"https:\/\/vinoteka-sodcek.si\/trgovina\/vina\/bela-vina\/kristancic-artwork-malvazija\/#primaryimage"},"image":{"@id":"https:\/\/vinoteka-sodcek.si\/trgovina\/vina\/bela-vina\/kristancic-artwork-malvazija\/#primaryimage"},"thumbnailUrl":"https:\/\/vinoteka-sodcek.si\/wp-content\/uploads\/artwork-malvazija-kristancic.jpg","datePublished":"2024-03-15T16:20:15+00:00","dateModified":"2026-02-24T08:29:46+00:00","description":"[:sl]Artwork Malvazija Kristan\u010di\u010d je slamnate barve starega zlata, jantarne barve. Prevladuje z balzami\u010dnimi in smolnatimi notami.[:en]Artwork Malvazija Kristan\u010di\u010d is of a straw-coloured amber, old-gold colour. It is dominated by balsamic and resinous notes.[:]","breadcrumb":{"@id":"https:\/\/vinoteka-sodcek.si\/trgovina\/vina\/bela-vina\/kristancic-artwork-malvazija\/#breadcrumb"},"inLanguage":"en-US","potentialAction":[{"@type":"ReadAction","target":["https:\/\/vinoteka-sodcek.si\/trgovina\/vina\/bela-vina\/kristancic-artwork-malvazija\/"]}]},{"@type":"ImageObject","inLanguage":"en-US","@id":"https:\/\/vinoteka-sodcek.si\/trgovina\/vina\/bela-vina\/kristancic-artwork-malvazija\/#primaryimage","url":"https:\/\/vinoteka-sodcek.si\/wp-content\/uploads\/artwork-malvazija-kristancic.jpg","contentUrl":"https:\/\/vinoteka-sodcek.si\/wp-content\/uploads\/artwork-malvazija-kristancic.jpg","width":213,"height":764},{"@type":"BreadcrumbList","@id":"https:\/\/vinoteka-sodcek.si\/trgovina\/vina\/bela-vina\/kristancic-artwork-malvazija\/#breadcrumb","itemListElement":[{"@type":"ListItem","position":1,"name":"Home","item":"https:\/\/vinoteka-sodcek.si\/en\/"},{"@type":"ListItem","position":2,"name":"Trgovina","item":"https:\/\/vinoteka-sodcek.si\/trgovina\/"},{"@type":"ListItem","position":3,"name":"Artwork Malvazija"}]},{"@type":"WebSite","@id":"https:\/\/vinoteka-sodcek.si\/#website","url":"https:\/\/vinoteka-sodcek.si\/","name":"Vinoteka Sod\u010dek","description":"Vinoteka z vrhunskimi vini","publisher":{"@id":"https:\/\/vinoteka-sodcek.si\/#organization"},"potentialAction":[{"@type":"SearchAction","target":{"@type":"EntryPoint","urlTemplate":"https:\/\/vinoteka-sodcek.si\/?s={search_term_string}"},"query-input":"required name=search_term_string"}],"inLanguage":"en-US"},{"@type":"Organization","@id":"https:\/\/vinoteka-sodcek.si\/#organization","name":"Vinoteka Sod\u010dek, Ale\u0161 \u010ceba\u0161ek s.p.","url":"https:\/\/vinoteka-sodcek.si\/","logo":{"@type":"ImageObject","inLanguage":"en-US","@id":"https:\/\/vinoteka-sodcek.si\/#\/schema\/logo\/image\/","url":"https:\/\/beta.vinoteka-sodcek.si\/wp-content\/uploads\/vinoteka-sodcek-logo.png","contentUrl":"https:\/\/beta.vinoteka-sodcek.si\/wp-content\/uploads\/vinoteka-sodcek-logo.png","width":300,"height":90,"caption":"Vinoteka Sod\u010dek, Ale\u0161 \u010ceba\u0161ek s.p."},"image":{"@id":"https:\/\/vinoteka-sodcek.si\/#\/schema\/logo\/image\/"},"sameAs":["https:\/\/www.facebook.com\/vinotekasodcek\/"]}]}},"_links":{"self":[{"href":"https:\/\/vinoteka-sodcek.si\/en\/wp-json\/\/wp\/v2\/product\/273"}],"collection":[{"href":"https:\/\/vinoteka-sodcek.si\/en\/wp-json\/\/wp\/v2\/product"}],"about":[{"href":"https:\/\/vinoteka-sodcek.si\/en\/wp-json\/\/wp\/v2\/types\/product"}],"wp:featuredmedia":[{"embeddable":true,"href":"https:\/\/vinoteka-sodcek.si\/en\/wp-json\/\/wp\/v2\/media\/1074"}],"wp:attachment":[{"href":"https:\/\/vinoteka-sodcek.si\/en\/wp-json\/\/wp\/v2\/media?parent=273"}],"wp:term":[{"taxonomy":"product_cat","embeddable":true,"href":"https:\/\/vinoteka-sodcek.si\/en\/wp-json\/\/wp\/v2\/product_cat?post=273"},{"taxonomy":"product_tag","embeddable":true,"href":"https:\/\/vinoteka-sodcek.si\/en\/wp-json\/\/wp\/v2\/product_tag?post=273"}],"curies":[{"name":"wp","href":"https:\/\/api.w.org\/{rel}","templated":true}]}}