{"id":281,"date":"2024-03-15T17:20:15","date_gmt":"2024-03-15T16:20:15","guid":{"rendered":"http:\/\/192.168.64.105\/GitHub\/vinoteka-sodcek\/trgovina\/uncategorized\/vina-sanabor-pallidia-brut-nature\/"},"modified":"2024-10-23T09:32:00","modified_gmt":"2024-10-23T08:32:00","slug":"vina-sanabor-pallidia-brut-nature","status":"publish","type":"product","link":"https:\/\/vinoteka-sodcek.si\/en\/shop\/wines\/sparkling-wines\/vina-sanabor-pallidia-brut-nature\/","title":{"rendered":"Pallidia brut nature"},"content":{"rendered":"<p>The classic method, without the added expedition liqueur, ripening on yeast for at least 36 months.<\/p>\n<p>The base of Malvasia matures for 8 months in a stainless steel container, then it goes to secondary fermentation into bottles. The result of longer ripening is tiny bubbles and prolonged foaming. The color is a gentle golden yellow, fresh fruit aromas of citrus fruits, even a little yeast. In the mouth abundant with strong bubbles and long aftertaste.<\/p>\n","protected":false},"excerpt":{"rendered":"<p>The classic method, without the added expedition liqueur, ripening on yeast for at least 36 months. The base of Malvasia matures for 8 months in a stainless steel container, then it&#8230;<\/p>\n","protected":false},"featured_media":280,"template":"","meta":[],"product_cat":[22],"product_tag":[],"acf":[],"yoast_head":"<!-- This site is optimized with the Yoast SEO plugin v22.2 - https:\/\/yoast.com\/wordpress\/plugins\/seo\/ -->\n<title>Pallidia brut nature | Vinoteka Sod\u010dek<\/title>\n<meta name=\"description\" content=\"Pallidia brut nature is a delicate golden yellow, with fresh citrus fruit aromas, also a little yeasty. Rich with strong bubbles and a long aftertaste.\" \/>\n<meta name=\"robots\" content=\"index, follow, max-snippet:-1, max-image-preview:large, max-video-preview:-1\" \/>\n<meta property=\"og:locale\" content=\"en_US\" \/>\n<meta property=\"og:type\" content=\"article\" \/>\n<meta property=\"og:title\" content=\"Pallidia brut nature\" \/>\n<meta property=\"og:description\" content=\"Pallidia brut nature is a delicate golden yellow, with fresh citrus fruit aromas, also a little yeasty. Rich with strong bubbles and a long aftertaste.\" \/>\n<meta property=\"og:url\" content=\"https:\/\/vinoteka-sodcek.si\/en\/shop\/wines\/sparkling-wines\/vina-sanabor-pallidia-brut-nature\/\" \/>\n<meta property=\"og:site_name\" content=\"Vinoteka Sod\u010dek\" \/>\n<meta property=\"article:publisher\" content=\"https:\/\/www.facebook.com\/vinotekasodcek\/\" \/>\n<meta property=\"article:modified_time\" content=\"2024-10-23T08:32:00+00:00\" \/>\n<meta property=\"og:image\" content=\"https:\/\/vinoteka-sodcek.si\/wp-content\/uploads\/plaidia1.jpg\" \/>\n\t<meta property=\"og:image:width\" content=\"169\" \/>\n\t<meta property=\"og:image:height\" content=\"646\" \/>\n\t<meta property=\"og:image:type\" content=\"image\/jpeg\" \/>\n<meta name=\"twitter:card\" content=\"summary_large_image\" \/>\n<!-- \/ Yoast SEO plugin. -->","yoast_head_json":{"title":"Pallidia brut nature | Vinoteka Sod\u010dek","description":"[:sl]Pallidia brut nature je ne\u017ena zlatorumena, sve\u017eih sadnih arom agrumov, tudi malo kvasnih. V ustih obilna z mo\u010dnimi mehur\u010dki in dolgim pookusom.[:en]Pallidia brut nature is a delicate golden yellow, with fresh citrus fruit aromas, also a little yeasty. Rich with strong bubbles and a long aftertaste.[:]","robots":{"index":"index","follow":"follow","max-snippet":"max-snippet:-1","max-image-preview":"max-image-preview:large","max-video-preview":"max-video-preview:-1"},"og_locale":"en_US","og_type":"article","og_title":"[:sl]Pallidia brut nature[:en]Pallidia brut nature[:] | Vinoteka Sod\u010dek","og_description":"[:sl]Pallidia brut nature je ne\u017ena zlatorumena, sve\u017eih sadnih arom agrumov, tudi malo kvasnih. V ustih obilna z mo\u010dnimi mehur\u010dki in dolgim pookusom.[:en]Pallidia brut nature is a delicate golden yellow, with fresh citrus fruit aromas, also a little yeasty. Rich with strong bubbles and a long aftertaste.[:]","og_url":"https:\/\/vinoteka-sodcek.si\/en\/shop\/wines\/sparkling-wines\/vina-sanabor-pallidia-brut-nature\/","og_site_name":"Vinoteka Sod\u010dek","article_publisher":"https:\/\/www.facebook.com\/vinotekasodcek\/","article_modified_time":"2024-10-23T08:32:00+00:00","og_image":[{"width":169,"height":646,"url":"https:\/\/vinoteka-sodcek.si\/wp-content\/uploads\/plaidia1.jpg","type":"image\/jpeg"}],"twitter_card":"summary_large_image","schema":{"@context":"https:\/\/schema.org","@graph":[{"@type":"WebPage","@id":"https:\/\/vinoteka-sodcek.si\/en\/shop\/wines\/sparkling-wines\/vina-sanabor-pallidia-brut-nature\/","url":"https:\/\/vinoteka-sodcek.si\/en\/shop\/wines\/sparkling-wines\/vina-sanabor-pallidia-brut-nature\/","name":"[:sl]Pallidia brut nature[:en]Pallidia brut nature[:] | Vinoteka Sod\u010dek","isPartOf":{"@id":"https:\/\/vinoteka-sodcek.si\/#website"},"primaryImageOfPage":{"@id":"https:\/\/vinoteka-sodcek.si\/en\/shop\/wines\/sparkling-wines\/vina-sanabor-pallidia-brut-nature\/#primaryimage"},"image":{"@id":"https:\/\/vinoteka-sodcek.si\/en\/shop\/wines\/sparkling-wines\/vina-sanabor-pallidia-brut-nature\/#primaryimage"},"thumbnailUrl":"https:\/\/vinoteka-sodcek.si\/wp-content\/uploads\/plaidia1.jpg","datePublished":"2024-03-15T16:20:15+00:00","dateModified":"2024-10-23T08:32:00+00:00","description":"[:sl]Pallidia brut nature je ne\u017ena zlatorumena, sve\u017eih sadnih arom agrumov, tudi malo kvasnih. V ustih obilna z mo\u010dnimi mehur\u010dki in dolgim pookusom.[:en]Pallidia brut nature is a delicate golden yellow, with fresh citrus fruit aromas, also a little yeasty. Rich with strong bubbles and a long aftertaste.[:]","breadcrumb":{"@id":"https:\/\/vinoteka-sodcek.si\/en\/shop\/wines\/sparkling-wines\/vina-sanabor-pallidia-brut-nature\/#breadcrumb"},"inLanguage":"en-US","potentialAction":[{"@type":"ReadAction","target":["https:\/\/vinoteka-sodcek.si\/en\/shop\/wines\/sparkling-wines\/vina-sanabor-pallidia-brut-nature\/"]}]},{"@type":"ImageObject","inLanguage":"en-US","@id":"https:\/\/vinoteka-sodcek.si\/en\/shop\/wines\/sparkling-wines\/vina-sanabor-pallidia-brut-nature\/#primaryimage","url":"https:\/\/vinoteka-sodcek.si\/wp-content\/uploads\/plaidia1.jpg","contentUrl":"https:\/\/vinoteka-sodcek.si\/wp-content\/uploads\/plaidia1.jpg","width":169,"height":646},{"@type":"BreadcrumbList","@id":"https:\/\/vinoteka-sodcek.si\/en\/shop\/wines\/sparkling-wines\/vina-sanabor-pallidia-brut-nature\/#breadcrumb","itemListElement":[{"@type":"ListItem","position":1,"name":"Home","item":"https:\/\/vinoteka-sodcek.si\/en\/"},{"@type":"ListItem","position":2,"name":"Trgovina","item":"https:\/\/vinoteka-sodcek.si\/trgovina\/"},{"@type":"ListItem","position":3,"name":"Pallidia brut nature"}]},{"@type":"WebSite","@id":"https:\/\/vinoteka-sodcek.si\/#website","url":"https:\/\/vinoteka-sodcek.si\/","name":"Vinoteka Sod\u010dek","description":"Vinoteka z vrhunskimi vini","publisher":{"@id":"https:\/\/vinoteka-sodcek.si\/#organization"},"potentialAction":[{"@type":"SearchAction","target":{"@type":"EntryPoint","urlTemplate":"https:\/\/vinoteka-sodcek.si\/?s={search_term_string}"},"query-input":"required name=search_term_string"}],"inLanguage":"en-US"},{"@type":"Organization","@id":"https:\/\/vinoteka-sodcek.si\/#organization","name":"Vinoteka Sod\u010dek, Ale\u0161 \u010ceba\u0161ek s.p.","url":"https:\/\/vinoteka-sodcek.si\/","logo":{"@type":"ImageObject","inLanguage":"en-US","@id":"https:\/\/vinoteka-sodcek.si\/#\/schema\/logo\/image\/","url":"https:\/\/beta.vinoteka-sodcek.si\/wp-content\/uploads\/vinoteka-sodcek-logo.png","contentUrl":"https:\/\/beta.vinoteka-sodcek.si\/wp-content\/uploads\/vinoteka-sodcek-logo.png","width":300,"height":90,"caption":"Vinoteka Sod\u010dek, Ale\u0161 \u010ceba\u0161ek s.p."},"image":{"@id":"https:\/\/vinoteka-sodcek.si\/#\/schema\/logo\/image\/"},"sameAs":["https:\/\/www.facebook.com\/vinotekasodcek\/"]}]}},"_links":{"self":[{"href":"https:\/\/vinoteka-sodcek.si\/en\/wp-json\/\/wp\/v2\/product\/281"}],"collection":[{"href":"https:\/\/vinoteka-sodcek.si\/en\/wp-json\/\/wp\/v2\/product"}],"about":[{"href":"https:\/\/vinoteka-sodcek.si\/en\/wp-json\/\/wp\/v2\/types\/product"}],"wp:featuredmedia":[{"embeddable":true,"href":"https:\/\/vinoteka-sodcek.si\/en\/wp-json\/\/wp\/v2\/media\/280"}],"wp:attachment":[{"href":"https:\/\/vinoteka-sodcek.si\/en\/wp-json\/\/wp\/v2\/media?parent=281"}],"wp:term":[{"taxonomy":"product_cat","embeddable":true,"href":"https:\/\/vinoteka-sodcek.si\/en\/wp-json\/\/wp\/v2\/product_cat?post=281"},{"taxonomy":"product_tag","embeddable":true,"href":"https:\/\/vinoteka-sodcek.si\/en\/wp-json\/\/wp\/v2\/product_tag?post=281"}],"curies":[{"name":"wp","href":"https:\/\/api.w.org\/{rel}","templated":true}]}}