{"id":282,"date":"2024-03-15T17:20:15","date_gmt":"2024-03-15T16:20:15","guid":{"rendered":"http:\/\/192.168.64.105\/GitHub\/vinoteka-sodcek\/trgovina\/uncategorized\/vina-sanabor-pallidia-brut\/"},"modified":"2024-10-23T09:30:49","modified_gmt":"2024-10-23T08:30:49","slug":"vina-sanabor-pallidia-brut","status":"publish","type":"product","link":"https:\/\/vinoteka-sodcek.si\/en\/shop\/wines\/sparkling-wines\/vina-sanabor-pallidia-brut\/","title":{"rendered":"Pallidia brut"},"content":{"rendered":"<p>Classic method, yeast ripening 48 months, 8g of sugar residue.<\/p>\n<p>Malvasia 2016 has proven to be excellent for longer aging after secondary fermentation. The result is even smaller and more durable bubbles.<\/p>\n<p>It is golden yellow in color, citrus aromas, peaches, and a greater presence of yeast notes. In the mouth fruit, the flavors of the citrus fruit, with a long aftertaste.<\/p>\n","protected":false},"excerpt":{"rendered":"<p>Classic method, yeast ripening 48 months, 8g of sugar residue. Malvasia 2016 has proven to be excellent for longer aging after secondary fermentation. The result is even smaller and more durable&#8230;<\/p>\n","protected":false},"featured_media":1100,"template":"","meta":[],"product_cat":[22],"product_tag":[],"acf":[],"yoast_head":"<!-- This site is optimized with the Yoast SEO plugin v22.2 - https:\/\/yoast.com\/wordpress\/plugins\/seo\/ -->\n<title>Pallidia brut | Vinoteka Sod\u010dek<\/title>\n<meta name=\"description\" content=\"Pallidia brut Sanabor is golden yellow, with tiny and persistent bubbles. Aromas of citrus, peach, also dried flowers, yeasty notes.\" \/>\n<meta name=\"robots\" content=\"index, follow, max-snippet:-1, max-image-preview:large, max-video-preview:-1\" \/>\n<meta property=\"og:locale\" content=\"en_US\" \/>\n<meta property=\"og:type\" content=\"article\" \/>\n<meta property=\"og:title\" content=\"Pallidia brut\" \/>\n<meta property=\"og:description\" content=\"Pallidia brut Sanabor is golden yellow, with tiny and persistent bubbles. Aromas of citrus, peach, also dried flowers, yeasty notes.\" \/>\n<meta property=\"og:url\" content=\"https:\/\/vinoteka-sodcek.si\/en\/shop\/wines\/sparkling-wines\/vina-sanabor-pallidia-brut\/\" \/>\n<meta property=\"og:site_name\" content=\"Vinoteka Sod\u010dek\" \/>\n<meta property=\"article:publisher\" content=\"https:\/\/www.facebook.com\/vinotekasodcek\/\" \/>\n<meta property=\"article:modified_time\" content=\"2024-10-23T08:30:49+00:00\" \/>\n<meta property=\"og:image\" content=\"https:\/\/vinoteka-sodcek.si\/wp-content\/uploads\/palidia-sanabor.jpg\" \/>\n\t<meta property=\"og:image:width\" content=\"134\" \/>\n\t<meta property=\"og:image:height\" content=\"468\" \/>\n\t<meta property=\"og:image:type\" content=\"image\/jpeg\" \/>\n<meta name=\"twitter:card\" content=\"summary_large_image\" \/>\n<!-- \/ Yoast SEO plugin. -->","yoast_head_json":{"title":"Pallidia brut | Vinoteka Sod\u010dek","description":"[:sl]Pallidia brut Sanabor is golden yellow, with tiny and persistent bubbles. Aromas of citrus, peach, also dried flowers, yeasty notes.[:]","robots":{"index":"index","follow":"follow","max-snippet":"max-snippet:-1","max-image-preview":"max-image-preview:large","max-video-preview":"max-video-preview:-1"},"og_locale":"en_US","og_type":"article","og_title":"[:sl]Pallidia brut[:en]Pallidia brut[:] | Vinoteka Sod\u010dek","og_description":"[:sl]Pallidia brut Sanabor is golden yellow, with tiny and persistent bubbles. Aromas of citrus, peach, also dried flowers, yeasty notes.[:]","og_url":"https:\/\/vinoteka-sodcek.si\/en\/shop\/wines\/sparkling-wines\/vina-sanabor-pallidia-brut\/","og_site_name":"Vinoteka Sod\u010dek","article_publisher":"https:\/\/www.facebook.com\/vinotekasodcek\/","article_modified_time":"2024-10-23T08:30:49+00:00","og_image":[{"width":134,"height":468,"url":"https:\/\/vinoteka-sodcek.si\/wp-content\/uploads\/palidia-sanabor.jpg","type":"image\/jpeg"}],"twitter_card":"summary_large_image","schema":{"@context":"https:\/\/schema.org","@graph":[{"@type":"WebPage","@id":"https:\/\/vinoteka-sodcek.si\/trgovina\/vina\/peneca-vina\/vina-sanabor-pallidia-brut\/","url":"https:\/\/vinoteka-sodcek.si\/trgovina\/vina\/peneca-vina\/vina-sanabor-pallidia-brut\/","name":"[:sl]Pallidia brut[:en]Pallidia brut[:] | Vinoteka Sod\u010dek","isPartOf":{"@id":"https:\/\/vinoteka-sodcek.si\/#website"},"primaryImageOfPage":{"@id":"https:\/\/vinoteka-sodcek.si\/trgovina\/vina\/peneca-vina\/vina-sanabor-pallidia-brut\/#primaryimage"},"image":{"@id":"https:\/\/vinoteka-sodcek.si\/trgovina\/vina\/peneca-vina\/vina-sanabor-pallidia-brut\/#primaryimage"},"thumbnailUrl":"https:\/\/vinoteka-sodcek.si\/wp-content\/uploads\/palidia-sanabor.jpg","datePublished":"2024-03-15T16:20:15+00:00","dateModified":"2024-10-23T08:30:49+00:00","description":"[:sl]Pallidia brut Sanabor is golden yellow, with tiny and persistent bubbles. Aromas of citrus, peach, also dried flowers, yeasty notes.[:]","breadcrumb":{"@id":"https:\/\/vinoteka-sodcek.si\/trgovina\/vina\/peneca-vina\/vina-sanabor-pallidia-brut\/#breadcrumb"},"inLanguage":"en-US","potentialAction":[{"@type":"ReadAction","target":["https:\/\/vinoteka-sodcek.si\/trgovina\/vina\/peneca-vina\/vina-sanabor-pallidia-brut\/"]}]},{"@type":"ImageObject","inLanguage":"en-US","@id":"https:\/\/vinoteka-sodcek.si\/trgovina\/vina\/peneca-vina\/vina-sanabor-pallidia-brut\/#primaryimage","url":"https:\/\/vinoteka-sodcek.si\/wp-content\/uploads\/palidia-sanabor.jpg","contentUrl":"https:\/\/vinoteka-sodcek.si\/wp-content\/uploads\/palidia-sanabor.jpg","width":134,"height":468},{"@type":"BreadcrumbList","@id":"https:\/\/vinoteka-sodcek.si\/trgovina\/vina\/peneca-vina\/vina-sanabor-pallidia-brut\/#breadcrumb","itemListElement":[{"@type":"ListItem","position":1,"name":"Home","item":"https:\/\/vinoteka-sodcek.si\/en\/"},{"@type":"ListItem","position":2,"name":"Trgovina","item":"https:\/\/vinoteka-sodcek.si\/trgovina\/"},{"@type":"ListItem","position":3,"name":"Pallidia brut"}]},{"@type":"WebSite","@id":"https:\/\/vinoteka-sodcek.si\/#website","url":"https:\/\/vinoteka-sodcek.si\/","name":"Vinoteka Sod\u010dek","description":"Vinoteka z vrhunskimi vini","publisher":{"@id":"https:\/\/vinoteka-sodcek.si\/#organization"},"potentialAction":[{"@type":"SearchAction","target":{"@type":"EntryPoint","urlTemplate":"https:\/\/vinoteka-sodcek.si\/?s={search_term_string}"},"query-input":"required name=search_term_string"}],"inLanguage":"en-US"},{"@type":"Organization","@id":"https:\/\/vinoteka-sodcek.si\/#organization","name":"Vinoteka Sod\u010dek, Ale\u0161 \u010ceba\u0161ek s.p.","url":"https:\/\/vinoteka-sodcek.si\/","logo":{"@type":"ImageObject","inLanguage":"en-US","@id":"https:\/\/vinoteka-sodcek.si\/#\/schema\/logo\/image\/","url":"https:\/\/beta.vinoteka-sodcek.si\/wp-content\/uploads\/vinoteka-sodcek-logo.png","contentUrl":"https:\/\/beta.vinoteka-sodcek.si\/wp-content\/uploads\/vinoteka-sodcek-logo.png","width":300,"height":90,"caption":"Vinoteka Sod\u010dek, Ale\u0161 \u010ceba\u0161ek s.p."},"image":{"@id":"https:\/\/vinoteka-sodcek.si\/#\/schema\/logo\/image\/"},"sameAs":["https:\/\/www.facebook.com\/vinotekasodcek\/"]}]}},"_links":{"self":[{"href":"https:\/\/vinoteka-sodcek.si\/en\/wp-json\/\/wp\/v2\/product\/282"}],"collection":[{"href":"https:\/\/vinoteka-sodcek.si\/en\/wp-json\/\/wp\/v2\/product"}],"about":[{"href":"https:\/\/vinoteka-sodcek.si\/en\/wp-json\/\/wp\/v2\/types\/product"}],"wp:featuredmedia":[{"embeddable":true,"href":"https:\/\/vinoteka-sodcek.si\/en\/wp-json\/\/wp\/v2\/media\/1100"}],"wp:attachment":[{"href":"https:\/\/vinoteka-sodcek.si\/en\/wp-json\/\/wp\/v2\/media?parent=282"}],"wp:term":[{"taxonomy":"product_cat","embeddable":true,"href":"https:\/\/vinoteka-sodcek.si\/en\/wp-json\/\/wp\/v2\/product_cat?post=282"},{"taxonomy":"product_tag","embeddable":true,"href":"https:\/\/vinoteka-sodcek.si\/en\/wp-json\/\/wp\/v2\/product_tag?post=282"}],"curies":[{"name":"wp","href":"https:\/\/api.w.org\/{rel}","templated":true}]}}