{"id":283,"date":"2024-03-15T17:20:16","date_gmt":"2024-03-15T16:20:16","guid":{"rendered":"http:\/\/192.168.64.105\/GitHub\/vinoteka-sodcek\/trgovina\/uncategorized\/vina-sanabor-lucidia-brut\/"},"modified":"2026-02-06T21:31:10","modified_gmt":"2026-02-06T20:31:10","slug":"vina-sanabor-lucidia-brut","status":"publish","type":"product","link":"https:\/\/vinoteka-sodcek.si\/en\/shop\/wines\/sparkling-wines\/vina-sanabor-lucidia-brut\/","title":{"rendered":"Lucidia brut"},"content":{"rendered":"<p>Classic method, yeast ripening time for 36 months, 7g of sugar residue.<\/p>\n<p>The production of basic quiet wine takes place separately by varieties in stainless steel tanks of about 7 months. This is followed by typing and secondary fermentation. The rebula keeps freshness, giving it elegance, and chardonnay gives the sparkling wine to the body, aromatics and fullness. It is deeper golden yellow in color, the bubbles are tiny. The flower is fruity, rich, ripe. In the mouth of a dry, intense taste, acids, the acid is nicely calmed by an otherwise rich body. Again with a long decline.<\/p>\n","protected":false},"excerpt":{"rendered":"<p>Classic method, yeast ripening time for 36 months, 7g of sugar residue. The production of basic quiet wine takes place separately by varieties in stainless steel tanks of about 7 months&#8230;.<\/p>\n","protected":false},"featured_media":280,"template":"","meta":[],"product_cat":[22],"product_tag":[],"acf":[],"yoast_head":"<!-- This site is optimized with the Yoast SEO plugin v22.2 - https:\/\/yoast.com\/wordpress\/plugins\/seo\/ -->\n<title>Lucidia brut | Vinoteka Sod\u010dek<\/title>\n<meta name=\"description\" content=\"Lucidia brut Sanabor is a deeper golden-yellow colour, the bubbles are tiny. The flowers are fruity, abundant and ripe. It is dry on the palate.\" \/>\n<meta name=\"robots\" content=\"index, follow, max-snippet:-1, max-image-preview:large, max-video-preview:-1\" \/>\n<meta property=\"og:locale\" content=\"en_US\" \/>\n<meta property=\"og:type\" content=\"article\" \/>\n<meta property=\"og:title\" content=\"Lucidia brut\" \/>\n<meta property=\"og:description\" content=\"Lucidia brut Sanabor is a deeper golden-yellow colour, the bubbles are tiny. The flowers are fruity, abundant and ripe. It is dry on the palate.\" \/>\n<meta property=\"og:url\" content=\"https:\/\/vinoteka-sodcek.si\/en\/shop\/wines\/sparkling-wines\/vina-sanabor-lucidia-brut\/\" \/>\n<meta property=\"og:site_name\" content=\"Vinoteka Sod\u010dek\" \/>\n<meta property=\"article:publisher\" content=\"https:\/\/www.facebook.com\/vinotekasodcek\/\" \/>\n<meta property=\"article:modified_time\" content=\"2026-02-06T20:31:10+00:00\" \/>\n<meta property=\"og:image\" content=\"https:\/\/vinoteka-sodcek.si\/wp-content\/uploads\/plaidia1.jpg\" \/>\n\t<meta property=\"og:image:width\" content=\"169\" \/>\n\t<meta property=\"og:image:height\" content=\"646\" \/>\n\t<meta property=\"og:image:type\" content=\"image\/jpeg\" \/>\n<meta name=\"twitter:card\" content=\"summary_large_image\" \/>\n<!-- \/ Yoast SEO plugin. -->","yoast_head_json":{"title":"Lucidia brut | Vinoteka Sod\u010dek","description":"[:sl]Lucidia brut Sanabor je globje zlatorumene barve, mehur\u010dki so drobni. Cvetlica je sadna, bogata, dozorela. V ustih suha, intenzivnega okusa.[:en]Lucidia brut Sanabor is a deeper golden-yellow colour, the bubbles are tiny. The flowers are fruity, abundant and ripe. It is dry on the palate.[:]","robots":{"index":"index","follow":"follow","max-snippet":"max-snippet:-1","max-image-preview":"max-image-preview:large","max-video-preview":"max-video-preview:-1"},"og_locale":"en_US","og_type":"article","og_title":"[:sl]Lucidia brut[:en]Lucidia brut[:] | Vinoteka Sod\u010dek","og_description":"[:sl]Lucidia brut Sanabor je globje zlatorumene barve, mehur\u010dki so drobni. Cvetlica je sadna, bogata, dozorela. V ustih suha, intenzivnega okusa.[:en]Lucidia brut Sanabor is a deeper golden-yellow colour, the bubbles are tiny. The flowers are fruity, abundant and ripe. It is dry on the palate.[:]","og_url":"https:\/\/vinoteka-sodcek.si\/en\/shop\/wines\/sparkling-wines\/vina-sanabor-lucidia-brut\/","og_site_name":"Vinoteka Sod\u010dek","article_publisher":"https:\/\/www.facebook.com\/vinotekasodcek\/","article_modified_time":"2026-02-06T20:31:10+00:00","og_image":[{"width":169,"height":646,"url":"https:\/\/vinoteka-sodcek.si\/wp-content\/uploads\/plaidia1.jpg","type":"image\/jpeg"}],"twitter_card":"summary_large_image","schema":{"@context":"https:\/\/schema.org","@graph":[{"@type":"WebPage","@id":"https:\/\/vinoteka-sodcek.si\/trgovina\/vina\/peneca-vina\/vina-sanabor-lucidia-brut\/","url":"https:\/\/vinoteka-sodcek.si\/trgovina\/vina\/peneca-vina\/vina-sanabor-lucidia-brut\/","name":"[:sl]Lucidia brut[:en]Lucidia brut[:] | Vinoteka Sod\u010dek","isPartOf":{"@id":"https:\/\/vinoteka-sodcek.si\/#website"},"primaryImageOfPage":{"@id":"https:\/\/vinoteka-sodcek.si\/trgovina\/vina\/peneca-vina\/vina-sanabor-lucidia-brut\/#primaryimage"},"image":{"@id":"https:\/\/vinoteka-sodcek.si\/trgovina\/vina\/peneca-vina\/vina-sanabor-lucidia-brut\/#primaryimage"},"thumbnailUrl":"https:\/\/vinoteka-sodcek.si\/wp-content\/uploads\/plaidia1.jpg","datePublished":"2024-03-15T16:20:16+00:00","dateModified":"2026-02-06T20:31:10+00:00","description":"[:sl]Lucidia brut Sanabor je globje zlatorumene barve, mehur\u010dki so drobni. Cvetlica je sadna, bogata, dozorela. V ustih suha, intenzivnega okusa.[:en]Lucidia brut Sanabor is a deeper golden-yellow colour, the bubbles are tiny. The flowers are fruity, abundant and ripe. It is dry on the palate.[:]","breadcrumb":{"@id":"https:\/\/vinoteka-sodcek.si\/trgovina\/vina\/peneca-vina\/vina-sanabor-lucidia-brut\/#breadcrumb"},"inLanguage":"en-US","potentialAction":[{"@type":"ReadAction","target":["https:\/\/vinoteka-sodcek.si\/trgovina\/vina\/peneca-vina\/vina-sanabor-lucidia-brut\/"]}]},{"@type":"ImageObject","inLanguage":"en-US","@id":"https:\/\/vinoteka-sodcek.si\/trgovina\/vina\/peneca-vina\/vina-sanabor-lucidia-brut\/#primaryimage","url":"https:\/\/vinoteka-sodcek.si\/wp-content\/uploads\/plaidia1.jpg","contentUrl":"https:\/\/vinoteka-sodcek.si\/wp-content\/uploads\/plaidia1.jpg","width":169,"height":646},{"@type":"BreadcrumbList","@id":"https:\/\/vinoteka-sodcek.si\/trgovina\/vina\/peneca-vina\/vina-sanabor-lucidia-brut\/#breadcrumb","itemListElement":[{"@type":"ListItem","position":1,"name":"Home","item":"https:\/\/vinoteka-sodcek.si\/en\/"},{"@type":"ListItem","position":2,"name":"Trgovina","item":"https:\/\/vinoteka-sodcek.si\/trgovina\/"},{"@type":"ListItem","position":3,"name":"Lucidia brut"}]},{"@type":"WebSite","@id":"https:\/\/vinoteka-sodcek.si\/#website","url":"https:\/\/vinoteka-sodcek.si\/","name":"Vinoteka Sod\u010dek","description":"Vinoteka z vrhunskimi vini","publisher":{"@id":"https:\/\/vinoteka-sodcek.si\/#organization"},"potentialAction":[{"@type":"SearchAction","target":{"@type":"EntryPoint","urlTemplate":"https:\/\/vinoteka-sodcek.si\/?s={search_term_string}"},"query-input":"required name=search_term_string"}],"inLanguage":"en-US"},{"@type":"Organization","@id":"https:\/\/vinoteka-sodcek.si\/#organization","name":"Vinoteka Sod\u010dek, Ale\u0161 \u010ceba\u0161ek s.p.","url":"https:\/\/vinoteka-sodcek.si\/","logo":{"@type":"ImageObject","inLanguage":"en-US","@id":"https:\/\/vinoteka-sodcek.si\/#\/schema\/logo\/image\/","url":"https:\/\/beta.vinoteka-sodcek.si\/wp-content\/uploads\/vinoteka-sodcek-logo.png","contentUrl":"https:\/\/beta.vinoteka-sodcek.si\/wp-content\/uploads\/vinoteka-sodcek-logo.png","width":300,"height":90,"caption":"Vinoteka Sod\u010dek, Ale\u0161 \u010ceba\u0161ek s.p."},"image":{"@id":"https:\/\/vinoteka-sodcek.si\/#\/schema\/logo\/image\/"},"sameAs":["https:\/\/www.facebook.com\/vinotekasodcek\/"]}]}},"_links":{"self":[{"href":"https:\/\/vinoteka-sodcek.si\/en\/wp-json\/\/wp\/v2\/product\/283"}],"collection":[{"href":"https:\/\/vinoteka-sodcek.si\/en\/wp-json\/\/wp\/v2\/product"}],"about":[{"href":"https:\/\/vinoteka-sodcek.si\/en\/wp-json\/\/wp\/v2\/types\/product"}],"wp:featuredmedia":[{"embeddable":true,"href":"https:\/\/vinoteka-sodcek.si\/en\/wp-json\/\/wp\/v2\/media\/280"}],"wp:attachment":[{"href":"https:\/\/vinoteka-sodcek.si\/en\/wp-json\/\/wp\/v2\/media?parent=283"}],"wp:term":[{"taxonomy":"product_cat","embeddable":true,"href":"https:\/\/vinoteka-sodcek.si\/en\/wp-json\/\/wp\/v2\/product_cat?post=283"},{"taxonomy":"product_tag","embeddable":true,"href":"https:\/\/vinoteka-sodcek.si\/en\/wp-json\/\/wp\/v2\/product_tag?post=283"}],"curies":[{"name":"wp","href":"https:\/\/api.w.org\/{rel}","templated":true}]}}