{"id":2855,"date":"2025-09-26T12:30:11","date_gmt":"2025-09-26T11:30:11","guid":{"rendered":"https:\/\/vinoteka-sodcek.si\/?post_type=product&#038;p=2855"},"modified":"2025-10-07T14:15:31","modified_gmt":"2025-10-07T13:15:31","slug":"marc-romantic-red","status":"publish","type":"product","link":"https:\/\/vinoteka-sodcek.si\/en\/shop\/wines\/red-wines\/marc-romantic-red\/","title":{"rendered":"Romantic red"},"content":{"rendered":"<p>Romantic Red is a wine made from a selection of the best barrels. After 14 days of maceration and fermentation, Merlot and Cabernet are aged for two years in new barrique barrels, while Barbera is aged in used barrels. Before the wine is released on the market, it is aged for another two years in the bottle.<\/p>\n<p>Ruby red in color, with intense ripe raspberry and ripe cherry aromas. Medium-bodied on the palate, fruity, with ripe, not overly powerful tannins and higher but pleasant acidity.<\/p>\n<p>&nbsp;<\/p>\n","protected":false},"excerpt":{"rendered":"<p>Romantic Red is a wine made from a selection of the best barrels. After 14 days of maceration and fermentation, Merlot and Cabernet are aged for two years in new barrique&#8230;<\/p>\n","protected":false},"featured_media":2888,"template":"","meta":[],"product_cat":[20],"product_tag":[],"acf":[],"yoast_head":"<!-- This site is optimized with the Yoast SEO plugin v22.2 - https:\/\/yoast.com\/wordpress\/plugins\/seo\/ -->\n<title>Romantic red | Vinoteka Sod\u010dek<\/title>\n<meta name=\"description\" content=\"Romantic red Marc is ruby red in color, with intense ripe raspberry and ripe cherry aromas. Medium-bodied on the palate, with ripe tannins.\" \/>\n<meta name=\"robots\" content=\"index, follow, max-snippet:-1, max-image-preview:large, max-video-preview:-1\" \/>\n<meta property=\"og:locale\" content=\"en_US\" \/>\n<meta property=\"og:type\" content=\"article\" \/>\n<meta property=\"og:title\" content=\"Romantic red\" \/>\n<meta property=\"og:description\" content=\"Romantic red Marc is ruby red in color, with intense ripe raspberry and ripe cherry aromas. Medium-bodied on the palate, with ripe tannins.\" \/>\n<meta property=\"og:url\" content=\"https:\/\/vinoteka-sodcek.si\/en\/shop\/wines\/red-wines\/marc-romantic-red\/\" \/>\n<meta property=\"og:site_name\" content=\"Vinoteka Sod\u010dek\" \/>\n<meta property=\"article:publisher\" content=\"https:\/\/www.facebook.com\/vinotekasodcek\/\" \/>\n<meta property=\"article:modified_time\" content=\"2025-10-07T13:15:31+00:00\" \/>\n<meta property=\"og:image\" content=\"https:\/\/vinoteka-sodcek.si\/wp-content\/uploads\/romantic-red.jpeg\" \/>\n\t<meta property=\"og:image:width\" content=\"320\" \/>\n\t<meta property=\"og:image:height\" content=\"1301\" \/>\n\t<meta property=\"og:image:type\" content=\"image\/jpeg\" \/>\n<meta name=\"twitter:card\" content=\"summary_large_image\" \/>\n<!-- \/ Yoast SEO plugin. -->","yoast_head_json":{"title":"Romantic red | Vinoteka Sod\u010dek","description":"[:sl]Romantic red Marc je rubinasto rde\u010de barve, intenzivne dozorele cvetlice maline tudi zrelih \u010de\u0161enj. V ustih srednjega telesa, saden, zrelih taninov.[:en]Romantic red Marc is ruby red in color, with intense ripe raspberry and ripe cherry aromas. Medium-bodied on the palate, with ripe tannins.[:]","robots":{"index":"index","follow":"follow","max-snippet":"max-snippet:-1","max-image-preview":"max-image-preview:large","max-video-preview":"max-video-preview:-1"},"og_locale":"en_US","og_type":"article","og_title":"[:sl]Romantic red[:en]Romantic red[:] | Vinoteka Sod\u010dek","og_description":"[:sl]Romantic red Marc je rubinasto rde\u010de barve, intenzivne dozorele cvetlice maline tudi zrelih \u010de\u0161enj. V ustih srednjega telesa, saden, zrelih taninov.[:en]Romantic red Marc is ruby red in color, with intense ripe raspberry and ripe cherry aromas. Medium-bodied on the palate, with ripe tannins.[:]","og_url":"https:\/\/vinoteka-sodcek.si\/en\/shop\/wines\/red-wines\/marc-romantic-red\/","og_site_name":"Vinoteka Sod\u010dek","article_publisher":"https:\/\/www.facebook.com\/vinotekasodcek\/","article_modified_time":"2025-10-07T13:15:31+00:00","og_image":[{"width":320,"height":1301,"url":"https:\/\/vinoteka-sodcek.si\/wp-content\/uploads\/romantic-red.jpeg","type":"image\/jpeg"}],"twitter_card":"summary_large_image","schema":{"@context":"https:\/\/schema.org","@graph":[{"@type":"WebPage","@id":"https:\/\/vinoteka-sodcek.si\/en\/shop\/wines\/red-wines\/marc-romantic-red\/","url":"https:\/\/vinoteka-sodcek.si\/en\/shop\/wines\/red-wines\/marc-romantic-red\/","name":"[:sl]Romantic red[:en]Romantic red[:] | Vinoteka Sod\u010dek","isPartOf":{"@id":"https:\/\/vinoteka-sodcek.si\/#website"},"primaryImageOfPage":{"@id":"https:\/\/vinoteka-sodcek.si\/en\/shop\/wines\/red-wines\/marc-romantic-red\/#primaryimage"},"image":{"@id":"https:\/\/vinoteka-sodcek.si\/en\/shop\/wines\/red-wines\/marc-romantic-red\/#primaryimage"},"thumbnailUrl":"https:\/\/vinoteka-sodcek.si\/wp-content\/uploads\/romantic-red.jpeg","datePublished":"2025-09-26T11:30:11+00:00","dateModified":"2025-10-07T13:15:31+00:00","description":"[:sl]Romantic red Marc je rubinasto rde\u010de barve, intenzivne dozorele cvetlice maline tudi zrelih \u010de\u0161enj. V ustih srednjega telesa, saden, zrelih taninov.[:en]Romantic red Marc is ruby red in color, with intense ripe raspberry and ripe cherry aromas. Medium-bodied on the palate, with ripe tannins.[:]","breadcrumb":{"@id":"https:\/\/vinoteka-sodcek.si\/en\/shop\/wines\/red-wines\/marc-romantic-red\/#breadcrumb"},"inLanguage":"en-US","potentialAction":[{"@type":"ReadAction","target":["https:\/\/vinoteka-sodcek.si\/en\/shop\/wines\/red-wines\/marc-romantic-red\/"]}]},{"@type":"ImageObject","inLanguage":"en-US","@id":"https:\/\/vinoteka-sodcek.si\/en\/shop\/wines\/red-wines\/marc-romantic-red\/#primaryimage","url":"https:\/\/vinoteka-sodcek.si\/wp-content\/uploads\/romantic-red.jpeg","contentUrl":"https:\/\/vinoteka-sodcek.si\/wp-content\/uploads\/romantic-red.jpeg","width":320,"height":1301},{"@type":"BreadcrumbList","@id":"https:\/\/vinoteka-sodcek.si\/en\/shop\/wines\/red-wines\/marc-romantic-red\/#breadcrumb","itemListElement":[{"@type":"ListItem","position":1,"name":"Home","item":"https:\/\/vinoteka-sodcek.si\/en\/"},{"@type":"ListItem","position":2,"name":"Trgovina","item":"https:\/\/vinoteka-sodcek.si\/trgovina\/"},{"@type":"ListItem","position":3,"name":"Romantic red"}]},{"@type":"WebSite","@id":"https:\/\/vinoteka-sodcek.si\/#website","url":"https:\/\/vinoteka-sodcek.si\/","name":"Vinoteka Sod\u010dek","description":"Vinoteka z vrhunskimi vini","publisher":{"@id":"https:\/\/vinoteka-sodcek.si\/#organization"},"potentialAction":[{"@type":"SearchAction","target":{"@type":"EntryPoint","urlTemplate":"https:\/\/vinoteka-sodcek.si\/?s={search_term_string}"},"query-input":"required name=search_term_string"}],"inLanguage":"en-US"},{"@type":"Organization","@id":"https:\/\/vinoteka-sodcek.si\/#organization","name":"Vinoteka Sod\u010dek, Ale\u0161 \u010ceba\u0161ek s.p.","url":"https:\/\/vinoteka-sodcek.si\/","logo":{"@type":"ImageObject","inLanguage":"en-US","@id":"https:\/\/vinoteka-sodcek.si\/#\/schema\/logo\/image\/","url":"https:\/\/beta.vinoteka-sodcek.si\/wp-content\/uploads\/vinoteka-sodcek-logo.png","contentUrl":"https:\/\/beta.vinoteka-sodcek.si\/wp-content\/uploads\/vinoteka-sodcek-logo.png","width":300,"height":90,"caption":"Vinoteka Sod\u010dek, Ale\u0161 \u010ceba\u0161ek s.p."},"image":{"@id":"https:\/\/vinoteka-sodcek.si\/#\/schema\/logo\/image\/"},"sameAs":["https:\/\/www.facebook.com\/vinotekasodcek\/"]}]}},"_links":{"self":[{"href":"https:\/\/vinoteka-sodcek.si\/en\/wp-json\/\/wp\/v2\/product\/2855"}],"collection":[{"href":"https:\/\/vinoteka-sodcek.si\/en\/wp-json\/\/wp\/v2\/product"}],"about":[{"href":"https:\/\/vinoteka-sodcek.si\/en\/wp-json\/\/wp\/v2\/types\/product"}],"wp:featuredmedia":[{"embeddable":true,"href":"https:\/\/vinoteka-sodcek.si\/en\/wp-json\/\/wp\/v2\/media\/2888"}],"wp:attachment":[{"href":"https:\/\/vinoteka-sodcek.si\/en\/wp-json\/\/wp\/v2\/media?parent=2855"}],"wp:term":[{"taxonomy":"product_cat","embeddable":true,"href":"https:\/\/vinoteka-sodcek.si\/en\/wp-json\/\/wp\/v2\/product_cat?post=2855"},{"taxonomy":"product_tag","embeddable":true,"href":"https:\/\/vinoteka-sodcek.si\/en\/wp-json\/\/wp\/v2\/product_tag?post=2855"}],"curies":[{"name":"wp","href":"https:\/\/api.w.org\/{rel}","templated":true}]}}