{"id":287,"date":"2024-03-15T17:20:16","date_gmt":"2024-03-15T16:20:16","guid":{"rendered":"http:\/\/192.168.64.105\/GitHub\/vinoteka-sodcek\/trgovina\/uncategorized\/vinakoper-refosk-rex-fuscus\/"},"modified":"2025-11-24T14:23:56","modified_gmt":"2025-11-24T13:23:56","slug":"vinakoper-refosk-rex-fuscus","status":"publish","type":"product","link":"https:\/\/vinoteka-sodcek.si\/en\/shop\/wines\/red-wines\/vinakoper-refosk-rex-fuscus\/","title":{"rendered":"Refo\u0161k Rex Fuscus"},"content":{"rendered":"<p>The dissected grapes were macerated for 8-10 days at a temperature of 25-28 \u00b0C, followed by maturation in large oak barrels.<\/p>\n<p>It is of an intense ruby red colour with fresh hints of ripe cherries, a very fruity nose of blackberry, raspberry, blueberry. The taste is fruity, with a great deal of freshness, which, with its delicate tannins, blends beautifully into the harmonious, full-bodied and extract-rich wine speciality of Slovenian Istria.<\/p>\n","protected":false},"excerpt":{"rendered":"<p>The dissected grapes were macerated for 8-10 days at a temperature of 25-28 \u00b0C, followed by maturation in large oak barrels. It is of an intense ruby red colour with fresh&#8230;<\/p>\n","protected":false},"featured_media":286,"template":"","meta":[],"product_cat":[20],"product_tag":[],"acf":[],"yoast_head":"<!-- This site is optimized with the Yoast SEO plugin v22.2 - https:\/\/yoast.com\/wordpress\/plugins\/seo\/ -->\n<title>Refo\u0161k Rex Fuscus | Vinoteka Sod\u010dek<\/title>\n<meta name=\"description\" content=\"Refo\u0161k rex Vinakoper is an intense ruby red colour with fresh hints of ripe sour cherries, a very fruity nose of blackberries, raspberries, blueberries.\" \/>\n<meta name=\"robots\" content=\"index, follow, max-snippet:-1, max-image-preview:large, max-video-preview:-1\" \/>\n<meta property=\"og:locale\" content=\"en_US\" \/>\n<meta property=\"og:type\" content=\"article\" \/>\n<meta property=\"og:title\" content=\"Refo\u0161k Rex Fuscus\" \/>\n<meta property=\"og:description\" content=\"Refo\u0161k rex Vinakoper is an intense ruby red colour with fresh hints of ripe sour cherries, a very fruity nose of blackberries, raspberries, blueberries.\" \/>\n<meta property=\"og:url\" content=\"https:\/\/vinoteka-sodcek.si\/en\/shop\/wines\/red-wines\/vinakoper-refosk-rex-fuscus\/\" \/>\n<meta property=\"og:site_name\" content=\"Vinoteka Sod\u010dek\" \/>\n<meta property=\"article:publisher\" content=\"https:\/\/www.facebook.com\/vinotekasodcek\/\" \/>\n<meta property=\"article:modified_time\" content=\"2025-11-24T13:23:56+00:00\" \/>\n<meta property=\"og:image\" content=\"https:\/\/vinoteka-sodcek.si\/wp-content\/uploads\/Rex-Refosk-1.jpg\" \/>\n\t<meta property=\"og:image:width\" content=\"235\" \/>\n\t<meta property=\"og:image:height\" content=\"647\" \/>\n\t<meta property=\"og:image:type\" content=\"image\/jpeg\" \/>\n<meta name=\"twitter:card\" content=\"summary_large_image\" \/>\n<!-- \/ Yoast SEO plugin. -->","yoast_head_json":{"title":"Refo\u0161k Rex Fuscus | Vinoteka Sod\u010dek","description":"[:sl]Refo\u0161k rex Vinakoper je intenzivne rubinasto rde\u010de barve s sve\u017eimi odtenki zrelih vi\u0161enj, izredno saden vonj robidnice, maline, borovnice.[:en]Refo\u0161k rex Vinakoper is an intense ruby red colour with fresh hints of ripe sour cherries, a very fruity nose of blackberries, raspberries, blueberries.[:]","robots":{"index":"index","follow":"follow","max-snippet":"max-snippet:-1","max-image-preview":"max-image-preview:large","max-video-preview":"max-video-preview:-1"},"og_locale":"en_US","og_type":"article","og_title":"[:sl]Refo\u0161k Rex Fuscus[:en]Refo\u0161k Rex Fuscus[:] | Vinoteka Sod\u010dek","og_description":"[:sl]Refo\u0161k rex Vinakoper je intenzivne rubinasto rde\u010de barve s sve\u017eimi odtenki zrelih vi\u0161enj, izredno saden vonj robidnice, maline, borovnice.[:en]Refo\u0161k rex Vinakoper is an intense ruby red colour with fresh hints of ripe sour cherries, a very fruity nose of blackberries, raspberries, blueberries.[:]","og_url":"https:\/\/vinoteka-sodcek.si\/en\/shop\/wines\/red-wines\/vinakoper-refosk-rex-fuscus\/","og_site_name":"Vinoteka Sod\u010dek","article_publisher":"https:\/\/www.facebook.com\/vinotekasodcek\/","article_modified_time":"2025-11-24T13:23:56+00:00","og_image":[{"width":235,"height":647,"url":"https:\/\/vinoteka-sodcek.si\/wp-content\/uploads\/Rex-Refosk-1.jpg","type":"image\/jpeg"}],"twitter_card":"summary_large_image","schema":{"@context":"https:\/\/schema.org","@graph":[{"@type":"WebPage","@id":"https:\/\/vinoteka-sodcek.si\/en\/shop\/wines\/red-wines\/vinakoper-refosk-rex-fuscus\/","url":"https:\/\/vinoteka-sodcek.si\/en\/shop\/wines\/red-wines\/vinakoper-refosk-rex-fuscus\/","name":"[:sl]Refo\u0161k Rex Fuscus[:en]Refo\u0161k Rex Fuscus[:] | Vinoteka Sod\u010dek","isPartOf":{"@id":"https:\/\/vinoteka-sodcek.si\/#website"},"primaryImageOfPage":{"@id":"https:\/\/vinoteka-sodcek.si\/en\/shop\/wines\/red-wines\/vinakoper-refosk-rex-fuscus\/#primaryimage"},"image":{"@id":"https:\/\/vinoteka-sodcek.si\/en\/shop\/wines\/red-wines\/vinakoper-refosk-rex-fuscus\/#primaryimage"},"thumbnailUrl":"https:\/\/vinoteka-sodcek.si\/wp-content\/uploads\/Rex-Refosk-1.jpg","datePublished":"2024-03-15T16:20:16+00:00","dateModified":"2025-11-24T13:23:56+00:00","description":"[:sl]Refo\u0161k rex Vinakoper je intenzivne rubinasto rde\u010de barve s sve\u017eimi odtenki zrelih vi\u0161enj, izredno saden vonj robidnice, maline, borovnice.[:en]Refo\u0161k rex Vinakoper is an intense ruby red colour with fresh hints of ripe sour cherries, a very fruity nose of blackberries, raspberries, blueberries.[:]","breadcrumb":{"@id":"https:\/\/vinoteka-sodcek.si\/en\/shop\/wines\/red-wines\/vinakoper-refosk-rex-fuscus\/#breadcrumb"},"inLanguage":"en-US","potentialAction":[{"@type":"ReadAction","target":["https:\/\/vinoteka-sodcek.si\/en\/shop\/wines\/red-wines\/vinakoper-refosk-rex-fuscus\/"]}]},{"@type":"ImageObject","inLanguage":"en-US","@id":"https:\/\/vinoteka-sodcek.si\/en\/shop\/wines\/red-wines\/vinakoper-refosk-rex-fuscus\/#primaryimage","url":"https:\/\/vinoteka-sodcek.si\/wp-content\/uploads\/Rex-Refosk-1.jpg","contentUrl":"https:\/\/vinoteka-sodcek.si\/wp-content\/uploads\/Rex-Refosk-1.jpg","width":235,"height":647},{"@type":"BreadcrumbList","@id":"https:\/\/vinoteka-sodcek.si\/en\/shop\/wines\/red-wines\/vinakoper-refosk-rex-fuscus\/#breadcrumb","itemListElement":[{"@type":"ListItem","position":1,"name":"Home","item":"https:\/\/vinoteka-sodcek.si\/en\/"},{"@type":"ListItem","position":2,"name":"Trgovina","item":"https:\/\/vinoteka-sodcek.si\/trgovina\/"},{"@type":"ListItem","position":3,"name":"Refo\u0161k Rex Fuscus"}]},{"@type":"WebSite","@id":"https:\/\/vinoteka-sodcek.si\/#website","url":"https:\/\/vinoteka-sodcek.si\/","name":"Vinoteka Sod\u010dek","description":"Vinoteka z vrhunskimi vini","publisher":{"@id":"https:\/\/vinoteka-sodcek.si\/#organization"},"potentialAction":[{"@type":"SearchAction","target":{"@type":"EntryPoint","urlTemplate":"https:\/\/vinoteka-sodcek.si\/?s={search_term_string}"},"query-input":"required name=search_term_string"}],"inLanguage":"en-US"},{"@type":"Organization","@id":"https:\/\/vinoteka-sodcek.si\/#organization","name":"Vinoteka Sod\u010dek, Ale\u0161 \u010ceba\u0161ek s.p.","url":"https:\/\/vinoteka-sodcek.si\/","logo":{"@type":"ImageObject","inLanguage":"en-US","@id":"https:\/\/vinoteka-sodcek.si\/#\/schema\/logo\/image\/","url":"https:\/\/beta.vinoteka-sodcek.si\/wp-content\/uploads\/vinoteka-sodcek-logo.png","contentUrl":"https:\/\/beta.vinoteka-sodcek.si\/wp-content\/uploads\/vinoteka-sodcek-logo.png","width":300,"height":90,"caption":"Vinoteka Sod\u010dek, Ale\u0161 \u010ceba\u0161ek s.p."},"image":{"@id":"https:\/\/vinoteka-sodcek.si\/#\/schema\/logo\/image\/"},"sameAs":["https:\/\/www.facebook.com\/vinotekasodcek\/"]}]}},"_links":{"self":[{"href":"https:\/\/vinoteka-sodcek.si\/en\/wp-json\/\/wp\/v2\/product\/287"}],"collection":[{"href":"https:\/\/vinoteka-sodcek.si\/en\/wp-json\/\/wp\/v2\/product"}],"about":[{"href":"https:\/\/vinoteka-sodcek.si\/en\/wp-json\/\/wp\/v2\/types\/product"}],"wp:featuredmedia":[{"embeddable":true,"href":"https:\/\/vinoteka-sodcek.si\/en\/wp-json\/\/wp\/v2\/media\/286"}],"wp:attachment":[{"href":"https:\/\/vinoteka-sodcek.si\/en\/wp-json\/\/wp\/v2\/media?parent=287"}],"wp:term":[{"taxonomy":"product_cat","embeddable":true,"href":"https:\/\/vinoteka-sodcek.si\/en\/wp-json\/\/wp\/v2\/product_cat?post=287"},{"taxonomy":"product_tag","embeddable":true,"href":"https:\/\/vinoteka-sodcek.si\/en\/wp-json\/\/wp\/v2\/product_tag?post=287"}],"curies":[{"name":"wp","href":"https:\/\/api.w.org\/{rel}","templated":true}]}}