{"id":2879,"date":"2025-10-03T16:22:53","date_gmt":"2025-10-03T15:22:53","guid":{"rendered":"https:\/\/vinoteka-sodcek.si\/?post_type=product&#038;p=2879"},"modified":"2025-10-08T07:32:35","modified_gmt":"2025-10-08T06:32:35","slug":"stokelj-chardonnay-cru-mlac","status":"publish","type":"product","link":"https:\/\/vinoteka-sodcek.si\/en\/shop\/wines\/white-wines\/stokelj-chardonnay-cru-mlac\/","title":{"rendered":"Chardonnay CRU Mlac"},"content":{"rendered":"<p>The carefully selected grapes for this wine come from the Mlac vineyard. The partially marly and loamy soil, western exposure, and the winemaker&#8217;s bold ambition enable him to develop the full potential of this variety, even on a global scale.<\/p>\n<p>After harvesting, the wine matures in new barrique barrels for 12 months on fine lees, with constant stirring for six months. After one year, it matures in stainless steel for approximately six months before bottling.<\/p>\n<p>It has a deep golden-yellow color, an aroma of yellow and tropical fruits, and is rich, soft, mineral, and elegant on the palate. The malolactic fermentation is also beautifully executed.<\/p>\n<p>&nbsp;<\/p>\n","protected":false},"excerpt":{"rendered":"<p>The carefully selected grapes for this wine come from the Mlac vineyard. The partially marly and loamy soil, western exposure, and the winemaker&#8217;s bold ambition enable him to develop the full&#8230;<\/p>\n","protected":false},"featured_media":2887,"template":"","meta":[],"product_cat":[19],"product_tag":[],"acf":[],"yoast_head":"<!-- This site is optimized with the Yoast SEO plugin v22.2 - https:\/\/yoast.com\/wordpress\/plugins\/seo\/ -->\n<title>Chardonnay CRU Mlac | Vinoteka Sod\u010dek<\/title>\n<meta name=\"description\" content=\"Chardonnay CRU Mlac \u0160tokelj matures in new barrique barrels for 12 months on fine lees, with constant stirring for half a year.\" \/>\n<meta name=\"robots\" content=\"index, follow, max-snippet:-1, max-image-preview:large, max-video-preview:-1\" \/>\n<meta property=\"og:locale\" content=\"en_US\" \/>\n<meta property=\"og:type\" content=\"article\" \/>\n<meta property=\"og:title\" content=\"Chardonnay CRU Mlac\" \/>\n<meta property=\"og:description\" content=\"Chardonnay CRU Mlac \u0160tokelj matures in new barrique barrels for 12 months on fine lees, with constant stirring for half a year.\" \/>\n<meta property=\"og:url\" content=\"https:\/\/vinoteka-sodcek.si\/en\/shop\/wines\/white-wines\/stokelj-chardonnay-cru-mlac\/\" \/>\n<meta property=\"og:site_name\" content=\"Vinoteka Sod\u010dek\" \/>\n<meta property=\"article:publisher\" content=\"https:\/\/www.facebook.com\/vinotekasodcek\/\" \/>\n<meta property=\"article:modified_time\" content=\"2025-10-08T06:32:35+00:00\" \/>\n<meta property=\"og:image\" content=\"https:\/\/vinoteka-sodcek.si\/wp-content\/uploads\/chardonnay-stokelj.jpeg\" \/>\n\t<meta property=\"og:image:width\" content=\"372\" \/>\n\t<meta property=\"og:image:height\" content=\"1306\" \/>\n\t<meta property=\"og:image:type\" content=\"image\/jpeg\" \/>\n<meta name=\"twitter:card\" content=\"summary_large_image\" \/>\n<!-- \/ Yoast SEO plugin. -->","yoast_head_json":{"title":"Chardonnay CRU Mlac | Vinoteka Sod\u010dek","description":"[:sl]Chardonnay CRU Mlac \u0160tokelj po kon\u010dani trgatvi zori v novih barique sodih 12 mesecev na finih dro\u017eeh, pol leta s stalnim me\u0161anjem.[:en]Chardonnay CRU Mlac \u0160tokelj matures in new barrique barrels for 12 months on fine lees, with constant stirring for half a year.[:]","robots":{"index":"index","follow":"follow","max-snippet":"max-snippet:-1","max-image-preview":"max-image-preview:large","max-video-preview":"max-video-preview:-1"},"og_locale":"en_US","og_type":"article","og_title":"[:sl]Chardonnay CRU Mlac[:en]Chardonnay CRU Mlac[:] | Vinoteka Sod\u010dek","og_description":"[:sl]Chardonnay CRU Mlac \u0160tokelj po kon\u010dani trgatvi zori v novih barique sodih 12 mesecev na finih dro\u017eeh, pol leta s stalnim me\u0161anjem.[:en]Chardonnay CRU Mlac \u0160tokelj matures in new barrique barrels for 12 months on fine lees, with constant stirring for half a year.[:]","og_url":"https:\/\/vinoteka-sodcek.si\/en\/shop\/wines\/white-wines\/stokelj-chardonnay-cru-mlac\/","og_site_name":"Vinoteka Sod\u010dek","article_publisher":"https:\/\/www.facebook.com\/vinotekasodcek\/","article_modified_time":"2025-10-08T06:32:35+00:00","og_image":[{"width":372,"height":1306,"url":"https:\/\/vinoteka-sodcek.si\/wp-content\/uploads\/chardonnay-stokelj.jpeg","type":"image\/jpeg"}],"twitter_card":"summary_large_image","schema":{"@context":"https:\/\/schema.org","@graph":[{"@type":"WebPage","@id":"https:\/\/vinoteka-sodcek.si\/trgovina\/vina\/bela-vina\/stokelj-chardonnay-cru-mlac\/","url":"https:\/\/vinoteka-sodcek.si\/trgovina\/vina\/bela-vina\/stokelj-chardonnay-cru-mlac\/","name":"[:sl]Chardonnay CRU Mlac[:en]Chardonnay CRU Mlac[:] | Vinoteka Sod\u010dek","isPartOf":{"@id":"https:\/\/vinoteka-sodcek.si\/#website"},"primaryImageOfPage":{"@id":"https:\/\/vinoteka-sodcek.si\/trgovina\/vina\/bela-vina\/stokelj-chardonnay-cru-mlac\/#primaryimage"},"image":{"@id":"https:\/\/vinoteka-sodcek.si\/trgovina\/vina\/bela-vina\/stokelj-chardonnay-cru-mlac\/#primaryimage"},"thumbnailUrl":"https:\/\/vinoteka-sodcek.si\/wp-content\/uploads\/chardonnay-stokelj.jpeg","datePublished":"2025-10-03T15:22:53+00:00","dateModified":"2025-10-08T06:32:35+00:00","description":"[:sl]Chardonnay CRU Mlac \u0160tokelj po kon\u010dani trgatvi zori v novih barique sodih 12 mesecev na finih dro\u017eeh, pol leta s stalnim me\u0161anjem.[:en]Chardonnay CRU Mlac \u0160tokelj matures in new barrique barrels for 12 months on fine lees, with constant stirring for half a year.[:]","breadcrumb":{"@id":"https:\/\/vinoteka-sodcek.si\/trgovina\/vina\/bela-vina\/stokelj-chardonnay-cru-mlac\/#breadcrumb"},"inLanguage":"en-US","potentialAction":[{"@type":"ReadAction","target":["https:\/\/vinoteka-sodcek.si\/trgovina\/vina\/bela-vina\/stokelj-chardonnay-cru-mlac\/"]}]},{"@type":"ImageObject","inLanguage":"en-US","@id":"https:\/\/vinoteka-sodcek.si\/trgovina\/vina\/bela-vina\/stokelj-chardonnay-cru-mlac\/#primaryimage","url":"https:\/\/vinoteka-sodcek.si\/wp-content\/uploads\/chardonnay-stokelj.jpeg","contentUrl":"https:\/\/vinoteka-sodcek.si\/wp-content\/uploads\/chardonnay-stokelj.jpeg","width":372,"height":1306},{"@type":"BreadcrumbList","@id":"https:\/\/vinoteka-sodcek.si\/trgovina\/vina\/bela-vina\/stokelj-chardonnay-cru-mlac\/#breadcrumb","itemListElement":[{"@type":"ListItem","position":1,"name":"Home","item":"https:\/\/vinoteka-sodcek.si\/en\/"},{"@type":"ListItem","position":2,"name":"Trgovina","item":"https:\/\/vinoteka-sodcek.si\/trgovina\/"},{"@type":"ListItem","position":3,"name":"Chardonnay CRU Mlac"}]},{"@type":"WebSite","@id":"https:\/\/vinoteka-sodcek.si\/#website","url":"https:\/\/vinoteka-sodcek.si\/","name":"Vinoteka Sod\u010dek","description":"Vinoteka z vrhunskimi vini","publisher":{"@id":"https:\/\/vinoteka-sodcek.si\/#organization"},"potentialAction":[{"@type":"SearchAction","target":{"@type":"EntryPoint","urlTemplate":"https:\/\/vinoteka-sodcek.si\/?s={search_term_string}"},"query-input":"required name=search_term_string"}],"inLanguage":"en-US"},{"@type":"Organization","@id":"https:\/\/vinoteka-sodcek.si\/#organization","name":"Vinoteka Sod\u010dek, Ale\u0161 \u010ceba\u0161ek s.p.","url":"https:\/\/vinoteka-sodcek.si\/","logo":{"@type":"ImageObject","inLanguage":"en-US","@id":"https:\/\/vinoteka-sodcek.si\/#\/schema\/logo\/image\/","url":"https:\/\/beta.vinoteka-sodcek.si\/wp-content\/uploads\/vinoteka-sodcek-logo.png","contentUrl":"https:\/\/beta.vinoteka-sodcek.si\/wp-content\/uploads\/vinoteka-sodcek-logo.png","width":300,"height":90,"caption":"Vinoteka Sod\u010dek, Ale\u0161 \u010ceba\u0161ek s.p."},"image":{"@id":"https:\/\/vinoteka-sodcek.si\/#\/schema\/logo\/image\/"},"sameAs":["https:\/\/www.facebook.com\/vinotekasodcek\/"]}]}},"_links":{"self":[{"href":"https:\/\/vinoteka-sodcek.si\/en\/wp-json\/\/wp\/v2\/product\/2879"}],"collection":[{"href":"https:\/\/vinoteka-sodcek.si\/en\/wp-json\/\/wp\/v2\/product"}],"about":[{"href":"https:\/\/vinoteka-sodcek.si\/en\/wp-json\/\/wp\/v2\/types\/product"}],"wp:featuredmedia":[{"embeddable":true,"href":"https:\/\/vinoteka-sodcek.si\/en\/wp-json\/\/wp\/v2\/media\/2887"}],"wp:attachment":[{"href":"https:\/\/vinoteka-sodcek.si\/en\/wp-json\/\/wp\/v2\/media?parent=2879"}],"wp:term":[{"taxonomy":"product_cat","embeddable":true,"href":"https:\/\/vinoteka-sodcek.si\/en\/wp-json\/\/wp\/v2\/product_cat?post=2879"},{"taxonomy":"product_tag","embeddable":true,"href":"https:\/\/vinoteka-sodcek.si\/en\/wp-json\/\/wp\/v2\/product_tag?post=2879"}],"curies":[{"name":"wp","href":"https:\/\/api.w.org\/{rel}","templated":true}]}}