{"id":291,"date":"2024-03-15T17:20:16","date_gmt":"2024-03-15T16:20:16","guid":{"rendered":"http:\/\/192.168.64.105\/GitHub\/vinoteka-sodcek\/trgovina\/uncategorized\/vinakoper-refosk-capris\/"},"modified":"2026-02-06T21:24:39","modified_gmt":"2026-02-06T20:24:39","slug":"vinakoper-refosk-capris","status":"publish","type":"product","link":"https:\/\/vinoteka-sodcek.si\/en\/shop\/wines\/red-wines\/vinakoper-refosk-capris\/","title":{"rendered":"Refo\u0161k Capris"},"content":{"rendered":"<p>After the harvest, the grapes are macerated for 8 to 14 days at a temperature of 22 to 26 \u00b0C and then matured in large oak barrels and barriques for at least 12 months.<\/p>\n<p>It is deep ruby in colour with purple hues, and the nose reveals ripe sweet notes of blackberry, cherry and plum, with some spice in the background. It is fruity and complex on the palate. With soft tannins and juicy acidity.<\/p>\n","protected":false},"excerpt":{"rendered":"<p>After the harvest, the grapes are macerated for 8 to 14 days at a temperature of 22 to 26 \u00b0C and then matured in large oak barrels and barriques for at&#8230;<\/p>\n","protected":false},"featured_media":1549,"template":"","meta":[],"product_cat":[20],"product_tag":[],"acf":[],"yoast_head":"<!-- This site is optimized with the Yoast SEO plugin v22.2 - https:\/\/yoast.com\/wordpress\/plugins\/seo\/ -->\n<title>Refo\u0161k Capris | Vinoteka Sod\u010dek<\/title>\n<meta name=\"description\" content=\"Refo\u0161k Capris Vinakoper is intensely ruby in colour with purple hues, the nose reveals ripe sweet notes of blackberry, cherry.\" \/>\n<meta name=\"robots\" content=\"index, follow, max-snippet:-1, max-image-preview:large, max-video-preview:-1\" \/>\n<meta property=\"og:locale\" content=\"en_US\" \/>\n<meta property=\"og:type\" content=\"article\" \/>\n<meta property=\"og:title\" content=\"Refo\u0161k Capris\" \/>\n<meta property=\"og:description\" content=\"Refo\u0161k Capris Vinakoper is intensely ruby in colour with purple hues, the nose reveals ripe sweet notes of blackberry, cherry.\" \/>\n<meta property=\"og:url\" content=\"https:\/\/vinoteka-sodcek.si\/en\/shop\/wines\/red-wines\/vinakoper-refosk-capris\/\" \/>\n<meta property=\"og:site_name\" content=\"Vinoteka Sod\u010dek\" \/>\n<meta property=\"article:publisher\" content=\"https:\/\/www.facebook.com\/vinotekasodcek\/\" \/>\n<meta property=\"article:modified_time\" content=\"2026-02-06T20:24:39+00:00\" \/>\n<meta property=\"og:image\" content=\"https:\/\/vinoteka-sodcek.si\/wp-content\/uploads\/capris-refosk.jpg\" \/>\n\t<meta property=\"og:image:width\" content=\"216\" \/>\n\t<meta property=\"og:image:height\" content=\"725\" \/>\n\t<meta property=\"og:image:type\" content=\"image\/jpeg\" \/>\n<meta name=\"twitter:card\" content=\"summary_large_image\" \/>\n<!-- \/ Yoast SEO plugin. -->","yoast_head_json":{"title":"Refo\u0161k Capris | Vinoteka Sod\u010dek","description":"[:sl]Refo\u0161k Capris Vinakoper je intenzivno rubinaste barve z vijoli\u010dastimi odtenki, v vonju odkrivamo dozorele sladkaste note robidnice, \u010de\u0161nje.[:en]Refo\u0161k Capris Vinakoper is intensely ruby in colour with purple hues, the nose reveals ripe sweet notes of blackberry, cherry.[:]","robots":{"index":"index","follow":"follow","max-snippet":"max-snippet:-1","max-image-preview":"max-image-preview:large","max-video-preview":"max-video-preview:-1"},"og_locale":"en_US","og_type":"article","og_title":"[:sl]Refo\u0161k Capris[:en]Refo\u0161k Capris[:] | Vinoteka Sod\u010dek","og_description":"[:sl]Refo\u0161k Capris Vinakoper je intenzivno rubinaste barve z vijoli\u010dastimi odtenki, v vonju odkrivamo dozorele sladkaste note robidnice, \u010de\u0161nje.[:en]Refo\u0161k Capris Vinakoper is intensely ruby in colour with purple hues, the nose reveals ripe sweet notes of blackberry, cherry.[:]","og_url":"https:\/\/vinoteka-sodcek.si\/en\/shop\/wines\/red-wines\/vinakoper-refosk-capris\/","og_site_name":"Vinoteka Sod\u010dek","article_publisher":"https:\/\/www.facebook.com\/vinotekasodcek\/","article_modified_time":"2026-02-06T20:24:39+00:00","og_image":[{"width":216,"height":725,"url":"https:\/\/vinoteka-sodcek.si\/wp-content\/uploads\/capris-refosk.jpg","type":"image\/jpeg"}],"twitter_card":"summary_large_image","schema":{"@context":"https:\/\/schema.org","@graph":[{"@type":"WebPage","@id":"https:\/\/vinoteka-sodcek.si\/trgovina\/vina\/rdeca-vina\/vinakoper-refosk-capris\/","url":"https:\/\/vinoteka-sodcek.si\/trgovina\/vina\/rdeca-vina\/vinakoper-refosk-capris\/","name":"[:sl]Refo\u0161k Capris[:en]Refo\u0161k Capris[:] | Vinoteka Sod\u010dek","isPartOf":{"@id":"https:\/\/vinoteka-sodcek.si\/#website"},"primaryImageOfPage":{"@id":"https:\/\/vinoteka-sodcek.si\/trgovina\/vina\/rdeca-vina\/vinakoper-refosk-capris\/#primaryimage"},"image":{"@id":"https:\/\/vinoteka-sodcek.si\/trgovina\/vina\/rdeca-vina\/vinakoper-refosk-capris\/#primaryimage"},"thumbnailUrl":"https:\/\/vinoteka-sodcek.si\/wp-content\/uploads\/capris-refosk.jpg","datePublished":"2024-03-15T16:20:16+00:00","dateModified":"2026-02-06T20:24:39+00:00","description":"[:sl]Refo\u0161k Capris Vinakoper je intenzivno rubinaste barve z vijoli\u010dastimi odtenki, v vonju odkrivamo dozorele sladkaste note robidnice, \u010de\u0161nje.[:en]Refo\u0161k Capris Vinakoper is intensely ruby in colour with purple hues, the nose reveals ripe sweet notes of blackberry, cherry.[:]","breadcrumb":{"@id":"https:\/\/vinoteka-sodcek.si\/trgovina\/vina\/rdeca-vina\/vinakoper-refosk-capris\/#breadcrumb"},"inLanguage":"en-US","potentialAction":[{"@type":"ReadAction","target":["https:\/\/vinoteka-sodcek.si\/trgovina\/vina\/rdeca-vina\/vinakoper-refosk-capris\/"]}]},{"@type":"ImageObject","inLanguage":"en-US","@id":"https:\/\/vinoteka-sodcek.si\/trgovina\/vina\/rdeca-vina\/vinakoper-refosk-capris\/#primaryimage","url":"https:\/\/vinoteka-sodcek.si\/wp-content\/uploads\/capris-refosk.jpg","contentUrl":"https:\/\/vinoteka-sodcek.si\/wp-content\/uploads\/capris-refosk.jpg","width":216,"height":725},{"@type":"BreadcrumbList","@id":"https:\/\/vinoteka-sodcek.si\/trgovina\/vina\/rdeca-vina\/vinakoper-refosk-capris\/#breadcrumb","itemListElement":[{"@type":"ListItem","position":1,"name":"Home","item":"https:\/\/vinoteka-sodcek.si\/en\/"},{"@type":"ListItem","position":2,"name":"Trgovina","item":"https:\/\/vinoteka-sodcek.si\/trgovina\/"},{"@type":"ListItem","position":3,"name":"Refo\u0161k Capris"}]},{"@type":"WebSite","@id":"https:\/\/vinoteka-sodcek.si\/#website","url":"https:\/\/vinoteka-sodcek.si\/","name":"Vinoteka Sod\u010dek","description":"Vinoteka z vrhunskimi vini","publisher":{"@id":"https:\/\/vinoteka-sodcek.si\/#organization"},"potentialAction":[{"@type":"SearchAction","target":{"@type":"EntryPoint","urlTemplate":"https:\/\/vinoteka-sodcek.si\/?s={search_term_string}"},"query-input":"required name=search_term_string"}],"inLanguage":"en-US"},{"@type":"Organization","@id":"https:\/\/vinoteka-sodcek.si\/#organization","name":"Vinoteka Sod\u010dek, Ale\u0161 \u010ceba\u0161ek s.p.","url":"https:\/\/vinoteka-sodcek.si\/","logo":{"@type":"ImageObject","inLanguage":"en-US","@id":"https:\/\/vinoteka-sodcek.si\/#\/schema\/logo\/image\/","url":"https:\/\/beta.vinoteka-sodcek.si\/wp-content\/uploads\/vinoteka-sodcek-logo.png","contentUrl":"https:\/\/beta.vinoteka-sodcek.si\/wp-content\/uploads\/vinoteka-sodcek-logo.png","width":300,"height":90,"caption":"Vinoteka Sod\u010dek, Ale\u0161 \u010ceba\u0161ek s.p."},"image":{"@id":"https:\/\/vinoteka-sodcek.si\/#\/schema\/logo\/image\/"},"sameAs":["https:\/\/www.facebook.com\/vinotekasodcek\/"]}]}},"_links":{"self":[{"href":"https:\/\/vinoteka-sodcek.si\/en\/wp-json\/\/wp\/v2\/product\/291"}],"collection":[{"href":"https:\/\/vinoteka-sodcek.si\/en\/wp-json\/\/wp\/v2\/product"}],"about":[{"href":"https:\/\/vinoteka-sodcek.si\/en\/wp-json\/\/wp\/v2\/types\/product"}],"wp:featuredmedia":[{"embeddable":true,"href":"https:\/\/vinoteka-sodcek.si\/en\/wp-json\/\/wp\/v2\/media\/1549"}],"wp:attachment":[{"href":"https:\/\/vinoteka-sodcek.si\/en\/wp-json\/\/wp\/v2\/media?parent=291"}],"wp:term":[{"taxonomy":"product_cat","embeddable":true,"href":"https:\/\/vinoteka-sodcek.si\/en\/wp-json\/\/wp\/v2\/product_cat?post=291"},{"taxonomy":"product_tag","embeddable":true,"href":"https:\/\/vinoteka-sodcek.si\/en\/wp-json\/\/wp\/v2\/product_tag?post=291"}],"curies":[{"name":"wp","href":"https:\/\/api.w.org\/{rel}","templated":true}]}}