{"id":293,"date":"2024-03-15T17:20:16","date_gmt":"2024-03-15T16:20:16","guid":{"rendered":"http:\/\/192.168.64.105\/GitHub\/vinoteka-sodcek\/trgovina\/uncategorized\/vinakoper-sladki-muskat\/"},"modified":"2026-02-06T21:24:57","modified_gmt":"2026-02-06T20:24:57","slug":"vinakoper-sladki-muskat","status":"publish","type":"product","link":"https:\/\/vinoteka-sodcek.si\/en\/shop\/wines\/white-wines\/vinakoper-sladki-muskat\/","title":{"rendered":"Sladki mu\u0161kat"},"content":{"rendered":"<p>The grapes undergo a cold maceration of about 24 hours to extract as much aromatic potential as possible from the skins. Fermentation takes place in inox tanks at a temperature of 13-16 \u00b0C.<\/p>\n<p>It has an intense golden colour, which shows its nobility. The nose is full of intense aromas of candied orange peel, floral honey, dried apricots, citrus and jasmine blossom. The taste shows a beautiful harmony between residual sugar, fruitiness and richness.<\/p>\n","protected":false},"excerpt":{"rendered":"<p>The grapes undergo a cold maceration of about 24 hours to extract as much aromatic potential as possible from the skins. Fermentation takes place in inox tanks at a temperature of&#8230;<\/p>\n","protected":false},"featured_media":2143,"template":"","meta":[],"product_cat":[19],"product_tag":[],"acf":[],"yoast_head":"<!-- This site is optimized with the Yoast SEO plugin v22.2 - https:\/\/yoast.com\/wordpress\/plugins\/seo\/ -->\n<title>Sladki mu\u0161kat | Vinoteka Sod\u010dek<\/title>\n<meta name=\"description\" content=\"Sladki mu\u0161kat Vinakoper it has an intense golden colour and intense aromas of candied orange peel and floral honey, dried apricots.\" \/>\n<meta name=\"robots\" content=\"index, follow, max-snippet:-1, max-image-preview:large, max-video-preview:-1\" \/>\n<meta property=\"og:locale\" content=\"en_US\" \/>\n<meta property=\"og:type\" content=\"article\" \/>\n<meta property=\"og:title\" content=\"Sladki mu\u0161kat\" \/>\n<meta property=\"og:description\" content=\"Sladki mu\u0161kat Vinakoper it has an intense golden colour and intense aromas of candied orange peel and floral honey, dried apricots.\" \/>\n<meta property=\"og:url\" content=\"https:\/\/vinoteka-sodcek.si\/en\/shop\/wines\/white-wines\/vinakoper-sladki-muskat\/\" \/>\n<meta property=\"og:site_name\" content=\"Vinoteka Sod\u010dek\" \/>\n<meta property=\"article:publisher\" content=\"https:\/\/www.facebook.com\/vinotekasodcek\/\" \/>\n<meta property=\"article:modified_time\" content=\"2026-02-06T20:24:57+00:00\" \/>\n<meta property=\"og:image\" content=\"https:\/\/vinoteka-sodcek.si\/wp-content\/uploads\/sladki-muskat-vinakoper.jpg\" \/>\n\t<meta property=\"og:image:width\" content=\"144\" \/>\n\t<meta property=\"og:image:height\" content=\"607\" \/>\n\t<meta property=\"og:image:type\" content=\"image\/jpeg\" \/>\n<meta name=\"twitter:card\" content=\"summary_large_image\" \/>\n<!-- \/ Yoast SEO plugin. -->","yoast_head_json":{"title":"Sladki mu\u0161kat | Vinoteka Sod\u010dek","description":"[:sl]Sladki mu\u0161kat Vinakoper je intenzivne zlate barve, v vonju se sre\u010damo z intenzivnimi aromami kandiranih pomaran\u010dnih olupkov, cvetli\u010dnega medu.[:en]Sladki mu\u0161kat Vinakoper it has an intense golden colour and intense aromas of candied orange peel and floral honey, dried apricots.[:]","robots":{"index":"index","follow":"follow","max-snippet":"max-snippet:-1","max-image-preview":"max-image-preview:large","max-video-preview":"max-video-preview:-1"},"og_locale":"en_US","og_type":"article","og_title":"[:sl]Sladki Mu\u0161kat[:en]Sladki mu\u0161kat[:] | Vinoteka Sod\u010dek","og_description":"[:sl]Sladki mu\u0161kat Vinakoper je intenzivne zlate barve, v vonju se sre\u010damo z intenzivnimi aromami kandiranih pomaran\u010dnih olupkov, cvetli\u010dnega medu.[:en]Sladki mu\u0161kat Vinakoper it has an intense golden colour and intense aromas of candied orange peel and floral honey, dried apricots.[:]","og_url":"https:\/\/vinoteka-sodcek.si\/en\/shop\/wines\/white-wines\/vinakoper-sladki-muskat\/","og_site_name":"Vinoteka Sod\u010dek","article_publisher":"https:\/\/www.facebook.com\/vinotekasodcek\/","article_modified_time":"2026-02-06T20:24:57+00:00","og_image":[{"width":144,"height":607,"url":"https:\/\/vinoteka-sodcek.si\/wp-content\/uploads\/sladki-muskat-vinakoper.jpg","type":"image\/jpeg"}],"twitter_card":"summary_large_image","schema":{"@context":"https:\/\/schema.org","@graph":[{"@type":"WebPage","@id":"https:\/\/vinoteka-sodcek.si\/trgovina\/vina\/bela-vina\/vinakoper-sladki-muskat\/","url":"https:\/\/vinoteka-sodcek.si\/trgovina\/vina\/bela-vina\/vinakoper-sladki-muskat\/","name":"[:sl]Sladki Mu\u0161kat[:en]Sladki mu\u0161kat[:] | Vinoteka Sod\u010dek","isPartOf":{"@id":"https:\/\/vinoteka-sodcek.si\/#website"},"primaryImageOfPage":{"@id":"https:\/\/vinoteka-sodcek.si\/trgovina\/vina\/bela-vina\/vinakoper-sladki-muskat\/#primaryimage"},"image":{"@id":"https:\/\/vinoteka-sodcek.si\/trgovina\/vina\/bela-vina\/vinakoper-sladki-muskat\/#primaryimage"},"thumbnailUrl":"https:\/\/vinoteka-sodcek.si\/wp-content\/uploads\/sladki-muskat-vinakoper.jpg","datePublished":"2024-03-15T16:20:16+00:00","dateModified":"2026-02-06T20:24:57+00:00","description":"[:sl]Sladki mu\u0161kat Vinakoper je intenzivne zlate barve, v vonju se sre\u010damo z intenzivnimi aromami kandiranih pomaran\u010dnih olupkov, cvetli\u010dnega medu.[:en]Sladki mu\u0161kat Vinakoper it has an intense golden colour and intense aromas of candied orange peel and floral honey, dried apricots.[:]","breadcrumb":{"@id":"https:\/\/vinoteka-sodcek.si\/trgovina\/vina\/bela-vina\/vinakoper-sladki-muskat\/#breadcrumb"},"inLanguage":"en-US","potentialAction":[{"@type":"ReadAction","target":["https:\/\/vinoteka-sodcek.si\/trgovina\/vina\/bela-vina\/vinakoper-sladki-muskat\/"]}]},{"@type":"ImageObject","inLanguage":"en-US","@id":"https:\/\/vinoteka-sodcek.si\/trgovina\/vina\/bela-vina\/vinakoper-sladki-muskat\/#primaryimage","url":"https:\/\/vinoteka-sodcek.si\/wp-content\/uploads\/sladki-muskat-vinakoper.jpg","contentUrl":"https:\/\/vinoteka-sodcek.si\/wp-content\/uploads\/sladki-muskat-vinakoper.jpg","width":144,"height":607},{"@type":"BreadcrumbList","@id":"https:\/\/vinoteka-sodcek.si\/trgovina\/vina\/bela-vina\/vinakoper-sladki-muskat\/#breadcrumb","itemListElement":[{"@type":"ListItem","position":1,"name":"Home","item":"https:\/\/vinoteka-sodcek.si\/en\/"},{"@type":"ListItem","position":2,"name":"Trgovina","item":"https:\/\/vinoteka-sodcek.si\/trgovina\/"},{"@type":"ListItem","position":3,"name":"Sladki Mu\u0161kat"}]},{"@type":"WebSite","@id":"https:\/\/vinoteka-sodcek.si\/#website","url":"https:\/\/vinoteka-sodcek.si\/","name":"Vinoteka Sod\u010dek","description":"Vinoteka z vrhunskimi vini","publisher":{"@id":"https:\/\/vinoteka-sodcek.si\/#organization"},"potentialAction":[{"@type":"SearchAction","target":{"@type":"EntryPoint","urlTemplate":"https:\/\/vinoteka-sodcek.si\/?s={search_term_string}"},"query-input":"required name=search_term_string"}],"inLanguage":"en-US"},{"@type":"Organization","@id":"https:\/\/vinoteka-sodcek.si\/#organization","name":"Vinoteka Sod\u010dek, Ale\u0161 \u010ceba\u0161ek s.p.","url":"https:\/\/vinoteka-sodcek.si\/","logo":{"@type":"ImageObject","inLanguage":"en-US","@id":"https:\/\/vinoteka-sodcek.si\/#\/schema\/logo\/image\/","url":"https:\/\/beta.vinoteka-sodcek.si\/wp-content\/uploads\/vinoteka-sodcek-logo.png","contentUrl":"https:\/\/beta.vinoteka-sodcek.si\/wp-content\/uploads\/vinoteka-sodcek-logo.png","width":300,"height":90,"caption":"Vinoteka Sod\u010dek, Ale\u0161 \u010ceba\u0161ek s.p."},"image":{"@id":"https:\/\/vinoteka-sodcek.si\/#\/schema\/logo\/image\/"},"sameAs":["https:\/\/www.facebook.com\/vinotekasodcek\/"]}]}},"_links":{"self":[{"href":"https:\/\/vinoteka-sodcek.si\/en\/wp-json\/\/wp\/v2\/product\/293"}],"collection":[{"href":"https:\/\/vinoteka-sodcek.si\/en\/wp-json\/\/wp\/v2\/product"}],"about":[{"href":"https:\/\/vinoteka-sodcek.si\/en\/wp-json\/\/wp\/v2\/types\/product"}],"wp:featuredmedia":[{"embeddable":true,"href":"https:\/\/vinoteka-sodcek.si\/en\/wp-json\/\/wp\/v2\/media\/2143"}],"wp:attachment":[{"href":"https:\/\/vinoteka-sodcek.si\/en\/wp-json\/\/wp\/v2\/media?parent=293"}],"wp:term":[{"taxonomy":"product_cat","embeddable":true,"href":"https:\/\/vinoteka-sodcek.si\/en\/wp-json\/\/wp\/v2\/product_cat?post=293"},{"taxonomy":"product_tag","embeddable":true,"href":"https:\/\/vinoteka-sodcek.si\/en\/wp-json\/\/wp\/v2\/product_tag?post=293"}],"curies":[{"name":"wp","href":"https:\/\/api.w.org\/{rel}","templated":true}]}}