{"id":313,"date":"2024-03-15T17:20:17","date_gmt":"2024-03-15T16:20:17","guid":{"rendered":"http:\/\/192.168.64.105\/GitHub\/vinoteka-sodcek\/trgovina\/uncategorized\/edi-simcic-duet\/"},"modified":"2026-04-05T08:03:57","modified_gmt":"2026-04-05T07:03:57","slug":"edi-simcic-duet","status":"publish","type":"product","link":"https:\/\/vinoteka-sodcek.si\/en\/shop\/wines\/red-wines\/edi-simcic-duet\/","title":{"rendered":"Duet"},"content":{"rendered":"<p>The wine matures for 24-30 months in the barracks, of which one is new.<\/p>\n<p>Reminds of blackberries, red cherries and a bit of pepper. Medium body, with a more complex character of more robust Brda redness, which has a soft texture and a beautiful length. With the potential of maturation up to 5 years.<\/p>\n","protected":false},"excerpt":{"rendered":"<p>The wine matures for 24-30 months in the barracks, of which one is new. Reminds of blackberries, red cherries and a bit of pepper. Medium body, with a more complex character&#8230;<\/p>\n","protected":false},"featured_media":1053,"template":"","meta":[],"product_cat":[20],"product_tag":[],"acf":[],"yoast_head":"<!-- This site is optimized with the Yoast SEO plugin v22.2 - https:\/\/yoast.com\/wordpress\/plugins\/seo\/ -->\n<title>Duet | Vinoteka Sod\u010dek<\/title>\n<meta name=\"description\" content=\"Duet Edi Sim\u010di\u010d has been maturing for 24 months in barricades, a third of which are new. Reminiscent of blackberries, red cherries and a little pepper.\" \/>\n<meta name=\"robots\" content=\"index, follow, max-snippet:-1, max-image-preview:large, max-video-preview:-1\" \/>\n<meta property=\"og:locale\" content=\"en_US\" \/>\n<meta property=\"og:type\" content=\"article\" \/>\n<meta property=\"og:title\" content=\"Duet\" \/>\n<meta property=\"og:description\" content=\"Duet Edi Sim\u010di\u010d has been maturing for 24 months in barricades, a third of which are new. Reminiscent of blackberries, red cherries and a little pepper.\" \/>\n<meta property=\"og:url\" content=\"https:\/\/vinoteka-sodcek.si\/en\/shop\/wines\/red-wines\/edi-simcic-duet\/\" \/>\n<meta property=\"og:site_name\" content=\"Vinoteka Sod\u010dek\" \/>\n<meta property=\"article:publisher\" content=\"https:\/\/www.facebook.com\/vinotekasodcek\/\" \/>\n<meta property=\"article:modified_time\" content=\"2026-04-05T07:03:57+00:00\" \/>\n<meta property=\"og:image\" content=\"https:\/\/vinoteka-sodcek.si\/wp-content\/uploads\/Edi-Simcic-Duet.jpg\" \/>\n\t<meta property=\"og:image:width\" content=\"572\" \/>\n\t<meta property=\"og:image:height\" content=\"2188\" \/>\n\t<meta property=\"og:image:type\" content=\"image\/jpeg\" \/>\n<meta name=\"twitter:card\" content=\"summary_large_image\" \/>\n<!-- \/ Yoast SEO plugin. -->","yoast_head_json":{"title":"Duet | Vinoteka Sod\u010dek","description":"[:sl]Duet Edi Sim\u010di\u010d zori 24 mesecev v barikih, od tega je tretjina novih. Spomni na robide, rde\u010de \u010de\u0161nje ter nekoliko na poper.[:en]Duet Edi Sim\u010di\u010d has been maturing for 24 months in barricades, a third of which are new. Reminiscent of blackberries, red cherries and a little pepper.[:]","robots":{"index":"index","follow":"follow","max-snippet":"max-snippet:-1","max-image-preview":"max-image-preview:large","max-video-preview":"max-video-preview:-1"},"og_locale":"en_US","og_type":"article","og_title":"[:sl]Duet[:en]Duet[:] | Vinoteka Sod\u010dek","og_description":"[:sl]Duet Edi Sim\u010di\u010d zori 24 mesecev v barikih, od tega je tretjina novih. Spomni na robide, rde\u010de \u010de\u0161nje ter nekoliko na poper.[:en]Duet Edi Sim\u010di\u010d has been maturing for 24 months in barricades, a third of which are new. Reminiscent of blackberries, red cherries and a little pepper.[:]","og_url":"https:\/\/vinoteka-sodcek.si\/en\/shop\/wines\/red-wines\/edi-simcic-duet\/","og_site_name":"Vinoteka Sod\u010dek","article_publisher":"https:\/\/www.facebook.com\/vinotekasodcek\/","article_modified_time":"2026-04-05T07:03:57+00:00","og_image":[{"width":572,"height":2188,"url":"https:\/\/vinoteka-sodcek.si\/wp-content\/uploads\/Edi-Simcic-Duet.jpg","type":"image\/jpeg"}],"twitter_card":"summary_large_image","schema":{"@context":"https:\/\/schema.org","@graph":[{"@type":"WebPage","@id":"https:\/\/vinoteka-sodcek.si\/trgovina\/vina\/rdeca-vina\/edi-simcic-duet\/","url":"https:\/\/vinoteka-sodcek.si\/trgovina\/vina\/rdeca-vina\/edi-simcic-duet\/","name":"[:sl]Duet[:en]Duet[:] | Vinoteka Sod\u010dek","isPartOf":{"@id":"https:\/\/vinoteka-sodcek.si\/#website"},"primaryImageOfPage":{"@id":"https:\/\/vinoteka-sodcek.si\/trgovina\/vina\/rdeca-vina\/edi-simcic-duet\/#primaryimage"},"image":{"@id":"https:\/\/vinoteka-sodcek.si\/trgovina\/vina\/rdeca-vina\/edi-simcic-duet\/#primaryimage"},"thumbnailUrl":"https:\/\/vinoteka-sodcek.si\/wp-content\/uploads\/Edi-Simcic-Duet.jpg","datePublished":"2024-03-15T16:20:17+00:00","dateModified":"2026-04-05T07:03:57+00:00","description":"[:sl]Duet Edi Sim\u010di\u010d zori 24 mesecev v barikih, od tega je tretjina novih. Spomni na robide, rde\u010de \u010de\u0161nje ter nekoliko na poper.[:en]Duet Edi Sim\u010di\u010d has been maturing for 24 months in barricades, a third of which are new. Reminiscent of blackberries, red cherries and a little pepper.[:]","breadcrumb":{"@id":"https:\/\/vinoteka-sodcek.si\/trgovina\/vina\/rdeca-vina\/edi-simcic-duet\/#breadcrumb"},"inLanguage":"en-US","potentialAction":[{"@type":"ReadAction","target":["https:\/\/vinoteka-sodcek.si\/trgovina\/vina\/rdeca-vina\/edi-simcic-duet\/"]}]},{"@type":"ImageObject","inLanguage":"en-US","@id":"https:\/\/vinoteka-sodcek.si\/trgovina\/vina\/rdeca-vina\/edi-simcic-duet\/#primaryimage","url":"https:\/\/vinoteka-sodcek.si\/wp-content\/uploads\/Edi-Simcic-Duet.jpg","contentUrl":"https:\/\/vinoteka-sodcek.si\/wp-content\/uploads\/Edi-Simcic-Duet.jpg","width":572,"height":2188},{"@type":"BreadcrumbList","@id":"https:\/\/vinoteka-sodcek.si\/trgovina\/vina\/rdeca-vina\/edi-simcic-duet\/#breadcrumb","itemListElement":[{"@type":"ListItem","position":1,"name":"Home","item":"https:\/\/vinoteka-sodcek.si\/en\/"},{"@type":"ListItem","position":2,"name":"Trgovina","item":"https:\/\/vinoteka-sodcek.si\/trgovina\/"},{"@type":"ListItem","position":3,"name":"Duet"}]},{"@type":"WebSite","@id":"https:\/\/vinoteka-sodcek.si\/#website","url":"https:\/\/vinoteka-sodcek.si\/","name":"Vinoteka Sod\u010dek","description":"Vinoteka z vrhunskimi vini","publisher":{"@id":"https:\/\/vinoteka-sodcek.si\/#organization"},"potentialAction":[{"@type":"SearchAction","target":{"@type":"EntryPoint","urlTemplate":"https:\/\/vinoteka-sodcek.si\/?s={search_term_string}"},"query-input":"required name=search_term_string"}],"inLanguage":"en-US"},{"@type":"Organization","@id":"https:\/\/vinoteka-sodcek.si\/#organization","name":"Vinoteka Sod\u010dek, Ale\u0161 \u010ceba\u0161ek s.p.","url":"https:\/\/vinoteka-sodcek.si\/","logo":{"@type":"ImageObject","inLanguage":"en-US","@id":"https:\/\/vinoteka-sodcek.si\/#\/schema\/logo\/image\/","url":"https:\/\/beta.vinoteka-sodcek.si\/wp-content\/uploads\/vinoteka-sodcek-logo.png","contentUrl":"https:\/\/beta.vinoteka-sodcek.si\/wp-content\/uploads\/vinoteka-sodcek-logo.png","width":300,"height":90,"caption":"Vinoteka Sod\u010dek, Ale\u0161 \u010ceba\u0161ek s.p."},"image":{"@id":"https:\/\/vinoteka-sodcek.si\/#\/schema\/logo\/image\/"},"sameAs":["https:\/\/www.facebook.com\/vinotekasodcek\/"]}]}},"_links":{"self":[{"href":"https:\/\/vinoteka-sodcek.si\/en\/wp-json\/\/wp\/v2\/product\/313"}],"collection":[{"href":"https:\/\/vinoteka-sodcek.si\/en\/wp-json\/\/wp\/v2\/product"}],"about":[{"href":"https:\/\/vinoteka-sodcek.si\/en\/wp-json\/\/wp\/v2\/types\/product"}],"wp:featuredmedia":[{"embeddable":true,"href":"https:\/\/vinoteka-sodcek.si\/en\/wp-json\/\/wp\/v2\/media\/1053"}],"wp:attachment":[{"href":"https:\/\/vinoteka-sodcek.si\/en\/wp-json\/\/wp\/v2\/media?parent=313"}],"wp:term":[{"taxonomy":"product_cat","embeddable":true,"href":"https:\/\/vinoteka-sodcek.si\/en\/wp-json\/\/wp\/v2\/product_cat?post=313"},{"taxonomy":"product_tag","embeddable":true,"href":"https:\/\/vinoteka-sodcek.si\/en\/wp-json\/\/wp\/v2\/product_tag?post=313"}],"curies":[{"name":"wp","href":"https:\/\/api.w.org\/{rel}","templated":true}]}}