{"id":3154,"date":"2025-11-29T19:56:16","date_gmt":"2025-11-29T18:56:16","guid":{"rendered":"https:\/\/vinoteka-sodcek.si\/?post_type=product&#038;p=3154"},"modified":"2026-03-23T09:16:18","modified_gmt":"2026-03-23T08:16:18","slug":"batic-angel-rezerva-rdece","status":"publish","type":"product","link":"https:\/\/vinoteka-sodcek.si\/en\/shop\/wines\/red-wines\/batic-angel-rezerva-rdece\/","title":{"rendered":"Angel rezerva rde\u010de"},"content":{"rendered":"<p>Angel Reserva Red is the best red wine produced by the Bati\u010d winery, made only in exceptional years.<\/p>\n<p>The 2021 vintage was marked by a long Indian summer that lasted well into autumn. The Merlot grapes from the Livi\u0161\u010de vineyard were harvested in early October. This was followed by three weeks of maceration and then 27 months of aging in selected oak barrels. It was bottled without filtration, in accordance with biodynamic principles and at the appropriate phase of the moon.<\/p>\n<p>It is garnet red in color, with a pronounced bouquet that immediately reveals it to be a rich wine, with aromas of black fruits and blackcurrants. In the mouth, it has an intense burst of aromas, abundant but refined tannins, and a long finish. A true masterpiece.<\/p>\n<p>&nbsp;<\/p>\n","protected":false},"excerpt":{"rendered":"<p>Angel Reserva Red is the best red wine produced by the Bati\u010d winery, made only in exceptional years. The 2021 vintage was marked by a long Indian summer that lasted well&#8230;<\/p>\n","protected":false},"featured_media":3155,"template":"","meta":[],"product_cat":[20],"product_tag":[],"acf":[],"yoast_head":"<!-- This site is optimized with the Yoast SEO plugin v22.2 - https:\/\/yoast.com\/wordpress\/plugins\/seo\/ -->\n<title>Angel rezerva rde\u010de | Vinoteka Sod\u010dek<\/title>\n<meta name=\"description\" content=\"Angel Reserve Red Bati\u010d is garnet red in color, with a pronounced bouquet that immediately reveals this to be a rich wine, with aromas of black fruits.\" \/>\n<meta name=\"robots\" content=\"index, follow, max-snippet:-1, max-image-preview:large, max-video-preview:-1\" \/>\n<meta property=\"og:locale\" content=\"en_US\" \/>\n<meta property=\"og:type\" content=\"article\" \/>\n<meta property=\"og:title\" content=\"Angel rezerva rde\u010de\" \/>\n<meta property=\"og:description\" content=\"Angel Reserve Red Bati\u010d is garnet red in color, with a pronounced bouquet that immediately reveals this to be a rich wine, with aromas of black fruits.\" \/>\n<meta property=\"og:url\" content=\"https:\/\/vinoteka-sodcek.si\/en\/shop\/wines\/red-wines\/batic-angel-rezerva-rdece\/\" \/>\n<meta property=\"og:site_name\" content=\"Vinoteka Sod\u010dek\" \/>\n<meta property=\"article:publisher\" content=\"https:\/\/www.facebook.com\/vinotekasodcek\/\" \/>\n<meta property=\"article:modified_time\" content=\"2026-03-23T08:16:18+00:00\" \/>\n<meta property=\"og:image\" content=\"https:\/\/vinoteka-sodcek.si\/wp-content\/uploads\/EE985D0D-A60C-4412-B759-6C6E911F9A7A.jpg\" \/>\n\t<meta property=\"og:image:width\" content=\"313\" \/>\n\t<meta property=\"og:image:height\" content=\"1353\" \/>\n\t<meta property=\"og:image:type\" content=\"image\/jpeg\" \/>\n<meta name=\"twitter:card\" content=\"summary_large_image\" \/>\n<!-- \/ Yoast SEO plugin. -->","yoast_head_json":{"title":"Angel rezerva rde\u010de | Vinoteka Sod\u010dek","description":"[:sl]Angel rezerva rde\u010de Bati\u010d je granatno rde\u010de barve, cvetlica izrazita, takoj poka\u017ee da gre za bogato vino, vonj \u010drnih sade\u017eev, \u010drnega ribeza.[:en]Angel Reserve Red Bati\u010d is garnet red in color, with a pronounced bouquet that immediately reveals this to be a rich wine, with aromas of black fruits.[:]","robots":{"index":"index","follow":"follow","max-snippet":"max-snippet:-1","max-image-preview":"max-image-preview:large","max-video-preview":"max-video-preview:-1"},"og_locale":"en_US","og_type":"article","og_title":"[:sl]Angel rezerva rde\u010de[:en]Angel rezerva rde\u010de[:] | Vinoteka Sod\u010dek","og_description":"[:sl]Angel rezerva rde\u010de Bati\u010d je granatno rde\u010de barve, cvetlica izrazita, takoj poka\u017ee da gre za bogato vino, vonj \u010drnih sade\u017eev, \u010drnega ribeza.[:en]Angel Reserve Red Bati\u010d is garnet red in color, with a pronounced bouquet that immediately reveals this to be a rich wine, with aromas of black fruits.[:]","og_url":"https:\/\/vinoteka-sodcek.si\/en\/shop\/wines\/red-wines\/batic-angel-rezerva-rdece\/","og_site_name":"Vinoteka Sod\u010dek","article_publisher":"https:\/\/www.facebook.com\/vinotekasodcek\/","article_modified_time":"2026-03-23T08:16:18+00:00","og_image":[{"width":313,"height":1353,"url":"https:\/\/vinoteka-sodcek.si\/wp-content\/uploads\/EE985D0D-A60C-4412-B759-6C6E911F9A7A.jpg","type":"image\/jpeg"}],"twitter_card":"summary_large_image","schema":{"@context":"https:\/\/schema.org","@graph":[{"@type":"WebPage","@id":"https:\/\/vinoteka-sodcek.si\/trgovina\/vina\/rdeca-vina\/batic-angel-rezerva-rdece\/","url":"https:\/\/vinoteka-sodcek.si\/trgovina\/vina\/rdeca-vina\/batic-angel-rezerva-rdece\/","name":"[:sl]Angel rezerva rde\u010de[:en]Angel rezerva rde\u010de[:] | Vinoteka Sod\u010dek","isPartOf":{"@id":"https:\/\/vinoteka-sodcek.si\/#website"},"primaryImageOfPage":{"@id":"https:\/\/vinoteka-sodcek.si\/trgovina\/vina\/rdeca-vina\/batic-angel-rezerva-rdece\/#primaryimage"},"image":{"@id":"https:\/\/vinoteka-sodcek.si\/trgovina\/vina\/rdeca-vina\/batic-angel-rezerva-rdece\/#primaryimage"},"thumbnailUrl":"https:\/\/vinoteka-sodcek.si\/wp-content\/uploads\/EE985D0D-A60C-4412-B759-6C6E911F9A7A.jpg","datePublished":"2025-11-29T18:56:16+00:00","dateModified":"2026-03-23T08:16:18+00:00","description":"[:sl]Angel rezerva rde\u010de Bati\u010d je granatno rde\u010de barve, cvetlica izrazita, takoj poka\u017ee da gre za bogato vino, vonj \u010drnih sade\u017eev, \u010drnega ribeza.[:en]Angel Reserve Red Bati\u010d is garnet red in color, with a pronounced bouquet that immediately reveals this to be a rich wine, with aromas of black fruits.[:]","breadcrumb":{"@id":"https:\/\/vinoteka-sodcek.si\/trgovina\/vina\/rdeca-vina\/batic-angel-rezerva-rdece\/#breadcrumb"},"inLanguage":"en-US","potentialAction":[{"@type":"ReadAction","target":["https:\/\/vinoteka-sodcek.si\/trgovina\/vina\/rdeca-vina\/batic-angel-rezerva-rdece\/"]}]},{"@type":"ImageObject","inLanguage":"en-US","@id":"https:\/\/vinoteka-sodcek.si\/trgovina\/vina\/rdeca-vina\/batic-angel-rezerva-rdece\/#primaryimage","url":"https:\/\/vinoteka-sodcek.si\/wp-content\/uploads\/EE985D0D-A60C-4412-B759-6C6E911F9A7A.jpg","contentUrl":"https:\/\/vinoteka-sodcek.si\/wp-content\/uploads\/EE985D0D-A60C-4412-B759-6C6E911F9A7A.jpg","width":313,"height":1353},{"@type":"BreadcrumbList","@id":"https:\/\/vinoteka-sodcek.si\/trgovina\/vina\/rdeca-vina\/batic-angel-rezerva-rdece\/#breadcrumb","itemListElement":[{"@type":"ListItem","position":1,"name":"Home","item":"https:\/\/vinoteka-sodcek.si\/en\/"},{"@type":"ListItem","position":2,"name":"Trgovina","item":"https:\/\/vinoteka-sodcek.si\/trgovina\/"},{"@type":"ListItem","position":3,"name":"Angel rezerva rde\u010de"}]},{"@type":"WebSite","@id":"https:\/\/vinoteka-sodcek.si\/#website","url":"https:\/\/vinoteka-sodcek.si\/","name":"Vinoteka Sod\u010dek","description":"Vinoteka z vrhunskimi vini","publisher":{"@id":"https:\/\/vinoteka-sodcek.si\/#organization"},"potentialAction":[{"@type":"SearchAction","target":{"@type":"EntryPoint","urlTemplate":"https:\/\/vinoteka-sodcek.si\/?s={search_term_string}"},"query-input":"required name=search_term_string"}],"inLanguage":"en-US"},{"@type":"Organization","@id":"https:\/\/vinoteka-sodcek.si\/#organization","name":"Vinoteka Sod\u010dek, Ale\u0161 \u010ceba\u0161ek s.p.","url":"https:\/\/vinoteka-sodcek.si\/","logo":{"@type":"ImageObject","inLanguage":"en-US","@id":"https:\/\/vinoteka-sodcek.si\/#\/schema\/logo\/image\/","url":"https:\/\/beta.vinoteka-sodcek.si\/wp-content\/uploads\/vinoteka-sodcek-logo.png","contentUrl":"https:\/\/beta.vinoteka-sodcek.si\/wp-content\/uploads\/vinoteka-sodcek-logo.png","width":300,"height":90,"caption":"Vinoteka Sod\u010dek, Ale\u0161 \u010ceba\u0161ek s.p."},"image":{"@id":"https:\/\/vinoteka-sodcek.si\/#\/schema\/logo\/image\/"},"sameAs":["https:\/\/www.facebook.com\/vinotekasodcek\/"]}]}},"_links":{"self":[{"href":"https:\/\/vinoteka-sodcek.si\/en\/wp-json\/\/wp\/v2\/product\/3154"}],"collection":[{"href":"https:\/\/vinoteka-sodcek.si\/en\/wp-json\/\/wp\/v2\/product"}],"about":[{"href":"https:\/\/vinoteka-sodcek.si\/en\/wp-json\/\/wp\/v2\/types\/product"}],"wp:featuredmedia":[{"embeddable":true,"href":"https:\/\/vinoteka-sodcek.si\/en\/wp-json\/\/wp\/v2\/media\/3155"}],"wp:attachment":[{"href":"https:\/\/vinoteka-sodcek.si\/en\/wp-json\/\/wp\/v2\/media?parent=3154"}],"wp:term":[{"taxonomy":"product_cat","embeddable":true,"href":"https:\/\/vinoteka-sodcek.si\/en\/wp-json\/\/wp\/v2\/product_cat?post=3154"},{"taxonomy":"product_tag","embeddable":true,"href":"https:\/\/vinoteka-sodcek.si\/en\/wp-json\/\/wp\/v2\/product_tag?post=3154"}],"curies":[{"name":"wp","href":"https:\/\/api.w.org\/{rel}","templated":true}]}}