{"id":325,"date":"2024-03-15T17:20:17","date_gmt":"2024-03-15T16:20:17","guid":{"rendered":"http:\/\/192.168.64.105\/GitHub\/vinoteka-sodcek\/trgovina\/uncategorized\/jakoncic-chardonnay\/"},"modified":"2024-09-12T16:47:38","modified_gmt":"2024-09-12T15:47:38","slug":"jakoncic-chardonnay","status":"publish","type":"product","link":"https:\/\/vinoteka-sodcek.si\/en\/shop\/wines\/white-wines\/jakoncic-chardonnay\/","title":{"rendered":"Chardonnay"},"content":{"rendered":"<p>The grapes macerate for 8 hours and then squeeze it at low pressures. Alcoholic fermentation is conducted at low temperatures in stainless steel tanks. The wine matures in contact with yeast.<\/p>\n<p>Chardonnay is medium intense yellow. The wine is discreet on the nose, but with a distinctive smell of peach, banana. There are slight butter notes in the background.<\/p>\n<p>In the mouth, the wine is dry, with a suitable acid that gives it vibrancy. The wine is a harmonious, medium powerful character with a medium long aftertaste.<\/p>\n","protected":false},"excerpt":{"rendered":"<p>The grapes macerate for 8 hours and then squeeze it at low pressures. Alcoholic fermentation is conducted at low temperatures in stainless steel tanks. The wine matures in contact with yeast&#8230;.<\/p>\n","protected":false},"featured_media":1061,"template":"","meta":[],"product_cat":[19],"product_tag":[],"acf":[],"yoast_head":"<!-- This site is optimized with the Yoast SEO plugin v22.2 - https:\/\/yoast.com\/wordpress\/plugins\/seo\/ -->\n<title>Chardonnay | Vinoteka Sod\u010dek<\/title>\n<meta name=\"description\" content=\"Chardonnay Jakon\u010di\u010d is aged in contact with yeasts in stainless steel tanks. With a distinctive aroma of peach and banana.\" \/>\n<meta name=\"robots\" content=\"index, follow, max-snippet:-1, max-image-preview:large, max-video-preview:-1\" \/>\n<meta property=\"og:locale\" content=\"en_US\" \/>\n<meta property=\"og:type\" content=\"article\" \/>\n<meta property=\"og:title\" content=\"Chardonnay\" \/>\n<meta property=\"og:description\" content=\"Chardonnay Jakon\u010di\u010d is aged in contact with yeasts in stainless steel tanks. With a distinctive aroma of peach and banana.\" \/>\n<meta property=\"og:url\" content=\"https:\/\/vinoteka-sodcek.si\/en\/shop\/wines\/white-wines\/jakoncic-chardonnay\/\" \/>\n<meta property=\"og:site_name\" content=\"Vinoteka Sod\u010dek\" \/>\n<meta property=\"article:publisher\" content=\"https:\/\/www.facebook.com\/vinotekasodcek\/\" \/>\n<meta property=\"article:modified_time\" content=\"2024-09-12T15:47:38+00:00\" \/>\n<meta property=\"og:image\" content=\"https:\/\/vinoteka-sodcek.si\/wp-content\/uploads\/chardonnay-jakoncic.jpg\" \/>\n\t<meta property=\"og:image:width\" content=\"339\" \/>\n\t<meta property=\"og:image:height\" content=\"1200\" \/>\n\t<meta property=\"og:image:type\" content=\"image\/jpeg\" \/>\n<meta name=\"twitter:card\" content=\"summary_large_image\" \/>\n<!-- \/ Yoast SEO plugin. -->","yoast_head_json":{"title":"Chardonnay | Vinoteka Sod\u010dek","description":"[:sl]Chardonnay Jakon\u010di\u010d zori v kontaktu s kvasovkami v cisternah iz nerjave\u010dega jekla. S prepoznavnim vonjem po breskvi in banani.[:en]Chardonnay Jakon\u010di\u010d is aged in contact with yeasts in stainless steel tanks. With a distinctive aroma of peach and banana.[:]","robots":{"index":"index","follow":"follow","max-snippet":"max-snippet:-1","max-image-preview":"max-image-preview:large","max-video-preview":"max-video-preview:-1"},"og_locale":"en_US","og_type":"article","og_title":"[:sl]Chardonnay[:en]Chardonnay[:] | Vinoteka Sod\u010dek","og_description":"[:sl]Chardonnay Jakon\u010di\u010d zori v kontaktu s kvasovkami v cisternah iz nerjave\u010dega jekla. S prepoznavnim vonjem po breskvi in banani.[:en]Chardonnay Jakon\u010di\u010d is aged in contact with yeasts in stainless steel tanks. With a distinctive aroma of peach and banana.[:]","og_url":"https:\/\/vinoteka-sodcek.si\/en\/shop\/wines\/white-wines\/jakoncic-chardonnay\/","og_site_name":"Vinoteka Sod\u010dek","article_publisher":"https:\/\/www.facebook.com\/vinotekasodcek\/","article_modified_time":"2024-09-12T15:47:38+00:00","og_image":[{"width":339,"height":1200,"url":"https:\/\/vinoteka-sodcek.si\/wp-content\/uploads\/chardonnay-jakoncic.jpg","type":"image\/jpeg"}],"twitter_card":"summary_large_image","schema":{"@context":"https:\/\/schema.org","@graph":[{"@type":"WebPage","@id":"https:\/\/vinoteka-sodcek.si\/trgovina\/vina\/bela-vina\/jakoncic-chardonnay\/","url":"https:\/\/vinoteka-sodcek.si\/trgovina\/vina\/bela-vina\/jakoncic-chardonnay\/","name":"[:sl]Chardonnay[:en]Chardonnay[:] | Vinoteka Sod\u010dek","isPartOf":{"@id":"https:\/\/vinoteka-sodcek.si\/#website"},"primaryImageOfPage":{"@id":"https:\/\/vinoteka-sodcek.si\/trgovina\/vina\/bela-vina\/jakoncic-chardonnay\/#primaryimage"},"image":{"@id":"https:\/\/vinoteka-sodcek.si\/trgovina\/vina\/bela-vina\/jakoncic-chardonnay\/#primaryimage"},"thumbnailUrl":"https:\/\/vinoteka-sodcek.si\/wp-content\/uploads\/chardonnay-jakoncic.jpg","datePublished":"2024-03-15T16:20:17+00:00","dateModified":"2024-09-12T15:47:38+00:00","description":"[:sl]Chardonnay Jakon\u010di\u010d zori v kontaktu s kvasovkami v cisternah iz nerjave\u010dega jekla. S prepoznavnim vonjem po breskvi in banani.[:en]Chardonnay Jakon\u010di\u010d is aged in contact with yeasts in stainless steel tanks. With a distinctive aroma of peach and banana.[:]","breadcrumb":{"@id":"https:\/\/vinoteka-sodcek.si\/trgovina\/vina\/bela-vina\/jakoncic-chardonnay\/#breadcrumb"},"inLanguage":"en-US","potentialAction":[{"@type":"ReadAction","target":["https:\/\/vinoteka-sodcek.si\/trgovina\/vina\/bela-vina\/jakoncic-chardonnay\/"]}]},{"@type":"ImageObject","inLanguage":"en-US","@id":"https:\/\/vinoteka-sodcek.si\/trgovina\/vina\/bela-vina\/jakoncic-chardonnay\/#primaryimage","url":"https:\/\/vinoteka-sodcek.si\/wp-content\/uploads\/chardonnay-jakoncic.jpg","contentUrl":"https:\/\/vinoteka-sodcek.si\/wp-content\/uploads\/chardonnay-jakoncic.jpg","width":339,"height":1200},{"@type":"BreadcrumbList","@id":"https:\/\/vinoteka-sodcek.si\/trgovina\/vina\/bela-vina\/jakoncic-chardonnay\/#breadcrumb","itemListElement":[{"@type":"ListItem","position":1,"name":"Home","item":"https:\/\/vinoteka-sodcek.si\/en\/"},{"@type":"ListItem","position":2,"name":"Trgovina","item":"https:\/\/vinoteka-sodcek.si\/trgovina\/"},{"@type":"ListItem","position":3,"name":"Chardonnay"}]},{"@type":"WebSite","@id":"https:\/\/vinoteka-sodcek.si\/#website","url":"https:\/\/vinoteka-sodcek.si\/","name":"Vinoteka Sod\u010dek","description":"Vinoteka z vrhunskimi vini","publisher":{"@id":"https:\/\/vinoteka-sodcek.si\/#organization"},"potentialAction":[{"@type":"SearchAction","target":{"@type":"EntryPoint","urlTemplate":"https:\/\/vinoteka-sodcek.si\/?s={search_term_string}"},"query-input":"required name=search_term_string"}],"inLanguage":"en-US"},{"@type":"Organization","@id":"https:\/\/vinoteka-sodcek.si\/#organization","name":"Vinoteka Sod\u010dek, Ale\u0161 \u010ceba\u0161ek s.p.","url":"https:\/\/vinoteka-sodcek.si\/","logo":{"@type":"ImageObject","inLanguage":"en-US","@id":"https:\/\/vinoteka-sodcek.si\/#\/schema\/logo\/image\/","url":"https:\/\/beta.vinoteka-sodcek.si\/wp-content\/uploads\/vinoteka-sodcek-logo.png","contentUrl":"https:\/\/beta.vinoteka-sodcek.si\/wp-content\/uploads\/vinoteka-sodcek-logo.png","width":300,"height":90,"caption":"Vinoteka Sod\u010dek, Ale\u0161 \u010ceba\u0161ek s.p."},"image":{"@id":"https:\/\/vinoteka-sodcek.si\/#\/schema\/logo\/image\/"},"sameAs":["https:\/\/www.facebook.com\/vinotekasodcek\/"]}]}},"_links":{"self":[{"href":"https:\/\/vinoteka-sodcek.si\/en\/wp-json\/\/wp\/v2\/product\/325"}],"collection":[{"href":"https:\/\/vinoteka-sodcek.si\/en\/wp-json\/\/wp\/v2\/product"}],"about":[{"href":"https:\/\/vinoteka-sodcek.si\/en\/wp-json\/\/wp\/v2\/types\/product"}],"wp:featuredmedia":[{"embeddable":true,"href":"https:\/\/vinoteka-sodcek.si\/en\/wp-json\/\/wp\/v2\/media\/1061"}],"wp:attachment":[{"href":"https:\/\/vinoteka-sodcek.si\/en\/wp-json\/\/wp\/v2\/media?parent=325"}],"wp:term":[{"taxonomy":"product_cat","embeddable":true,"href":"https:\/\/vinoteka-sodcek.si\/en\/wp-json\/\/wp\/v2\/product_cat?post=325"},{"taxonomy":"product_tag","embeddable":true,"href":"https:\/\/vinoteka-sodcek.si\/en\/wp-json\/\/wp\/v2\/product_tag?post=325"}],"curies":[{"name":"wp","href":"https:\/\/api.w.org\/{rel}","templated":true}]}}