{"id":327,"date":"2024-03-15T17:20:17","date_gmt":"2024-03-15T16:20:17","guid":{"rendered":"http:\/\/192.168.64.105\/GitHub\/vinoteka-sodcek\/trgovina\/uncategorized\/jakoncic-carolina-bela\/"},"modified":"2026-03-26T09:26:05","modified_gmt":"2026-03-26T08:26:05","slug":"jakoncic-carolina-bela","status":"publish","type":"product","link":"https:\/\/vinoteka-sodcek.si\/en\/shop\/wines\/white-wines\/jakoncic-carolina-bela\/","title":{"rendered":"Carolina white"},"content":{"rendered":"<p>The cooled grapes macerate for 48 hours, then the grapes are compressed at low flooring. This is followed by alcoholic fermentation at controlled temperature.<\/p>\n<p>Part of the wine ripens in oak barrels and part in stainless steel. After a year, the wines are flowing and combining them.<\/p>\n<p>White Caroline&#8217;s color is golden yellow. The nose is accentuated, with a detectable scent of coconut, caramel and overripe fruits. In the mouth, the wine is dry, dense, with just the right amount of acid. Discrete aromas of ripening on the yeast are also detectable.<\/p>\n","protected":false},"excerpt":{"rendered":"<p>The cooled grapes macerate for 48 hours, then the grapes are compressed at low flooring. This is followed by alcoholic fermentation at controlled temperature. Part of the wine ripens in oak&#8230;<\/p>\n","protected":false},"featured_media":1062,"template":"","meta":[],"product_cat":[19],"product_tag":[],"acf":[],"yoast_head":"<!-- This site is optimized with the Yoast SEO plugin v22.2 - https:\/\/yoast.com\/wordpress\/plugins\/seo\/ -->\n<title>Carolina white | Vinoteka Sod\u010dek<\/title>\n<meta name=\"description\" content=\"Carolina white Jakon\u010di\u010d, part of the wine is aged in oak barrels and part in inox. After one year, the wines are racked and blended.\" \/>\n<meta name=\"robots\" content=\"index, follow, max-snippet:-1, max-image-preview:large, max-video-preview:-1\" \/>\n<meta property=\"og:locale\" content=\"en_US\" \/>\n<meta property=\"og:type\" content=\"article\" \/>\n<meta property=\"og:title\" content=\"Carolina white\" \/>\n<meta property=\"og:description\" content=\"Carolina white Jakon\u010di\u010d, part of the wine is aged in oak barrels and part in inox. After one year, the wines are racked and blended.\" \/>\n<meta property=\"og:url\" content=\"https:\/\/vinoteka-sodcek.si\/en\/shop\/wines\/white-wines\/jakoncic-carolina-bela\/\" \/>\n<meta property=\"og:site_name\" content=\"Vinoteka Sod\u010dek\" \/>\n<meta property=\"article:publisher\" content=\"https:\/\/www.facebook.com\/vinotekasodcek\/\" \/>\n<meta property=\"article:modified_time\" content=\"2026-03-26T08:26:05+00:00\" \/>\n<meta property=\"og:image\" content=\"https:\/\/vinoteka-sodcek.si\/wp-content\/uploads\/carolina-bela-jakoncic.jpg\" \/>\n\t<meta property=\"og:image:width\" content=\"452\" \/>\n\t<meta property=\"og:image:height\" content=\"1524\" \/>\n\t<meta property=\"og:image:type\" content=\"image\/jpeg\" \/>\n<meta name=\"twitter:card\" content=\"summary_large_image\" \/>\n<!-- \/ Yoast SEO plugin. -->","yoast_head_json":{"title":"Carolina white | Vinoteka Sod\u010dek","description":"[:sl]Carolina bela Jakon\u010di\u010d, del vina zori v hrastovih sodih, del pa v inox.\u00a0 Vina po enem letu preto\u010dijo in jih zdru\u017eijo po okusu vinarja.[:en]Carolina white Jakon\u010di\u010d, part of the wine is aged in oak barrels and part in inox. After one year, the wines are racked and blended.[:]","robots":{"index":"index","follow":"follow","max-snippet":"max-snippet:-1","max-image-preview":"max-image-preview:large","max-video-preview":"max-video-preview:-1"},"og_locale":"en_US","og_type":"article","og_title":"[:sl]Carolina bela[:en]Carolina white[:] | Vinoteka Sod\u010dek","og_description":"[:sl]Carolina bela Jakon\u010di\u010d, del vina zori v hrastovih sodih, del pa v inox.\u00a0 Vina po enem letu preto\u010dijo in jih zdru\u017eijo po okusu vinarja.[:en]Carolina white Jakon\u010di\u010d, part of the wine is aged in oak barrels and part in inox. After one year, the wines are racked and blended.[:]","og_url":"https:\/\/vinoteka-sodcek.si\/en\/shop\/wines\/white-wines\/jakoncic-carolina-bela\/","og_site_name":"Vinoteka Sod\u010dek","article_publisher":"https:\/\/www.facebook.com\/vinotekasodcek\/","article_modified_time":"2026-03-26T08:26:05+00:00","og_image":[{"width":452,"height":1524,"url":"https:\/\/vinoteka-sodcek.si\/wp-content\/uploads\/carolina-bela-jakoncic.jpg","type":"image\/jpeg"}],"twitter_card":"summary_large_image","schema":{"@context":"https:\/\/schema.org","@graph":[{"@type":"WebPage","@id":"https:\/\/vinoteka-sodcek.si\/trgovina\/vina\/bela-vina\/jakoncic-carolina-bela\/","url":"https:\/\/vinoteka-sodcek.si\/trgovina\/vina\/bela-vina\/jakoncic-carolina-bela\/","name":"[:sl]Carolina bela[:en]Carolina white[:] | Vinoteka Sod\u010dek","isPartOf":{"@id":"https:\/\/vinoteka-sodcek.si\/#website"},"primaryImageOfPage":{"@id":"https:\/\/vinoteka-sodcek.si\/trgovina\/vina\/bela-vina\/jakoncic-carolina-bela\/#primaryimage"},"image":{"@id":"https:\/\/vinoteka-sodcek.si\/trgovina\/vina\/bela-vina\/jakoncic-carolina-bela\/#primaryimage"},"thumbnailUrl":"https:\/\/vinoteka-sodcek.si\/wp-content\/uploads\/carolina-bela-jakoncic.jpg","datePublished":"2024-03-15T16:20:17+00:00","dateModified":"2026-03-26T08:26:05+00:00","description":"[:sl]Carolina bela Jakon\u010di\u010d, del vina zori v hrastovih sodih, del pa v inox.\u00a0 Vina po enem letu preto\u010dijo in jih zdru\u017eijo po okusu vinarja.[:en]Carolina white Jakon\u010di\u010d, part of the wine is aged in oak barrels and part in inox. After one year, the wines are racked and blended.[:]","breadcrumb":{"@id":"https:\/\/vinoteka-sodcek.si\/trgovina\/vina\/bela-vina\/jakoncic-carolina-bela\/#breadcrumb"},"inLanguage":"en-US","potentialAction":[{"@type":"ReadAction","target":["https:\/\/vinoteka-sodcek.si\/trgovina\/vina\/bela-vina\/jakoncic-carolina-bela\/"]}]},{"@type":"ImageObject","inLanguage":"en-US","@id":"https:\/\/vinoteka-sodcek.si\/trgovina\/vina\/bela-vina\/jakoncic-carolina-bela\/#primaryimage","url":"https:\/\/vinoteka-sodcek.si\/wp-content\/uploads\/carolina-bela-jakoncic.jpg","contentUrl":"https:\/\/vinoteka-sodcek.si\/wp-content\/uploads\/carolina-bela-jakoncic.jpg","width":452,"height":1524},{"@type":"BreadcrumbList","@id":"https:\/\/vinoteka-sodcek.si\/trgovina\/vina\/bela-vina\/jakoncic-carolina-bela\/#breadcrumb","itemListElement":[{"@type":"ListItem","position":1,"name":"Home","item":"https:\/\/vinoteka-sodcek.si\/en\/"},{"@type":"ListItem","position":2,"name":"Trgovina","item":"https:\/\/vinoteka-sodcek.si\/trgovina\/"},{"@type":"ListItem","position":3,"name":"Carolina bela"}]},{"@type":"WebSite","@id":"https:\/\/vinoteka-sodcek.si\/#website","url":"https:\/\/vinoteka-sodcek.si\/","name":"Vinoteka Sod\u010dek","description":"Vinoteka z vrhunskimi vini","publisher":{"@id":"https:\/\/vinoteka-sodcek.si\/#organization"},"potentialAction":[{"@type":"SearchAction","target":{"@type":"EntryPoint","urlTemplate":"https:\/\/vinoteka-sodcek.si\/?s={search_term_string}"},"query-input":"required name=search_term_string"}],"inLanguage":"en-US"},{"@type":"Organization","@id":"https:\/\/vinoteka-sodcek.si\/#organization","name":"Vinoteka Sod\u010dek, Ale\u0161 \u010ceba\u0161ek s.p.","url":"https:\/\/vinoteka-sodcek.si\/","logo":{"@type":"ImageObject","inLanguage":"en-US","@id":"https:\/\/vinoteka-sodcek.si\/#\/schema\/logo\/image\/","url":"https:\/\/beta.vinoteka-sodcek.si\/wp-content\/uploads\/vinoteka-sodcek-logo.png","contentUrl":"https:\/\/beta.vinoteka-sodcek.si\/wp-content\/uploads\/vinoteka-sodcek-logo.png","width":300,"height":90,"caption":"Vinoteka Sod\u010dek, Ale\u0161 \u010ceba\u0161ek s.p."},"image":{"@id":"https:\/\/vinoteka-sodcek.si\/#\/schema\/logo\/image\/"},"sameAs":["https:\/\/www.facebook.com\/vinotekasodcek\/"]}]}},"_links":{"self":[{"href":"https:\/\/vinoteka-sodcek.si\/en\/wp-json\/\/wp\/v2\/product\/327"}],"collection":[{"href":"https:\/\/vinoteka-sodcek.si\/en\/wp-json\/\/wp\/v2\/product"}],"about":[{"href":"https:\/\/vinoteka-sodcek.si\/en\/wp-json\/\/wp\/v2\/types\/product"}],"wp:featuredmedia":[{"embeddable":true,"href":"https:\/\/vinoteka-sodcek.si\/en\/wp-json\/\/wp\/v2\/media\/1062"}],"wp:attachment":[{"href":"https:\/\/vinoteka-sodcek.si\/en\/wp-json\/\/wp\/v2\/media?parent=327"}],"wp:term":[{"taxonomy":"product_cat","embeddable":true,"href":"https:\/\/vinoteka-sodcek.si\/en\/wp-json\/\/wp\/v2\/product_cat?post=327"},{"taxonomy":"product_tag","embeddable":true,"href":"https:\/\/vinoteka-sodcek.si\/en\/wp-json\/\/wp\/v2\/product_tag?post=327"}],"curies":[{"name":"wp","href":"https:\/\/api.w.org\/{rel}","templated":true}]}}