{"id":329,"date":"2024-03-15T17:20:17","date_gmt":"2024-03-15T16:20:17","guid":{"rendered":"http:\/\/192.168.64.105\/GitHub\/vinoteka-sodcek\/trgovina\/uncategorized\/jakoncic-carolina-rdeca\/"},"modified":"2026-03-26T09:26:39","modified_gmt":"2026-03-26T08:26:39","slug":"jakoncic-carolina-rdeca","status":"publish","type":"product","link":"https:\/\/vinoteka-sodcek.si\/en\/shop\/wines\/red-wines\/jakoncic-carolina-rdeca\/","title":{"rendered":"Carolina red"},"content":{"rendered":"<p>Grapes macerate for one month. The wine is then ripen for 24 months in 225 liter barrels at constant temperature and humidity.<\/p>\n<p>They use 50 % of Slavonic oak, 47 % of French Allier and 3 % French Troncaise oak.<\/p>\n<p>Red Carolina is a medium -intense pomegranate red. On the nose, the wine is elegant and ripened, with a perceptible scent of cherries and cherry jams.<\/p>\n<p>In the mouth, the wine is dry, juicy, with elegant ripe tannins. The character in the mouth is intense, it is perceived to be detected and exotic spices, as well as chocolate and ripening in the wood.<\/p>\n<p>Very complex wine with long aftertaste and long life.<\/p>\n","protected":false},"excerpt":{"rendered":"<p>Grapes macerate for one month. The wine is then ripen for 24 months in 225 liter barrels at constant temperature and humidity. They use 50 % of Slavonic oak, 47 %&#8230;<\/p>\n","protected":false},"featured_media":1063,"template":"","meta":[],"product_cat":[20],"product_tag":[],"acf":[],"yoast_head":"<!-- This site is optimized with the Yoast SEO plugin v22.2 - https:\/\/yoast.com\/wordpress\/plugins\/seo\/ -->\n<title>Carolina red | Vinoteka Sod\u010dek<\/title>\n<meta name=\"description\" content=\"Carolina red Jakon\u010di\u010d is matured for 24 months in 225 litre barrels at a constant temperature. The oak used is 50% slavonian oak and 50% french oak.\" \/>\n<meta name=\"robots\" content=\"index, follow, max-snippet:-1, max-image-preview:large, max-video-preview:-1\" \/>\n<meta property=\"og:locale\" content=\"en_US\" \/>\n<meta property=\"og:type\" content=\"article\" \/>\n<meta property=\"og:title\" content=\"Carolina red\" \/>\n<meta property=\"og:description\" content=\"Carolina red Jakon\u010di\u010d is matured for 24 months in 225 litre barrels at a constant temperature. The oak used is 50% slavonian oak and 50% french oak.\" \/>\n<meta property=\"og:url\" content=\"https:\/\/vinoteka-sodcek.si\/en\/shop\/wines\/red-wines\/jakoncic-carolina-rdeca\/\" \/>\n<meta property=\"og:site_name\" content=\"Vinoteka Sod\u010dek\" \/>\n<meta property=\"article:publisher\" content=\"https:\/\/www.facebook.com\/vinotekasodcek\/\" \/>\n<meta property=\"article:modified_time\" content=\"2026-03-26T08:26:39+00:00\" \/>\n<meta property=\"og:image\" content=\"https:\/\/vinoteka-sodcek.si\/wp-content\/uploads\/carolina-rdeca-jakoncic.jpg\" \/>\n\t<meta property=\"og:image:width\" content=\"291\" \/>\n\t<meta property=\"og:image:height\" content=\"1200\" \/>\n\t<meta property=\"og:image:type\" content=\"image\/jpeg\" \/>\n<meta name=\"twitter:card\" content=\"summary_large_image\" \/>\n<!-- \/ Yoast SEO plugin. -->","yoast_head_json":{"title":"Carolina red | Vinoteka Sod\u010dek","description":"[:sl]Carolina rde\u010da Jakon\u010di\u010d zori 24 mesecev v 225 litrskih sodih pri konstantni temperaturi in vla\u017enosti. Uporabljajo 50% slavonskega hrasta in 50% francoskega.[:en]Carolina red Jakon\u010di\u010d is matured for 24 months in 225 litre barrels at a constant temperature. The oak used is 50% slavonian oak and 50% french oak.[:]","robots":{"index":"index","follow":"follow","max-snippet":"max-snippet:-1","max-image-preview":"max-image-preview:large","max-video-preview":"max-video-preview:-1"},"og_locale":"en_US","og_type":"article","og_title":"[:sl]Carolina rde\u010da[:en]Carolina red[:] | Vinoteka Sod\u010dek","og_description":"[:sl]Carolina rde\u010da Jakon\u010di\u010d zori 24 mesecev v 225 litrskih sodih pri konstantni temperaturi in vla\u017enosti. Uporabljajo 50% slavonskega hrasta in 50% francoskega.[:en]Carolina red Jakon\u010di\u010d is matured for 24 months in 225 litre barrels at a constant temperature. The oak used is 50% slavonian oak and 50% french oak.[:]","og_url":"https:\/\/vinoteka-sodcek.si\/en\/shop\/wines\/red-wines\/jakoncic-carolina-rdeca\/","og_site_name":"Vinoteka Sod\u010dek","article_publisher":"https:\/\/www.facebook.com\/vinotekasodcek\/","article_modified_time":"2026-03-26T08:26:39+00:00","og_image":[{"width":291,"height":1200,"url":"https:\/\/vinoteka-sodcek.si\/wp-content\/uploads\/carolina-rdeca-jakoncic.jpg","type":"image\/jpeg"}],"twitter_card":"summary_large_image","schema":{"@context":"https:\/\/schema.org","@graph":[{"@type":"WebPage","@id":"https:\/\/vinoteka-sodcek.si\/trgovina\/vina\/rdeca-vina\/jakoncic-carolina-rdeca\/","url":"https:\/\/vinoteka-sodcek.si\/trgovina\/vina\/rdeca-vina\/jakoncic-carolina-rdeca\/","name":"[:sl]Carolina rde\u010da[:en]Carolina red[:] | Vinoteka Sod\u010dek","isPartOf":{"@id":"https:\/\/vinoteka-sodcek.si\/#website"},"primaryImageOfPage":{"@id":"https:\/\/vinoteka-sodcek.si\/trgovina\/vina\/rdeca-vina\/jakoncic-carolina-rdeca\/#primaryimage"},"image":{"@id":"https:\/\/vinoteka-sodcek.si\/trgovina\/vina\/rdeca-vina\/jakoncic-carolina-rdeca\/#primaryimage"},"thumbnailUrl":"https:\/\/vinoteka-sodcek.si\/wp-content\/uploads\/carolina-rdeca-jakoncic.jpg","datePublished":"2024-03-15T16:20:17+00:00","dateModified":"2026-03-26T08:26:39+00:00","description":"[:sl]Carolina rde\u010da Jakon\u010di\u010d zori 24 mesecev v 225 litrskih sodih pri konstantni temperaturi in vla\u017enosti. Uporabljajo 50% slavonskega hrasta in 50% francoskega.[:en]Carolina red Jakon\u010di\u010d is matured for 24 months in 225 litre barrels at a constant temperature. The oak used is 50% slavonian oak and 50% french oak.[:]","breadcrumb":{"@id":"https:\/\/vinoteka-sodcek.si\/trgovina\/vina\/rdeca-vina\/jakoncic-carolina-rdeca\/#breadcrumb"},"inLanguage":"en-US","potentialAction":[{"@type":"ReadAction","target":["https:\/\/vinoteka-sodcek.si\/trgovina\/vina\/rdeca-vina\/jakoncic-carolina-rdeca\/"]}]},{"@type":"ImageObject","inLanguage":"en-US","@id":"https:\/\/vinoteka-sodcek.si\/trgovina\/vina\/rdeca-vina\/jakoncic-carolina-rdeca\/#primaryimage","url":"https:\/\/vinoteka-sodcek.si\/wp-content\/uploads\/carolina-rdeca-jakoncic.jpg","contentUrl":"https:\/\/vinoteka-sodcek.si\/wp-content\/uploads\/carolina-rdeca-jakoncic.jpg","width":291,"height":1200},{"@type":"BreadcrumbList","@id":"https:\/\/vinoteka-sodcek.si\/trgovina\/vina\/rdeca-vina\/jakoncic-carolina-rdeca\/#breadcrumb","itemListElement":[{"@type":"ListItem","position":1,"name":"Home","item":"https:\/\/vinoteka-sodcek.si\/en\/"},{"@type":"ListItem","position":2,"name":"Trgovina","item":"https:\/\/vinoteka-sodcek.si\/trgovina\/"},{"@type":"ListItem","position":3,"name":"Carolina rde\u010da"}]},{"@type":"WebSite","@id":"https:\/\/vinoteka-sodcek.si\/#website","url":"https:\/\/vinoteka-sodcek.si\/","name":"Vinoteka Sod\u010dek","description":"Vinoteka z vrhunskimi vini","publisher":{"@id":"https:\/\/vinoteka-sodcek.si\/#organization"},"potentialAction":[{"@type":"SearchAction","target":{"@type":"EntryPoint","urlTemplate":"https:\/\/vinoteka-sodcek.si\/?s={search_term_string}"},"query-input":"required name=search_term_string"}],"inLanguage":"en-US"},{"@type":"Organization","@id":"https:\/\/vinoteka-sodcek.si\/#organization","name":"Vinoteka Sod\u010dek, Ale\u0161 \u010ceba\u0161ek s.p.","url":"https:\/\/vinoteka-sodcek.si\/","logo":{"@type":"ImageObject","inLanguage":"en-US","@id":"https:\/\/vinoteka-sodcek.si\/#\/schema\/logo\/image\/","url":"https:\/\/beta.vinoteka-sodcek.si\/wp-content\/uploads\/vinoteka-sodcek-logo.png","contentUrl":"https:\/\/beta.vinoteka-sodcek.si\/wp-content\/uploads\/vinoteka-sodcek-logo.png","width":300,"height":90,"caption":"Vinoteka Sod\u010dek, Ale\u0161 \u010ceba\u0161ek s.p."},"image":{"@id":"https:\/\/vinoteka-sodcek.si\/#\/schema\/logo\/image\/"},"sameAs":["https:\/\/www.facebook.com\/vinotekasodcek\/"]}]}},"_links":{"self":[{"href":"https:\/\/vinoteka-sodcek.si\/en\/wp-json\/\/wp\/v2\/product\/329"}],"collection":[{"href":"https:\/\/vinoteka-sodcek.si\/en\/wp-json\/\/wp\/v2\/product"}],"about":[{"href":"https:\/\/vinoteka-sodcek.si\/en\/wp-json\/\/wp\/v2\/types\/product"}],"wp:featuredmedia":[{"embeddable":true,"href":"https:\/\/vinoteka-sodcek.si\/en\/wp-json\/\/wp\/v2\/media\/1063"}],"wp:attachment":[{"href":"https:\/\/vinoteka-sodcek.si\/en\/wp-json\/\/wp\/v2\/media?parent=329"}],"wp:term":[{"taxonomy":"product_cat","embeddable":true,"href":"https:\/\/vinoteka-sodcek.si\/en\/wp-json\/\/wp\/v2\/product_cat?post=329"},{"taxonomy":"product_tag","embeddable":true,"href":"https:\/\/vinoteka-sodcek.si\/en\/wp-json\/\/wp\/v2\/product_tag?post=329"}],"curies":[{"name":"wp","href":"https:\/\/api.w.org\/{rel}","templated":true}]}}