{"id":3308,"date":"2026-01-16T10:42:26","date_gmt":"2026-01-16T09:42:26","guid":{"rendered":"https:\/\/vinoteka-sodcek.si\/?post_type=product&#038;p=3308"},"modified":"2026-03-18T07:51:16","modified_gmt":"2026-03-18T06:51:16","slug":"steras-cabernet-franc","status":"publish","type":"product","link":"https:\/\/vinoteka-sodcek.si\/en\/shop\/wines\/red-wines\/steras-cabernet-franc\/","title":{"rendered":"Cabernet franc"},"content":{"rendered":"<p>After harvesting at the end of September, maceration takes place in large vats, followed by one year of aging on fine lees in used barrique barrels.<\/p>\n<p>It has a deep ruby color, intense aromas of blackcurrant and blackberry with hints of herbs and pepper. On the palate, it is fruity, slightly spicy, full-bodied, with beautiful refined tannins and very nicely expressed ripe notes.<\/p>\n","protected":false},"excerpt":{"rendered":"<p>After harvesting at the end of September, maceration takes place in large vats, followed by one year of aging on fine lees in used barrique barrels. It has a deep ruby&#8230;<\/p>\n","protected":false},"featured_media":3310,"template":"","meta":[],"product_cat":[20],"product_tag":[],"acf":[],"yoast_head":"<!-- This site is optimized with the Yoast SEO plugin v22.2 - https:\/\/yoast.com\/wordpress\/plugins\/seo\/ -->\n<title>Cabernet franc | Vinoteka Sod\u010dek<\/title>\n<meta name=\"description\" content=\"Cabernet Franc Steras has a deeper ruby color, intense aromas of blackcurrant and blackberry with hints of herbs and pepper.\" \/>\n<meta name=\"robots\" content=\"index, follow, max-snippet:-1, max-image-preview:large, max-video-preview:-1\" \/>\n<meta property=\"og:locale\" content=\"en_US\" \/>\n<meta property=\"og:type\" content=\"article\" \/>\n<meta property=\"og:title\" content=\"Cabernet franc\" \/>\n<meta property=\"og:description\" content=\"Cabernet Franc Steras has a deeper ruby color, intense aromas of blackcurrant and blackberry with hints of herbs and pepper.\" \/>\n<meta property=\"og:url\" content=\"https:\/\/vinoteka-sodcek.si\/en\/shop\/wines\/red-wines\/steras-cabernet-franc\/\" \/>\n<meta property=\"og:site_name\" content=\"Vinoteka Sod\u010dek\" \/>\n<meta property=\"article:publisher\" content=\"https:\/\/www.facebook.com\/vinotekasodcek\/\" \/>\n<meta property=\"article:modified_time\" content=\"2026-03-18T06:51:16+00:00\" \/>\n<meta property=\"og:image\" content=\"https:\/\/vinoteka-sodcek.si\/wp-content\/uploads\/72e7b0f3-9b08-4d0b-a502-6e30194e3285.jpg\" \/>\n\t<meta property=\"og:image:width\" content=\"254\" \/>\n\t<meta property=\"og:image:height\" content=\"1068\" \/>\n\t<meta property=\"og:image:type\" content=\"image\/jpeg\" \/>\n<meta name=\"twitter:card\" content=\"summary_large_image\" \/>\n<!-- \/ Yoast SEO plugin. -->","yoast_head_json":{"title":"Cabernet franc | Vinoteka Sod\u010dek","description":"[:sl]Cabernet franc Steras je globje rubinaste barve, intenzivne arome \u010drnega ribeza, robid z dodatki zeli\u0161\u010dnih in poprovih not.[:en]Cabernet Franc Steras has a deeper ruby color, intense aromas of blackcurrant and blackberry with hints of herbs and pepper.[:]","robots":{"index":"index","follow":"follow","max-snippet":"max-snippet:-1","max-image-preview":"max-image-preview:large","max-video-preview":"max-video-preview:-1"},"og_locale":"en_US","og_type":"article","og_title":"[:sl]Cabernet franc[:en]Cabernet franc[:] | Vinoteka Sod\u010dek","og_description":"[:sl]Cabernet franc Steras je globje rubinaste barve, intenzivne arome \u010drnega ribeza, robid z dodatki zeli\u0161\u010dnih in poprovih not.[:en]Cabernet Franc Steras has a deeper ruby color, intense aromas of blackcurrant and blackberry with hints of herbs and pepper.[:]","og_url":"https:\/\/vinoteka-sodcek.si\/en\/shop\/wines\/red-wines\/steras-cabernet-franc\/","og_site_name":"Vinoteka Sod\u010dek","article_publisher":"https:\/\/www.facebook.com\/vinotekasodcek\/","article_modified_time":"2026-03-18T06:51:16+00:00","og_image":[{"width":254,"height":1068,"url":"https:\/\/vinoteka-sodcek.si\/wp-content\/uploads\/72e7b0f3-9b08-4d0b-a502-6e30194e3285.jpg","type":"image\/jpeg"}],"twitter_card":"summary_large_image","schema":{"@context":"https:\/\/schema.org","@graph":[{"@type":"WebPage","@id":"https:\/\/vinoteka-sodcek.si\/trgovina\/vina\/rdeca-vina\/steras-cabernet-franc\/","url":"https:\/\/vinoteka-sodcek.si\/trgovina\/vina\/rdeca-vina\/steras-cabernet-franc\/","name":"[:sl]Cabernet franc[:en]Cabernet franc[:] | Vinoteka Sod\u010dek","isPartOf":{"@id":"https:\/\/vinoteka-sodcek.si\/#website"},"primaryImageOfPage":{"@id":"https:\/\/vinoteka-sodcek.si\/trgovina\/vina\/rdeca-vina\/steras-cabernet-franc\/#primaryimage"},"image":{"@id":"https:\/\/vinoteka-sodcek.si\/trgovina\/vina\/rdeca-vina\/steras-cabernet-franc\/#primaryimage"},"thumbnailUrl":"https:\/\/vinoteka-sodcek.si\/wp-content\/uploads\/72e7b0f3-9b08-4d0b-a502-6e30194e3285.jpg","datePublished":"2026-01-16T09:42:26+00:00","dateModified":"2026-03-18T06:51:16+00:00","description":"[:sl]Cabernet franc Steras je globje rubinaste barve, intenzivne arome \u010drnega ribeza, robid z dodatki zeli\u0161\u010dnih in poprovih not.[:en]Cabernet Franc Steras has a deeper ruby color, intense aromas of blackcurrant and blackberry with hints of herbs and pepper.[:]","breadcrumb":{"@id":"https:\/\/vinoteka-sodcek.si\/trgovina\/vina\/rdeca-vina\/steras-cabernet-franc\/#breadcrumb"},"inLanguage":"en-US","potentialAction":[{"@type":"ReadAction","target":["https:\/\/vinoteka-sodcek.si\/trgovina\/vina\/rdeca-vina\/steras-cabernet-franc\/"]}]},{"@type":"ImageObject","inLanguage":"en-US","@id":"https:\/\/vinoteka-sodcek.si\/trgovina\/vina\/rdeca-vina\/steras-cabernet-franc\/#primaryimage","url":"https:\/\/vinoteka-sodcek.si\/wp-content\/uploads\/72e7b0f3-9b08-4d0b-a502-6e30194e3285.jpg","contentUrl":"https:\/\/vinoteka-sodcek.si\/wp-content\/uploads\/72e7b0f3-9b08-4d0b-a502-6e30194e3285.jpg","width":254,"height":1068},{"@type":"BreadcrumbList","@id":"https:\/\/vinoteka-sodcek.si\/trgovina\/vina\/rdeca-vina\/steras-cabernet-franc\/#breadcrumb","itemListElement":[{"@type":"ListItem","position":1,"name":"Home","item":"https:\/\/vinoteka-sodcek.si\/en\/"},{"@type":"ListItem","position":2,"name":"Trgovina","item":"https:\/\/vinoteka-sodcek.si\/trgovina\/"},{"@type":"ListItem","position":3,"name":"Cabernet franc"}]},{"@type":"WebSite","@id":"https:\/\/vinoteka-sodcek.si\/#website","url":"https:\/\/vinoteka-sodcek.si\/","name":"Vinoteka Sod\u010dek","description":"Vinoteka z vrhunskimi vini","publisher":{"@id":"https:\/\/vinoteka-sodcek.si\/#organization"},"potentialAction":[{"@type":"SearchAction","target":{"@type":"EntryPoint","urlTemplate":"https:\/\/vinoteka-sodcek.si\/?s={search_term_string}"},"query-input":"required name=search_term_string"}],"inLanguage":"en-US"},{"@type":"Organization","@id":"https:\/\/vinoteka-sodcek.si\/#organization","name":"Vinoteka Sod\u010dek, Ale\u0161 \u010ceba\u0161ek s.p.","url":"https:\/\/vinoteka-sodcek.si\/","logo":{"@type":"ImageObject","inLanguage":"en-US","@id":"https:\/\/vinoteka-sodcek.si\/#\/schema\/logo\/image\/","url":"https:\/\/beta.vinoteka-sodcek.si\/wp-content\/uploads\/vinoteka-sodcek-logo.png","contentUrl":"https:\/\/beta.vinoteka-sodcek.si\/wp-content\/uploads\/vinoteka-sodcek-logo.png","width":300,"height":90,"caption":"Vinoteka Sod\u010dek, Ale\u0161 \u010ceba\u0161ek s.p."},"image":{"@id":"https:\/\/vinoteka-sodcek.si\/#\/schema\/logo\/image\/"},"sameAs":["https:\/\/www.facebook.com\/vinotekasodcek\/"]}]}},"_links":{"self":[{"href":"https:\/\/vinoteka-sodcek.si\/en\/wp-json\/\/wp\/v2\/product\/3308"}],"collection":[{"href":"https:\/\/vinoteka-sodcek.si\/en\/wp-json\/\/wp\/v2\/product"}],"about":[{"href":"https:\/\/vinoteka-sodcek.si\/en\/wp-json\/\/wp\/v2\/types\/product"}],"wp:featuredmedia":[{"embeddable":true,"href":"https:\/\/vinoteka-sodcek.si\/en\/wp-json\/\/wp\/v2\/media\/3310"}],"wp:attachment":[{"href":"https:\/\/vinoteka-sodcek.si\/en\/wp-json\/\/wp\/v2\/media?parent=3308"}],"wp:term":[{"taxonomy":"product_cat","embeddable":true,"href":"https:\/\/vinoteka-sodcek.si\/en\/wp-json\/\/wp\/v2\/product_cat?post=3308"},{"taxonomy":"product_tag","embeddable":true,"href":"https:\/\/vinoteka-sodcek.si\/en\/wp-json\/\/wp\/v2\/product_tag?post=3308"}],"curies":[{"name":"wp","href":"https:\/\/api.w.org\/{rel}","templated":true}]}}