{"id":3374,"date":"2026-02-10T11:57:31","date_gmt":"2026-02-10T10:57:31","guid":{"rendered":"https:\/\/vinoteka-sodcek.si\/?post_type=product&#038;p=3374"},"modified":"2026-03-06T11:24:11","modified_gmt":"2026-03-06T10:24:11","slug":"posestvo-bela-gora-stilj","status":"publish","type":"product","link":"https:\/\/vinoteka-sodcek.si\/en\/shop\/wines\/macerated-orange-wines\/posestvo-bela-gora-stilj\/","title":{"rendered":"\u0160tilj"},"content":{"rendered":"<p>After harvesting, the Yellow Muscat is macerated and the \u017dametna \u010drnina is pressed into white wine. All three varieties are then aged for 12 months in concrete egg-shaped barrels (Eggoist wine egg) on fine lees.<\/p>\n<p>It has a delicate amber color and aromas of ripe pears and roses. Medium-bodied on the palate, with a taste of juicy exotic fruit and a slightly smoky note. Long finish, bottled without filtration.<\/p>\n<p>&nbsp;<\/p>\n","protected":false},"excerpt":{"rendered":"<p>After harvesting, the Yellow Muscat is macerated and the \u017dametna \u010drnina is pressed into white wine. All three varieties are then aged for 12 months in concrete egg-shaped barrels (Eggoist wine&#8230;<\/p>\n","protected":false},"featured_media":3389,"template":"","meta":[],"product_cat":[23],"product_tag":[],"acf":[],"yoast_head":"<!-- This site is optimized with the Yoast SEO plugin v22.2 - https:\/\/yoast.com\/wordpress\/plugins\/seo\/ -->\n<title>\u0160tilj | Vinoteka Sod\u010dek<\/title>\n<meta name=\"description\" content=\"\u0160tilj iz Posestva bela gora je zvrst maceriranega rumenega mu\u0161kata, \u017eametne \u010drnine spre\u0161ane na belo in sauvignona. Zori 12 mesecev v betonskem jajcu.\" \/>\n<meta name=\"robots\" content=\"index, follow, max-snippet:-1, max-image-preview:large, max-video-preview:-1\" \/>\n<meta property=\"og:locale\" content=\"en_US\" \/>\n<meta property=\"og:type\" content=\"article\" \/>\n<meta property=\"og:title\" content=\"\u0160tilj\" \/>\n<meta property=\"og:description\" content=\"\u0160tilj iz Posestva bela gora je zvrst maceriranega rumenega mu\u0161kata, \u017eametne \u010drnine spre\u0161ane na belo in sauvignona. Zori 12 mesecev v betonskem jajcu.\" \/>\n<meta property=\"og:url\" content=\"https:\/\/vinoteka-sodcek.si\/en\/shop\/wines\/macerated-orange-wines\/posestvo-bela-gora-stilj\/\" \/>\n<meta property=\"og:site_name\" content=\"Vinoteka Sod\u010dek\" \/>\n<meta property=\"article:publisher\" content=\"https:\/\/www.facebook.com\/vinotekasodcek\/\" \/>\n<meta property=\"article:modified_time\" content=\"2026-03-06T10:24:11+00:00\" \/>\n<meta property=\"og:image\" content=\"https:\/\/vinoteka-sodcek.si\/wp-content\/uploads\/bela-gora-stilj.jpg\" \/>\n\t<meta property=\"og:image:width\" content=\"400\" \/>\n\t<meta property=\"og:image:height\" content=\"1519\" \/>\n\t<meta property=\"og:image:type\" content=\"image\/jpeg\" \/>\n<meta name=\"twitter:card\" content=\"summary_large_image\" \/>\n<!-- \/ Yoast SEO plugin. -->","yoast_head_json":{"title":"\u0160tilj | Vinoteka Sod\u010dek","description":"\u0160tilj iz Posestva bela gora je zvrst maceriranega rumenega mu\u0161kata, \u017eametne \u010drnine spre\u0161ane na belo in sauvignona. Zori 12 mesecev v betonskem jajcu.","robots":{"index":"index","follow":"follow","max-snippet":"max-snippet:-1","max-image-preview":"max-image-preview:large","max-video-preview":"max-video-preview:-1"},"og_locale":"en_US","og_type":"article","og_title":"[:sl]\u0160tilj[:en]\u0160tilj[:] | Vinoteka Sod\u010dek","og_description":"\u0160tilj iz Posestva bela gora je zvrst maceriranega rumenega mu\u0161kata, \u017eametne \u010drnine spre\u0161ane na belo in sauvignona. Zori 12 mesecev v betonskem jajcu.","og_url":"https:\/\/vinoteka-sodcek.si\/en\/shop\/wines\/macerated-orange-wines\/posestvo-bela-gora-stilj\/","og_site_name":"Vinoteka Sod\u010dek","article_publisher":"https:\/\/www.facebook.com\/vinotekasodcek\/","article_modified_time":"2026-03-06T10:24:11+00:00","og_image":[{"width":400,"height":1519,"url":"https:\/\/vinoteka-sodcek.si\/wp-content\/uploads\/bela-gora-stilj.jpg","type":"image\/jpeg"}],"twitter_card":"summary_large_image","schema":{"@context":"https:\/\/schema.org","@graph":[{"@type":"WebPage","@id":"https:\/\/vinoteka-sodcek.si\/trgovina\/vina\/macerirana-oranzna-vina\/posestvo-bela-gora-stilj\/","url":"https:\/\/vinoteka-sodcek.si\/trgovina\/vina\/macerirana-oranzna-vina\/posestvo-bela-gora-stilj\/","name":"[:sl]\u0160tilj[:en]\u0160tilj[:] | Vinoteka Sod\u010dek","isPartOf":{"@id":"https:\/\/vinoteka-sodcek.si\/#website"},"primaryImageOfPage":{"@id":"https:\/\/vinoteka-sodcek.si\/trgovina\/vina\/macerirana-oranzna-vina\/posestvo-bela-gora-stilj\/#primaryimage"},"image":{"@id":"https:\/\/vinoteka-sodcek.si\/trgovina\/vina\/macerirana-oranzna-vina\/posestvo-bela-gora-stilj\/#primaryimage"},"thumbnailUrl":"https:\/\/vinoteka-sodcek.si\/wp-content\/uploads\/bela-gora-stilj.jpg","datePublished":"2026-02-10T10:57:31+00:00","dateModified":"2026-03-06T10:24:11+00:00","description":"\u0160tilj iz Posestva bela gora je zvrst maceriranega rumenega mu\u0161kata, \u017eametne \u010drnine spre\u0161ane na belo in sauvignona. Zori 12 mesecev v betonskem jajcu.","breadcrumb":{"@id":"https:\/\/vinoteka-sodcek.si\/trgovina\/vina\/macerirana-oranzna-vina\/posestvo-bela-gora-stilj\/#breadcrumb"},"inLanguage":"en-US","potentialAction":[{"@type":"ReadAction","target":["https:\/\/vinoteka-sodcek.si\/trgovina\/vina\/macerirana-oranzna-vina\/posestvo-bela-gora-stilj\/"]}]},{"@type":"ImageObject","inLanguage":"en-US","@id":"https:\/\/vinoteka-sodcek.si\/trgovina\/vina\/macerirana-oranzna-vina\/posestvo-bela-gora-stilj\/#primaryimage","url":"https:\/\/vinoteka-sodcek.si\/wp-content\/uploads\/bela-gora-stilj.jpg","contentUrl":"https:\/\/vinoteka-sodcek.si\/wp-content\/uploads\/bela-gora-stilj.jpg","width":400,"height":1519},{"@type":"BreadcrumbList","@id":"https:\/\/vinoteka-sodcek.si\/trgovina\/vina\/macerirana-oranzna-vina\/posestvo-bela-gora-stilj\/#breadcrumb","itemListElement":[{"@type":"ListItem","position":1,"name":"Home","item":"https:\/\/vinoteka-sodcek.si\/en\/"},{"@type":"ListItem","position":2,"name":"Trgovina","item":"https:\/\/vinoteka-sodcek.si\/trgovina\/"},{"@type":"ListItem","position":3,"name":"\u0160tilj"}]},{"@type":"WebSite","@id":"https:\/\/vinoteka-sodcek.si\/#website","url":"https:\/\/vinoteka-sodcek.si\/","name":"Vinoteka Sod\u010dek","description":"Vinoteka z vrhunskimi vini","publisher":{"@id":"https:\/\/vinoteka-sodcek.si\/#organization"},"potentialAction":[{"@type":"SearchAction","target":{"@type":"EntryPoint","urlTemplate":"https:\/\/vinoteka-sodcek.si\/?s={search_term_string}"},"query-input":"required name=search_term_string"}],"inLanguage":"en-US"},{"@type":"Organization","@id":"https:\/\/vinoteka-sodcek.si\/#organization","name":"Vinoteka Sod\u010dek, Ale\u0161 \u010ceba\u0161ek s.p.","url":"https:\/\/vinoteka-sodcek.si\/","logo":{"@type":"ImageObject","inLanguage":"en-US","@id":"https:\/\/vinoteka-sodcek.si\/#\/schema\/logo\/image\/","url":"https:\/\/beta.vinoteka-sodcek.si\/wp-content\/uploads\/vinoteka-sodcek-logo.png","contentUrl":"https:\/\/beta.vinoteka-sodcek.si\/wp-content\/uploads\/vinoteka-sodcek-logo.png","width":300,"height":90,"caption":"Vinoteka Sod\u010dek, Ale\u0161 \u010ceba\u0161ek s.p."},"image":{"@id":"https:\/\/vinoteka-sodcek.si\/#\/schema\/logo\/image\/"},"sameAs":["https:\/\/www.facebook.com\/vinotekasodcek\/"]}]}},"_links":{"self":[{"href":"https:\/\/vinoteka-sodcek.si\/en\/wp-json\/\/wp\/v2\/product\/3374"}],"collection":[{"href":"https:\/\/vinoteka-sodcek.si\/en\/wp-json\/\/wp\/v2\/product"}],"about":[{"href":"https:\/\/vinoteka-sodcek.si\/en\/wp-json\/\/wp\/v2\/types\/product"}],"wp:featuredmedia":[{"embeddable":true,"href":"https:\/\/vinoteka-sodcek.si\/en\/wp-json\/\/wp\/v2\/media\/3389"}],"wp:attachment":[{"href":"https:\/\/vinoteka-sodcek.si\/en\/wp-json\/\/wp\/v2\/media?parent=3374"}],"wp:term":[{"taxonomy":"product_cat","embeddable":true,"href":"https:\/\/vinoteka-sodcek.si\/en\/wp-json\/\/wp\/v2\/product_cat?post=3374"},{"taxonomy":"product_tag","embeddable":true,"href":"https:\/\/vinoteka-sodcek.si\/en\/wp-json\/\/wp\/v2\/product_tag?post=3374"}],"curies":[{"name":"wp","href":"https:\/\/api.w.org\/{rel}","templated":true}]}}