{"id":3387,"date":"2026-02-11T11:51:28","date_gmt":"2026-02-11T10:51:28","guid":{"rendered":"https:\/\/vinoteka-sodcek.si\/?post_type=product&#038;p=3387"},"modified":"2026-03-06T11:24:00","modified_gmt":"2026-03-06T10:24:00","slug":"posestvo-bela-gora-chardonnay-concrete","status":"publish","type":"product","link":"https:\/\/vinoteka-sodcek.si\/en\/shop\/wines\/white-wines\/posestvo-bela-gora-chardonnay-concrete\/","title":{"rendered":"Chardonnay concrete"},"content":{"rendered":"<p>After the harvest is completed, the must expose the must to oxygen to oxidize and darken. During rest, particulate matter is sown to the bottom overnight, allowing natural cleaning and reducing the content of polyphenols (hyperoxidation).<\/p>\n<p>The wine then matured for 12 months in concrete eggs (Eggoist wine eg) on fine poles. It is a medium deep golden yellow color, a flower of white flowers, peaches, but also light smoke. In the mouth of fruit, mineral and balanced acids.<\/p>\n","protected":false},"excerpt":{"rendered":"<p>After the harvest is completed, the must expose the must to oxygen to oxidize and darken. During rest, particulate matter is sown to the bottom overnight, allowing natural cleaning and reducing&#8230;<\/p>\n","protected":false},"featured_media":3388,"template":"","meta":[],"product_cat":[19],"product_tag":[],"acf":[],"yoast_head":"<!-- This site is optimized with the Yoast SEO plugin v22.2 - https:\/\/yoast.com\/wordpress\/plugins\/seo\/ -->\n<title>Chardonnay concrete | Vinoteka Sod\u010dek<\/title>\n<meta name=\"description\" content=\"Chardonnay concrete Bela gora je srednje globoke zlatorumene barve, cvetlica belega cvetja, breskve, maslena tudi rahel dim. V ustih saden, mineralen.\" \/>\n<meta name=\"robots\" content=\"index, follow, max-snippet:-1, max-image-preview:large, max-video-preview:-1\" \/>\n<meta property=\"og:locale\" content=\"en_US\" \/>\n<meta property=\"og:type\" content=\"article\" \/>\n<meta property=\"og:title\" content=\"Chardonnay concrete\" \/>\n<meta property=\"og:description\" content=\"Chardonnay concrete Bela gora je srednje globoke zlatorumene barve, cvetlica belega cvetja, breskve, maslena tudi rahel dim. V ustih saden, mineralen.\" \/>\n<meta property=\"og:url\" content=\"https:\/\/vinoteka-sodcek.si\/en\/shop\/wines\/white-wines\/posestvo-bela-gora-chardonnay-concrete\/\" \/>\n<meta property=\"og:site_name\" content=\"Vinoteka Sod\u010dek\" \/>\n<meta property=\"article:publisher\" content=\"https:\/\/www.facebook.com\/vinotekasodcek\/\" \/>\n<meta property=\"article:modified_time\" content=\"2026-03-06T10:24:00+00:00\" \/>\n<meta property=\"og:image\" content=\"https:\/\/vinoteka-sodcek.si\/wp-content\/uploads\/bela-gora-cc.jpg\" \/>\n\t<meta property=\"og:image:width\" content=\"161\" \/>\n\t<meta property=\"og:image:height\" content=\"595\" \/>\n\t<meta property=\"og:image:type\" content=\"image\/jpeg\" \/>\n<meta name=\"twitter:card\" content=\"summary_large_image\" \/>\n<!-- \/ Yoast SEO plugin. -->","yoast_head_json":{"title":"Chardonnay concrete | Vinoteka Sod\u010dek","description":"Chardonnay concrete Bela gora je srednje globoke zlatorumene barve, cvetlica belega cvetja, breskve, maslena tudi rahel dim. V ustih saden, mineralen.","robots":{"index":"index","follow":"follow","max-snippet":"max-snippet:-1","max-image-preview":"max-image-preview:large","max-video-preview":"max-video-preview:-1"},"og_locale":"en_US","og_type":"article","og_title":"[:sl]Chardonnay concrete[:en]Chardonnay concrete[:] | Vinoteka Sod\u010dek","og_description":"Chardonnay concrete Bela gora je srednje globoke zlatorumene barve, cvetlica belega cvetja, breskve, maslena tudi rahel dim. V ustih saden, mineralen.","og_url":"https:\/\/vinoteka-sodcek.si\/en\/shop\/wines\/white-wines\/posestvo-bela-gora-chardonnay-concrete\/","og_site_name":"Vinoteka Sod\u010dek","article_publisher":"https:\/\/www.facebook.com\/vinotekasodcek\/","article_modified_time":"2026-03-06T10:24:00+00:00","og_image":[{"width":161,"height":595,"url":"https:\/\/vinoteka-sodcek.si\/wp-content\/uploads\/bela-gora-cc.jpg","type":"image\/jpeg"}],"twitter_card":"summary_large_image","schema":{"@context":"https:\/\/schema.org","@graph":[{"@type":"WebPage","@id":"https:\/\/vinoteka-sodcek.si\/trgovina\/vina\/bela-vina\/posestvo-bela-gora-chardonnay-concrete\/","url":"https:\/\/vinoteka-sodcek.si\/trgovina\/vina\/bela-vina\/posestvo-bela-gora-chardonnay-concrete\/","name":"[:sl]Chardonnay concrete[:en]Chardonnay concrete[:] | Vinoteka Sod\u010dek","isPartOf":{"@id":"https:\/\/vinoteka-sodcek.si\/#website"},"primaryImageOfPage":{"@id":"https:\/\/vinoteka-sodcek.si\/trgovina\/vina\/bela-vina\/posestvo-bela-gora-chardonnay-concrete\/#primaryimage"},"image":{"@id":"https:\/\/vinoteka-sodcek.si\/trgovina\/vina\/bela-vina\/posestvo-bela-gora-chardonnay-concrete\/#primaryimage"},"thumbnailUrl":"https:\/\/vinoteka-sodcek.si\/wp-content\/uploads\/bela-gora-cc.jpg","datePublished":"2026-02-11T10:51:28+00:00","dateModified":"2026-03-06T10:24:00+00:00","description":"Chardonnay concrete Bela gora je srednje globoke zlatorumene barve, cvetlica belega cvetja, breskve, maslena tudi rahel dim. V ustih saden, mineralen.","breadcrumb":{"@id":"https:\/\/vinoteka-sodcek.si\/trgovina\/vina\/bela-vina\/posestvo-bela-gora-chardonnay-concrete\/#breadcrumb"},"inLanguage":"en-US","potentialAction":[{"@type":"ReadAction","target":["https:\/\/vinoteka-sodcek.si\/trgovina\/vina\/bela-vina\/posestvo-bela-gora-chardonnay-concrete\/"]}]},{"@type":"ImageObject","inLanguage":"en-US","@id":"https:\/\/vinoteka-sodcek.si\/trgovina\/vina\/bela-vina\/posestvo-bela-gora-chardonnay-concrete\/#primaryimage","url":"https:\/\/vinoteka-sodcek.si\/wp-content\/uploads\/bela-gora-cc.jpg","contentUrl":"https:\/\/vinoteka-sodcek.si\/wp-content\/uploads\/bela-gora-cc.jpg","width":161,"height":595},{"@type":"BreadcrumbList","@id":"https:\/\/vinoteka-sodcek.si\/trgovina\/vina\/bela-vina\/posestvo-bela-gora-chardonnay-concrete\/#breadcrumb","itemListElement":[{"@type":"ListItem","position":1,"name":"Home","item":"https:\/\/vinoteka-sodcek.si\/en\/"},{"@type":"ListItem","position":2,"name":"Trgovina","item":"https:\/\/vinoteka-sodcek.si\/trgovina\/"},{"@type":"ListItem","position":3,"name":"Chardonnay concrete"}]},{"@type":"WebSite","@id":"https:\/\/vinoteka-sodcek.si\/#website","url":"https:\/\/vinoteka-sodcek.si\/","name":"Vinoteka Sod\u010dek","description":"Vinoteka z vrhunskimi vini","publisher":{"@id":"https:\/\/vinoteka-sodcek.si\/#organization"},"potentialAction":[{"@type":"SearchAction","target":{"@type":"EntryPoint","urlTemplate":"https:\/\/vinoteka-sodcek.si\/?s={search_term_string}"},"query-input":"required name=search_term_string"}],"inLanguage":"en-US"},{"@type":"Organization","@id":"https:\/\/vinoteka-sodcek.si\/#organization","name":"Vinoteka Sod\u010dek, Ale\u0161 \u010ceba\u0161ek s.p.","url":"https:\/\/vinoteka-sodcek.si\/","logo":{"@type":"ImageObject","inLanguage":"en-US","@id":"https:\/\/vinoteka-sodcek.si\/#\/schema\/logo\/image\/","url":"https:\/\/beta.vinoteka-sodcek.si\/wp-content\/uploads\/vinoteka-sodcek-logo.png","contentUrl":"https:\/\/beta.vinoteka-sodcek.si\/wp-content\/uploads\/vinoteka-sodcek-logo.png","width":300,"height":90,"caption":"Vinoteka Sod\u010dek, Ale\u0161 \u010ceba\u0161ek s.p."},"image":{"@id":"https:\/\/vinoteka-sodcek.si\/#\/schema\/logo\/image\/"},"sameAs":["https:\/\/www.facebook.com\/vinotekasodcek\/"]}]}},"_links":{"self":[{"href":"https:\/\/vinoteka-sodcek.si\/en\/wp-json\/\/wp\/v2\/product\/3387"}],"collection":[{"href":"https:\/\/vinoteka-sodcek.si\/en\/wp-json\/\/wp\/v2\/product"}],"about":[{"href":"https:\/\/vinoteka-sodcek.si\/en\/wp-json\/\/wp\/v2\/types\/product"}],"wp:featuredmedia":[{"embeddable":true,"href":"https:\/\/vinoteka-sodcek.si\/en\/wp-json\/\/wp\/v2\/media\/3388"}],"wp:attachment":[{"href":"https:\/\/vinoteka-sodcek.si\/en\/wp-json\/\/wp\/v2\/media?parent=3387"}],"wp:term":[{"taxonomy":"product_cat","embeddable":true,"href":"https:\/\/vinoteka-sodcek.si\/en\/wp-json\/\/wp\/v2\/product_cat?post=3387"},{"taxonomy":"product_tag","embeddable":true,"href":"https:\/\/vinoteka-sodcek.si\/en\/wp-json\/\/wp\/v2\/product_tag?post=3387"}],"curies":[{"name":"wp","href":"https:\/\/api.w.org\/{rel}","templated":true}]}}