{"id":3392,"date":"2026-02-11T15:40:33","date_gmt":"2026-02-11T14:40:33","guid":{"rendered":"https:\/\/vinoteka-sodcek.si\/?post_type=product&#038;p=3392"},"modified":"2026-03-06T11:23:55","modified_gmt":"2026-03-06T10:23:55","slug":"posestvo-bela-gora-modra-frankinja-selekcija","status":"publish","type":"product","link":"https:\/\/vinoteka-sodcek.si\/en\/shop\/wines\/red-wines\/posestvo-bela-gora-modra-frankinja-selekcija\/","title":{"rendered":"Modra frankinja selekcija"},"content":{"rendered":"<p>After the harvest, fermentation and maceration, the wine matures for 12 months in newer barrique barrels on fine poles.<\/p>\n<p>It is a gentle purple color, the flower matured, the fruit lightly darts, the ripening in the wood is felt. Very fruit, pleasant ripe tannins in the mouth, slightly pepper. Filled without filtration.<\/p>\n","protected":false},"excerpt":{"rendered":"<p>After the harvest, fermentation and maceration, the wine matures for 12 months in newer barrique barrels on fine poles. It is a gentle purple color, the flower matured, the fruit lightly&#8230;<\/p>\n","protected":false},"featured_media":3393,"template":"","meta":[],"product_cat":[20],"product_tag":[],"acf":[],"yoast_head":"<!-- This site is optimized with the Yoast SEO plugin v22.2 - https:\/\/yoast.com\/wordpress\/plugins\/seo\/ -->\n<title>Modra frankinja selekcija | Vinoteka Sod\u010dek<\/title>\n<meta name=\"description\" content=\"Modra frankinja selekcija Bela gora je ne\u017ene vijoli\u010dne barve, cvetlica dozorela, sadna rahlo pikantana, \u010duti se zorenje v lesu.\" \/>\n<meta name=\"robots\" content=\"index, follow, max-snippet:-1, max-image-preview:large, max-video-preview:-1\" \/>\n<meta property=\"og:locale\" content=\"en_US\" \/>\n<meta property=\"og:type\" content=\"article\" \/>\n<meta property=\"og:title\" content=\"Modra frankinja selekcija\" \/>\n<meta property=\"og:description\" content=\"Modra frankinja selekcija Bela gora je ne\u017ene vijoli\u010dne barve, cvetlica dozorela, sadna rahlo pikantana, \u010duti se zorenje v lesu.\" \/>\n<meta property=\"og:url\" content=\"https:\/\/vinoteka-sodcek.si\/en\/shop\/wines\/red-wines\/posestvo-bela-gora-modra-frankinja-selekcija\/\" \/>\n<meta property=\"og:site_name\" content=\"Vinoteka Sod\u010dek\" \/>\n<meta property=\"article:publisher\" content=\"https:\/\/www.facebook.com\/vinotekasodcek\/\" \/>\n<meta property=\"article:modified_time\" content=\"2026-03-06T10:23:55+00:00\" \/>\n<meta property=\"og:image\" content=\"https:\/\/vinoteka-sodcek.si\/wp-content\/uploads\/bela-gora-mf.jpg\" \/>\n\t<meta property=\"og:image:width\" content=\"165\" \/>\n\t<meta property=\"og:image:height\" content=\"620\" \/>\n\t<meta property=\"og:image:type\" content=\"image\/jpeg\" \/>\n<meta name=\"twitter:card\" content=\"summary_large_image\" \/>\n<!-- \/ Yoast SEO plugin. -->","yoast_head_json":{"title":"Modra frankinja selekcija | Vinoteka Sod\u010dek","description":"Modra frankinja selekcija Bela gora je ne\u017ene vijoli\u010dne barve, cvetlica dozorela, sadna rahlo pikantana, \u010duti se zorenje v lesu.","robots":{"index":"index","follow":"follow","max-snippet":"max-snippet:-1","max-image-preview":"max-image-preview:large","max-video-preview":"max-video-preview:-1"},"og_locale":"en_US","og_type":"article","og_title":"[:sl]Modra frankinja selekcija[:en]Modra frankinja selekcija[:] | Vinoteka Sod\u010dek","og_description":"Modra frankinja selekcija Bela gora je ne\u017ene vijoli\u010dne barve, cvetlica dozorela, sadna rahlo pikantana, \u010duti se zorenje v lesu.","og_url":"https:\/\/vinoteka-sodcek.si\/en\/shop\/wines\/red-wines\/posestvo-bela-gora-modra-frankinja-selekcija\/","og_site_name":"Vinoteka Sod\u010dek","article_publisher":"https:\/\/www.facebook.com\/vinotekasodcek\/","article_modified_time":"2026-03-06T10:23:55+00:00","og_image":[{"width":165,"height":620,"url":"https:\/\/vinoteka-sodcek.si\/wp-content\/uploads\/bela-gora-mf.jpg","type":"image\/jpeg"}],"twitter_card":"summary_large_image","schema":{"@context":"https:\/\/schema.org","@graph":[{"@type":"WebPage","@id":"https:\/\/vinoteka-sodcek.si\/trgovina\/vina\/rdeca-vina\/posestvo-bela-gora-modra-frankinja-selekcija\/","url":"https:\/\/vinoteka-sodcek.si\/trgovina\/vina\/rdeca-vina\/posestvo-bela-gora-modra-frankinja-selekcija\/","name":"[:sl]Modra frankinja selekcija[:en]Modra frankinja selekcija[:] | Vinoteka Sod\u010dek","isPartOf":{"@id":"https:\/\/vinoteka-sodcek.si\/#website"},"primaryImageOfPage":{"@id":"https:\/\/vinoteka-sodcek.si\/trgovina\/vina\/rdeca-vina\/posestvo-bela-gora-modra-frankinja-selekcija\/#primaryimage"},"image":{"@id":"https:\/\/vinoteka-sodcek.si\/trgovina\/vina\/rdeca-vina\/posestvo-bela-gora-modra-frankinja-selekcija\/#primaryimage"},"thumbnailUrl":"https:\/\/vinoteka-sodcek.si\/wp-content\/uploads\/bela-gora-mf.jpg","datePublished":"2026-02-11T14:40:33+00:00","dateModified":"2026-03-06T10:23:55+00:00","description":"Modra frankinja selekcija Bela gora je ne\u017ene vijoli\u010dne barve, cvetlica dozorela, sadna rahlo pikantana, \u010duti se zorenje v lesu.","breadcrumb":{"@id":"https:\/\/vinoteka-sodcek.si\/trgovina\/vina\/rdeca-vina\/posestvo-bela-gora-modra-frankinja-selekcija\/#breadcrumb"},"inLanguage":"en-US","potentialAction":[{"@type":"ReadAction","target":["https:\/\/vinoteka-sodcek.si\/trgovina\/vina\/rdeca-vina\/posestvo-bela-gora-modra-frankinja-selekcija\/"]}]},{"@type":"ImageObject","inLanguage":"en-US","@id":"https:\/\/vinoteka-sodcek.si\/trgovina\/vina\/rdeca-vina\/posestvo-bela-gora-modra-frankinja-selekcija\/#primaryimage","url":"https:\/\/vinoteka-sodcek.si\/wp-content\/uploads\/bela-gora-mf.jpg","contentUrl":"https:\/\/vinoteka-sodcek.si\/wp-content\/uploads\/bela-gora-mf.jpg","width":165,"height":620},{"@type":"BreadcrumbList","@id":"https:\/\/vinoteka-sodcek.si\/trgovina\/vina\/rdeca-vina\/posestvo-bela-gora-modra-frankinja-selekcija\/#breadcrumb","itemListElement":[{"@type":"ListItem","position":1,"name":"Home","item":"https:\/\/vinoteka-sodcek.si\/en\/"},{"@type":"ListItem","position":2,"name":"Trgovina","item":"https:\/\/vinoteka-sodcek.si\/trgovina\/"},{"@type":"ListItem","position":3,"name":"Modra frankinja selekcija"}]},{"@type":"WebSite","@id":"https:\/\/vinoteka-sodcek.si\/#website","url":"https:\/\/vinoteka-sodcek.si\/","name":"Vinoteka Sod\u010dek","description":"Vinoteka z vrhunskimi vini","publisher":{"@id":"https:\/\/vinoteka-sodcek.si\/#organization"},"potentialAction":[{"@type":"SearchAction","target":{"@type":"EntryPoint","urlTemplate":"https:\/\/vinoteka-sodcek.si\/?s={search_term_string}"},"query-input":"required name=search_term_string"}],"inLanguage":"en-US"},{"@type":"Organization","@id":"https:\/\/vinoteka-sodcek.si\/#organization","name":"Vinoteka Sod\u010dek, Ale\u0161 \u010ceba\u0161ek s.p.","url":"https:\/\/vinoteka-sodcek.si\/","logo":{"@type":"ImageObject","inLanguage":"en-US","@id":"https:\/\/vinoteka-sodcek.si\/#\/schema\/logo\/image\/","url":"https:\/\/beta.vinoteka-sodcek.si\/wp-content\/uploads\/vinoteka-sodcek-logo.png","contentUrl":"https:\/\/beta.vinoteka-sodcek.si\/wp-content\/uploads\/vinoteka-sodcek-logo.png","width":300,"height":90,"caption":"Vinoteka Sod\u010dek, Ale\u0161 \u010ceba\u0161ek s.p."},"image":{"@id":"https:\/\/vinoteka-sodcek.si\/#\/schema\/logo\/image\/"},"sameAs":["https:\/\/www.facebook.com\/vinotekasodcek\/"]}]}},"_links":{"self":[{"href":"https:\/\/vinoteka-sodcek.si\/en\/wp-json\/\/wp\/v2\/product\/3392"}],"collection":[{"href":"https:\/\/vinoteka-sodcek.si\/en\/wp-json\/\/wp\/v2\/product"}],"about":[{"href":"https:\/\/vinoteka-sodcek.si\/en\/wp-json\/\/wp\/v2\/types\/product"}],"wp:featuredmedia":[{"embeddable":true,"href":"https:\/\/vinoteka-sodcek.si\/en\/wp-json\/\/wp\/v2\/media\/3393"}],"wp:attachment":[{"href":"https:\/\/vinoteka-sodcek.si\/en\/wp-json\/\/wp\/v2\/media?parent=3392"}],"wp:term":[{"taxonomy":"product_cat","embeddable":true,"href":"https:\/\/vinoteka-sodcek.si\/en\/wp-json\/\/wp\/v2\/product_cat?post=3392"},{"taxonomy":"product_tag","embeddable":true,"href":"https:\/\/vinoteka-sodcek.si\/en\/wp-json\/\/wp\/v2\/product_tag?post=3392"}],"curies":[{"name":"wp","href":"https:\/\/api.w.org\/{rel}","templated":true}]}}