{"id":3440,"date":"2026-03-06T10:48:44","date_gmt":"2026-03-06T09:48:44","guid":{"rendered":"https:\/\/vinoteka-sodcek.si\/?post_type=product&#038;p=3440"},"modified":"2026-03-06T11:30:08","modified_gmt":"2026-03-06T10:30:08","slug":"herga-modri-pinot","status":"publish","type":"product","link":"https:\/\/vinoteka-sodcek.si\/en\/shop\/wines\/red-wines\/herga-modri-pinot\/","title":{"rendered":"Modri pinot"},"content":{"rendered":"<p>After harvesting, the grapes undergo 14 days of maceration, followed by eight months of aging in used barrique barrels.<\/p>\n<p>It has a delicate ruby color and aromas of berries, cranberries, and ripe cherries. Fresh and fruity on the palate, with pleasant acidity, refined tannins, and a full flavor.<\/p>\n","protected":false},"excerpt":{"rendered":"<p>After harvesting, the grapes undergo 14 days of maceration, followed by eight months of aging in used barrique barrels. It has a delicate ruby color and aromas of berries, cranberries, and&#8230;<\/p>\n","protected":false},"featured_media":3442,"template":"","meta":[],"product_cat":[20],"product_tag":[],"acf":[],"yoast_head":"<!-- This site is optimized with the Yoast SEO plugin v22.2 - https:\/\/yoast.com\/wordpress\/plugins\/seo\/ -->\n<title>Modri pinot | Vinoteka Sod\u010dek<\/title>\n<meta name=\"description\" content=\"Modri pinot Herga has a delicate ruby color and aromas of berries, cranberries, and ripe cherries. It is fresh and fruity on the palate.\" \/>\n<meta name=\"robots\" content=\"index, follow, max-snippet:-1, max-image-preview:large, max-video-preview:-1\" \/>\n<meta property=\"og:locale\" content=\"en_US\" \/>\n<meta property=\"og:type\" content=\"article\" \/>\n<meta property=\"og:title\" content=\"Modri pinot\" \/>\n<meta property=\"og:description\" content=\"Modri pinot Herga has a delicate ruby color and aromas of berries, cranberries, and ripe cherries. It is fresh and fruity on the palate.\" \/>\n<meta property=\"og:url\" content=\"https:\/\/vinoteka-sodcek.si\/en\/shop\/wines\/red-wines\/herga-modri-pinot\/\" \/>\n<meta property=\"og:site_name\" content=\"Vinoteka Sod\u010dek\" \/>\n<meta property=\"article:publisher\" content=\"https:\/\/www.facebook.com\/vinotekasodcek\/\" \/>\n<meta property=\"article:modified_time\" content=\"2026-03-06T10:30:08+00:00\" \/>\n<meta property=\"og:image\" content=\"https:\/\/vinoteka-sodcek.si\/wp-content\/uploads\/Herga-modri-pinot.jpg\" \/>\n\t<meta property=\"og:image:width\" content=\"159\" \/>\n\t<meta property=\"og:image:height\" content=\"565\" \/>\n\t<meta property=\"og:image:type\" content=\"image\/jpeg\" \/>\n<meta name=\"twitter:card\" content=\"summary_large_image\" \/>\n<!-- \/ Yoast SEO plugin. -->","yoast_head_json":{"title":"Modri pinot | Vinoteka Sod\u010dek","description":"[:sl]Modri pinot Herga je ne\u017ene rubinaste barve, arome jagodi\u010devja, brusnic tudi zrelih \u010de\u0161enj. V ustih sve\u017e, saden, prijetnih kislin, uglajenih taninov.[:en]Modri pinot Herga has a delicate ruby color and aromas of berries, cranberries, and ripe cherries. It is fresh and fruity on the palate.[:]","robots":{"index":"index","follow":"follow","max-snippet":"max-snippet:-1","max-image-preview":"max-image-preview:large","max-video-preview":"max-video-preview:-1"},"og_locale":"en_US","og_type":"article","og_title":"[:sl]Modri pinot[:en]Modri pinot[:] | Vinoteka Sod\u010dek","og_description":"[:sl]Modri pinot Herga je ne\u017ene rubinaste barve, arome jagodi\u010devja, brusnic tudi zrelih \u010de\u0161enj. V ustih sve\u017e, saden, prijetnih kislin, uglajenih taninov.[:en]Modri pinot Herga has a delicate ruby color and aromas of berries, cranberries, and ripe cherries. It is fresh and fruity on the palate.[:]","og_url":"https:\/\/vinoteka-sodcek.si\/en\/shop\/wines\/red-wines\/herga-modri-pinot\/","og_site_name":"Vinoteka Sod\u010dek","article_publisher":"https:\/\/www.facebook.com\/vinotekasodcek\/","article_modified_time":"2026-03-06T10:30:08+00:00","og_image":[{"width":159,"height":565,"url":"https:\/\/vinoteka-sodcek.si\/wp-content\/uploads\/Herga-modri-pinot.jpg","type":"image\/jpeg"}],"twitter_card":"summary_large_image","schema":{"@context":"https:\/\/schema.org","@graph":[{"@type":"WebPage","@id":"https:\/\/vinoteka-sodcek.si\/trgovina\/vina\/rdeca-vina\/herga-modri-pinot\/","url":"https:\/\/vinoteka-sodcek.si\/trgovina\/vina\/rdeca-vina\/herga-modri-pinot\/","name":"[:sl]Modri pinot[:en]Modri pinot[:] | Vinoteka Sod\u010dek","isPartOf":{"@id":"https:\/\/vinoteka-sodcek.si\/#website"},"primaryImageOfPage":{"@id":"https:\/\/vinoteka-sodcek.si\/trgovina\/vina\/rdeca-vina\/herga-modri-pinot\/#primaryimage"},"image":{"@id":"https:\/\/vinoteka-sodcek.si\/trgovina\/vina\/rdeca-vina\/herga-modri-pinot\/#primaryimage"},"thumbnailUrl":"https:\/\/vinoteka-sodcek.si\/wp-content\/uploads\/Herga-modri-pinot.jpg","datePublished":"2026-03-06T09:48:44+00:00","dateModified":"2026-03-06T10:30:08+00:00","description":"[:sl]Modri pinot Herga je ne\u017ene rubinaste barve, arome jagodi\u010devja, brusnic tudi zrelih \u010de\u0161enj. V ustih sve\u017e, saden, prijetnih kislin, uglajenih taninov.[:en]Modri pinot Herga has a delicate ruby color and aromas of berries, cranberries, and ripe cherries. It is fresh and fruity on the palate.[:]","breadcrumb":{"@id":"https:\/\/vinoteka-sodcek.si\/trgovina\/vina\/rdeca-vina\/herga-modri-pinot\/#breadcrumb"},"inLanguage":"en-US","potentialAction":[{"@type":"ReadAction","target":["https:\/\/vinoteka-sodcek.si\/trgovina\/vina\/rdeca-vina\/herga-modri-pinot\/"]}]},{"@type":"ImageObject","inLanguage":"en-US","@id":"https:\/\/vinoteka-sodcek.si\/trgovina\/vina\/rdeca-vina\/herga-modri-pinot\/#primaryimage","url":"https:\/\/vinoteka-sodcek.si\/wp-content\/uploads\/Herga-modri-pinot.jpg","contentUrl":"https:\/\/vinoteka-sodcek.si\/wp-content\/uploads\/Herga-modri-pinot.jpg","width":159,"height":565},{"@type":"BreadcrumbList","@id":"https:\/\/vinoteka-sodcek.si\/trgovina\/vina\/rdeca-vina\/herga-modri-pinot\/#breadcrumb","itemListElement":[{"@type":"ListItem","position":1,"name":"Home","item":"https:\/\/vinoteka-sodcek.si\/en\/"},{"@type":"ListItem","position":2,"name":"Trgovina","item":"https:\/\/vinoteka-sodcek.si\/trgovina\/"},{"@type":"ListItem","position":3,"name":"Modri pinot"}]},{"@type":"WebSite","@id":"https:\/\/vinoteka-sodcek.si\/#website","url":"https:\/\/vinoteka-sodcek.si\/","name":"Vinoteka Sod\u010dek","description":"Vinoteka z vrhunskimi vini","publisher":{"@id":"https:\/\/vinoteka-sodcek.si\/#organization"},"potentialAction":[{"@type":"SearchAction","target":{"@type":"EntryPoint","urlTemplate":"https:\/\/vinoteka-sodcek.si\/?s={search_term_string}"},"query-input":"required name=search_term_string"}],"inLanguage":"en-US"},{"@type":"Organization","@id":"https:\/\/vinoteka-sodcek.si\/#organization","name":"Vinoteka Sod\u010dek, Ale\u0161 \u010ceba\u0161ek s.p.","url":"https:\/\/vinoteka-sodcek.si\/","logo":{"@type":"ImageObject","inLanguage":"en-US","@id":"https:\/\/vinoteka-sodcek.si\/#\/schema\/logo\/image\/","url":"https:\/\/beta.vinoteka-sodcek.si\/wp-content\/uploads\/vinoteka-sodcek-logo.png","contentUrl":"https:\/\/beta.vinoteka-sodcek.si\/wp-content\/uploads\/vinoteka-sodcek-logo.png","width":300,"height":90,"caption":"Vinoteka Sod\u010dek, Ale\u0161 \u010ceba\u0161ek s.p."},"image":{"@id":"https:\/\/vinoteka-sodcek.si\/#\/schema\/logo\/image\/"},"sameAs":["https:\/\/www.facebook.com\/vinotekasodcek\/"]}]}},"_links":{"self":[{"href":"https:\/\/vinoteka-sodcek.si\/en\/wp-json\/\/wp\/v2\/product\/3440"}],"collection":[{"href":"https:\/\/vinoteka-sodcek.si\/en\/wp-json\/\/wp\/v2\/product"}],"about":[{"href":"https:\/\/vinoteka-sodcek.si\/en\/wp-json\/\/wp\/v2\/types\/product"}],"wp:featuredmedia":[{"embeddable":true,"href":"https:\/\/vinoteka-sodcek.si\/en\/wp-json\/\/wp\/v2\/media\/3442"}],"wp:attachment":[{"href":"https:\/\/vinoteka-sodcek.si\/en\/wp-json\/\/wp\/v2\/media?parent=3440"}],"wp:term":[{"taxonomy":"product_cat","embeddable":true,"href":"https:\/\/vinoteka-sodcek.si\/en\/wp-json\/\/wp\/v2\/product_cat?post=3440"},{"taxonomy":"product_tag","embeddable":true,"href":"https:\/\/vinoteka-sodcek.si\/en\/wp-json\/\/wp\/v2\/product_tag?post=3440"}],"curies":[{"name":"wp","href":"https:\/\/api.w.org\/{rel}","templated":true}]}}