{"id":347,"date":"2024-03-15T17:20:18","date_gmt":"2024-03-15T16:20:18","guid":{"rendered":"http:\/\/192.168.64.105\/GitHub\/vinoteka-sodcek\/trgovina\/uncategorized\/stokelj-penina-pinela-brut\/"},"modified":"2026-01-07T12:18:04","modified_gmt":"2026-01-07T11:18:04","slug":"stokelj-penina-pinela-brut","status":"publish","type":"product","link":"https:\/\/vinoteka-sodcek.si\/en\/shop\/wines\/sparkling-wines\/stokelj-penina-pinela-brut\/","title":{"rendered":"Pinela brut"},"content":{"rendered":"<p>The desire to discover as many faces of the autochthonous quince as possible led the \u0160tokelj family to the sparkling quince. They have chosen the classic Champagne production method because they believe that this is how the excellent predispositions of the quince come out best. For the base wine, the grapes were immediately chilled and fermented at 13-15 \u00baC in inox tanks. Secondary fermentation took place for 30 months in bottle.<\/p>\n<p>It has a delicate lemon colour and the numerous bubbles are quite small. The bouquet is delicate, ripe, yeasty, the varietality is present in the background, it is dry on the palate, with plenty of lively acids, lighter in body.<\/p>\n","protected":false},"excerpt":{"rendered":"<p>The desire to discover as many faces of the autochthonous quince as possible led the \u0160tokelj family to the sparkling quince. They have chosen the classic Champagne production method because they&#8230;<\/p>\n","protected":false},"featured_media":346,"template":"","meta":[],"product_cat":[22],"product_tag":[],"acf":[],"yoast_head":"<!-- This site is optimized with the Yoast SEO plugin v22.2 - https:\/\/yoast.com\/wordpress\/plugins\/seo\/ -->\n<title>Pinela brut | Vinoteka Sod\u010dek<\/title>\n<meta name=\"description\" content=\"Pinela brut \u0160tokelj is a delicate lemon colour, the numerous bubbles are quite small. The flower is delicate, ripe, yeasty.\" \/>\n<meta name=\"robots\" content=\"index, follow, max-snippet:-1, max-image-preview:large, max-video-preview:-1\" \/>\n<meta property=\"og:locale\" content=\"en_US\" \/>\n<meta property=\"og:type\" content=\"article\" \/>\n<meta property=\"og:title\" content=\"Pinela brut\" \/>\n<meta property=\"og:description\" content=\"Pinela brut \u0160tokelj is a delicate lemon colour, the numerous bubbles are quite small. The flower is delicate, ripe, yeasty.\" \/>\n<meta property=\"og:url\" content=\"https:\/\/vinoteka-sodcek.si\/en\/shop\/wines\/sparkling-wines\/stokelj-penina-pinela-brut\/\" \/>\n<meta property=\"og:site_name\" content=\"Vinoteka Sod\u010dek\" \/>\n<meta property=\"article:publisher\" content=\"https:\/\/www.facebook.com\/vinotekasodcek\/\" \/>\n<meta property=\"article:modified_time\" content=\"2026-01-07T11:18:04+00:00\" \/>\n<meta property=\"og:image\" content=\"https:\/\/vinoteka-sodcek.si\/wp-content\/uploads\/unnamed-1.jpg\" \/>\n\t<meta property=\"og:image:width\" content=\"180\" \/>\n\t<meta property=\"og:image:height\" content=\"594\" \/>\n\t<meta property=\"og:image:type\" content=\"image\/jpeg\" \/>\n<meta name=\"twitter:card\" content=\"summary_large_image\" \/>\n<!-- \/ Yoast SEO plugin. -->","yoast_head_json":{"title":"Pinela brut | Vinoteka Sod\u010dek","description":"[:sl]Pinela brut \u0160tokelj je ne\u017ene limonaste barve, \u0161tevilni mehur\u010dki so dokaj drobni. Cvetica je ne\u017ena, dozorela, kvasna, sortnost je prisotna v ozadju.[:en]Pinela brut \u0160tokelj is a delicate lemon colour, the numerous bubbles are quite small. The flower is delicate, ripe, yeasty.[:]","robots":{"index":"index","follow":"follow","max-snippet":"max-snippet:-1","max-image-preview":"max-image-preview:large","max-video-preview":"max-video-preview:-1"},"og_locale":"en_US","og_type":"article","og_title":"[:sl]Penina Pinela brut[:en]Pinela brut[:] | Vinoteka Sod\u010dek","og_description":"[:sl]Pinela brut \u0160tokelj je ne\u017ene limonaste barve, \u0161tevilni mehur\u010dki so dokaj drobni. Cvetica je ne\u017ena, dozorela, kvasna, sortnost je prisotna v ozadju.[:en]Pinela brut \u0160tokelj is a delicate lemon colour, the numerous bubbles are quite small. The flower is delicate, ripe, yeasty.[:]","og_url":"https:\/\/vinoteka-sodcek.si\/en\/shop\/wines\/sparkling-wines\/stokelj-penina-pinela-brut\/","og_site_name":"Vinoteka Sod\u010dek","article_publisher":"https:\/\/www.facebook.com\/vinotekasodcek\/","article_modified_time":"2026-01-07T11:18:04+00:00","og_image":[{"width":180,"height":594,"url":"https:\/\/vinoteka-sodcek.si\/wp-content\/uploads\/unnamed-1.jpg","type":"image\/jpeg"}],"twitter_card":"summary_large_image","schema":{"@context":"https:\/\/schema.org","@graph":[{"@type":"WebPage","@id":"https:\/\/vinoteka-sodcek.si\/trgovina\/vina\/peneca-vina\/stokelj-penina-pinela-brut\/","url":"https:\/\/vinoteka-sodcek.si\/trgovina\/vina\/peneca-vina\/stokelj-penina-pinela-brut\/","name":"[:sl]Penina Pinela brut[:en]Pinela brut[:] | Vinoteka Sod\u010dek","isPartOf":{"@id":"https:\/\/vinoteka-sodcek.si\/#website"},"primaryImageOfPage":{"@id":"https:\/\/vinoteka-sodcek.si\/trgovina\/vina\/peneca-vina\/stokelj-penina-pinela-brut\/#primaryimage"},"image":{"@id":"https:\/\/vinoteka-sodcek.si\/trgovina\/vina\/peneca-vina\/stokelj-penina-pinela-brut\/#primaryimage"},"thumbnailUrl":"https:\/\/vinoteka-sodcek.si\/wp-content\/uploads\/unnamed-1.jpg","datePublished":"2024-03-15T16:20:18+00:00","dateModified":"2026-01-07T11:18:04+00:00","description":"[:sl]Pinela brut \u0160tokelj je ne\u017ene limonaste barve, \u0161tevilni mehur\u010dki so dokaj drobni. Cvetica je ne\u017ena, dozorela, kvasna, sortnost je prisotna v ozadju.[:en]Pinela brut \u0160tokelj is a delicate lemon colour, the numerous bubbles are quite small. The flower is delicate, ripe, yeasty.[:]","breadcrumb":{"@id":"https:\/\/vinoteka-sodcek.si\/trgovina\/vina\/peneca-vina\/stokelj-penina-pinela-brut\/#breadcrumb"},"inLanguage":"en-US","potentialAction":[{"@type":"ReadAction","target":["https:\/\/vinoteka-sodcek.si\/trgovina\/vina\/peneca-vina\/stokelj-penina-pinela-brut\/"]}]},{"@type":"ImageObject","inLanguage":"en-US","@id":"https:\/\/vinoteka-sodcek.si\/trgovina\/vina\/peneca-vina\/stokelj-penina-pinela-brut\/#primaryimage","url":"https:\/\/vinoteka-sodcek.si\/wp-content\/uploads\/unnamed-1.jpg","contentUrl":"https:\/\/vinoteka-sodcek.si\/wp-content\/uploads\/unnamed-1.jpg","width":180,"height":594},{"@type":"BreadcrumbList","@id":"https:\/\/vinoteka-sodcek.si\/trgovina\/vina\/peneca-vina\/stokelj-penina-pinela-brut\/#breadcrumb","itemListElement":[{"@type":"ListItem","position":1,"name":"Home","item":"https:\/\/vinoteka-sodcek.si\/en\/"},{"@type":"ListItem","position":2,"name":"Trgovina","item":"https:\/\/vinoteka-sodcek.si\/trgovina\/"},{"@type":"ListItem","position":3,"name":"Penina Pinela brut"}]},{"@type":"WebSite","@id":"https:\/\/vinoteka-sodcek.si\/#website","url":"https:\/\/vinoteka-sodcek.si\/","name":"Vinoteka Sod\u010dek","description":"Vinoteka z vrhunskimi vini","publisher":{"@id":"https:\/\/vinoteka-sodcek.si\/#organization"},"potentialAction":[{"@type":"SearchAction","target":{"@type":"EntryPoint","urlTemplate":"https:\/\/vinoteka-sodcek.si\/?s={search_term_string}"},"query-input":"required name=search_term_string"}],"inLanguage":"en-US"},{"@type":"Organization","@id":"https:\/\/vinoteka-sodcek.si\/#organization","name":"Vinoteka Sod\u010dek, Ale\u0161 \u010ceba\u0161ek s.p.","url":"https:\/\/vinoteka-sodcek.si\/","logo":{"@type":"ImageObject","inLanguage":"en-US","@id":"https:\/\/vinoteka-sodcek.si\/#\/schema\/logo\/image\/","url":"https:\/\/beta.vinoteka-sodcek.si\/wp-content\/uploads\/vinoteka-sodcek-logo.png","contentUrl":"https:\/\/beta.vinoteka-sodcek.si\/wp-content\/uploads\/vinoteka-sodcek-logo.png","width":300,"height":90,"caption":"Vinoteka Sod\u010dek, Ale\u0161 \u010ceba\u0161ek s.p."},"image":{"@id":"https:\/\/vinoteka-sodcek.si\/#\/schema\/logo\/image\/"},"sameAs":["https:\/\/www.facebook.com\/vinotekasodcek\/"]}]}},"_links":{"self":[{"href":"https:\/\/vinoteka-sodcek.si\/en\/wp-json\/\/wp\/v2\/product\/347"}],"collection":[{"href":"https:\/\/vinoteka-sodcek.si\/en\/wp-json\/\/wp\/v2\/product"}],"about":[{"href":"https:\/\/vinoteka-sodcek.si\/en\/wp-json\/\/wp\/v2\/types\/product"}],"wp:featuredmedia":[{"embeddable":true,"href":"https:\/\/vinoteka-sodcek.si\/en\/wp-json\/\/wp\/v2\/media\/346"}],"wp:attachment":[{"href":"https:\/\/vinoteka-sodcek.si\/en\/wp-json\/\/wp\/v2\/media?parent=347"}],"wp:term":[{"taxonomy":"product_cat","embeddable":true,"href":"https:\/\/vinoteka-sodcek.si\/en\/wp-json\/\/wp\/v2\/product_cat?post=347"},{"taxonomy":"product_tag","embeddable":true,"href":"https:\/\/vinoteka-sodcek.si\/en\/wp-json\/\/wp\/v2\/product_tag?post=347"}],"curies":[{"name":"wp","href":"https:\/\/api.w.org\/{rel}","templated":true}]}}