{"id":351,"date":"2024-03-15T17:20:18","date_gmt":"2024-03-15T16:20:18","guid":{"rendered":"http:\/\/192.168.64.105\/GitHub\/vinoteka-sodcek\/trgovina\/uncategorized\/stokelj-malvazija\/"},"modified":"2026-04-14T14:32:59","modified_gmt":"2026-04-14T13:32:59","slug":"stokelj-malvazija","status":"publish","type":"product","link":"https:\/\/vinoteka-sodcek.si\/en\/shop\/wines\/white-wines\/stokelj-malvazija\/","title":{"rendered":"Malvazija"},"content":{"rendered":"<p>Malvasia is the last new variety in a series of fresh white wines, which are the focus of production on the \u0160tokelj estate. Grapes come from the youngest vineyard, where the climate is also the coldest. After the harvest is over, the grapes cool, followed by fermentation and 5 month ripening in stainless steel containers.<\/p>\n<p>It is a gentle golden yellow color, a fresh smell of citrus, in the mouth fruity quite rich, higher acids, butter, re -citrus, including acacia. With a long aftertaste.<\/p>\n","protected":false},"excerpt":{"rendered":"<p>Malvasia is the last new variety in a series of fresh white wines, which are the focus of production on the \u0160tokelj estate. Grapes come from the youngest vineyard, where the&#8230;<\/p>\n","protected":false},"featured_media":350,"template":"","meta":[],"product_cat":[19],"product_tag":[],"acf":[],"yoast_head":"<!-- This site is optimized with the Yoast SEO plugin v22.2 - https:\/\/yoast.com\/wordpress\/plugins\/seo\/ -->\n<title>Malvazija | Vinoteka Sod\u010dek<\/title>\n<meta name=\"description\" content=\"Malvazija \u0160tokelj it has a delicate golden-yellow colour, a fresh citrus aroma, the palate is fruity, quite rich, higher acidity, buttery.\" \/>\n<meta name=\"robots\" content=\"index, follow, max-snippet:-1, max-image-preview:large, max-video-preview:-1\" \/>\n<meta property=\"og:locale\" content=\"en_US\" \/>\n<meta property=\"og:type\" content=\"article\" \/>\n<meta property=\"og:title\" content=\"Malvazija\" \/>\n<meta property=\"og:description\" content=\"Malvazija \u0160tokelj it has a delicate golden-yellow colour, a fresh citrus aroma, the palate is fruity, quite rich, higher acidity, buttery.\" \/>\n<meta property=\"og:url\" content=\"https:\/\/vinoteka-sodcek.si\/en\/shop\/wines\/white-wines\/stokelj-malvazija\/\" \/>\n<meta property=\"og:site_name\" content=\"Vinoteka Sod\u010dek\" \/>\n<meta property=\"article:publisher\" content=\"https:\/\/www.facebook.com\/vinotekasodcek\/\" \/>\n<meta property=\"article:modified_time\" content=\"2026-04-14T13:32:59+00:00\" \/>\n<meta property=\"og:image\" content=\"https:\/\/vinoteka-sodcek.si\/wp-content\/uploads\/Stokelj-Malvazija.jpg\" \/>\n\t<meta property=\"og:image:width\" content=\"155\" \/>\n\t<meta property=\"og:image:height\" content=\"664\" \/>\n\t<meta property=\"og:image:type\" content=\"image\/jpeg\" \/>\n<meta name=\"twitter:card\" content=\"summary_large_image\" \/>\n<!-- \/ Yoast SEO plugin. -->","yoast_head_json":{"title":"Malvazija | Vinoteka Sod\u010dek","description":"[:sl]Malvazija \u0160tokelj je ne\u017ene zlatorumene barve, sve\u017e vonj citrusov, v ustih sadna dokaj bogata, vi\u0161jih kislin, maslena, ponovijo se citrusi, tudi akacija.[:en]Malvazija \u0160tokelj it has a delicate golden-yellow colour, a fresh citrus aroma, the palate is fruity, quite rich, higher acidity, buttery.[:]","robots":{"index":"index","follow":"follow","max-snippet":"max-snippet:-1","max-image-preview":"max-image-preview:large","max-video-preview":"max-video-preview:-1"},"og_locale":"en_US","og_type":"article","og_title":"[:sl]Malvazija[:en]Malvazija[:] | Vinoteka Sod\u010dek","og_description":"[:sl]Malvazija \u0160tokelj je ne\u017ene zlatorumene barve, sve\u017e vonj citrusov, v ustih sadna dokaj bogata, vi\u0161jih kislin, maslena, ponovijo se citrusi, tudi akacija.[:en]Malvazija \u0160tokelj it has a delicate golden-yellow colour, a fresh citrus aroma, the palate is fruity, quite rich, higher acidity, buttery.[:]","og_url":"https:\/\/vinoteka-sodcek.si\/en\/shop\/wines\/white-wines\/stokelj-malvazija\/","og_site_name":"Vinoteka Sod\u010dek","article_publisher":"https:\/\/www.facebook.com\/vinotekasodcek\/","article_modified_time":"2026-04-14T13:32:59+00:00","og_image":[{"width":155,"height":664,"url":"https:\/\/vinoteka-sodcek.si\/wp-content\/uploads\/Stokelj-Malvazija.jpg","type":"image\/jpeg"}],"twitter_card":"summary_large_image","schema":{"@context":"https:\/\/schema.org","@graph":[{"@type":"WebPage","@id":"https:\/\/vinoteka-sodcek.si\/trgovina\/vina\/bela-vina\/stokelj-malvazija\/","url":"https:\/\/vinoteka-sodcek.si\/trgovina\/vina\/bela-vina\/stokelj-malvazija\/","name":"[:sl]Malvazija[:en]Malvazija[:] | Vinoteka Sod\u010dek","isPartOf":{"@id":"https:\/\/vinoteka-sodcek.si\/#website"},"primaryImageOfPage":{"@id":"https:\/\/vinoteka-sodcek.si\/trgovina\/vina\/bela-vina\/stokelj-malvazija\/#primaryimage"},"image":{"@id":"https:\/\/vinoteka-sodcek.si\/trgovina\/vina\/bela-vina\/stokelj-malvazija\/#primaryimage"},"thumbnailUrl":"https:\/\/vinoteka-sodcek.si\/wp-content\/uploads\/Stokelj-Malvazija.jpg","datePublished":"2024-03-15T16:20:18+00:00","dateModified":"2026-04-14T13:32:59+00:00","description":"[:sl]Malvazija \u0160tokelj je ne\u017ene zlatorumene barve, sve\u017e vonj citrusov, v ustih sadna dokaj bogata, vi\u0161jih kislin, maslena, ponovijo se citrusi, tudi akacija.[:en]Malvazija \u0160tokelj it has a delicate golden-yellow colour, a fresh citrus aroma, the palate is fruity, quite rich, higher acidity, buttery.[:]","breadcrumb":{"@id":"https:\/\/vinoteka-sodcek.si\/trgovina\/vina\/bela-vina\/stokelj-malvazija\/#breadcrumb"},"inLanguage":"en-US","potentialAction":[{"@type":"ReadAction","target":["https:\/\/vinoteka-sodcek.si\/trgovina\/vina\/bela-vina\/stokelj-malvazija\/"]}]},{"@type":"ImageObject","inLanguage":"en-US","@id":"https:\/\/vinoteka-sodcek.si\/trgovina\/vina\/bela-vina\/stokelj-malvazija\/#primaryimage","url":"https:\/\/vinoteka-sodcek.si\/wp-content\/uploads\/Stokelj-Malvazija.jpg","contentUrl":"https:\/\/vinoteka-sodcek.si\/wp-content\/uploads\/Stokelj-Malvazija.jpg","width":155,"height":664},{"@type":"BreadcrumbList","@id":"https:\/\/vinoteka-sodcek.si\/trgovina\/vina\/bela-vina\/stokelj-malvazija\/#breadcrumb","itemListElement":[{"@type":"ListItem","position":1,"name":"Home","item":"https:\/\/vinoteka-sodcek.si\/en\/"},{"@type":"ListItem","position":2,"name":"Trgovina","item":"https:\/\/vinoteka-sodcek.si\/trgovina\/"},{"@type":"ListItem","position":3,"name":"Malvazija"}]},{"@type":"WebSite","@id":"https:\/\/vinoteka-sodcek.si\/#website","url":"https:\/\/vinoteka-sodcek.si\/","name":"Vinoteka Sod\u010dek","description":"Vinoteka z vrhunskimi vini","publisher":{"@id":"https:\/\/vinoteka-sodcek.si\/#organization"},"potentialAction":[{"@type":"SearchAction","target":{"@type":"EntryPoint","urlTemplate":"https:\/\/vinoteka-sodcek.si\/?s={search_term_string}"},"query-input":"required name=search_term_string"}],"inLanguage":"en-US"},{"@type":"Organization","@id":"https:\/\/vinoteka-sodcek.si\/#organization","name":"Vinoteka Sod\u010dek, Ale\u0161 \u010ceba\u0161ek s.p.","url":"https:\/\/vinoteka-sodcek.si\/","logo":{"@type":"ImageObject","inLanguage":"en-US","@id":"https:\/\/vinoteka-sodcek.si\/#\/schema\/logo\/image\/","url":"https:\/\/beta.vinoteka-sodcek.si\/wp-content\/uploads\/vinoteka-sodcek-logo.png","contentUrl":"https:\/\/beta.vinoteka-sodcek.si\/wp-content\/uploads\/vinoteka-sodcek-logo.png","width":300,"height":90,"caption":"Vinoteka Sod\u010dek, Ale\u0161 \u010ceba\u0161ek s.p."},"image":{"@id":"https:\/\/vinoteka-sodcek.si\/#\/schema\/logo\/image\/"},"sameAs":["https:\/\/www.facebook.com\/vinotekasodcek\/"]}]}},"_links":{"self":[{"href":"https:\/\/vinoteka-sodcek.si\/en\/wp-json\/\/wp\/v2\/product\/351"}],"collection":[{"href":"https:\/\/vinoteka-sodcek.si\/en\/wp-json\/\/wp\/v2\/product"}],"about":[{"href":"https:\/\/vinoteka-sodcek.si\/en\/wp-json\/\/wp\/v2\/types\/product"}],"wp:featuredmedia":[{"embeddable":true,"href":"https:\/\/vinoteka-sodcek.si\/en\/wp-json\/\/wp\/v2\/media\/350"}],"wp:attachment":[{"href":"https:\/\/vinoteka-sodcek.si\/en\/wp-json\/\/wp\/v2\/media?parent=351"}],"wp:term":[{"taxonomy":"product_cat","embeddable":true,"href":"https:\/\/vinoteka-sodcek.si\/en\/wp-json\/\/wp\/v2\/product_cat?post=351"},{"taxonomy":"product_tag","embeddable":true,"href":"https:\/\/vinoteka-sodcek.si\/en\/wp-json\/\/wp\/v2\/product_tag?post=351"}],"curies":[{"name":"wp","href":"https:\/\/api.w.org\/{rel}","templated":true}]}}