{"id":355,"date":"2024-03-15T17:20:18","date_gmt":"2024-03-15T16:20:18","guid":{"rendered":"http:\/\/192.168.64.105\/GitHub\/vinoteka-sodcek\/trgovina\/uncategorized\/cigoj-zelen\/"},"modified":"2026-01-07T12:12:52","modified_gmt":"2026-01-07T11:12:52","slug":"cigoj-zelen","status":"publish","type":"product","link":"https:\/\/vinoteka-sodcek.si\/en\/shop\/wines\/white-wines\/cigoj-zelen\/","title":{"rendered":"Zelen"},"content":{"rendered":"<p>A indigenous Slovenian variety. The pride of the Cigoj family and the Vipava valley.<\/p>\n<p>Fermentation and maturation take place in steel tanks.<\/p>\n<p>It has a medium deep golden yellow colour. The flower is accentuated, youthful. In addition to the classic aromas of dried and ripe apricots and sage, there is also honeydew, white flowers and melon. With a long aftertaste.<\/p>\n","protected":false},"excerpt":{"rendered":"<p>A indigenous Slovenian variety. The pride of the Cigoj family and the Vipava valley. Fermentation and maturation take place in steel tanks. It has a medium deep golden yellow colour. The&#8230;<\/p>\n","protected":false},"featured_media":1068,"template":"","meta":[],"product_cat":[19],"product_tag":[],"acf":[],"yoast_head":"<!-- This site is optimized with the Yoast SEO plugin v22.2 - https:\/\/yoast.com\/wordpress\/plugins\/seo\/ -->\n<title>Zelen | Vinoteka Sod\u010dek<\/title>\n<meta name=\"description\" content=\"Zelen Cigoj is an indigenous Vipava variety. Fermentation in a steel tank. Golden yellow colour. Youthful flowers: apricot, honey, flowers, melon.\" \/>\n<meta name=\"robots\" content=\"index, follow, max-snippet:-1, max-image-preview:large, max-video-preview:-1\" \/>\n<meta property=\"og:locale\" content=\"en_US\" \/>\n<meta property=\"og:type\" content=\"article\" \/>\n<meta property=\"og:title\" content=\"Zelen\" \/>\n<meta property=\"og:description\" content=\"Zelen Cigoj is an indigenous Vipava variety. Fermentation in a steel tank. Golden yellow colour. Youthful flowers: apricot, honey, flowers, melon.\" \/>\n<meta property=\"og:url\" content=\"https:\/\/vinoteka-sodcek.si\/en\/shop\/wines\/white-wines\/cigoj-zelen\/\" \/>\n<meta property=\"og:site_name\" content=\"Vinoteka Sod\u010dek\" \/>\n<meta property=\"article:publisher\" content=\"https:\/\/www.facebook.com\/vinotekasodcek\/\" \/>\n<meta property=\"article:modified_time\" content=\"2026-01-07T11:12:52+00:00\" \/>\n<meta property=\"og:image\" content=\"https:\/\/vinoteka-sodcek.si\/wp-content\/uploads\/zelen-cigoj.jpg\" \/>\n\t<meta property=\"og:image:width\" content=\"148\" \/>\n\t<meta property=\"og:image:height\" content=\"581\" \/>\n\t<meta property=\"og:image:type\" content=\"image\/jpeg\" \/>\n<meta name=\"twitter:card\" content=\"summary_large_image\" \/>\n<!-- \/ Yoast SEO plugin. -->","yoast_head_json":{"title":"Zelen | Vinoteka Sod\u010dek","description":"[:sl]Zelen Cigoj je avtohtona vipavska sorta. Fermentacija v jekleni cisterni. Zlatorumene barve. Mladostna cvetice: marelice, med, cvetje, melona. Dolg pookus.[:en]Zelen Cigoj is an indigenous Vipava variety. Fermentation in a steel tank. Golden yellow colour. Youthful flowers: apricot, honey, flowers, melon.[:]","robots":{"index":"index","follow":"follow","max-snippet":"max-snippet:-1","max-image-preview":"max-image-preview:large","max-video-preview":"max-video-preview:-1"},"og_locale":"en_US","og_type":"article","og_title":"[:sl]Zelen[:en]Zelen[:] | Vinoteka Sod\u010dek","og_description":"[:sl]Zelen Cigoj je avtohtona vipavska sorta. Fermentacija v jekleni cisterni. Zlatorumene barve. Mladostna cvetice: marelice, med, cvetje, melona. Dolg pookus.[:en]Zelen Cigoj is an indigenous Vipava variety. Fermentation in a steel tank. Golden yellow colour. Youthful flowers: apricot, honey, flowers, melon.[:]","og_url":"https:\/\/vinoteka-sodcek.si\/en\/shop\/wines\/white-wines\/cigoj-zelen\/","og_site_name":"Vinoteka Sod\u010dek","article_publisher":"https:\/\/www.facebook.com\/vinotekasodcek\/","article_modified_time":"2026-01-07T11:12:52+00:00","og_image":[{"width":148,"height":581,"url":"https:\/\/vinoteka-sodcek.si\/wp-content\/uploads\/zelen-cigoj.jpg","type":"image\/jpeg"}],"twitter_card":"summary_large_image","schema":{"@context":"https:\/\/schema.org","@graph":[{"@type":"WebPage","@id":"https:\/\/vinoteka-sodcek.si\/trgovina\/vina\/bela-vina\/cigoj-zelen\/","url":"https:\/\/vinoteka-sodcek.si\/trgovina\/vina\/bela-vina\/cigoj-zelen\/","name":"[:sl]Zelen[:en]Zelen[:] | Vinoteka Sod\u010dek","isPartOf":{"@id":"https:\/\/vinoteka-sodcek.si\/#website"},"primaryImageOfPage":{"@id":"https:\/\/vinoteka-sodcek.si\/trgovina\/vina\/bela-vina\/cigoj-zelen\/#primaryimage"},"image":{"@id":"https:\/\/vinoteka-sodcek.si\/trgovina\/vina\/bela-vina\/cigoj-zelen\/#primaryimage"},"thumbnailUrl":"https:\/\/vinoteka-sodcek.si\/wp-content\/uploads\/zelen-cigoj.jpg","datePublished":"2024-03-15T16:20:18+00:00","dateModified":"2026-01-07T11:12:52+00:00","description":"[:sl]Zelen Cigoj je avtohtona vipavska sorta. Fermentacija v jekleni cisterni. Zlatorumene barve. Mladostna cvetice: marelice, med, cvetje, melona. Dolg pookus.[:en]Zelen Cigoj is an indigenous Vipava variety. Fermentation in a steel tank. Golden yellow colour. Youthful flowers: apricot, honey, flowers, melon.[:]","breadcrumb":{"@id":"https:\/\/vinoteka-sodcek.si\/trgovina\/vina\/bela-vina\/cigoj-zelen\/#breadcrumb"},"inLanguage":"en-US","potentialAction":[{"@type":"ReadAction","target":["https:\/\/vinoteka-sodcek.si\/trgovina\/vina\/bela-vina\/cigoj-zelen\/"]}]},{"@type":"ImageObject","inLanguage":"en-US","@id":"https:\/\/vinoteka-sodcek.si\/trgovina\/vina\/bela-vina\/cigoj-zelen\/#primaryimage","url":"https:\/\/vinoteka-sodcek.si\/wp-content\/uploads\/zelen-cigoj.jpg","contentUrl":"https:\/\/vinoteka-sodcek.si\/wp-content\/uploads\/zelen-cigoj.jpg","width":148,"height":581},{"@type":"BreadcrumbList","@id":"https:\/\/vinoteka-sodcek.si\/trgovina\/vina\/bela-vina\/cigoj-zelen\/#breadcrumb","itemListElement":[{"@type":"ListItem","position":1,"name":"Home","item":"https:\/\/vinoteka-sodcek.si\/en\/"},{"@type":"ListItem","position":2,"name":"Trgovina","item":"https:\/\/vinoteka-sodcek.si\/trgovina\/"},{"@type":"ListItem","position":3,"name":"Zelen"}]},{"@type":"WebSite","@id":"https:\/\/vinoteka-sodcek.si\/#website","url":"https:\/\/vinoteka-sodcek.si\/","name":"Vinoteka Sod\u010dek","description":"Vinoteka z vrhunskimi vini","publisher":{"@id":"https:\/\/vinoteka-sodcek.si\/#organization"},"potentialAction":[{"@type":"SearchAction","target":{"@type":"EntryPoint","urlTemplate":"https:\/\/vinoteka-sodcek.si\/?s={search_term_string}"},"query-input":"required name=search_term_string"}],"inLanguage":"en-US"},{"@type":"Organization","@id":"https:\/\/vinoteka-sodcek.si\/#organization","name":"Vinoteka Sod\u010dek, Ale\u0161 \u010ceba\u0161ek s.p.","url":"https:\/\/vinoteka-sodcek.si\/","logo":{"@type":"ImageObject","inLanguage":"en-US","@id":"https:\/\/vinoteka-sodcek.si\/#\/schema\/logo\/image\/","url":"https:\/\/beta.vinoteka-sodcek.si\/wp-content\/uploads\/vinoteka-sodcek-logo.png","contentUrl":"https:\/\/beta.vinoteka-sodcek.si\/wp-content\/uploads\/vinoteka-sodcek-logo.png","width":300,"height":90,"caption":"Vinoteka Sod\u010dek, Ale\u0161 \u010ceba\u0161ek s.p."},"image":{"@id":"https:\/\/vinoteka-sodcek.si\/#\/schema\/logo\/image\/"},"sameAs":["https:\/\/www.facebook.com\/vinotekasodcek\/"]}]}},"_links":{"self":[{"href":"https:\/\/vinoteka-sodcek.si\/en\/wp-json\/\/wp\/v2\/product\/355"}],"collection":[{"href":"https:\/\/vinoteka-sodcek.si\/en\/wp-json\/\/wp\/v2\/product"}],"about":[{"href":"https:\/\/vinoteka-sodcek.si\/en\/wp-json\/\/wp\/v2\/types\/product"}],"wp:featuredmedia":[{"embeddable":true,"href":"https:\/\/vinoteka-sodcek.si\/en\/wp-json\/\/wp\/v2\/media\/1068"}],"wp:attachment":[{"href":"https:\/\/vinoteka-sodcek.si\/en\/wp-json\/\/wp\/v2\/media?parent=355"}],"wp:term":[{"taxonomy":"product_cat","embeddable":true,"href":"https:\/\/vinoteka-sodcek.si\/en\/wp-json\/\/wp\/v2\/product_cat?post=355"},{"taxonomy":"product_tag","embeddable":true,"href":"https:\/\/vinoteka-sodcek.si\/en\/wp-json\/\/wp\/v2\/product_tag?post=355"}],"curies":[{"name":"wp","href":"https:\/\/api.w.org\/{rel}","templated":true}]}}