{"id":369,"date":"2024-03-15T17:20:19","date_gmt":"2024-03-15T16:20:19","guid":{"rendered":"http:\/\/192.168.64.105\/GitHub\/vinoteka-sodcek\/trgovina\/uncategorized\/steras-zlati-cvet\/"},"modified":"2026-03-18T07:54:22","modified_gmt":"2026-03-18T06:54:22","slug":"steras-zlati-cvet","status":"publish","type":"product","link":"https:\/\/vinoteka-sodcek.si\/en\/shop\/wines\/white-wines\/steras-zlati-cvet\/","title":{"rendered":"Zlati cvet"},"content":{"rendered":"<p>Produced according to organic standards.<\/p>\n<p>The Golden Flower is the title of a Slovenian legend about the flowering fern. It is said to bloom every 200 years and whoever finds its flower is very lucky. The association with ferns is more than obvious, as their family name is Praprotnik. The fern flower is rare, as are the indigenous Istrian varieties represented in this wine.<\/p>\n<p>The pine and canary ferns are macerated for a week and matured for a further three months in a second-hand oak barrel. The other varieties are aged in inox containers. In January, they are combined together and bottled after a month. The proportion of varieties in the wine is determined by the winemaker each year.<\/p>\n<p>It is golden yellow in colour, the flower resembles a yellow fruit, a ripe apple. It is dry on the palate, with an oily texture, moderate acidity and a long aftertaste.<\/p>\n","protected":false},"excerpt":{"rendered":"<p>Produced according to organic standards. The Golden Flower is the title of a Slovenian legend about the flowering fern. It is said to bloom every 200 years and whoever finds its&#8230;<\/p>\n","protected":false},"featured_media":368,"template":"","meta":[],"product_cat":[19],"product_tag":[],"acf":[],"yoast_head":"<!-- This site is optimized with the Yoast SEO plugin v22.2 - https:\/\/yoast.com\/wordpress\/plugins\/seo\/ -->\n<title>Zlati cvet | Vinoteka Sod\u010dek<\/title>\n<meta name=\"description\" content=\"Zlati cvet Steras is golden-yellow, the inflorescence resembles a yellow fruit, a ripe apple. Dry on the palate, oily texture, moderate acidity.\" \/>\n<meta name=\"robots\" content=\"index, follow, max-snippet:-1, max-image-preview:large, max-video-preview:-1\" \/>\n<meta property=\"og:locale\" content=\"en_US\" \/>\n<meta property=\"og:type\" content=\"article\" \/>\n<meta property=\"og:title\" content=\"Zlati cvet\" \/>\n<meta property=\"og:description\" content=\"Zlati cvet Steras is golden-yellow, the inflorescence resembles a yellow fruit, a ripe apple. Dry on the palate, oily texture, moderate acidity.\" \/>\n<meta property=\"og:url\" content=\"https:\/\/vinoteka-sodcek.si\/en\/shop\/wines\/white-wines\/steras-zlati-cvet\/\" \/>\n<meta property=\"og:site_name\" content=\"Vinoteka Sod\u010dek\" \/>\n<meta property=\"article:publisher\" content=\"https:\/\/www.facebook.com\/vinotekasodcek\/\" \/>\n<meta property=\"article:modified_time\" content=\"2026-03-18T06:54:22+00:00\" \/>\n<meta property=\"og:image\" content=\"https:\/\/vinoteka-sodcek.si\/wp-content\/uploads\/Zlati-Cvet.jpg\" \/>\n\t<meta property=\"og:image:width\" content=\"177\" \/>\n\t<meta property=\"og:image:height\" content=\"698\" \/>\n\t<meta property=\"og:image:type\" content=\"image\/jpeg\" \/>\n<meta name=\"twitter:card\" content=\"summary_large_image\" \/>\n<!-- \/ Yoast SEO plugin. -->","yoast_head_json":{"title":"Zlati cvet | Vinoteka Sod\u010dek","description":"[:sl]Zlati cvet Steras je zlatorumene barve, cvetlica spominja na rumen sade\u017ee, zrela jabolka. V ustih suho, oljnate teksture, zmernih kislin, dolgega pookusa.[:en]Zlati cvet Steras is golden-yellow, the inflorescence resembles a yellow fruit, a ripe apple. Dry on the palate, oily texture, moderate acidity.[:]","robots":{"index":"index","follow":"follow","max-snippet":"max-snippet:-1","max-image-preview":"max-image-preview:large","max-video-preview":"max-video-preview:-1"},"og_locale":"en_US","og_type":"article","og_title":"[:sl]Zlati cvet[:en]Zlati cvet[:] | Vinoteka Sod\u010dek","og_description":"[:sl]Zlati cvet Steras je zlatorumene barve, cvetlica spominja na rumen sade\u017ee, zrela jabolka. V ustih suho, oljnate teksture, zmernih kislin, dolgega pookusa.[:en]Zlati cvet Steras is golden-yellow, the inflorescence resembles a yellow fruit, a ripe apple. Dry on the palate, oily texture, moderate acidity.[:]","og_url":"https:\/\/vinoteka-sodcek.si\/en\/shop\/wines\/white-wines\/steras-zlati-cvet\/","og_site_name":"Vinoteka Sod\u010dek","article_publisher":"https:\/\/www.facebook.com\/vinotekasodcek\/","article_modified_time":"2026-03-18T06:54:22+00:00","og_image":[{"width":177,"height":698,"url":"https:\/\/vinoteka-sodcek.si\/wp-content\/uploads\/Zlati-Cvet.jpg","type":"image\/jpeg"}],"twitter_card":"summary_large_image","schema":{"@context":"https:\/\/schema.org","@graph":[{"@type":"WebPage","@id":"https:\/\/vinoteka-sodcek.si\/trgovina\/vina\/bela-vina\/steras-zlati-cvet\/","url":"https:\/\/vinoteka-sodcek.si\/trgovina\/vina\/bela-vina\/steras-zlati-cvet\/","name":"[:sl]Zlati cvet[:en]Zlati cvet[:] | Vinoteka Sod\u010dek","isPartOf":{"@id":"https:\/\/vinoteka-sodcek.si\/#website"},"primaryImageOfPage":{"@id":"https:\/\/vinoteka-sodcek.si\/trgovina\/vina\/bela-vina\/steras-zlati-cvet\/#primaryimage"},"image":{"@id":"https:\/\/vinoteka-sodcek.si\/trgovina\/vina\/bela-vina\/steras-zlati-cvet\/#primaryimage"},"thumbnailUrl":"https:\/\/vinoteka-sodcek.si\/wp-content\/uploads\/Zlati-Cvet.jpg","datePublished":"2024-03-15T16:20:19+00:00","dateModified":"2026-03-18T06:54:22+00:00","description":"[:sl]Zlati cvet Steras je zlatorumene barve, cvetlica spominja na rumen sade\u017ee, zrela jabolka. V ustih suho, oljnate teksture, zmernih kislin, dolgega pookusa.[:en]Zlati cvet Steras is golden-yellow, the inflorescence resembles a yellow fruit, a ripe apple. Dry on the palate, oily texture, moderate acidity.[:]","breadcrumb":{"@id":"https:\/\/vinoteka-sodcek.si\/trgovina\/vina\/bela-vina\/steras-zlati-cvet\/#breadcrumb"},"inLanguage":"en-US","potentialAction":[{"@type":"ReadAction","target":["https:\/\/vinoteka-sodcek.si\/trgovina\/vina\/bela-vina\/steras-zlati-cvet\/"]}]},{"@type":"ImageObject","inLanguage":"en-US","@id":"https:\/\/vinoteka-sodcek.si\/trgovina\/vina\/bela-vina\/steras-zlati-cvet\/#primaryimage","url":"https:\/\/vinoteka-sodcek.si\/wp-content\/uploads\/Zlati-Cvet.jpg","contentUrl":"https:\/\/vinoteka-sodcek.si\/wp-content\/uploads\/Zlati-Cvet.jpg","width":177,"height":698},{"@type":"BreadcrumbList","@id":"https:\/\/vinoteka-sodcek.si\/trgovina\/vina\/bela-vina\/steras-zlati-cvet\/#breadcrumb","itemListElement":[{"@type":"ListItem","position":1,"name":"Home","item":"https:\/\/vinoteka-sodcek.si\/en\/"},{"@type":"ListItem","position":2,"name":"Trgovina","item":"https:\/\/vinoteka-sodcek.si\/trgovina\/"},{"@type":"ListItem","position":3,"name":"Zlati cvet"}]},{"@type":"WebSite","@id":"https:\/\/vinoteka-sodcek.si\/#website","url":"https:\/\/vinoteka-sodcek.si\/","name":"Vinoteka Sod\u010dek","description":"Vinoteka z vrhunskimi vini","publisher":{"@id":"https:\/\/vinoteka-sodcek.si\/#organization"},"potentialAction":[{"@type":"SearchAction","target":{"@type":"EntryPoint","urlTemplate":"https:\/\/vinoteka-sodcek.si\/?s={search_term_string}"},"query-input":"required name=search_term_string"}],"inLanguage":"en-US"},{"@type":"Organization","@id":"https:\/\/vinoteka-sodcek.si\/#organization","name":"Vinoteka Sod\u010dek, Ale\u0161 \u010ceba\u0161ek s.p.","url":"https:\/\/vinoteka-sodcek.si\/","logo":{"@type":"ImageObject","inLanguage":"en-US","@id":"https:\/\/vinoteka-sodcek.si\/#\/schema\/logo\/image\/","url":"https:\/\/beta.vinoteka-sodcek.si\/wp-content\/uploads\/vinoteka-sodcek-logo.png","contentUrl":"https:\/\/beta.vinoteka-sodcek.si\/wp-content\/uploads\/vinoteka-sodcek-logo.png","width":300,"height":90,"caption":"Vinoteka Sod\u010dek, Ale\u0161 \u010ceba\u0161ek s.p."},"image":{"@id":"https:\/\/vinoteka-sodcek.si\/#\/schema\/logo\/image\/"},"sameAs":["https:\/\/www.facebook.com\/vinotekasodcek\/"]}]}},"_links":{"self":[{"href":"https:\/\/vinoteka-sodcek.si\/en\/wp-json\/\/wp\/v2\/product\/369"}],"collection":[{"href":"https:\/\/vinoteka-sodcek.si\/en\/wp-json\/\/wp\/v2\/product"}],"about":[{"href":"https:\/\/vinoteka-sodcek.si\/en\/wp-json\/\/wp\/v2\/types\/product"}],"wp:featuredmedia":[{"embeddable":true,"href":"https:\/\/vinoteka-sodcek.si\/en\/wp-json\/\/wp\/v2\/media\/368"}],"wp:attachment":[{"href":"https:\/\/vinoteka-sodcek.si\/en\/wp-json\/\/wp\/v2\/media?parent=369"}],"wp:term":[{"taxonomy":"product_cat","embeddable":true,"href":"https:\/\/vinoteka-sodcek.si\/en\/wp-json\/\/wp\/v2\/product_cat?post=369"},{"taxonomy":"product_tag","embeddable":true,"href":"https:\/\/vinoteka-sodcek.si\/en\/wp-json\/\/wp\/v2\/product_tag?post=369"}],"curies":[{"name":"wp","href":"https:\/\/api.w.org\/{rel}","templated":true}]}}