{"id":371,"date":"2024-03-15T17:20:19","date_gmt":"2024-03-15T16:20:19","guid":{"rendered":"http:\/\/192.168.64.105\/GitHub\/vinoteka-sodcek\/trgovina\/uncategorized\/steras-pinot-gris\/"},"modified":"2026-03-18T07:52:48","modified_gmt":"2026-03-18T06:52:48","slug":"steras-pinot-gris","status":"publish","type":"product","link":"https:\/\/vinoteka-sodcek.si\/en\/shop\/wines\/white-wines\/steras-pinot-gris\/","title":{"rendered":"Pinot gris"},"content":{"rendered":"<p>Organic production,<\/p>\n<p>After the harvest of the very ripe grapes, a 7-day maceration at an unconfined temperature follows. The alcoholic and malolactic fermentation takes place in old wooden barrels, where it is then matured on fine lees for a year. This is followed by a transfer to inox tanks, where natural sedimentation concentrates the wine, followed by bottling without filtering. Minimal use of sulphur.<\/p>\n<p>It is brownish amber in colour, with a nose dominated by ripe cherry. It is soft in the mouth from start to finish. There is a pleasant warmth from the alcohol and fine tannins, which support the wine&#8217;s already contrete structure well.<\/p>\n","protected":false},"excerpt":{"rendered":"<p>Organic production, After the harvest of the very ripe grapes, a 7-day maceration at an unconfined temperature follows. The alcoholic and malolactic fermentation takes place in old wooden barrels, where it&#8230;<\/p>\n","protected":false},"featured_media":370,"template":"","meta":[],"product_cat":[19,23],"product_tag":[],"acf":[],"yoast_head":"<!-- This site is optimized with the Yoast SEO plugin v22.2 - https:\/\/yoast.com\/wordpress\/plugins\/seo\/ -->\n<title>Pinot gris | Vinoteka Sod\u010dek<\/title>\n<meta name=\"description\" content=\"Pinot gris Steras is brownish amber in colour, with a ripe cherry aroma. It is soft in the mouth from start to finish. Fine tannins.\" \/>\n<meta name=\"robots\" content=\"index, follow, max-snippet:-1, max-image-preview:large, max-video-preview:-1\" \/>\n<meta property=\"og:locale\" content=\"en_US\" \/>\n<meta property=\"og:type\" content=\"article\" \/>\n<meta property=\"og:title\" content=\"Pinot gris\" \/>\n<meta property=\"og:description\" content=\"Pinot gris Steras is brownish amber in colour, with a ripe cherry aroma. It is soft in the mouth from start to finish. Fine tannins.\" \/>\n<meta property=\"og:url\" content=\"https:\/\/vinoteka-sodcek.si\/en\/shop\/wines\/white-wines\/steras-pinot-gris\/\" \/>\n<meta property=\"og:site_name\" content=\"Vinoteka Sod\u010dek\" \/>\n<meta property=\"article:publisher\" content=\"https:\/\/www.facebook.com\/vinotekasodcek\/\" \/>\n<meta property=\"article:modified_time\" content=\"2026-03-18T06:52:48+00:00\" \/>\n<meta property=\"og:image\" content=\"https:\/\/vinoteka-sodcek.si\/wp-content\/uploads\/Pinot-Gris.jpg\" \/>\n\t<meta property=\"og:image:width\" content=\"176\" \/>\n\t<meta property=\"og:image:height\" content=\"712\" \/>\n\t<meta property=\"og:image:type\" content=\"image\/jpeg\" \/>\n<meta name=\"twitter:card\" content=\"summary_large_image\" \/>\n<!-- \/ Yoast SEO plugin. -->","yoast_head_json":{"title":"Pinot gris | Vinoteka Sod\u010dek","description":"[:sl]Pinot gris Steras je rjavkasto jantarne barve, na vonju prevladuje zrela \u010de\u0161nja. V ustih je mehak od za\u010detka do konca. Zaznamo prijetno toplino alkohola.[:en]Pinot gris Steras is brownish amber in colour, with a ripe cherry aroma. It is soft in the mouth from start to finish. Fine tannins.[:]","robots":{"index":"index","follow":"follow","max-snippet":"max-snippet:-1","max-image-preview":"max-image-preview:large","max-video-preview":"max-video-preview:-1"},"og_locale":"en_US","og_type":"article","og_title":"[:sl]Pinot gris[:en]Pinot gris[:] | Vinoteka Sod\u010dek","og_description":"[:sl]Pinot gris Steras je rjavkasto jantarne barve, na vonju prevladuje zrela \u010de\u0161nja. V ustih je mehak od za\u010detka do konca. Zaznamo prijetno toplino alkohola.[:en]Pinot gris Steras is brownish amber in colour, with a ripe cherry aroma. It is soft in the mouth from start to finish. Fine tannins.[:]","og_url":"https:\/\/vinoteka-sodcek.si\/en\/shop\/wines\/white-wines\/steras-pinot-gris\/","og_site_name":"Vinoteka Sod\u010dek","article_publisher":"https:\/\/www.facebook.com\/vinotekasodcek\/","article_modified_time":"2026-03-18T06:52:48+00:00","og_image":[{"width":176,"height":712,"url":"https:\/\/vinoteka-sodcek.si\/wp-content\/uploads\/Pinot-Gris.jpg","type":"image\/jpeg"}],"twitter_card":"summary_large_image","schema":{"@context":"https:\/\/schema.org","@graph":[{"@type":"WebPage","@id":"https:\/\/vinoteka-sodcek.si\/trgovina\/vina\/bela-vina\/steras-pinot-gris\/","url":"https:\/\/vinoteka-sodcek.si\/trgovina\/vina\/bela-vina\/steras-pinot-gris\/","name":"[:sl]Pinot gris[:en]Pinot gris[:] | Vinoteka Sod\u010dek","isPartOf":{"@id":"https:\/\/vinoteka-sodcek.si\/#website"},"primaryImageOfPage":{"@id":"https:\/\/vinoteka-sodcek.si\/trgovina\/vina\/bela-vina\/steras-pinot-gris\/#primaryimage"},"image":{"@id":"https:\/\/vinoteka-sodcek.si\/trgovina\/vina\/bela-vina\/steras-pinot-gris\/#primaryimage"},"thumbnailUrl":"https:\/\/vinoteka-sodcek.si\/wp-content\/uploads\/Pinot-Gris.jpg","datePublished":"2024-03-15T16:20:19+00:00","dateModified":"2026-03-18T06:52:48+00:00","description":"[:sl]Pinot gris Steras je rjavkasto jantarne barve, na vonju prevladuje zrela \u010de\u0161nja. V ustih je mehak od za\u010detka do konca. Zaznamo prijetno toplino alkohola.[:en]Pinot gris Steras is brownish amber in colour, with a ripe cherry aroma. It is soft in the mouth from start to finish. Fine tannins.[:]","breadcrumb":{"@id":"https:\/\/vinoteka-sodcek.si\/trgovina\/vina\/bela-vina\/steras-pinot-gris\/#breadcrumb"},"inLanguage":"en-US","potentialAction":[{"@type":"ReadAction","target":["https:\/\/vinoteka-sodcek.si\/trgovina\/vina\/bela-vina\/steras-pinot-gris\/"]}]},{"@type":"ImageObject","inLanguage":"en-US","@id":"https:\/\/vinoteka-sodcek.si\/trgovina\/vina\/bela-vina\/steras-pinot-gris\/#primaryimage","url":"https:\/\/vinoteka-sodcek.si\/wp-content\/uploads\/Pinot-Gris.jpg","contentUrl":"https:\/\/vinoteka-sodcek.si\/wp-content\/uploads\/Pinot-Gris.jpg","width":176,"height":712},{"@type":"BreadcrumbList","@id":"https:\/\/vinoteka-sodcek.si\/trgovina\/vina\/bela-vina\/steras-pinot-gris\/#breadcrumb","itemListElement":[{"@type":"ListItem","position":1,"name":"Home","item":"https:\/\/vinoteka-sodcek.si\/en\/"},{"@type":"ListItem","position":2,"name":"Trgovina","item":"https:\/\/vinoteka-sodcek.si\/trgovina\/"},{"@type":"ListItem","position":3,"name":"Pinot gris"}]},{"@type":"WebSite","@id":"https:\/\/vinoteka-sodcek.si\/#website","url":"https:\/\/vinoteka-sodcek.si\/","name":"Vinoteka Sod\u010dek","description":"Vinoteka z vrhunskimi vini","publisher":{"@id":"https:\/\/vinoteka-sodcek.si\/#organization"},"potentialAction":[{"@type":"SearchAction","target":{"@type":"EntryPoint","urlTemplate":"https:\/\/vinoteka-sodcek.si\/?s={search_term_string}"},"query-input":"required name=search_term_string"}],"inLanguage":"en-US"},{"@type":"Organization","@id":"https:\/\/vinoteka-sodcek.si\/#organization","name":"Vinoteka Sod\u010dek, Ale\u0161 \u010ceba\u0161ek s.p.","url":"https:\/\/vinoteka-sodcek.si\/","logo":{"@type":"ImageObject","inLanguage":"en-US","@id":"https:\/\/vinoteka-sodcek.si\/#\/schema\/logo\/image\/","url":"https:\/\/beta.vinoteka-sodcek.si\/wp-content\/uploads\/vinoteka-sodcek-logo.png","contentUrl":"https:\/\/beta.vinoteka-sodcek.si\/wp-content\/uploads\/vinoteka-sodcek-logo.png","width":300,"height":90,"caption":"Vinoteka Sod\u010dek, Ale\u0161 \u010ceba\u0161ek s.p."},"image":{"@id":"https:\/\/vinoteka-sodcek.si\/#\/schema\/logo\/image\/"},"sameAs":["https:\/\/www.facebook.com\/vinotekasodcek\/"]}]}},"_links":{"self":[{"href":"https:\/\/vinoteka-sodcek.si\/en\/wp-json\/\/wp\/v2\/product\/371"}],"collection":[{"href":"https:\/\/vinoteka-sodcek.si\/en\/wp-json\/\/wp\/v2\/product"}],"about":[{"href":"https:\/\/vinoteka-sodcek.si\/en\/wp-json\/\/wp\/v2\/types\/product"}],"wp:featuredmedia":[{"embeddable":true,"href":"https:\/\/vinoteka-sodcek.si\/en\/wp-json\/\/wp\/v2\/media\/370"}],"wp:attachment":[{"href":"https:\/\/vinoteka-sodcek.si\/en\/wp-json\/\/wp\/v2\/media?parent=371"}],"wp:term":[{"taxonomy":"product_cat","embeddable":true,"href":"https:\/\/vinoteka-sodcek.si\/en\/wp-json\/\/wp\/v2\/product_cat?post=371"},{"taxonomy":"product_tag","embeddable":true,"href":"https:\/\/vinoteka-sodcek.si\/en\/wp-json\/\/wp\/v2\/product_tag?post=371"}],"curies":[{"name":"wp","href":"https:\/\/api.w.org\/{rel}","templated":true}]}}